{"id":3777,"date":"2022-12-20T14:54:55","date_gmt":"2022-12-20T13:54:55","guid":{"rendered":"https:\/\/centriair.hemhosting.se\/case\/"},"modified":"2025-08-22T10:34:11","modified_gmt":"2025-08-22T08:34:11","slug":"case","status":"publish","type":"page","link":"https:\/\/centriair.com\/sv\/case\/","title":{"rendered":"Case"},"content":{"rendered":"\t\t<div data-elementor-type=\"wp-page\" data-elementor-id=\"3777\" class=\"elementor elementor-3777 elementor-319\" data-elementor-post-type=\"page\">\n\t\t\t\t<div class=\"elementor-element elementor-element-002221f e-flex e-con-boxed e-con e-parent\" data-id=\"002221f\" data-element_type=\"container\" data-settings=\"{&quot;background_background&quot;:&quot;classic&quot;}\">\n\t\t\t\t\t<div class=\"e-con-inner\">\n\t\t<div class=\"elementor-element elementor-element-3003a42 e-con-full e-flex e-con e-child\" data-id=\"3003a42\" data-element_type=\"container\">\n\t\t\t\t<\/div>\n\t\t<div class=\"elementor-element elementor-element-b82b539 e-con-full e-flex e-con e-child\" data-id=\"b82b539\" data-element_type=\"container\">\n\t\t\t\t<div class=\"elementor-element elementor-element-31f84f9 elementor-widget elementor-widget-text-editor\" data-id=\"31f84f9\" data-element_type=\"widget\" data-widget_type=\"text-editor.default\">\n\t\t\t\t<div class=\"elementor-widget-container\">\n\t\t\t\t\t\t\t\t\t<p><strong>Centriair ser med stolthet och gl\u00e4dje p\u00e5 v\u00e5r l\u00e5nga lista av v\u00e4lfungerande installationer. <\/strong>Ett stort antal installationer v\u00e4rlden \u00f6ver finns inom bla livsmedelsproduktion, biogas, avfallhantering, avloppsrening. H\u00e4r \u00e4r n\u00e5gra utvalda referenser.<\/p>\t\t\t\t\t\t\t\t<\/div>\n\t\t\t\t<\/div>\n\t\t\t\t<\/div>\n\t\t\t\t\t<\/div>\n\t\t\t\t<\/div>\n\t\t<div class=\"elementor-element elementor-element-7b9959e e-flex e-con-boxed e-con e-parent\" data-id=\"7b9959e\" data-element_type=\"container\">\n\t\t\t\t\t<div class=\"e-con-inner\">\n\t\t\t\t\t<\/div>\n\t\t\t\t<\/div>\n\t\t\t\t<\/div>\n\t\t","protected":false},"excerpt":{"rendered":"<p>Centriair ser med stolthet och gl\u00e4dje p\u00e5 v\u00e5r l\u00e5nga lista av v\u00e4lfungerande installationer. Ett stort antal installationer v\u00e4rlden \u00f6ver finns inom bla livsmedelsproduktion, biogas, avfallhantering, avloppsrening. H\u00e4r \u00e4r n\u00e5gra utvalda referenser.<\/p>\n","protected":false},"author":1,"featured_media":0,"parent":0,"menu_order":0,"comment_status":"closed","ping_status":"closed","template":"","meta":{"_acf_changed":false,"footnotes":""},"class_list":["post-3777","page","type-page","status-publish","hentry"],"acf":[],"yoast_head":"<!-- This site is optimized with the Yoast SEO plugin v26.8 - https:\/\/yoast.com\/product\/yoast-seo-wordpress\/ -->\n<title>Case - We are Centriair<\/title>\n<meta name=\"description\" content=\"Beskrivning av n\u00e5gra Case\/projekt med industriell luktrening utf\u00f6rda \u00e5t kunder i Sverige, Norden och \u00f6vriga EU. Kontakta oss f\u00f6r mer info!\" \/>\n<meta name=\"robots\" content=\"index, follow, max-snippet:-1, max-image-preview:large, max-video-preview:-1\" \/>\n<link rel=\"canonical\" href=\"https:\/\/centriair.com\/sv\/case\/\" \/>\n<meta property=\"og:locale\" content=\"sv_SE\" \/>\n<meta property=\"og:type\" content=\"article\" \/>\n<meta property=\"og:title\" content=\"Case - We are Centriair\" \/>\n<meta property=\"og:description\" content=\"Beskrivning av n\u00e5gra Case\/projekt med industriell luktrening utf\u00f6rda \u00e5t kunder i Sverige, Norden och \u00f6vriga EU. Kontakta oss f\u00f6r mer info!\" \/>\n<meta property=\"og:url\" content=\"https:\/\/centriair.com\/sv\/case\/\" \/>\n<meta property=\"og:site_name\" content=\"We are Centriair\" \/>\n<meta property=\"article:modified_time\" content=\"2025-08-22T08:34:11+00:00\" \/>\n<meta name=\"twitter:card\" content=\"summary_large_image\" \/>\n<meta name=\"twitter:label1\" content=\"Ber\u00e4knad l\u00e4stid\" \/>\n\t<meta name=\"twitter:data1\" content=\"1 minut\" \/>\n<script type=\"application\/ld+json\" class=\"yoast-schema-graph\">{\"@context\":\"https:\/\/schema.org\",\"@graph\":[{\"@type\":\"WebPage\",\"@id\":\"https:\/\/centriair.com\/sv\/case\/\",\"url\":\"https:\/\/centriair.com\/sv\/case\/\",\"name\":\"Case - We are Centriair\",\"isPartOf\":{\"@id\":\"https:\/\/centriair.com\/sv\/#website\"},\"datePublished\":\"2022-12-20T13:54:55+00:00\",\"dateModified\":\"2025-08-22T08:34:11+00:00\",\"description\":\"Beskrivning av n\u00e5gra Case\/projekt med industriell luktrening utf\u00f6rda \u00e5t kunder i Sverige, Norden och \u00f6vriga EU. Kontakta oss f\u00f6r mer info!\",\"breadcrumb\":{\"@id\":\"https:\/\/centriair.com\/sv\/case\/#breadcrumb\"},\"inLanguage\":\"sv-SE\",\"potentialAction\":[{\"@type\":\"ReadAction\",\"target\":[\"https:\/\/centriair.com\/sv\/case\/\"]}]},{\"@type\":\"BreadcrumbList\",\"@id\":\"https:\/\/centriair.com\/sv\/case\/#breadcrumb\",\"itemListElement\":[{\"@type\":\"ListItem\",\"position\":1,\"name\":\"Home\",\"item\":\"https:\/\/centriair.com\/sv\/\"},{\"@type\":\"ListItem\",\"position\":2,\"name\":\"Case\"}]},{\"@type\":\"WebSite\",\"@id\":\"https:\/\/centriair.com\/sv\/#website\",\"url\":\"https:\/\/centriair.com\/sv\/\",\"name\":\"Centriair\",\"description\":\"Cleaner air. Fewer resources.\",\"publisher\":{\"@id\":\"https:\/\/centriair.com\/sv\/#organization\"},\"potentialAction\":[{\"@type\":\"SearchAction\",\"target\":{\"@type\":\"EntryPoint\",\"urlTemplate\":\"https:\/\/centriair.com\/sv\/?s={search_term_string}\"},\"query-input\":{\"@type\":\"PropertyValueSpecification\",\"valueRequired\":true,\"valueName\":\"search_term_string\"}}],\"inLanguage\":\"sv-SE\"},{\"@type\":\"Organization\",\"@id\":\"https:\/\/centriair.com\/sv\/#organization\",\"name\":\"Centriair\",\"url\":\"https:\/\/centriair.com\/sv\/\",\"logo\":{\"@type\":\"ImageObject\",\"inLanguage\":\"sv-SE\",\"@id\":\"https:\/\/centriair.com\/sv\/#\/schema\/logo\/image\/\",\"url\":\"https:\/\/centriair.com\/wp-content\/uploads\/2022\/11\/Centriair_logo-blue.svg\",\"contentUrl\":\"https:\/\/centriair.com\/wp-content\/uploads\/2022\/11\/Centriair_logo-blue.svg\",\"width\":250,\"height\":65,\"caption\":\"Centriair\"},\"image\":{\"@id\":\"https:\/\/centriair.com\/sv\/#\/schema\/logo\/image\/\"}}]}<\/script>\n<!-- \/ Yoast SEO plugin. -->","yoast_head_json":{"title":"Case - We are Centriair","description":"Beskrivning av n\u00e5gra Case\/projekt med industriell luktrening utf\u00f6rda \u00e5t kunder i Sverige, Norden och \u00f6vriga EU. Kontakta oss f\u00f6r mer info!","robots":{"index":"index","follow":"follow","max-snippet":"max-snippet:-1","max-image-preview":"max-image-preview:large","max-video-preview":"max-video-preview:-1"},"canonical":"https:\/\/centriair.com\/sv\/case\/","og_locale":"sv_SE","og_type":"article","og_title":"Case - We are Centriair","og_description":"Beskrivning av n\u00e5gra Case\/projekt med industriell luktrening utf\u00f6rda \u00e5t kunder i Sverige, Norden och \u00f6vriga EU. Kontakta oss f\u00f6r mer info!","og_url":"https:\/\/centriair.com\/sv\/case\/","og_site_name":"We are Centriair","article_modified_time":"2025-08-22T08:34:11+00:00","twitter_card":"summary_large_image","twitter_misc":{"Ber\u00e4knad l\u00e4stid":"1 minut"},"schema":{"@context":"https:\/\/schema.org","@graph":[{"@type":"WebPage","@id":"https:\/\/centriair.com\/sv\/case\/","url":"https:\/\/centriair.com\/sv\/case\/","name":"Case - We are Centriair","isPartOf":{"@id":"https:\/\/centriair.com\/sv\/#website"},"datePublished":"2022-12-20T13:54:55+00:00","dateModified":"2025-08-22T08:34:11+00:00","description":"Beskrivning av n\u00e5gra Case\/projekt med industriell luktrening utf\u00f6rda \u00e5t kunder i Sverige, Norden och \u00f6vriga EU. Kontakta oss f\u00f6r mer info!","breadcrumb":{"@id":"https:\/\/centriair.com\/sv\/case\/#breadcrumb"},"inLanguage":"sv-SE","potentialAction":[{"@type":"ReadAction","target":["https:\/\/centriair.com\/sv\/case\/"]}]},{"@type":"BreadcrumbList","@id":"https:\/\/centriair.com\/sv\/case\/#breadcrumb","itemListElement":[{"@type":"ListItem","position":1,"name":"Home","item":"https:\/\/centriair.com\/sv\/"},{"@type":"ListItem","position":2,"name":"Case"}]},{"@type":"WebSite","@id":"https:\/\/centriair.com\/sv\/#website","url":"https:\/\/centriair.com\/sv\/","name":"Centriair","description":"Cleaner air. Fewer resources.","publisher":{"@id":"https:\/\/centriair.com\/sv\/#organization"},"potentialAction":[{"@type":"SearchAction","target":{"@type":"EntryPoint","urlTemplate":"https:\/\/centriair.com\/sv\/?s={search_term_string}"},"query-input":{"@type":"PropertyValueSpecification","valueRequired":true,"valueName":"search_term_string"}}],"inLanguage":"sv-SE"},{"@type":"Organization","@id":"https:\/\/centriair.com\/sv\/#organization","name":"Centriair","url":"https:\/\/centriair.com\/sv\/","logo":{"@type":"ImageObject","inLanguage":"sv-SE","@id":"https:\/\/centriair.com\/sv\/#\/schema\/logo\/image\/","url":"https:\/\/centriair.com\/wp-content\/uploads\/2022\/11\/Centriair_logo-blue.svg","contentUrl":"https:\/\/centriair.com\/wp-content\/uploads\/2022\/11\/Centriair_logo-blue.svg","width":250,"height":65,"caption":"Centriair"},"image":{"@id":"https:\/\/centriair.com\/sv\/#\/schema\/logo\/image\/"}}]}},"_links":{"self":[{"href":"https:\/\/centriair.com\/sv\/wp-json\/wp\/v2\/pages\/3777","targetHints":{"allow":["GET"]}}],"collection":[{"href":"https:\/\/centriair.com\/sv\/wp-json\/wp\/v2\/pages"}],"about":[{"href":"https:\/\/centriair.com\/sv\/wp-json\/wp\/v2\/types\/page"}],"author":[{"embeddable":true,"href":"https:\/\/centriair.com\/sv\/wp-json\/wp\/v2\/users\/1"}],"replies":[{"embeddable":true,"href":"https:\/\/centriair.com\/sv\/wp-json\/wp\/v2\/comments?post=3777"}],"version-history":[{"count":18,"href":"https:\/\/centriair.com\/sv\/wp-json\/wp\/v2\/pages\/3777\/revisions"}],"predecessor-version":[{"id":9337,"href":"https:\/\/centriair.com\/sv\/wp-json\/wp\/v2\/pages\/3777\/revisions\/9337"}],"wp:attachment":[{"href":"https:\/\/centriair.com\/sv\/wp-json\/wp\/v2\/media?parent=3777"}],"curies":[{"name":"wp","href":"https:\/\/api.w.org\/{rel}","templated":true}]}}