{"id":3773,"date":"2023-03-09T09:46:13","date_gmt":"2023-03-09T08:46:13","guid":{"rendered":"https:\/\/centriair.hemhosting.se\/about-centriair\/the-company\/"},"modified":"2026-02-16T16:04:14","modified_gmt":"2026-02-16T15:04:14","slug":"foretaget","status":"publish","type":"page","link":"https:\/\/centriair.com\/sv\/om-centriair\/foretaget\/","title":{"rendered":"F\u00f6retaget"},"content":{"rendered":"\t\t<div data-elementor-type=\"wp-page\" data-elementor-id=\"3773\" class=\"elementor elementor-3773 elementor-1134\" data-elementor-post-type=\"page\">\n\t\t\t\t<div class=\"elementor-element elementor-element-e4030fb e-flex e-con-boxed e-con e-parent\" data-id=\"e4030fb\" data-element_type=\"container\" data-settings=\"{&quot;background_background&quot;:&quot;classic&quot;}\">\n\t\t\t\t\t<div class=\"e-con-inner\">\n\t\t<div class=\"elementor-element elementor-element-b6989a3 e-con-full e-flex e-con e-child\" data-id=\"b6989a3\" data-element_type=\"container\">\n\t\t\t\t<\/div>\n\t\t<div class=\"elementor-element elementor-element-c6be4f5 e-con-full e-flex e-con e-child\" data-id=\"c6be4f5\" data-element_type=\"container\">\n\t\t\t\t<div class=\"elementor-element elementor-element-c7b11fb elementor-widget elementor-widget-text-editor\" data-id=\"c7b11fb\" data-element_type=\"widget\" data-widget_type=\"text-editor.default\">\n\t\t\t\t<div class=\"elementor-widget-container\">\n\t\t\t\t\t\t\t\t\t<p><strong>Centriairs historia. <\/strong>Centriair har beh\u00e5llit sitt fokus p\u00e5 h\u00e5llbarhet sedan starten och har s\u00e4rskilt under de senaste fem \u00e5ren utvecklats fr\u00e5n ett lokalt f\u00f6retag till en globalt erk\u00e4nd akt\u00f6r inom industriell luktrening.<\/p>\t\t\t\t\t\t\t\t<\/div>\n\t\t\t\t<\/div>\n\t\t\t\t<\/div>\n\t\t\t\t\t<\/div>\n\t\t\t\t<\/div>\n\t\t<div class=\"elementor-element elementor-element-ac75d01 e-flex e-con-boxed e-con e-parent\" data-id=\"ac75d01\" data-element_type=\"container\">\n\t\t\t\t\t<div class=\"e-con-inner\">\n\t\t<div class=\"elementor-element elementor-element-697f9ba e-con-full e-flex e-con e-child\" data-id=\"697f9ba\" data-element_type=\"container\">\n\t\t\t\t<div class=\"elementor-element elementor-element-2aa9a83 elementor-widget elementor-widget-text-editor\" data-id=\"2aa9a83\" data-element_type=\"widget\" data-widget_type=\"text-editor.default\">\n\t\t\t\t<div class=\"elementor-widget-container\">\n\t\t\t\t\t\t\t\t\t<p>Centriair \u00e4r ett svenskt f\u00f6retag, grundat 2007 och \u00e4gt av ledningen och Alder. Vi arbetar internationellt med kontor i Sverige och Tyskland med referenser i Asien, Europa och Nordamerika.<\/p><p>Merparten av v\u00e5r verksamhet \u00e4r koncentrerad till norra Europa d\u00e4r vi f\u00f6rutom v\u00e5rt eget s\u00e4ljteam anv\u00e4nder ett n\u00e4tverk av lokala agenter och partners.<\/p><p>Centriair utvecklar och installerar h\u00f6geffektiva l\u00f6sningar f\u00f6r energieffektiv rening av processgaser, inklusive partiklar, gasformiga f\u00f6reningar och lukter. V\u00e5ra system \u00e4r utformade f\u00f6r att leverera dokumenterade milj\u00f6- och kostnadsm\u00e4ssiga f\u00f6rdelar, med h\u00f6g reningsgrad, l\u00e5g total \u00e4gandekostnad och en mindre klimatp\u00e5verkan j\u00e4mf\u00f6rt med traditionella metoder.<\/p>\t\t\t\t\t\t\t\t<\/div>\n\t\t\t\t<\/div>\n\t\t\t\t<\/div>\n\t\t<div class=\"elementor-element elementor-element-53d6664 e-con-full e-flex e-con e-child\" data-id=\"53d6664\" data-element_type=\"container\">\n\t\t\t\t<div class=\"elementor-element elementor-element-b147559 elementor-widget elementor-widget-image\" data-id=\"b147559\" data-element_type=\"widget\" data-widget_type=\"image.default\">\n\t\t\t\t<div class=\"elementor-widget-container\">\n\t\t\t\t\t\t\t\t\t\t\t\t\t\t\t<img fetchpriority=\"high\" decoding=\"async\" width=\"768\" height=\"510\" src=\"https:\/\/centriair.com\/wp-content\/uploads\/2023\/05\/Centriair-company-conference-768x510.jpg\" class=\"attachment-medium_large size-medium_large wp-image-3307\" alt=\"Centriair 2023\" srcset=\"https:\/\/centriair.com\/wp-content\/uploads\/2023\/05\/Centriair-company-conference-768x510.jpg 768w, https:\/\/centriair.com\/wp-content\/uploads\/2023\/05\/Centriair-company-conference-300x199.jpg 300w, https:\/\/centriair.com\/wp-content\/uploads\/2023\/05\/Centriair-company-conference-1024x680.jpg 1024w, https:\/\/centriair.com\/wp-content\/uploads\/2023\/05\/Centriair-company-conference-1536x1020.jpg 1536w, https:\/\/centriair.com\/wp-content\/uploads\/2023\/05\/Centriair-company-conference-2048x1360.jpg 2048w\" sizes=\"(max-width: 768px) 100vw, 768px\" \/>\t\t\t\t\t\t\t\t\t\t\t\t\t\t\t<\/div>\n\t\t\t\t<\/div>\n\t\t\t\t<\/div>\n\t\t\t\t\t<\/div>\n\t\t\t\t<\/div>\n\t\t<div class=\"elementor-element elementor-element-83f18c7 e-flex e-con-boxed e-con e-parent\" data-id=\"83f18c7\" data-element_type=\"container\">\n\t\t\t\t\t<div class=\"e-con-inner\">\n\t\t\t\t<div class=\"elementor-element elementor-element-02b650b elementor-widget elementor-widget-image\" data-id=\"02b650b\" data-element_type=\"widget\" data-widget_type=\"image.default\">\n\t\t\t\t<div class=\"elementor-widget-container\">\n\t\t\t\t\t\t\t\t\t\t\t\t\t\t\t<img decoding=\"async\" width=\"1920\" height=\"1080\" src=\"https:\/\/centriair.com\/wp-content\/uploads\/2023\/05\/Centriair-milestones-1.png\" class=\"attachment-full size-full wp-image-3339\" alt=\"\" srcset=\"https:\/\/centriair.com\/wp-content\/uploads\/2023\/05\/Centriair-milestones-1.png 1920w, https:\/\/centriair.com\/wp-content\/uploads\/2023\/05\/Centriair-milestones-1-300x169.png 300w, https:\/\/centriair.com\/wp-content\/uploads\/2023\/05\/Centriair-milestones-1-1024x576.png 1024w, https:\/\/centriair.com\/wp-content\/uploads\/2023\/05\/Centriair-milestones-1-768x432.png 768w, https:\/\/centriair.com\/wp-content\/uploads\/2023\/05\/Centriair-milestones-1-1536x864.png 1536w\" sizes=\"(max-width: 1920px) 100vw, 1920px\" \/>\t\t\t\t\t\t\t\t\t\t\t\t\t\t\t<\/div>\n\t\t\t\t<\/div>\n\t\t\t\t\t<\/div>\n\t\t\t\t<\/div>\n\t\t\t\t<\/div>\n\t\t","protected":false},"excerpt":{"rendered":"<p>Centriairs historia. Centriair har beh\u00e5llit sitt fokus p\u00e5 h\u00e5llbarhet sedan starten och har s\u00e4rskilt under de senaste fem \u00e5ren utvecklats fr\u00e5n ett lokalt f\u00f6retag till en globalt erk\u00e4nd akt\u00f6r inom industriell luktrening. Centriair \u00e4r ett svenskt f\u00f6retag, grundat 2007 och \u00e4gt av ledningen och Alder. Vi arbetar internationellt med kontor i Sverige och Tyskland med [&hellip;]<\/p>\n","protected":false},"author":1,"featured_media":0,"parent":3602,"menu_order":0,"comment_status":"closed","ping_status":"closed","template":"","meta":{"_acf_changed":false,"footnotes":""},"class_list":["post-3773","page","type-page","status-publish","hentry"],"acf":[],"yoast_head":"<!-- This site is optimized with the Yoast SEO plugin v26.8 - https:\/\/yoast.com\/product\/yoast-seo-wordpress\/ -->\n<title>F\u00f6retaget - We are Centriair<\/title>\n<meta name=\"description\" content=\"Beskrivning av Centriair, internationellt ledande leverant\u00f6r av industriell luktreningsutrustning f\u00f6r biogas, avfall, avlopp och fritering.\" \/>\n<meta name=\"robots\" content=\"index, follow, max-snippet:-1, max-image-preview:large, max-video-preview:-1\" \/>\n<link rel=\"canonical\" href=\"https:\/\/centriair.com\/sv\/om-centriair\/foretaget\/\" \/>\n<meta property=\"og:locale\" content=\"sv_SE\" \/>\n<meta property=\"og:type\" content=\"article\" \/>\n<meta property=\"og:title\" content=\"F\u00f6retaget - We are Centriair\" \/>\n<meta property=\"og:description\" content=\"Beskrivning av Centriair, internationellt ledande leverant\u00f6r av industriell luktreningsutrustning f\u00f6r biogas, avfall, avlopp och fritering.\" \/>\n<meta property=\"og:url\" content=\"https:\/\/centriair.com\/sv\/om-centriair\/foretaget\/\" \/>\n<meta property=\"og:site_name\" content=\"We are Centriair\" \/>\n<meta property=\"article:modified_time\" content=\"2026-02-16T15:04:14+00:00\" \/>\n<meta property=\"og:image\" content=\"https:\/\/centriair.com\/wp-content\/uploads\/2023\/05\/Centriair-company-conference-768x510.jpg\" \/>\n<meta name=\"twitter:card\" content=\"summary_large_image\" \/>\n<meta name=\"twitter:label1\" content=\"Ber\u00e4knad l\u00e4stid\" \/>\n\t<meta name=\"twitter:data1\" content=\"1 minut\" \/>\n<script type=\"application\/ld+json\" class=\"yoast-schema-graph\">{\"@context\":\"https:\/\/schema.org\",\"@graph\":[{\"@type\":\"WebPage\",\"@id\":\"https:\/\/centriair.com\/sv\/om-centriair\/foretaget\/\",\"url\":\"https:\/\/centriair.com\/sv\/om-centriair\/foretaget\/\",\"name\":\"F\u00f6retaget - We are Centriair\",\"isPartOf\":{\"@id\":\"https:\/\/centriair.com\/sv\/#website\"},\"primaryImageOfPage\":{\"@id\":\"https:\/\/centriair.com\/sv\/om-centriair\/foretaget\/#primaryimage\"},\"image\":{\"@id\":\"https:\/\/centriair.com\/sv\/om-centriair\/foretaget\/#primaryimage\"},\"thumbnailUrl\":\"https:\/\/centriair.com\/wp-content\/uploads\/2023\/05\/Centriair-company-conference-768x510.jpg\",\"datePublished\":\"2023-03-09T08:46:13+00:00\",\"dateModified\":\"2026-02-16T15:04:14+00:00\",\"description\":\"Beskrivning av Centriair, internationellt ledande leverant\u00f6r av industriell luktreningsutrustning f\u00f6r biogas, avfall, avlopp och fritering.\",\"breadcrumb\":{\"@id\":\"https:\/\/centriair.com\/sv\/om-centriair\/foretaget\/#breadcrumb\"},\"inLanguage\":\"sv-SE\",\"potentialAction\":[{\"@type\":\"ReadAction\",\"target\":[\"https:\/\/centriair.com\/sv\/om-centriair\/foretaget\/\"]}]},{\"@type\":\"ImageObject\",\"inLanguage\":\"sv-SE\",\"@id\":\"https:\/\/centriair.com\/sv\/om-centriair\/foretaget\/#primaryimage\",\"url\":\"https:\/\/centriair.com\/wp-content\/uploads\/2023\/05\/Centriair-company-conference-768x510.jpg\",\"contentUrl\":\"https:\/\/centriair.com\/wp-content\/uploads\/2023\/05\/Centriair-company-conference-768x510.jpg\"},{\"@type\":\"BreadcrumbList\",\"@id\":\"https:\/\/centriair.com\/sv\/om-centriair\/foretaget\/#breadcrumb\",\"itemListElement\":[{\"@type\":\"ListItem\",\"position\":1,\"name\":\"Home\",\"item\":\"https:\/\/centriair.com\/sv\/\"},{\"@type\":\"ListItem\",\"position\":2,\"name\":\"Om Centriair\",\"item\":\"https:\/\/centriair.com\/sv\/om-centriair\/\"},{\"@type\":\"ListItem\",\"position\":3,\"name\":\"F\u00f6retaget\"}]},{\"@type\":\"WebSite\",\"@id\":\"https:\/\/centriair.com\/sv\/#website\",\"url\":\"https:\/\/centriair.com\/sv\/\",\"name\":\"Centriair\",\"description\":\"Cleaner air. Fewer resources.\",\"publisher\":{\"@id\":\"https:\/\/centriair.com\/sv\/#organization\"},\"potentialAction\":[{\"@type\":\"SearchAction\",\"target\":{\"@type\":\"EntryPoint\",\"urlTemplate\":\"https:\/\/centriair.com\/sv\/?s={search_term_string}\"},\"query-input\":{\"@type\":\"PropertyValueSpecification\",\"valueRequired\":true,\"valueName\":\"search_term_string\"}}],\"inLanguage\":\"sv-SE\"},{\"@type\":\"Organization\",\"@id\":\"https:\/\/centriair.com\/sv\/#organization\",\"name\":\"Centriair\",\"url\":\"https:\/\/centriair.com\/sv\/\",\"logo\":{\"@type\":\"ImageObject\",\"inLanguage\":\"sv-SE\",\"@id\":\"https:\/\/centriair.com\/sv\/#\/schema\/logo\/image\/\",\"url\":\"https:\/\/centriair.com\/wp-content\/uploads\/2022\/11\/Centriair_logo-blue.svg\",\"contentUrl\":\"https:\/\/centriair.com\/wp-content\/uploads\/2022\/11\/Centriair_logo-blue.svg\",\"width\":250,\"height\":65,\"caption\":\"Centriair\"},\"image\":{\"@id\":\"https:\/\/centriair.com\/sv\/#\/schema\/logo\/image\/\"}}]}<\/script>\n<!-- \/ Yoast SEO plugin. -->","yoast_head_json":{"title":"F\u00f6retaget - We are Centriair","description":"Beskrivning av Centriair, internationellt ledande leverant\u00f6r av industriell luktreningsutrustning f\u00f6r biogas, avfall, avlopp och fritering.","robots":{"index":"index","follow":"follow","max-snippet":"max-snippet:-1","max-image-preview":"max-image-preview:large","max-video-preview":"max-video-preview:-1"},"canonical":"https:\/\/centriair.com\/sv\/om-centriair\/foretaget\/","og_locale":"sv_SE","og_type":"article","og_title":"F\u00f6retaget - We are Centriair","og_description":"Beskrivning av Centriair, internationellt ledande leverant\u00f6r av industriell luktreningsutrustning f\u00f6r biogas, avfall, avlopp och fritering.","og_url":"https:\/\/centriair.com\/sv\/om-centriair\/foretaget\/","og_site_name":"We are Centriair","article_modified_time":"2026-02-16T15:04:14+00:00","og_image":[{"url":"https:\/\/centriair.com\/wp-content\/uploads\/2023\/05\/Centriair-company-conference-768x510.jpg","type":"","width":"","height":""}],"twitter_card":"summary_large_image","twitter_misc":{"Ber\u00e4knad l\u00e4stid":"1 minut"},"schema":{"@context":"https:\/\/schema.org","@graph":[{"@type":"WebPage","@id":"https:\/\/centriair.com\/sv\/om-centriair\/foretaget\/","url":"https:\/\/centriair.com\/sv\/om-centriair\/foretaget\/","name":"F\u00f6retaget - We are Centriair","isPartOf":{"@id":"https:\/\/centriair.com\/sv\/#website"},"primaryImageOfPage":{"@id":"https:\/\/centriair.com\/sv\/om-centriair\/foretaget\/#primaryimage"},"image":{"@id":"https:\/\/centriair.com\/sv\/om-centriair\/foretaget\/#primaryimage"},"thumbnailUrl":"https:\/\/centriair.com\/wp-content\/uploads\/2023\/05\/Centriair-company-conference-768x510.jpg","datePublished":"2023-03-09T08:46:13+00:00","dateModified":"2026-02-16T15:04:14+00:00","description":"Beskrivning av Centriair, internationellt ledande leverant\u00f6r av industriell luktreningsutrustning f\u00f6r biogas, avfall, avlopp och fritering.","breadcrumb":{"@id":"https:\/\/centriair.com\/sv\/om-centriair\/foretaget\/#breadcrumb"},"inLanguage":"sv-SE","potentialAction":[{"@type":"ReadAction","target":["https:\/\/centriair.com\/sv\/om-centriair\/foretaget\/"]}]},{"@type":"ImageObject","inLanguage":"sv-SE","@id":"https:\/\/centriair.com\/sv\/om-centriair\/foretaget\/#primaryimage","url":"https:\/\/centriair.com\/wp-content\/uploads\/2023\/05\/Centriair-company-conference-768x510.jpg","contentUrl":"https:\/\/centriair.com\/wp-content\/uploads\/2023\/05\/Centriair-company-conference-768x510.jpg"},{"@type":"BreadcrumbList","@id":"https:\/\/centriair.com\/sv\/om-centriair\/foretaget\/#breadcrumb","itemListElement":[{"@type":"ListItem","position":1,"name":"Home","item":"https:\/\/centriair.com\/sv\/"},{"@type":"ListItem","position":2,"name":"Om Centriair","item":"https:\/\/centriair.com\/sv\/om-centriair\/"},{"@type":"ListItem","position":3,"name":"F\u00f6retaget"}]},{"@type":"WebSite","@id":"https:\/\/centriair.com\/sv\/#website","url":"https:\/\/centriair.com\/sv\/","name":"Centriair","description":"Cleaner air. Fewer resources.","publisher":{"@id":"https:\/\/centriair.com\/sv\/#organization"},"potentialAction":[{"@type":"SearchAction","target":{"@type":"EntryPoint","urlTemplate":"https:\/\/centriair.com\/sv\/?s={search_term_string}"},"query-input":{"@type":"PropertyValueSpecification","valueRequired":true,"valueName":"search_term_string"}}],"inLanguage":"sv-SE"},{"@type":"Organization","@id":"https:\/\/centriair.com\/sv\/#organization","name":"Centriair","url":"https:\/\/centriair.com\/sv\/","logo":{"@type":"ImageObject","inLanguage":"sv-SE","@id":"https:\/\/centriair.com\/sv\/#\/schema\/logo\/image\/","url":"https:\/\/centriair.com\/wp-content\/uploads\/2022\/11\/Centriair_logo-blue.svg","contentUrl":"https:\/\/centriair.com\/wp-content\/uploads\/2022\/11\/Centriair_logo-blue.svg","width":250,"height":65,"caption":"Centriair"},"image":{"@id":"https:\/\/centriair.com\/sv\/#\/schema\/logo\/image\/"}}]}},"_links":{"self":[{"href":"https:\/\/centriair.com\/sv\/wp-json\/wp\/v2\/pages\/3773","targetHints":{"allow":["GET"]}}],"collection":[{"href":"https:\/\/centriair.com\/sv\/wp-json\/wp\/v2\/pages"}],"about":[{"href":"https:\/\/centriair.com\/sv\/wp-json\/wp\/v2\/types\/page"}],"author":[{"embeddable":true,"href":"https:\/\/centriair.com\/sv\/wp-json\/wp\/v2\/users\/1"}],"replies":[{"embeddable":true,"href":"https:\/\/centriair.com\/sv\/wp-json\/wp\/v2\/comments?post=3773"}],"version-history":[{"count":17,"href":"https:\/\/centriair.com\/sv\/wp-json\/wp\/v2\/pages\/3773\/revisions"}],"predecessor-version":[{"id":9530,"href":"https:\/\/centriair.com\/sv\/wp-json\/wp\/v2\/pages\/3773\/revisions\/9530"}],"up":[{"embeddable":true,"href":"https:\/\/centriair.com\/sv\/wp-json\/wp\/v2\/pages\/3602"}],"wp:attachment":[{"href":"https:\/\/centriair.com\/sv\/wp-json\/wp\/v2\/media?parent=3773"}],"curies":[{"name":"wp","href":"https:\/\/api.w.org\/{rel}","templated":true}]}}