{"id":3769,"date":"2023-03-09T09:47:04","date_gmt":"2023-03-09T08:47:04","guid":{"rendered":"https:\/\/centriair.hemhosting.se\/about-centriair\/career\/"},"modified":"2026-02-16T16:10:16","modified_gmt":"2026-02-16T15:10:16","slug":"karriar","status":"publish","type":"page","link":"https:\/\/centriair.com\/sv\/om-centriair\/karriar\/","title":{"rendered":"Karri\u00e4r"},"content":{"rendered":"\t\t<div data-elementor-type=\"wp-page\" data-elementor-id=\"3769\" class=\"elementor elementor-3769 elementor-1140\" data-elementor-post-type=\"page\">\n\t\t\t\t<div class=\"elementor-element elementor-element-4d23b1e e-flex e-con-boxed e-con e-parent\" data-id=\"4d23b1e\" data-element_type=\"container\" data-settings=\"{&quot;background_background&quot;:&quot;classic&quot;}\">\n\t\t\t\t\t<div class=\"e-con-inner\">\n\t\t<div class=\"elementor-element elementor-element-b5932d5 e-con-full e-flex e-con e-child\" data-id=\"b5932d5\" data-element_type=\"container\">\n\t\t\t\t<\/div>\n\t\t<div class=\"elementor-element elementor-element-0ea3931 e-con-full e-flex e-con e-child\" data-id=\"0ea3931\" data-element_type=\"container\">\n\t\t\t\t<div class=\"elementor-element elementor-element-1b7b364 elementor-widget elementor-widget-text-editor\" data-id=\"1b7b364\" data-element_type=\"widget\" data-widget_type=\"text-editor.default\">\n\t\t\t\t<div class=\"elementor-widget-container\">\n\t\t\t\t\t\t\t\t\t<p>Vi \u00e4r alltid p\u00e5 jakt efter talangfulla och engagerade personer som vill bli en del av v\u00e5rt team.<\/p>\t\t\t\t\t\t\t\t<\/div>\n\t\t\t\t<\/div>\n\t\t\t\t<\/div>\n\t\t\t\t\t<\/div>\n\t\t\t\t<\/div>\n\t\t<div class=\"elementor-element elementor-element-fad1157 e-flex e-con-boxed e-con e-parent\" data-id=\"fad1157\" data-element_type=\"container\">\n\t\t\t\t\t<div class=\"e-con-inner\">\n\t\t<div class=\"elementor-element elementor-element-c579de1 e-con-full e-flex e-con e-child\" data-id=\"c579de1\" data-element_type=\"container\">\n\t\t\t\t<div class=\"elementor-element elementor-element-c07dcfd elementor-widget elementor-widget-heading\" data-id=\"c07dcfd\" data-element_type=\"widget\" data-widget_type=\"heading.default\">\n\t\t\t\t<div class=\"elementor-widget-container\">\n\t\t\t\t\t<h2 class=\"elementor-heading-title elementor-size-default\">Jobba med oss<\/h2>\t\t\t\t<\/div>\n\t\t\t\t<\/div>\n\t\t\t\t<div class=\"elementor-element elementor-element-73da469 elementor-widget elementor-widget-text-editor\" data-id=\"73da469\" data-element_type=\"widget\" data-widget_type=\"text-editor.default\">\n\t\t\t\t<div class=\"elementor-widget-container\">\n\t\t\t\t\t\t\t\t\t<p>Skulle du vilja arbeta i en dynamisk organisation d\u00e4r du bidrar till ett h\u00e5llbart samh\u00e4lle? Centriairs framg\u00e5ng bygger p\u00e5 v\u00e5r expertis fr\u00e5n ett engagerat team, och vi letar alltid efter nya motiverade medarbetare.<\/p><p>Ser du din framtid hos oss? Tveka inte p\u00e5 att kontakta oss!<\/p>\t\t\t\t\t\t\t\t<\/div>\n\t\t\t\t<\/div>\n\t\t\t\t<div class=\"elementor-element elementor-element-cb4fb83 elementor-icon-list--layout-traditional elementor-list-item-link-full_width elementor-widget elementor-widget-icon-list\" data-id=\"cb4fb83\" data-element_type=\"widget\" data-widget_type=\"icon-list.default\">\n\t\t\t\t<div class=\"elementor-widget-container\">\n\t\t\t\t\t\t\t<ul class=\"elementor-icon-list-items\">\n\t\t\t\t\t\t\t<li class=\"elementor-icon-list-item\">\n\t\t\t\t\t\t\t\t\t\t\t<a href=\"tel:+4631263500\">\n\n\t\t\t\t\t\t\t\t\t\t\t\t<span class=\"elementor-icon-list-icon\">\n\t\t\t\t\t\t\t<i aria-hidden=\"true\" class=\"icon icon-phone-call\"><\/i>\t\t\t\t\t\t<\/span>\n\t\t\t\t\t\t\t\t\t\t<span class=\"elementor-icon-list-text\">+46 31 26 35 00<\/span>\n\t\t\t\t\t\t\t\t\t\t\t<\/a>\n\t\t\t\t\t\t\t\t\t<\/li>\n\t\t\t\t\t\t\t\t<li class=\"elementor-icon-list-item\">\n\t\t\t\t\t\t\t\t\t\t\t<a href=\"mailto:info@centriair.com\">\n\n\t\t\t\t\t\t\t\t\t\t\t\t<span class=\"elementor-icon-list-icon\">\n\t\t\t\t\t\t\t<i aria-hidden=\"true\" class=\"icon icon-email\"><\/i>\t\t\t\t\t\t<\/span>\n\t\t\t\t\t\t\t\t\t\t<span class=\"elementor-icon-list-text\">info@centriair.com<\/span>\n\t\t\t\t\t\t\t\t\t\t\t<\/a>\n\t\t\t\t\t\t\t\t\t<\/li>\n\t\t\t\t\t\t\t\t<li class=\"elementor-icon-list-item\">\n\t\t\t\t\t\t\t\t\t\t\t<a href=\"https:\/\/maps.app.goo.gl\/NeqRsU7qBojYpt7J9\">\n\n\t\t\t\t\t\t\t\t\t\t\t\t<span class=\"elementor-icon-list-icon\">\n\t\t\t\t\t\t\t<i aria-hidden=\"true\" class=\"icon icon-map-marker1\"><\/i>\t\t\t\t\t\t<\/span>\n\t\t\t\t\t\t\t\t\t\t<span class=\"elementor-icon-list-text\">\u00d6g\u00e4rdesv\u00e4gen 4A, 433 30 Partille, Sweden<\/span>\n\t\t\t\t\t\t\t\t\t\t\t<\/a>\n\t\t\t\t\t\t\t\t\t<\/li>\n\t\t\t\t\t\t<\/ul>\n\t\t\t\t\t\t<\/div>\n\t\t\t\t<\/div>\n\t\t\t\t<\/div>\n\t\t<div class=\"elementor-element elementor-element-3ead951 e-con-full e-flex e-con e-child\" data-id=\"3ead951\" data-element_type=\"container\">\n\t\t\t\t<div class=\"elementor-element elementor-element-73210c7 elementor-widget elementor-widget-image\" data-id=\"73210c7\" data-element_type=\"widget\" data-widget_type=\"image.default\">\n\t\t\t\t<div class=\"elementor-widget-container\">\n\t\t\t\t\t\t\t\t\t\t\t\t\t\t\t<img fetchpriority=\"high\" decoding=\"async\" width=\"768\" height=\"510\" src=\"https:\/\/centriair.com\/wp-content\/uploads\/2023\/05\/Centriair-company-conference-768x510.jpg\" class=\"attachment-medium_large size-medium_large wp-image-3307\" alt=\"Centriair 2023\" srcset=\"https:\/\/centriair.com\/wp-content\/uploads\/2023\/05\/Centriair-company-conference-768x510.jpg 768w, https:\/\/centriair.com\/wp-content\/uploads\/2023\/05\/Centriair-company-conference-300x199.jpg 300w, https:\/\/centriair.com\/wp-content\/uploads\/2023\/05\/Centriair-company-conference-1024x680.jpg 1024w, https:\/\/centriair.com\/wp-content\/uploads\/2023\/05\/Centriair-company-conference-1536x1020.jpg 1536w, https:\/\/centriair.com\/wp-content\/uploads\/2023\/05\/Centriair-company-conference-2048x1360.jpg 2048w\" sizes=\"(max-width: 768px) 100vw, 768px\" \/>\t\t\t\t\t\t\t\t\t\t\t\t\t\t\t<\/div>\n\t\t\t\t<\/div>\n\t\t\t\t<\/div>\n\t\t\t\t\t<\/div>\n\t\t\t\t<\/div>\n\t\t\t\t<\/div>\n\t\t","protected":false},"excerpt":{"rendered":"<p>Vi \u00e4r alltid p\u00e5 jakt efter talangfulla och engagerade personer som vill bli en del av v\u00e5rt team. Jobba med oss Skulle du vilja arbeta i en dynamisk organisation d\u00e4r du bidrar till ett h\u00e5llbart samh\u00e4lle? Centriairs framg\u00e5ng bygger p\u00e5 v\u00e5r expertis fr\u00e5n ett engagerat team, och vi letar alltid efter nya motiverade medarbetare. Ser [&hellip;]<\/p>\n","protected":false},"author":1,"featured_media":0,"parent":3602,"menu_order":0,"comment_status":"closed","ping_status":"closed","template":"","meta":{"_acf_changed":false,"footnotes":""},"class_list":["post-3769","page","type-page","status-publish","hentry"],"acf":[],"yoast_head":"<!-- This site is optimized with the Yoast SEO plugin v26.8 - https:\/\/yoast.com\/product\/yoast-seo-wordpress\/ -->\n<title>Karri\u00e4r - We are Centriair<\/title>\n<meta name=\"description\" content=\"Mer om karri\u00e4rm\u00f6jligheter p\u00e5 Centriair, de tj\u00e4nster som vi s\u00f6ker just nu, men \u00e4ven m\u00f6jlighet att anm\u00e4la intresse f\u00f6r andra\" \/>\n<meta name=\"robots\" content=\"index, follow, max-snippet:-1, max-image-preview:large, max-video-preview:-1\" \/>\n<link rel=\"canonical\" href=\"https:\/\/centriair.com\/sv\/om-centriair\/karriar\/\" \/>\n<meta property=\"og:locale\" content=\"sv_SE\" \/>\n<meta property=\"og:type\" content=\"article\" \/>\n<meta property=\"og:title\" content=\"Karri\u00e4r - We are Centriair\" \/>\n<meta property=\"og:description\" content=\"Mer om karri\u00e4rm\u00f6jligheter p\u00e5 Centriair, de tj\u00e4nster som vi s\u00f6ker just nu, men \u00e4ven m\u00f6jlighet att anm\u00e4la intresse f\u00f6r andra\" \/>\n<meta property=\"og:url\" content=\"https:\/\/centriair.com\/sv\/om-centriair\/karriar\/\" \/>\n<meta property=\"og:site_name\" content=\"We are Centriair\" \/>\n<meta property=\"article:modified_time\" content=\"2026-02-16T15:10:16+00:00\" \/>\n<meta property=\"og:image\" content=\"https:\/\/centriair.com\/wp-content\/uploads\/2023\/05\/Centriair-company-conference-768x510.jpg\" \/>\n<meta name=\"twitter:card\" content=\"summary_large_image\" \/>\n<meta name=\"twitter:label1\" content=\"Ber\u00e4knad l\u00e4stid\" \/>\n\t<meta name=\"twitter:data1\" content=\"1 minut\" \/>\n<script type=\"application\/ld+json\" class=\"yoast-schema-graph\">{\"@context\":\"https:\/\/schema.org\",\"@graph\":[{\"@type\":\"WebPage\",\"@id\":\"https:\/\/centriair.com\/sv\/om-centriair\/karriar\/\",\"url\":\"https:\/\/centriair.com\/sv\/om-centriair\/karriar\/\",\"name\":\"Karri\u00e4r - We are Centriair\",\"isPartOf\":{\"@id\":\"https:\/\/centriair.com\/sv\/#website\"},\"primaryImageOfPage\":{\"@id\":\"https:\/\/centriair.com\/sv\/om-centriair\/karriar\/#primaryimage\"},\"image\":{\"@id\":\"https:\/\/centriair.com\/sv\/om-centriair\/karriar\/#primaryimage\"},\"thumbnailUrl\":\"https:\/\/centriair.com\/wp-content\/uploads\/2023\/05\/Centriair-company-conference-768x510.jpg\",\"datePublished\":\"2023-03-09T08:47:04+00:00\",\"dateModified\":\"2026-02-16T15:10:16+00:00\",\"description\":\"Mer om karri\u00e4rm\u00f6jligheter p\u00e5 Centriair, de tj\u00e4nster som vi s\u00f6ker just nu, men \u00e4ven m\u00f6jlighet att anm\u00e4la intresse f\u00f6r andra\",\"breadcrumb\":{\"@id\":\"https:\/\/centriair.com\/sv\/om-centriair\/karriar\/#breadcrumb\"},\"inLanguage\":\"sv-SE\",\"potentialAction\":[{\"@type\":\"ReadAction\",\"target\":[\"https:\/\/centriair.com\/sv\/om-centriair\/karriar\/\"]}]},{\"@type\":\"ImageObject\",\"inLanguage\":\"sv-SE\",\"@id\":\"https:\/\/centriair.com\/sv\/om-centriair\/karriar\/#primaryimage\",\"url\":\"https:\/\/centriair.com\/wp-content\/uploads\/2023\/05\/Centriair-company-conference-768x510.jpg\",\"contentUrl\":\"https:\/\/centriair.com\/wp-content\/uploads\/2023\/05\/Centriair-company-conference-768x510.jpg\"},{\"@type\":\"BreadcrumbList\",\"@id\":\"https:\/\/centriair.com\/sv\/om-centriair\/karriar\/#breadcrumb\",\"itemListElement\":[{\"@type\":\"ListItem\",\"position\":1,\"name\":\"Home\",\"item\":\"https:\/\/centriair.com\/sv\/\"},{\"@type\":\"ListItem\",\"position\":2,\"name\":\"Om Centriair\",\"item\":\"https:\/\/centriair.com\/sv\/om-centriair\/\"},{\"@type\":\"ListItem\",\"position\":3,\"name\":\"Karri\u00e4r\"}]},{\"@type\":\"WebSite\",\"@id\":\"https:\/\/centriair.com\/sv\/#website\",\"url\":\"https:\/\/centriair.com\/sv\/\",\"name\":\"Centriair\",\"description\":\"Cleaner air. Fewer resources.\",\"publisher\":{\"@id\":\"https:\/\/centriair.com\/sv\/#organization\"},\"potentialAction\":[{\"@type\":\"SearchAction\",\"target\":{\"@type\":\"EntryPoint\",\"urlTemplate\":\"https:\/\/centriair.com\/sv\/?s={search_term_string}\"},\"query-input\":{\"@type\":\"PropertyValueSpecification\",\"valueRequired\":true,\"valueName\":\"search_term_string\"}}],\"inLanguage\":\"sv-SE\"},{\"@type\":\"Organization\",\"@id\":\"https:\/\/centriair.com\/sv\/#organization\",\"name\":\"Centriair\",\"url\":\"https:\/\/centriair.com\/sv\/\",\"logo\":{\"@type\":\"ImageObject\",\"inLanguage\":\"sv-SE\",\"@id\":\"https:\/\/centriair.com\/sv\/#\/schema\/logo\/image\/\",\"url\":\"https:\/\/centriair.com\/wp-content\/uploads\/2022\/11\/Centriair_logo-blue.svg\",\"contentUrl\":\"https:\/\/centriair.com\/wp-content\/uploads\/2022\/11\/Centriair_logo-blue.svg\",\"width\":250,\"height\":65,\"caption\":\"Centriair\"},\"image\":{\"@id\":\"https:\/\/centriair.com\/sv\/#\/schema\/logo\/image\/\"}}]}<\/script>\n<!-- \/ Yoast SEO plugin. -->","yoast_head_json":{"title":"Karri\u00e4r - We are Centriair","description":"Mer om karri\u00e4rm\u00f6jligheter p\u00e5 Centriair, de tj\u00e4nster som vi s\u00f6ker just nu, men \u00e4ven m\u00f6jlighet att anm\u00e4la intresse f\u00f6r andra","robots":{"index":"index","follow":"follow","max-snippet":"max-snippet:-1","max-image-preview":"max-image-preview:large","max-video-preview":"max-video-preview:-1"},"canonical":"https:\/\/centriair.com\/sv\/om-centriair\/karriar\/","og_locale":"sv_SE","og_type":"article","og_title":"Karri\u00e4r - We are Centriair","og_description":"Mer om karri\u00e4rm\u00f6jligheter p\u00e5 Centriair, de tj\u00e4nster som vi s\u00f6ker just nu, men \u00e4ven m\u00f6jlighet att anm\u00e4la intresse f\u00f6r andra","og_url":"https:\/\/centriair.com\/sv\/om-centriair\/karriar\/","og_site_name":"We are Centriair","article_modified_time":"2026-02-16T15:10:16+00:00","og_image":[{"url":"https:\/\/centriair.com\/wp-content\/uploads\/2023\/05\/Centriair-company-conference-768x510.jpg","type":"","width":"","height":""}],"twitter_card":"summary_large_image","twitter_misc":{"Ber\u00e4knad l\u00e4stid":"1 minut"},"schema":{"@context":"https:\/\/schema.org","@graph":[{"@type":"WebPage","@id":"https:\/\/centriair.com\/sv\/om-centriair\/karriar\/","url":"https:\/\/centriair.com\/sv\/om-centriair\/karriar\/","name":"Karri\u00e4r - We are Centriair","isPartOf":{"@id":"https:\/\/centriair.com\/sv\/#website"},"primaryImageOfPage":{"@id":"https:\/\/centriair.com\/sv\/om-centriair\/karriar\/#primaryimage"},"image":{"@id":"https:\/\/centriair.com\/sv\/om-centriair\/karriar\/#primaryimage"},"thumbnailUrl":"https:\/\/centriair.com\/wp-content\/uploads\/2023\/05\/Centriair-company-conference-768x510.jpg","datePublished":"2023-03-09T08:47:04+00:00","dateModified":"2026-02-16T15:10:16+00:00","description":"Mer om karri\u00e4rm\u00f6jligheter p\u00e5 Centriair, de tj\u00e4nster som vi s\u00f6ker just nu, men \u00e4ven m\u00f6jlighet att anm\u00e4la intresse f\u00f6r andra","breadcrumb":{"@id":"https:\/\/centriair.com\/sv\/om-centriair\/karriar\/#breadcrumb"},"inLanguage":"sv-SE","potentialAction":[{"@type":"ReadAction","target":["https:\/\/centriair.com\/sv\/om-centriair\/karriar\/"]}]},{"@type":"ImageObject","inLanguage":"sv-SE","@id":"https:\/\/centriair.com\/sv\/om-centriair\/karriar\/#primaryimage","url":"https:\/\/centriair.com\/wp-content\/uploads\/2023\/05\/Centriair-company-conference-768x510.jpg","contentUrl":"https:\/\/centriair.com\/wp-content\/uploads\/2023\/05\/Centriair-company-conference-768x510.jpg"},{"@type":"BreadcrumbList","@id":"https:\/\/centriair.com\/sv\/om-centriair\/karriar\/#breadcrumb","itemListElement":[{"@type":"ListItem","position":1,"name":"Home","item":"https:\/\/centriair.com\/sv\/"},{"@type":"ListItem","position":2,"name":"Om Centriair","item":"https:\/\/centriair.com\/sv\/om-centriair\/"},{"@type":"ListItem","position":3,"name":"Karri\u00e4r"}]},{"@type":"WebSite","@id":"https:\/\/centriair.com\/sv\/#website","url":"https:\/\/centriair.com\/sv\/","name":"Centriair","description":"Cleaner air. Fewer resources.","publisher":{"@id":"https:\/\/centriair.com\/sv\/#organization"},"potentialAction":[{"@type":"SearchAction","target":{"@type":"EntryPoint","urlTemplate":"https:\/\/centriair.com\/sv\/?s={search_term_string}"},"query-input":{"@type":"PropertyValueSpecification","valueRequired":true,"valueName":"search_term_string"}}],"inLanguage":"sv-SE"},{"@type":"Organization","@id":"https:\/\/centriair.com\/sv\/#organization","name":"Centriair","url":"https:\/\/centriair.com\/sv\/","logo":{"@type":"ImageObject","inLanguage":"sv-SE","@id":"https:\/\/centriair.com\/sv\/#\/schema\/logo\/image\/","url":"https:\/\/centriair.com\/wp-content\/uploads\/2022\/11\/Centriair_logo-blue.svg","contentUrl":"https:\/\/centriair.com\/wp-content\/uploads\/2022\/11\/Centriair_logo-blue.svg","width":250,"height":65,"caption":"Centriair"},"image":{"@id":"https:\/\/centriair.com\/sv\/#\/schema\/logo\/image\/"}}]}},"_links":{"self":[{"href":"https:\/\/centriair.com\/sv\/wp-json\/wp\/v2\/pages\/3769","targetHints":{"allow":["GET"]}}],"collection":[{"href":"https:\/\/centriair.com\/sv\/wp-json\/wp\/v2\/pages"}],"about":[{"href":"https:\/\/centriair.com\/sv\/wp-json\/wp\/v2\/types\/page"}],"author":[{"embeddable":true,"href":"https:\/\/centriair.com\/sv\/wp-json\/wp\/v2\/users\/1"}],"replies":[{"embeddable":true,"href":"https:\/\/centriair.com\/sv\/wp-json\/wp\/v2\/comments?post=3769"}],"version-history":[{"count":43,"href":"https:\/\/centriair.com\/sv\/wp-json\/wp\/v2\/pages\/3769\/revisions"}],"predecessor-version":[{"id":9532,"href":"https:\/\/centriair.com\/sv\/wp-json\/wp\/v2\/pages\/3769\/revisions\/9532"}],"up":[{"embeddable":true,"href":"https:\/\/centriair.com\/sv\/wp-json\/wp\/v2\/pages\/3602"}],"wp:attachment":[{"href":"https:\/\/centriair.com\/sv\/wp-json\/wp\/v2\/media?parent=3769"}],"curies":[{"name":"wp","href":"https:\/\/api.w.org\/{rel}","templated":true}]}}