{"id":3767,"date":"2023-03-23T14:03:31","date_gmt":"2023-03-23T13:03:31","guid":{"rendered":"https:\/\/centriair.hemhosting.se\/technologies\/"},"modified":"2026-02-16T16:24:56","modified_gmt":"2026-02-16T15:24:56","slug":"tekniker-industriell-luktrening","status":"publish","type":"page","link":"https:\/\/centriair.com\/sv\/tekniker-industriell-luktrening\/","title":{"rendered":"Tekniker"},"content":{"rendered":"\t\t<div data-elementor-type=\"wp-page\" data-elementor-id=\"3767\" class=\"elementor elementor-3767 elementor-1396\" data-elementor-post-type=\"page\">\n\t\t\t\t<div class=\"elementor-element elementor-element-8af2cdc e-flex e-con-boxed e-con e-parent\" data-id=\"8af2cdc\" data-element_type=\"container\" data-settings=\"{&quot;background_background&quot;:&quot;classic&quot;}\">\n\t\t\t\t\t<div class=\"e-con-inner\">\n\t\t<div class=\"elementor-element elementor-element-bf63ea0 e-con-full e-flex e-con e-child\" data-id=\"bf63ea0\" data-element_type=\"container\">\n\t\t\t\t<div class=\"elementor-element elementor-element-431268e elementor-widget elementor-widget-heading\" data-id=\"431268e\" data-element_type=\"widget\" data-widget_type=\"heading.default\">\n\t\t\t\t<div class=\"elementor-widget-container\">\n\t\t\t\t\t<h1 class=\"elementor-heading-title elementor-size-default\">Tekniker f\u00f6r luktrening<\/h1>\t\t\t\t<\/div>\n\t\t\t\t<\/div>\n\t\t\t\t<\/div>\n\t\t<div class=\"elementor-element elementor-element-f1d7541 e-con-full e-flex e-con e-child\" data-id=\"f1d7541\" data-element_type=\"container\">\n\t\t\t\t<div class=\"elementor-element elementor-element-bff9d81 elementor-widget elementor-widget-text-editor\" data-id=\"bff9d81\" data-element_type=\"widget\" data-widget_type=\"text-editor.default\">\n\t\t\t\t<div class=\"elementor-widget-container\">\n\t\t\t\t\t\t\t\t\t<p><span class=\"TextRun Highlight SCXW148135695 BCX0\" lang=\"SV-SE\" xml:lang=\"SV-SE\" data-contrast=\"auto\"><span class=\"NormalTextRun SCXW148135695 BCX0\">Tillsammans hj\u00e4lper vi v\u00e5ra <\/span><span class=\"NormalTextRun SCXW148135695 BCX0\">kunder<\/span><span class=\"NormalTextRun SCXW148135695 BCX0\"> att bem\u00e4stra <\/span><span class=\"NormalTextRun SCXW148135695 BCX0\">utmaningarna <\/span><span class=\"NormalTextRun SCXW148135695 BCX0\">med industriell luftbehandling genom att separera partiklar, eliminera skadliga \u00e4mnen och <\/span><span class=\"NormalTextRun SCXW148135695 BCX0\">s\u00e4kerst\u00e4lla <\/span><span class=\"NormalTextRun SCXW148135695 BCX0\">prestanda genom \u00f6vervakning och optimering i realtid.<\/span><\/span><span class=\"EOP SCXW148135695 BCX0\" data-ccp-props=\"{}\">\u00a0<\/span><\/p>\t\t\t\t\t\t\t\t<\/div>\n\t\t\t\t<\/div>\n\t\t\t\t<\/div>\n\t\t\t\t\t<\/div>\n\t\t\t\t<\/div>\n\t\t<div class=\"elementor-element elementor-element-f519a59 e-flex e-con-boxed e-con e-parent\" data-id=\"f519a59\" data-element_type=\"container\" data-settings=\"{&quot;background_background&quot;:&quot;classic&quot;}\">\n\t\t\t\t\t<div class=\"e-con-inner\">\n\t\t<div class=\"elementor-element elementor-element-bb2f372 e-con-full e-flex e-con e-child\" data-id=\"bb2f372\" data-element_type=\"container\" data-settings=\"{&quot;background_background&quot;:&quot;video&quot;,&quot;background_video_link&quot;:&quot;https:\\\/\\\/vimeo.com\\\/1073118293?share=copy#t=0&quot;,&quot;background_video_start&quot;:0,&quot;background_video_end&quot;:10,&quot;background_privacy_mode&quot;:&quot;yes&quot;,&quot;background_play_on_mobile&quot;:&quot;yes&quot;}\">\n\t\t<div class=\"elementor-background-video-container\" aria-hidden=\"true\">\n\t\t\t\t\t\t\t<div class=\"elementor-background-video-embed\"><\/div>\n\t\t\t\t\t\t<\/div>\t\t<\/div>\n\t\t\t\t\t<\/div>\n\t\t\t\t<\/div>\n\t\t<div class=\"elementor-element elementor-element-bdc4c98 e-flex e-con-boxed e-con e-parent\" data-id=\"bdc4c98\" data-element_type=\"container\">\n\t\t\t\t\t<div class=\"e-con-inner\">\n\t\t<div class=\"elementor-element elementor-element-0b52475 e-con-full e-flex e-con e-child\" data-id=\"0b52475\" data-element_type=\"container\" data-settings=\"{&quot;background_background&quot;:&quot;classic&quot;}\">\n\t\t\t\t<div class=\"elementor-element elementor-element-ec1582b elementor-widget elementor-widget-heading\" data-id=\"ec1582b\" data-element_type=\"widget\" data-widget_type=\"heading.default\">\n\t\t\t\t<div class=\"elementor-widget-container\">\n\t\t\t\t\t<h3 class=\"elementor-heading-title elementor-size-default\">Separation<\/h3>\t\t\t\t<\/div>\n\t\t\t\t<\/div>\n\t\t<div class=\"elementor-element elementor-element-645c0f0 e-con-full e-flex e-con e-child\" data-id=\"645c0f0\" data-element_type=\"container\">\n\t\t\t\t<div class=\"elementor-element elementor-element-488e058 elementor-widget elementor-widget-text-editor\" data-id=\"488e058\" data-element_type=\"widget\" data-widget_type=\"text-editor.default\">\n\t\t\t\t<div class=\"elementor-widget-container\">\n\t\t\t\t\t\t\t\t\t<div class=\"elementor-element elementor-element-37bf845 elementor-widget elementor-widget-text-editor\" data-id=\"37bf845\" data-element_type=\"widget\" data-widget_type=\"text-editor.default\"><div class=\"elementor-widget-container\"><span class=\"TextRun SCXW14820984 BCX0\" lang=\"SV-SE\" xml:lang=\"SV-SE\" data-contrast=\"none\"><span class=\"NormalTextRun SCXW14820984 BCX0\" data-ccp-parastyle=\"Normal (Web)\">V\u00e5r <\/span><span class=\"NormalTextRun SCXW14820984 BCX0\" data-ccp-parastyle=\"Normal (Web)\">separationsteknik <\/span><span class=\"NormalTextRun SCXW14820984 BCX0\" data-ccp-parastyle=\"Normal (Web)\">\u00e4r avancerad d\u00e5 den b\u00e5de <\/span><span class=\"NormalTextRun SCXW14820984 BCX0\" data-ccp-parastyle=\"Normal (Web)\">tar bort skadliga partiklar<\/span><span class=\"NormalTextRun SCXW14820984 BCX0\" data-ccp-parastyle=\"Normal (Web)\"> samt <\/span><span class=\"NormalTextRun SCXW14820984 BCX0\" data-ccp-parastyle=\"Normal (Web)\">separerar aerosoler<\/span><span class=\"NormalTextRun SCXW14820984 BCX0\" data-ccp-parastyle=\"Normal (Web)\">, <\/span><span class=\"NormalTextRun SCXW14820984 BCX0\" data-ccp-parastyle=\"Normal (Web)\">vilka<\/span> <span class=\"NormalTextRun SCXW14820984 BCX0\" data-ccp-parastyle=\"Normal (Web)\">kan f\u00e5ngas upp och \u00e5teranv\u00e4ndas i industriella processer.<\/span><\/span><span class=\"EOP SCXW14820984 BCX0\" data-ccp-props=\"{&quot;134233117&quot;:true,&quot;134233118&quot;:true}\">\u00a0<\/span><\/div><\/div>\t\t\t\t\t\t\t\t<\/div>\n\t\t\t\t<\/div>\n\t\t\t\t<div class=\"elementor-element elementor-element-23b5d61 elementor-align-left elementor-widget elementor-widget-button\" data-id=\"23b5d61\" data-element_type=\"widget\" data-widget_type=\"button.default\">\n\t\t\t\t<div class=\"elementor-widget-container\">\n\t\t\t\t\t\t\t\t\t<div class=\"elementor-button-wrapper\">\n\t\t\t\t\t<a class=\"elementor-button elementor-button-link elementor-size-sm\" href=\"https:\/\/centriair.com\/sv\/tekniker-industriell-luktrening\/separationstekniker\/\" id=\"button-new\">\n\t\t\t\t\t\t<span class=\"elementor-button-content-wrapper\">\n\t\t\t\t\t\t<span class=\"elementor-button-icon\">\n\t\t\t\t<i aria-hidden=\"true\" class=\"fas fa-arrow-circle-right\"><\/i>\t\t\t<\/span>\n\t\t\t\t\t\t\t\t\t<span class=\"elementor-button-text\">Separationstekniker<\/span>\n\t\t\t\t\t<\/span>\n\t\t\t\t\t<\/a>\n\t\t\t\t<\/div>\n\t\t\t\t\t\t\t\t<\/div>\n\t\t\t\t<\/div>\n\t\t\t\t<\/div>\n\t\t\t\t<\/div>\n\t\t<div class=\"elementor-element elementor-element-32bc18b e-con-full e-flex e-con e-child\" data-id=\"32bc18b\" data-element_type=\"container\" data-settings=\"{&quot;background_background&quot;:&quot;classic&quot;}\">\n\t\t\t\t<div class=\"elementor-element elementor-element-14f5380 elementor-widget elementor-widget-heading\" data-id=\"14f5380\" data-element_type=\"widget\" data-widget_type=\"heading.default\">\n\t\t\t\t<div class=\"elementor-widget-container\">\n\t\t\t\t\t<h3 class=\"elementor-heading-title elementor-size-default\">Rening<\/h3>\t\t\t\t<\/div>\n\t\t\t\t<\/div>\n\t\t<div class=\"elementor-element elementor-element-0b9db25 e-con-full e-flex e-con e-child\" data-id=\"0b9db25\" data-element_type=\"container\">\n\t\t\t\t<div class=\"elementor-element elementor-element-e143b5f elementor-widget elementor-widget-text-editor\" data-id=\"e143b5f\" data-element_type=\"widget\" data-widget_type=\"text-editor.default\">\n\t\t\t\t<div class=\"elementor-widget-container\">\n\t\t\t\t\t\t\t\t\t<p>Innovativa katalytiska och oxidativa reningstekniker eliminerar skadliga processgaser och lukter med l\u00e5ga energi- och underh\u00e5llskostnader.<\/p>\t\t\t\t\t\t\t\t<\/div>\n\t\t\t\t<\/div>\n\t\t\t\t<div class=\"elementor-element elementor-element-33a2c9b elementor-align-left elementor-widget elementor-widget-button\" data-id=\"33a2c9b\" data-element_type=\"widget\" data-widget_type=\"button.default\">\n\t\t\t\t<div class=\"elementor-widget-container\">\n\t\t\t\t\t\t\t\t\t<div class=\"elementor-button-wrapper\">\n\t\t\t\t\t<a class=\"elementor-button elementor-button-link elementor-size-sm\" href=\"https:\/\/centriair.com\/sv\/tekniker-industriell-luktrening\/reningstekniker\/\">\n\t\t\t\t\t\t<span class=\"elementor-button-content-wrapper\">\n\t\t\t\t\t\t<span class=\"elementor-button-icon\">\n\t\t\t\t<i aria-hidden=\"true\" class=\"fas fa-arrow-circle-right\"><\/i>\t\t\t<\/span>\n\t\t\t\t\t\t\t\t\t<span class=\"elementor-button-text\">Reningstekniker<\/span>\n\t\t\t\t\t<\/span>\n\t\t\t\t\t<\/a>\n\t\t\t\t<\/div>\n\t\t\t\t\t\t\t\t<\/div>\n\t\t\t\t<\/div>\n\t\t\t\t<\/div>\n\t\t\t\t<\/div>\n\t\t<div class=\"elementor-element elementor-element-2569cbe e-con-full e-flex e-con e-child\" data-id=\"2569cbe\" data-element_type=\"container\" data-settings=\"{&quot;background_background&quot;:&quot;classic&quot;}\">\n\t\t\t\t<div class=\"elementor-element elementor-element-d9bc999 elementor-widget elementor-widget-heading\" data-id=\"d9bc999\" data-element_type=\"widget\" data-widget_type=\"heading.default\">\n\t\t\t\t<div class=\"elementor-widget-container\">\n\t\t\t\t\t<h3 class=\"elementor-heading-title elementor-size-default\">Kontroll- och optimeringssystem\n<\/h3>\t\t\t\t<\/div>\n\t\t\t\t<\/div>\n\t\t<div class=\"elementor-element elementor-element-ea4f7a2 e-con-full e-flex e-con e-child\" data-id=\"ea4f7a2\" data-element_type=\"container\">\n\t\t\t\t<div class=\"elementor-element elementor-element-e8224fb elementor-widget elementor-widget-text-editor\" data-id=\"e8224fb\" data-element_type=\"widget\" data-widget_type=\"text-editor.default\">\n\t\t\t\t<div class=\"elementor-widget-container\">\n\t\t\t\t\t\t\t\t\t<p><span class=\"TextRun SCXW103316581 BCX0\" lang=\"SV-SE\" xml:lang=\"SV-SE\" data-contrast=\"none\"><span class=\"NormalTextRun SCXW103316581 BCX0\" data-ccp-parastyle=\"Normal (Web)\">D\u00e5 v\u00e5ra \u00f6vervaknings-, kontroll- och optimeringssystem arbetar i realtid s\u00e4kerst\u00e4lls alltid h\u00f6gsta m\u00f6jliga prestanda.<\/span><\/span><\/p>\t\t\t\t\t\t\t\t<\/div>\n\t\t\t\t<\/div>\n\t\t\t\t<div class=\"elementor-element elementor-element-9124fb2 elementor-align-left elementor-widget elementor-widget-button\" data-id=\"9124fb2\" data-element_type=\"widget\" data-widget_type=\"button.default\">\n\t\t\t\t<div class=\"elementor-widget-container\">\n\t\t\t\t\t\t\t\t\t<div class=\"elementor-button-wrapper\">\n\t\t\t\t\t<a class=\"elementor-button elementor-button-link elementor-size-sm\" href=\"https:\/\/centriair.com\/sv\/tekniker-industriell-luktrening\/system-for-kontroll-och-optimering\/\">\n\t\t\t\t\t\t<span class=\"elementor-button-content-wrapper\">\n\t\t\t\t\t\t<span class=\"elementor-button-icon\">\n\t\t\t\t<i aria-hidden=\"true\" class=\"fas fa-arrow-circle-right\"><\/i>\t\t\t<\/span>\n\t\t\t\t\t\t\t\t\t<span class=\"elementor-button-text\">Kontroll och optimeringssystem\u200b<\/span>\n\t\t\t\t\t<\/span>\n\t\t\t\t\t<\/a>\n\t\t\t\t<\/div>\n\t\t\t\t\t\t\t\t<\/div>\n\t\t\t\t<\/div>\n\t\t\t\t<\/div>\n\t\t\t\t<\/div>\n\t\t\t\t\t<\/div>\n\t\t\t\t<\/div>\n\t\t\t\t<\/div>\n\t\t","protected":false},"excerpt":{"rendered":"<p>Tillsammans hj\u00e4lper vi v\u00e5ra kunder att bem\u00e4stra utmaningarna med industriell luftbehandling genom att separera partiklar, eliminera skadliga \u00e4mnen och s\u00e4kerst\u00e4lla prestanda genom \u00f6vervakning och optimering i realtid. Separation V\u00e5r separationsteknik \u00e4r avancerad d\u00e5 den b\u00e5de tar bort skadliga partiklar samt separerar aerosoler, vilka kan f\u00e5ngas upp och \u00e5teranv\u00e4ndas i industriella processer. Separationstekniker Rening Innovativa katalytiska [&hellip;]<\/p>\n","protected":false},"author":1,"featured_media":0,"parent":0,"menu_order":0,"comment_status":"closed","ping_status":"closed","template":"","meta":{"_acf_changed":false,"footnotes":""},"class_list":["post-3767","page","type-page","status-publish","hentry"],"acf":[],"yoast_head":"<!-- This site is optimized with the Yoast SEO plugin v26.8 - https:\/\/yoast.com\/product\/yoast-seo-wordpress\/ -->\n<title>Tekniker - We are Centriair<\/title>\n<meta name=\"description\" content=\"Tekniker som Centriair levererar f\u00f6r att rena lukter f\u00f6r industriella kunder inom biogas, avfall, avlopp och livsmedel.\" \/>\n<meta name=\"robots\" content=\"index, follow, max-snippet:-1, max-image-preview:large, max-video-preview:-1\" \/>\n<link rel=\"canonical\" href=\"https:\/\/centriair.com\/sv\/tekniker-industriell-luktrening\/\" \/>\n<meta property=\"og:locale\" content=\"sv_SE\" \/>\n<meta property=\"og:type\" content=\"article\" \/>\n<meta property=\"og:title\" content=\"Tekniker - We are Centriair\" \/>\n<meta property=\"og:description\" content=\"Tekniker som Centriair levererar f\u00f6r att rena lukter f\u00f6r industriella kunder inom biogas, avfall, avlopp och livsmedel.\" \/>\n<meta property=\"og:url\" content=\"https:\/\/centriair.com\/sv\/tekniker-industriell-luktrening\/\" \/>\n<meta property=\"og:site_name\" content=\"We are Centriair\" \/>\n<meta property=\"article:modified_time\" content=\"2026-02-16T15:24:56+00:00\" \/>\n<meta name=\"twitter:card\" content=\"summary_large_image\" \/>\n<meta name=\"twitter:label1\" content=\"Ber\u00e4knad l\u00e4stid\" \/>\n\t<meta name=\"twitter:data1\" content=\"1 minut\" \/>\n<script type=\"application\/ld+json\" class=\"yoast-schema-graph\">{\"@context\":\"https:\/\/schema.org\",\"@graph\":[{\"@type\":\"WebPage\",\"@id\":\"https:\/\/centriair.com\/sv\/tekniker-industriell-luktrening\/\",\"url\":\"https:\/\/centriair.com\/sv\/tekniker-industriell-luktrening\/\",\"name\":\"Tekniker - We are Centriair\",\"isPartOf\":{\"@id\":\"https:\/\/centriair.com\/sv\/#website\"},\"datePublished\":\"2023-03-23T13:03:31+00:00\",\"dateModified\":\"2026-02-16T15:24:56+00:00\",\"description\":\"Tekniker som Centriair levererar f\u00f6r att rena lukter f\u00f6r industriella kunder inom biogas, avfall, avlopp och livsmedel.\",\"breadcrumb\":{\"@id\":\"https:\/\/centriair.com\/sv\/tekniker-industriell-luktrening\/#breadcrumb\"},\"inLanguage\":\"sv-SE\",\"potentialAction\":[{\"@type\":\"ReadAction\",\"target\":[\"https:\/\/centriair.com\/sv\/tekniker-industriell-luktrening\/\"]}]},{\"@type\":\"BreadcrumbList\",\"@id\":\"https:\/\/centriair.com\/sv\/tekniker-industriell-luktrening\/#breadcrumb\",\"itemListElement\":[{\"@type\":\"ListItem\",\"position\":1,\"name\":\"Home\",\"item\":\"https:\/\/centriair.com\/sv\/\"},{\"@type\":\"ListItem\",\"position\":2,\"name\":\"Tekniker\"}]},{\"@type\":\"WebSite\",\"@id\":\"https:\/\/centriair.com\/sv\/#website\",\"url\":\"https:\/\/centriair.com\/sv\/\",\"name\":\"Centriair\",\"description\":\"Cleaner air. Fewer resources.\",\"publisher\":{\"@id\":\"https:\/\/centriair.com\/sv\/#organization\"},\"potentialAction\":[{\"@type\":\"SearchAction\",\"target\":{\"@type\":\"EntryPoint\",\"urlTemplate\":\"https:\/\/centriair.com\/sv\/?s={search_term_string}\"},\"query-input\":{\"@type\":\"PropertyValueSpecification\",\"valueRequired\":true,\"valueName\":\"search_term_string\"}}],\"inLanguage\":\"sv-SE\"},{\"@type\":\"Organization\",\"@id\":\"https:\/\/centriair.com\/sv\/#organization\",\"name\":\"Centriair\",\"url\":\"https:\/\/centriair.com\/sv\/\",\"logo\":{\"@type\":\"ImageObject\",\"inLanguage\":\"sv-SE\",\"@id\":\"https:\/\/centriair.com\/sv\/#\/schema\/logo\/image\/\",\"url\":\"https:\/\/centriair.com\/wp-content\/uploads\/2022\/11\/Centriair_logo-blue.svg\",\"contentUrl\":\"https:\/\/centriair.com\/wp-content\/uploads\/2022\/11\/Centriair_logo-blue.svg\",\"width\":250,\"height\":65,\"caption\":\"Centriair\"},\"image\":{\"@id\":\"https:\/\/centriair.com\/sv\/#\/schema\/logo\/image\/\"}}]}<\/script>\n<!-- \/ Yoast SEO plugin. -->","yoast_head_json":{"title":"Tekniker - We are Centriair","description":"Tekniker som Centriair levererar f\u00f6r att rena lukter f\u00f6r industriella kunder inom biogas, avfall, avlopp och livsmedel.","robots":{"index":"index","follow":"follow","max-snippet":"max-snippet:-1","max-image-preview":"max-image-preview:large","max-video-preview":"max-video-preview:-1"},"canonical":"https:\/\/centriair.com\/sv\/tekniker-industriell-luktrening\/","og_locale":"sv_SE","og_type":"article","og_title":"Tekniker - We are Centriair","og_description":"Tekniker som Centriair levererar f\u00f6r att rena lukter f\u00f6r industriella kunder inom biogas, avfall, avlopp och livsmedel.","og_url":"https:\/\/centriair.com\/sv\/tekniker-industriell-luktrening\/","og_site_name":"We are Centriair","article_modified_time":"2026-02-16T15:24:56+00:00","twitter_card":"summary_large_image","twitter_misc":{"Ber\u00e4knad l\u00e4stid":"1 minut"},"schema":{"@context":"https:\/\/schema.org","@graph":[{"@type":"WebPage","@id":"https:\/\/centriair.com\/sv\/tekniker-industriell-luktrening\/","url":"https:\/\/centriair.com\/sv\/tekniker-industriell-luktrening\/","name":"Tekniker - We are Centriair","isPartOf":{"@id":"https:\/\/centriair.com\/sv\/#website"},"datePublished":"2023-03-23T13:03:31+00:00","dateModified":"2026-02-16T15:24:56+00:00","description":"Tekniker som Centriair levererar f\u00f6r att rena lukter f\u00f6r industriella kunder inom biogas, avfall, avlopp och livsmedel.","breadcrumb":{"@id":"https:\/\/centriair.com\/sv\/tekniker-industriell-luktrening\/#breadcrumb"},"inLanguage":"sv-SE","potentialAction":[{"@type":"ReadAction","target":["https:\/\/centriair.com\/sv\/tekniker-industriell-luktrening\/"]}]},{"@type":"BreadcrumbList","@id":"https:\/\/centriair.com\/sv\/tekniker-industriell-luktrening\/#breadcrumb","itemListElement":[{"@type":"ListItem","position":1,"name":"Home","item":"https:\/\/centriair.com\/sv\/"},{"@type":"ListItem","position":2,"name":"Tekniker"}]},{"@type":"WebSite","@id":"https:\/\/centriair.com\/sv\/#website","url":"https:\/\/centriair.com\/sv\/","name":"Centriair","description":"Cleaner air. Fewer resources.","publisher":{"@id":"https:\/\/centriair.com\/sv\/#organization"},"potentialAction":[{"@type":"SearchAction","target":{"@type":"EntryPoint","urlTemplate":"https:\/\/centriair.com\/sv\/?s={search_term_string}"},"query-input":{"@type":"PropertyValueSpecification","valueRequired":true,"valueName":"search_term_string"}}],"inLanguage":"sv-SE"},{"@type":"Organization","@id":"https:\/\/centriair.com\/sv\/#organization","name":"Centriair","url":"https:\/\/centriair.com\/sv\/","logo":{"@type":"ImageObject","inLanguage":"sv-SE","@id":"https:\/\/centriair.com\/sv\/#\/schema\/logo\/image\/","url":"https:\/\/centriair.com\/wp-content\/uploads\/2022\/11\/Centriair_logo-blue.svg","contentUrl":"https:\/\/centriair.com\/wp-content\/uploads\/2022\/11\/Centriair_logo-blue.svg","width":250,"height":65,"caption":"Centriair"},"image":{"@id":"https:\/\/centriair.com\/sv\/#\/schema\/logo\/image\/"}}]}},"_links":{"self":[{"href":"https:\/\/centriair.com\/sv\/wp-json\/wp\/v2\/pages\/3767","targetHints":{"allow":["GET"]}}],"collection":[{"href":"https:\/\/centriair.com\/sv\/wp-json\/wp\/v2\/pages"}],"about":[{"href":"https:\/\/centriair.com\/sv\/wp-json\/wp\/v2\/types\/page"}],"author":[{"embeddable":true,"href":"https:\/\/centriair.com\/sv\/wp-json\/wp\/v2\/users\/1"}],"replies":[{"embeddable":true,"href":"https:\/\/centriair.com\/sv\/wp-json\/wp\/v2\/comments?post=3767"}],"version-history":[{"count":36,"href":"https:\/\/centriair.com\/sv\/wp-json\/wp\/v2\/pages\/3767\/revisions"}],"predecessor-version":[{"id":9538,"href":"https:\/\/centriair.com\/sv\/wp-json\/wp\/v2\/pages\/3767\/revisions\/9538"}],"wp:attachment":[{"href":"https:\/\/centriair.com\/sv\/wp-json\/wp\/v2\/media?parent=3767"}],"curies":[{"name":"wp","href":"https:\/\/api.w.org\/{rel}","templated":true}]}}