{"id":3764,"date":"2023-05-03T15:14:48","date_gmt":"2023-05-03T13:14:48","guid":{"rendered":"https:\/\/centriair.hemhosting.se\/products\/uv-reactors\/"},"modified":"2025-08-21T13:54:30","modified_gmt":"2025-08-21T11:54:30","slug":"uv-reaktorer","status":"publish","type":"page","link":"https:\/\/centriair.com\/sv\/industriell-luktrening-produkter\/uv-reaktorer\/","title":{"rendered":"UV-reaktorer"},"content":{"rendered":"\t\t<div data-elementor-type=\"wp-page\" data-elementor-id=\"3764\" class=\"elementor elementor-3764 elementor-1725\" data-elementor-post-type=\"page\">\n\t\t\t\t<div class=\"elementor-element elementor-element-d1ea794 e-flex e-con-boxed e-con e-parent\" data-id=\"d1ea794\" data-element_type=\"container\">\n\t\t\t\t\t<div class=\"e-con-inner\">\n\t\t\t\t\t<\/div>\n\t\t\t\t<\/div>\n\t\t<div class=\"elementor-element elementor-element-48efac0 e-flex e-con-boxed e-con e-parent\" data-id=\"48efac0\" data-element_type=\"container\">\n\t\t\t\t\t<div class=\"e-con-inner\">\n\t\t<div class=\"elementor-element elementor-element-c9e3b0d e-con-full e-flex e-con e-child\" data-id=\"c9e3b0d\" data-element_type=\"container\">\n\t\t\t\t<div class=\"elementor-element elementor-element-457abd8 elementor-widget elementor-widget-text-editor\" data-id=\"457abd8\" data-element_type=\"widget\" data-widget_type=\"text-editor.default\">\n\t\t\t\t<div class=\"elementor-widget-container\">\n\t\t\t\t\t\t\t\t\t<p>UV-behandling har anv\u00e4nts f\u00f6r att hantera luktproblem i cirka 20 \u00e5r. P\u00e5 Centriair har vi vidareutvecklat tekniken f\u00f6r att klara av h\u00f6ga f\u00f6roreningsniv\u00e5er i kr\u00e4vande industriella milj\u00f6er.<\/p><p>UV-tekniken fungerar genom att bryta ned bindningarna i organiska molekyler, vilket f\u00f6r\u00e4ndrar deras kemiska sammans\u00e4ttning och minskar deras luktpotential. Den s\u00e4nker \u00e4ven den totala VOC-niv\u00e5n i processgasen. UV-teknik \u00e4r d\u00e4rf\u00f6r mycket effektiv p\u00e5 gaser och sm\u00e5 partiklar, f\u00f6rutsatt att den \u00e4r r\u00e4tt dimensionerad och utformad.<\/p><p>UV-reaktorn har minimalt tryckfall och nedbrytning, och det finns inga filter som beh\u00f6ver bytas ut. Systemet kan \u00e4ven designas f\u00f6r att hantera mycket stora fl\u00f6den.<\/p><p>V\u00e5r h\u00f6gintensitets UV-reaktor har avsev\u00e4rt b\u00e4ttre prestanda \u00e4n traditionella system.<\/p><p>Vi har tre olika storlekar av UV-reaktorer:<\/p><ul><li><strong>Bert<\/strong> \u2013 UV-reaktor f\u00f6r l\u00e5g till medelstora luftfl\u00f6den i industriella milj\u00f6er.<\/li><li><strong>Alfred<\/strong> \u2013 UV-reaktor f\u00f6r mellanh\u00f6ga luftfl\u00f6den i industriella milj\u00f6er.<\/li><li><strong>Frej<\/strong> \u2013 UV-reaktor f\u00f6r h\u00f6ga luftfl\u00f6den i industriella milj\u00f6er.<\/li><\/ul>\t\t\t\t\t\t\t\t<\/div>\n\t\t\t\t<\/div>\n\t\t\t\t<\/div>\n\t\t<div class=\"elementor-element elementor-element-0132871 e-con-full e-flex e-con e-child\" data-id=\"0132871\" data-element_type=\"container\">\n\t\t\t\t<div class=\"elementor-element elementor-element-6e6d085 elementor-widget elementor-widget-image\" data-id=\"6e6d085\" data-element_type=\"widget\" data-widget_type=\"image.default\">\n\t\t\t\t<div class=\"elementor-widget-container\">\n\t\t\t\t\t\t\t\t\t\t\t\t\t\t\t<img fetchpriority=\"high\" decoding=\"async\" width=\"768\" height=\"512\" src=\"https:\/\/centriair.com\/wp-content\/uploads\/2023\/05\/Cemtriair-UV-768x512.jpg\" class=\"attachment-medium_large size-medium_large wp-image-3181\" alt=\"\" srcset=\"https:\/\/centriair.com\/wp-content\/uploads\/2023\/05\/Cemtriair-UV-768x512.jpg 768w, https:\/\/centriair.com\/wp-content\/uploads\/2023\/05\/Cemtriair-UV-300x200.jpg 300w, https:\/\/centriair.com\/wp-content\/uploads\/2023\/05\/Cemtriair-UV-1024x683.jpg 1024w, https:\/\/centriair.com\/wp-content\/uploads\/2023\/05\/Cemtriair-UV-1536x1024.jpg 1536w, https:\/\/centriair.com\/wp-content\/uploads\/2023\/05\/Cemtriair-UV.jpg 1632w\" sizes=\"(max-width: 768px) 100vw, 768px\" \/>\t\t\t\t\t\t\t\t\t\t\t\t\t\t\t<\/div>\n\t\t\t\t<\/div>\n\t\t\t\t<\/div>\n\t\t\t\t\t<\/div>\n\t\t\t\t<\/div>\n\t\t\t\t<\/div>\n\t\t","protected":false},"excerpt":{"rendered":"<p>UV-behandling har anv\u00e4nts f\u00f6r att hantera luktproblem i cirka 20 \u00e5r. P\u00e5 Centriair har vi vidareutvecklat tekniken f\u00f6r att klara av h\u00f6ga f\u00f6roreningsniv\u00e5er i kr\u00e4vande industriella milj\u00f6er. UV-tekniken fungerar genom att bryta ned bindningarna i organiska molekyler, vilket f\u00f6r\u00e4ndrar deras kemiska sammans\u00e4ttning och minskar deras luktpotential. Den s\u00e4nker \u00e4ven den totala VOC-niv\u00e5n i processgasen. UV-teknik [&hellip;]<\/p>\n","protected":false},"author":1,"featured_media":0,"parent":3745,"menu_order":0,"comment_status":"closed","ping_status":"closed","template":"","meta":{"_acf_changed":false,"footnotes":""},"class_list":["post-3764","page","type-page","status-publish","hentry"],"acf":[],"yoast_head":"<!-- This site is optimized with the Yoast SEO plugin v26.8 - https:\/\/yoast.com\/product\/yoast-seo-wordpress\/ -->\n<title>UV-reaktorer - We are Centriair<\/title>\n<meta name=\"description\" content=\"UV-reaktorerna \u00e4r en viktig komponent i v\u00e5ra system f\u00f6r industriell luktrening. UV bryter ner lukt\u00e4mnen genom att kombinera ozon och UVC-ljus.\" \/>\n<meta name=\"robots\" content=\"index, follow, max-snippet:-1, max-image-preview:large, max-video-preview:-1\" \/>\n<link rel=\"canonical\" href=\"https:\/\/centriair.com\/sv\/industriell-luktrening-produkter\/uv-reaktorer\/\" \/>\n<meta property=\"og:locale\" content=\"sv_SE\" \/>\n<meta property=\"og:type\" content=\"article\" \/>\n<meta property=\"og:title\" content=\"UV-reaktorer - We are Centriair\" \/>\n<meta property=\"og:description\" content=\"UV-reaktorerna \u00e4r en viktig komponent i v\u00e5ra system f\u00f6r industriell luktrening. UV bryter ner lukt\u00e4mnen genom att kombinera ozon och UVC-ljus.\" \/>\n<meta property=\"og:url\" content=\"https:\/\/centriair.com\/sv\/industriell-luktrening-produkter\/uv-reaktorer\/\" \/>\n<meta property=\"og:site_name\" content=\"We are Centriair\" \/>\n<meta property=\"article:modified_time\" content=\"2025-08-21T11:54:30+00:00\" \/>\n<meta property=\"og:image\" content=\"https:\/\/centriair.com\/wp-content\/uploads\/2023\/05\/Cemtriair-UV-768x512.jpg\" \/>\n<meta name=\"twitter:card\" content=\"summary_large_image\" \/>\n<meta name=\"twitter:label1\" content=\"Ber\u00e4knad l\u00e4stid\" \/>\n\t<meta name=\"twitter:data1\" content=\"1 minut\" \/>\n<script type=\"application\/ld+json\" class=\"yoast-schema-graph\">{\"@context\":\"https:\/\/schema.org\",\"@graph\":[{\"@type\":\"WebPage\",\"@id\":\"https:\/\/centriair.com\/sv\/industriell-luktrening-produkter\/uv-reaktorer\/\",\"url\":\"https:\/\/centriair.com\/sv\/industriell-luktrening-produkter\/uv-reaktorer\/\",\"name\":\"UV-reaktorer - We are Centriair\",\"isPartOf\":{\"@id\":\"https:\/\/centriair.com\/sv\/#website\"},\"primaryImageOfPage\":{\"@id\":\"https:\/\/centriair.com\/sv\/industriell-luktrening-produkter\/uv-reaktorer\/#primaryimage\"},\"image\":{\"@id\":\"https:\/\/centriair.com\/sv\/industriell-luktrening-produkter\/uv-reaktorer\/#primaryimage\"},\"thumbnailUrl\":\"https:\/\/centriair.com\/wp-content\/uploads\/2023\/05\/Cemtriair-UV-768x512.jpg\",\"datePublished\":\"2023-05-03T13:14:48+00:00\",\"dateModified\":\"2025-08-21T11:54:30+00:00\",\"description\":\"UV-reaktorerna \u00e4r en viktig komponent i v\u00e5ra system f\u00f6r industriell luktrening. UV bryter ner lukt\u00e4mnen genom att kombinera ozon och UVC-ljus.\",\"breadcrumb\":{\"@id\":\"https:\/\/centriair.com\/sv\/industriell-luktrening-produkter\/uv-reaktorer\/#breadcrumb\"},\"inLanguage\":\"sv-SE\",\"potentialAction\":[{\"@type\":\"ReadAction\",\"target\":[\"https:\/\/centriair.com\/sv\/industriell-luktrening-produkter\/uv-reaktorer\/\"]}]},{\"@type\":\"ImageObject\",\"inLanguage\":\"sv-SE\",\"@id\":\"https:\/\/centriair.com\/sv\/industriell-luktrening-produkter\/uv-reaktorer\/#primaryimage\",\"url\":\"https:\/\/centriair.com\/wp-content\/uploads\/2023\/05\/Cemtriair-UV-768x512.jpg\",\"contentUrl\":\"https:\/\/centriair.com\/wp-content\/uploads\/2023\/05\/Cemtriair-UV-768x512.jpg\"},{\"@type\":\"BreadcrumbList\",\"@id\":\"https:\/\/centriair.com\/sv\/industriell-luktrening-produkter\/uv-reaktorer\/#breadcrumb\",\"itemListElement\":[{\"@type\":\"ListItem\",\"position\":1,\"name\":\"Home\",\"item\":\"https:\/\/centriair.com\/sv\/\"},{\"@type\":\"ListItem\",\"position\":2,\"name\":\"Produkter\",\"item\":\"https:\/\/centriair.com\/sv\/industriell-luktrening-produkter\/\"},{\"@type\":\"ListItem\",\"position\":3,\"name\":\"UV-reaktorer\"}]},{\"@type\":\"WebSite\",\"@id\":\"https:\/\/centriair.com\/sv\/#website\",\"url\":\"https:\/\/centriair.com\/sv\/\",\"name\":\"Centriair\",\"description\":\"Cleaner air. Fewer resources.\",\"publisher\":{\"@id\":\"https:\/\/centriair.com\/sv\/#organization\"},\"potentialAction\":[{\"@type\":\"SearchAction\",\"target\":{\"@type\":\"EntryPoint\",\"urlTemplate\":\"https:\/\/centriair.com\/sv\/?s={search_term_string}\"},\"query-input\":{\"@type\":\"PropertyValueSpecification\",\"valueRequired\":true,\"valueName\":\"search_term_string\"}}],\"inLanguage\":\"sv-SE\"},{\"@type\":\"Organization\",\"@id\":\"https:\/\/centriair.com\/sv\/#organization\",\"name\":\"Centriair\",\"url\":\"https:\/\/centriair.com\/sv\/\",\"logo\":{\"@type\":\"ImageObject\",\"inLanguage\":\"sv-SE\",\"@id\":\"https:\/\/centriair.com\/sv\/#\/schema\/logo\/image\/\",\"url\":\"https:\/\/centriair.com\/wp-content\/uploads\/2022\/11\/Centriair_logo-blue.svg\",\"contentUrl\":\"https:\/\/centriair.com\/wp-content\/uploads\/2022\/11\/Centriair_logo-blue.svg\",\"width\":250,\"height\":65,\"caption\":\"Centriair\"},\"image\":{\"@id\":\"https:\/\/centriair.com\/sv\/#\/schema\/logo\/image\/\"}}]}<\/script>\n<!-- \/ Yoast SEO plugin. -->","yoast_head_json":{"title":"UV-reaktorer - We are Centriair","description":"UV-reaktorerna \u00e4r en viktig komponent i v\u00e5ra system f\u00f6r industriell luktrening. UV bryter ner lukt\u00e4mnen genom att kombinera ozon och UVC-ljus.","robots":{"index":"index","follow":"follow","max-snippet":"max-snippet:-1","max-image-preview":"max-image-preview:large","max-video-preview":"max-video-preview:-1"},"canonical":"https:\/\/centriair.com\/sv\/industriell-luktrening-produkter\/uv-reaktorer\/","og_locale":"sv_SE","og_type":"article","og_title":"UV-reaktorer - We are Centriair","og_description":"UV-reaktorerna \u00e4r en viktig komponent i v\u00e5ra system f\u00f6r industriell luktrening. UV bryter ner lukt\u00e4mnen genom att kombinera ozon och UVC-ljus.","og_url":"https:\/\/centriair.com\/sv\/industriell-luktrening-produkter\/uv-reaktorer\/","og_site_name":"We are Centriair","article_modified_time":"2025-08-21T11:54:30+00:00","og_image":[{"url":"https:\/\/centriair.com\/wp-content\/uploads\/2023\/05\/Cemtriair-UV-768x512.jpg","type":"","width":"","height":""}],"twitter_card":"summary_large_image","twitter_misc":{"Ber\u00e4knad l\u00e4stid":"1 minut"},"schema":{"@context":"https:\/\/schema.org","@graph":[{"@type":"WebPage","@id":"https:\/\/centriair.com\/sv\/industriell-luktrening-produkter\/uv-reaktorer\/","url":"https:\/\/centriair.com\/sv\/industriell-luktrening-produkter\/uv-reaktorer\/","name":"UV-reaktorer - We are Centriair","isPartOf":{"@id":"https:\/\/centriair.com\/sv\/#website"},"primaryImageOfPage":{"@id":"https:\/\/centriair.com\/sv\/industriell-luktrening-produkter\/uv-reaktorer\/#primaryimage"},"image":{"@id":"https:\/\/centriair.com\/sv\/industriell-luktrening-produkter\/uv-reaktorer\/#primaryimage"},"thumbnailUrl":"https:\/\/centriair.com\/wp-content\/uploads\/2023\/05\/Cemtriair-UV-768x512.jpg","datePublished":"2023-05-03T13:14:48+00:00","dateModified":"2025-08-21T11:54:30+00:00","description":"UV-reaktorerna \u00e4r en viktig komponent i v\u00e5ra system f\u00f6r industriell luktrening. UV bryter ner lukt\u00e4mnen genom att kombinera ozon och UVC-ljus.","breadcrumb":{"@id":"https:\/\/centriair.com\/sv\/industriell-luktrening-produkter\/uv-reaktorer\/#breadcrumb"},"inLanguage":"sv-SE","potentialAction":[{"@type":"ReadAction","target":["https:\/\/centriair.com\/sv\/industriell-luktrening-produkter\/uv-reaktorer\/"]}]},{"@type":"ImageObject","inLanguage":"sv-SE","@id":"https:\/\/centriair.com\/sv\/industriell-luktrening-produkter\/uv-reaktorer\/#primaryimage","url":"https:\/\/centriair.com\/wp-content\/uploads\/2023\/05\/Cemtriair-UV-768x512.jpg","contentUrl":"https:\/\/centriair.com\/wp-content\/uploads\/2023\/05\/Cemtriair-UV-768x512.jpg"},{"@type":"BreadcrumbList","@id":"https:\/\/centriair.com\/sv\/industriell-luktrening-produkter\/uv-reaktorer\/#breadcrumb","itemListElement":[{"@type":"ListItem","position":1,"name":"Home","item":"https:\/\/centriair.com\/sv\/"},{"@type":"ListItem","position":2,"name":"Produkter","item":"https:\/\/centriair.com\/sv\/industriell-luktrening-produkter\/"},{"@type":"ListItem","position":3,"name":"UV-reaktorer"}]},{"@type":"WebSite","@id":"https:\/\/centriair.com\/sv\/#website","url":"https:\/\/centriair.com\/sv\/","name":"Centriair","description":"Cleaner air. Fewer resources.","publisher":{"@id":"https:\/\/centriair.com\/sv\/#organization"},"potentialAction":[{"@type":"SearchAction","target":{"@type":"EntryPoint","urlTemplate":"https:\/\/centriair.com\/sv\/?s={search_term_string}"},"query-input":{"@type":"PropertyValueSpecification","valueRequired":true,"valueName":"search_term_string"}}],"inLanguage":"sv-SE"},{"@type":"Organization","@id":"https:\/\/centriair.com\/sv\/#organization","name":"Centriair","url":"https:\/\/centriair.com\/sv\/","logo":{"@type":"ImageObject","inLanguage":"sv-SE","@id":"https:\/\/centriair.com\/sv\/#\/schema\/logo\/image\/","url":"https:\/\/centriair.com\/wp-content\/uploads\/2022\/11\/Centriair_logo-blue.svg","contentUrl":"https:\/\/centriair.com\/wp-content\/uploads\/2022\/11\/Centriair_logo-blue.svg","width":250,"height":65,"caption":"Centriair"},"image":{"@id":"https:\/\/centriair.com\/sv\/#\/schema\/logo\/image\/"}}]}},"_links":{"self":[{"href":"https:\/\/centriair.com\/sv\/wp-json\/wp\/v2\/pages\/3764","targetHints":{"allow":["GET"]}}],"collection":[{"href":"https:\/\/centriair.com\/sv\/wp-json\/wp\/v2\/pages"}],"about":[{"href":"https:\/\/centriair.com\/sv\/wp-json\/wp\/v2\/types\/page"}],"author":[{"embeddable":true,"href":"https:\/\/centriair.com\/sv\/wp-json\/wp\/v2\/users\/1"}],"replies":[{"embeddable":true,"href":"https:\/\/centriair.com\/sv\/wp-json\/wp\/v2\/comments?post=3764"}],"version-history":[{"count":20,"href":"https:\/\/centriair.com\/sv\/wp-json\/wp\/v2\/pages\/3764\/revisions"}],"predecessor-version":[{"id":9332,"href":"https:\/\/centriair.com\/sv\/wp-json\/wp\/v2\/pages\/3764\/revisions\/9332"}],"up":[{"embeddable":true,"href":"https:\/\/centriair.com\/sv\/wp-json\/wp\/v2\/pages\/3745"}],"wp:attachment":[{"href":"https:\/\/centriair.com\/sv\/wp-json\/wp\/v2\/media?parent=3764"}],"curies":[{"name":"wp","href":"https:\/\/api.w.org\/{rel}","templated":true}]}}