{"id":3762,"date":"2023-05-03T15:16:28","date_gmt":"2023-05-03T13:16:28","guid":{"rendered":"https:\/\/centriair.hemhosting.se\/products\/sulphared-filters\/"},"modified":"2025-08-21T13:51:27","modified_gmt":"2025-08-21T11:51:27","slug":"sulphared-filters","status":"publish","type":"page","link":"https:\/\/centriair.com\/sv\/industriell-luktrening-produkter\/sulphared-filters\/","title":{"rendered":"SulphaRed\u2122 filter"},"content":{"rendered":"\t\t<div data-elementor-type=\"wp-page\" data-elementor-id=\"3762\" class=\"elementor elementor-3762 elementor-1730\" data-elementor-post-type=\"page\">\n\t\t\t\t<div class=\"elementor-element elementor-element-ff06203 e-flex e-con-boxed e-con e-parent\" data-id=\"ff06203\" data-element_type=\"container\">\n\t\t\t\t\t<div class=\"e-con-inner\">\n\t\t\t\t\t<\/div>\n\t\t\t\t<\/div>\n\t\t<div class=\"elementor-element elementor-element-fa22413 e-flex e-con-boxed e-con e-parent\" data-id=\"fa22413\" data-element_type=\"container\">\n\t\t\t\t\t<div class=\"e-con-inner\">\n\t\t<div class=\"elementor-element elementor-element-1ec22a4 e-con-full e-flex e-con e-child\" data-id=\"1ec22a4\" data-element_type=\"container\">\n\t\t\t\t<div class=\"elementor-element elementor-element-e263fc0 elementor-widget elementor-widget-text-editor\" data-id=\"e263fc0\" data-element_type=\"widget\" data-widget_type=\"text-editor.default\">\n\t\t\t\t<div class=\"elementor-widget-container\">\n\t\t\t\t\t\t\t\t\t<p class=\"\" data-start=\"0\" data-end=\"71\"><strong data-start=\"0\" data-end=\"69\">Effektiv hantering av svavelf\u00f6reningar f\u00f6r kr\u00e4vande applikationer<\/strong><\/p><p>SulphaRed\u2122 \u00e4r ett kemiskt adsorptionsmedel baserat p\u00e5 ett inert kerambaserat medium. Det binder effektivt svavelv\u00e4te (H\u2082S) och andra svavelf\u00f6reningar och omvandlar dem till svavelsalter. Genom delvis regenerering med syre bildas dessutom element\u00e4rt svavel, vilket f\u00f6rl\u00e4nger livsl\u00e4ngden p\u00e5 b\u00e4dden.<\/p><p><strong>F\u00f6rdelar:<\/strong><\/p><ul><li>Effektiv rening \u2013 Tar bort H\u2082S och andra svavelf\u00f6reningar innan vidare behandling<\/li><li>Milj\u00f6v\u00e4nligt alternativ<\/li><li>Minimal klimatp\u00e5verkan \u2013 L\u00e5g milj\u00f6p\u00e5verkan fr\u00e5n restprodukter<\/li><li>H\u00f6g reningsgrad \u2013 Upp till 100 % reduktion av H\u2082S<\/li><li>H\u00f6gre adsorptionskapacitet \u00e4n kol<\/li><li>Regenerativt media, h\u00e5ller l\u00e4nge<\/li><li>L\u00e5gt pris j\u00e4mf\u00f6rt med kol<\/li><\/ul>\t\t\t\t\t\t\t\t<\/div>\n\t\t\t\t<\/div>\n\t\t\t\t<div class=\"elementor-element elementor-element-8ed5aef elementor-align-left elementor-widget elementor-widget-button\" data-id=\"8ed5aef\" data-element_type=\"widget\" data-widget_type=\"button.default\">\n\t\t\t\t<div class=\"elementor-widget-container\">\n\t\t\t\t\t\t\t\t\t<div class=\"elementor-button-wrapper\">\n\t\t\t\t\t<a class=\"elementor-button elementor-button-link elementor-size-sm\" href=\"https:\/\/centriair.com\/wp-content\/uploads\/2023\/05\/220329_PF_SulphaRed_EN.pdf\" id=\"button-new\">\n\t\t\t\t\t\t<span class=\"elementor-button-content-wrapper\">\n\t\t\t\t\t\t<span class=\"elementor-button-icon\">\n\t\t\t\t<i aria-hidden=\"true\" class=\"fas fa-file-download\"><\/i>\t\t\t<\/span>\n\t\t\t\t\t\t\t\t\t<span class=\"elementor-button-text\">SulphaRed (PDF)<\/span>\n\t\t\t\t\t<\/span>\n\t\t\t\t\t<\/a>\n\t\t\t\t<\/div>\n\t\t\t\t\t\t\t\t<\/div>\n\t\t\t\t<\/div>\n\t\t\t\t<\/div>\n\t\t<div class=\"elementor-element elementor-element-8d6bdce e-con-full e-flex e-con e-child\" data-id=\"8d6bdce\" data-element_type=\"container\">\n\t\t\t\t<div class=\"elementor-element elementor-element-def52f6 elementor-widget elementor-widget-image\" data-id=\"def52f6\" data-element_type=\"widget\" data-widget_type=\"image.default\">\n\t\t\t\t<div class=\"elementor-widget-container\">\n\t\t\t\t\t\t\t\t\t\t\t\t\t\t\t<img fetchpriority=\"high\" decoding=\"async\" width=\"768\" height=\"511\" src=\"https:\/\/centriair.com\/wp-content\/uploads\/2025\/02\/ColdOx2000-SulphaRed2000-scaled-1-768x511.png\" class=\"attachment-medium_large size-medium_large wp-image-7197\" alt=\"Sulphared\" srcset=\"https:\/\/centriair.com\/wp-content\/uploads\/2025\/02\/ColdOx2000-SulphaRed2000-scaled-1-768x511.png 768w, https:\/\/centriair.com\/wp-content\/uploads\/2025\/02\/ColdOx2000-SulphaRed2000-scaled-1-300x200.png 300w, https:\/\/centriair.com\/wp-content\/uploads\/2025\/02\/ColdOx2000-SulphaRed2000-scaled-1-1024x682.png 1024w, https:\/\/centriair.com\/wp-content\/uploads\/2025\/02\/ColdOx2000-SulphaRed2000-scaled-1-1536x1022.png 1536w, https:\/\/centriair.com\/wp-content\/uploads\/2025\/02\/ColdOx2000-SulphaRed2000-scaled-1-2048x1363.png 2048w\" sizes=\"(max-width: 768px) 100vw, 768px\" \/>\t\t\t\t\t\t\t\t\t\t\t\t\t\t\t<\/div>\n\t\t\t\t<\/div>\n\t\t\t\t<\/div>\n\t\t\t\t\t<\/div>\n\t\t\t\t<\/div>\n\t\t\t\t<\/div>\n\t\t","protected":false},"excerpt":{"rendered":"<p>Effektiv hantering av svavelf\u00f6reningar f\u00f6r kr\u00e4vande applikationer SulphaRed\u2122 \u00e4r ett kemiskt adsorptionsmedel baserat p\u00e5 ett inert kerambaserat medium. Det binder effektivt svavelv\u00e4te (H\u2082S) och andra svavelf\u00f6reningar och omvandlar dem till svavelsalter. Genom delvis regenerering med syre bildas dessutom element\u00e4rt svavel, vilket f\u00f6rl\u00e4nger livsl\u00e4ngden p\u00e5 b\u00e4dden. F\u00f6rdelar: Effektiv rening \u2013 Tar bort H\u2082S och andra svavelf\u00f6reningar [&hellip;]<\/p>\n","protected":false},"author":1,"featured_media":0,"parent":3745,"menu_order":0,"comment_status":"closed","ping_status":"closed","template":"","meta":{"_acf_changed":false,"footnotes":""},"class_list":["post-3762","page","type-page","status-publish","hentry"],"acf":[],"yoast_head":"<!-- This site is optimized with the Yoast SEO plugin v26.8 - https:\/\/yoast.com\/product\/yoast-seo-wordpress\/ -->\n<title>SulphaRed\u2122 filter - We are Centriair<\/title>\n<meta name=\"description\" content=\"SulphaRed \u00e4r en effektiv l\u00f6sning f\u00f6r rening av H2S som klarar h\u00f6ga koncentrationer. Vi har installationer inom reningsverk, biogas m.m.\" \/>\n<meta name=\"robots\" content=\"index, follow, max-snippet:-1, max-image-preview:large, max-video-preview:-1\" \/>\n<link rel=\"canonical\" href=\"https:\/\/centriair.com\/sv\/industriell-luktrening-produkter\/sulphared-filters\/\" \/>\n<meta property=\"og:locale\" content=\"sv_SE\" \/>\n<meta property=\"og:type\" content=\"article\" \/>\n<meta property=\"og:title\" content=\"SulphaRed\u2122 filter - We are Centriair\" \/>\n<meta property=\"og:description\" content=\"SulphaRed \u00e4r en effektiv l\u00f6sning f\u00f6r rening av H2S som klarar h\u00f6ga koncentrationer. Vi har installationer inom reningsverk, biogas m.m.\" \/>\n<meta property=\"og:url\" content=\"https:\/\/centriair.com\/sv\/industriell-luktrening-produkter\/sulphared-filters\/\" \/>\n<meta property=\"og:site_name\" content=\"We are Centriair\" \/>\n<meta property=\"article:modified_time\" content=\"2025-08-21T11:51:27+00:00\" \/>\n<meta property=\"og:image\" content=\"https:\/\/centriair.com\/wp-content\/uploads\/2025\/02\/ColdOx2000-SulphaRed2000-scaled-1-768x511.png\" \/>\n<meta name=\"twitter:card\" content=\"summary_large_image\" \/>\n<meta name=\"twitter:label1\" content=\"Ber\u00e4knad l\u00e4stid\" \/>\n\t<meta name=\"twitter:data1\" content=\"1 minut\" \/>\n<script type=\"application\/ld+json\" class=\"yoast-schema-graph\">{\"@context\":\"https:\/\/schema.org\",\"@graph\":[{\"@type\":\"WebPage\",\"@id\":\"https:\/\/centriair.com\/sv\/industriell-luktrening-produkter\/sulphared-filters\/\",\"url\":\"https:\/\/centriair.com\/sv\/industriell-luktrening-produkter\/sulphared-filters\/\",\"name\":\"SulphaRed\u2122 filter - We are Centriair\",\"isPartOf\":{\"@id\":\"https:\/\/centriair.com\/sv\/#website\"},\"primaryImageOfPage\":{\"@id\":\"https:\/\/centriair.com\/sv\/industriell-luktrening-produkter\/sulphared-filters\/#primaryimage\"},\"image\":{\"@id\":\"https:\/\/centriair.com\/sv\/industriell-luktrening-produkter\/sulphared-filters\/#primaryimage\"},\"thumbnailUrl\":\"https:\/\/centriair.com\/wp-content\/uploads\/2025\/02\/ColdOx2000-SulphaRed2000-scaled-1-768x511.png\",\"datePublished\":\"2023-05-03T13:16:28+00:00\",\"dateModified\":\"2025-08-21T11:51:27+00:00\",\"description\":\"SulphaRed \u00e4r en effektiv l\u00f6sning f\u00f6r rening av H2S som klarar h\u00f6ga koncentrationer. Vi har installationer inom reningsverk, biogas m.m.\",\"breadcrumb\":{\"@id\":\"https:\/\/centriair.com\/sv\/industriell-luktrening-produkter\/sulphared-filters\/#breadcrumb\"},\"inLanguage\":\"sv-SE\",\"potentialAction\":[{\"@type\":\"ReadAction\",\"target\":[\"https:\/\/centriair.com\/sv\/industriell-luktrening-produkter\/sulphared-filters\/\"]}]},{\"@type\":\"ImageObject\",\"inLanguage\":\"sv-SE\",\"@id\":\"https:\/\/centriair.com\/sv\/industriell-luktrening-produkter\/sulphared-filters\/#primaryimage\",\"url\":\"https:\/\/centriair.com\/wp-content\/uploads\/2025\/02\/ColdOx2000-SulphaRed2000-scaled-1-768x511.png\",\"contentUrl\":\"https:\/\/centriair.com\/wp-content\/uploads\/2025\/02\/ColdOx2000-SulphaRed2000-scaled-1-768x511.png\"},{\"@type\":\"BreadcrumbList\",\"@id\":\"https:\/\/centriair.com\/sv\/industriell-luktrening-produkter\/sulphared-filters\/#breadcrumb\",\"itemListElement\":[{\"@type\":\"ListItem\",\"position\":1,\"name\":\"Home\",\"item\":\"https:\/\/centriair.com\/sv\/\"},{\"@type\":\"ListItem\",\"position\":2,\"name\":\"Produkter\",\"item\":\"https:\/\/centriair.com\/sv\/industriell-luktrening-produkter\/\"},{\"@type\":\"ListItem\",\"position\":3,\"name\":\"SulphaRed\u2122 filter\"}]},{\"@type\":\"WebSite\",\"@id\":\"https:\/\/centriair.com\/sv\/#website\",\"url\":\"https:\/\/centriair.com\/sv\/\",\"name\":\"Centriair\",\"description\":\"Cleaner air. Fewer resources.\",\"publisher\":{\"@id\":\"https:\/\/centriair.com\/sv\/#organization\"},\"potentialAction\":[{\"@type\":\"SearchAction\",\"target\":{\"@type\":\"EntryPoint\",\"urlTemplate\":\"https:\/\/centriair.com\/sv\/?s={search_term_string}\"},\"query-input\":{\"@type\":\"PropertyValueSpecification\",\"valueRequired\":true,\"valueName\":\"search_term_string\"}}],\"inLanguage\":\"sv-SE\"},{\"@type\":\"Organization\",\"@id\":\"https:\/\/centriair.com\/sv\/#organization\",\"name\":\"Centriair\",\"url\":\"https:\/\/centriair.com\/sv\/\",\"logo\":{\"@type\":\"ImageObject\",\"inLanguage\":\"sv-SE\",\"@id\":\"https:\/\/centriair.com\/sv\/#\/schema\/logo\/image\/\",\"url\":\"https:\/\/centriair.com\/wp-content\/uploads\/2022\/11\/Centriair_logo-blue.svg\",\"contentUrl\":\"https:\/\/centriair.com\/wp-content\/uploads\/2022\/11\/Centriair_logo-blue.svg\",\"width\":250,\"height\":65,\"caption\":\"Centriair\"},\"image\":{\"@id\":\"https:\/\/centriair.com\/sv\/#\/schema\/logo\/image\/\"}}]}<\/script>\n<!-- \/ Yoast SEO plugin. -->","yoast_head_json":{"title":"SulphaRed\u2122 filter - We are Centriair","description":"SulphaRed \u00e4r en effektiv l\u00f6sning f\u00f6r rening av H2S som klarar h\u00f6ga koncentrationer. Vi har installationer inom reningsverk, biogas m.m.","robots":{"index":"index","follow":"follow","max-snippet":"max-snippet:-1","max-image-preview":"max-image-preview:large","max-video-preview":"max-video-preview:-1"},"canonical":"https:\/\/centriair.com\/sv\/industriell-luktrening-produkter\/sulphared-filters\/","og_locale":"sv_SE","og_type":"article","og_title":"SulphaRed\u2122 filter - We are Centriair","og_description":"SulphaRed \u00e4r en effektiv l\u00f6sning f\u00f6r rening av H2S som klarar h\u00f6ga koncentrationer. Vi har installationer inom reningsverk, biogas m.m.","og_url":"https:\/\/centriair.com\/sv\/industriell-luktrening-produkter\/sulphared-filters\/","og_site_name":"We are Centriair","article_modified_time":"2025-08-21T11:51:27+00:00","og_image":[{"url":"https:\/\/centriair.com\/wp-content\/uploads\/2025\/02\/ColdOx2000-SulphaRed2000-scaled-1-768x511.png","type":"","width":"","height":""}],"twitter_card":"summary_large_image","twitter_misc":{"Ber\u00e4knad l\u00e4stid":"1 minut"},"schema":{"@context":"https:\/\/schema.org","@graph":[{"@type":"WebPage","@id":"https:\/\/centriair.com\/sv\/industriell-luktrening-produkter\/sulphared-filters\/","url":"https:\/\/centriair.com\/sv\/industriell-luktrening-produkter\/sulphared-filters\/","name":"SulphaRed\u2122 filter - We are Centriair","isPartOf":{"@id":"https:\/\/centriair.com\/sv\/#website"},"primaryImageOfPage":{"@id":"https:\/\/centriair.com\/sv\/industriell-luktrening-produkter\/sulphared-filters\/#primaryimage"},"image":{"@id":"https:\/\/centriair.com\/sv\/industriell-luktrening-produkter\/sulphared-filters\/#primaryimage"},"thumbnailUrl":"https:\/\/centriair.com\/wp-content\/uploads\/2025\/02\/ColdOx2000-SulphaRed2000-scaled-1-768x511.png","datePublished":"2023-05-03T13:16:28+00:00","dateModified":"2025-08-21T11:51:27+00:00","description":"SulphaRed \u00e4r en effektiv l\u00f6sning f\u00f6r rening av H2S som klarar h\u00f6ga koncentrationer. Vi har installationer inom reningsverk, biogas m.m.","breadcrumb":{"@id":"https:\/\/centriair.com\/sv\/industriell-luktrening-produkter\/sulphared-filters\/#breadcrumb"},"inLanguage":"sv-SE","potentialAction":[{"@type":"ReadAction","target":["https:\/\/centriair.com\/sv\/industriell-luktrening-produkter\/sulphared-filters\/"]}]},{"@type":"ImageObject","inLanguage":"sv-SE","@id":"https:\/\/centriair.com\/sv\/industriell-luktrening-produkter\/sulphared-filters\/#primaryimage","url":"https:\/\/centriair.com\/wp-content\/uploads\/2025\/02\/ColdOx2000-SulphaRed2000-scaled-1-768x511.png","contentUrl":"https:\/\/centriair.com\/wp-content\/uploads\/2025\/02\/ColdOx2000-SulphaRed2000-scaled-1-768x511.png"},{"@type":"BreadcrumbList","@id":"https:\/\/centriair.com\/sv\/industriell-luktrening-produkter\/sulphared-filters\/#breadcrumb","itemListElement":[{"@type":"ListItem","position":1,"name":"Home","item":"https:\/\/centriair.com\/sv\/"},{"@type":"ListItem","position":2,"name":"Produkter","item":"https:\/\/centriair.com\/sv\/industriell-luktrening-produkter\/"},{"@type":"ListItem","position":3,"name":"SulphaRed\u2122 filter"}]},{"@type":"WebSite","@id":"https:\/\/centriair.com\/sv\/#website","url":"https:\/\/centriair.com\/sv\/","name":"Centriair","description":"Cleaner air. Fewer resources.","publisher":{"@id":"https:\/\/centriair.com\/sv\/#organization"},"potentialAction":[{"@type":"SearchAction","target":{"@type":"EntryPoint","urlTemplate":"https:\/\/centriair.com\/sv\/?s={search_term_string}"},"query-input":{"@type":"PropertyValueSpecification","valueRequired":true,"valueName":"search_term_string"}}],"inLanguage":"sv-SE"},{"@type":"Organization","@id":"https:\/\/centriair.com\/sv\/#organization","name":"Centriair","url":"https:\/\/centriair.com\/sv\/","logo":{"@type":"ImageObject","inLanguage":"sv-SE","@id":"https:\/\/centriair.com\/sv\/#\/schema\/logo\/image\/","url":"https:\/\/centriair.com\/wp-content\/uploads\/2022\/11\/Centriair_logo-blue.svg","contentUrl":"https:\/\/centriair.com\/wp-content\/uploads\/2022\/11\/Centriair_logo-blue.svg","width":250,"height":65,"caption":"Centriair"},"image":{"@id":"https:\/\/centriair.com\/sv\/#\/schema\/logo\/image\/"}}]}},"_links":{"self":[{"href":"https:\/\/centriair.com\/sv\/wp-json\/wp\/v2\/pages\/3762","targetHints":{"allow":["GET"]}}],"collection":[{"href":"https:\/\/centriair.com\/sv\/wp-json\/wp\/v2\/pages"}],"about":[{"href":"https:\/\/centriair.com\/sv\/wp-json\/wp\/v2\/types\/page"}],"author":[{"embeddable":true,"href":"https:\/\/centriair.com\/sv\/wp-json\/wp\/v2\/users\/1"}],"replies":[{"embeddable":true,"href":"https:\/\/centriair.com\/sv\/wp-json\/wp\/v2\/comments?post=3762"}],"version-history":[{"count":14,"href":"https:\/\/centriair.com\/sv\/wp-json\/wp\/v2\/pages\/3762\/revisions"}],"predecessor-version":[{"id":9330,"href":"https:\/\/centriair.com\/sv\/wp-json\/wp\/v2\/pages\/3762\/revisions\/9330"}],"up":[{"embeddable":true,"href":"https:\/\/centriair.com\/sv\/wp-json\/wp\/v2\/pages\/3745"}],"wp:attachment":[{"href":"https:\/\/centriair.com\/sv\/wp-json\/wp\/v2\/media?parent=3762"}],"curies":[{"name":"wp","href":"https:\/\/api.w.org\/{rel}","templated":true}]}}