{"id":3760,"date":"2023-05-03T15:16:54","date_gmt":"2023-05-03T13:16:54","guid":{"rendered":"https:\/\/centriair.hemhosting.se\/products\/scrubbers\/"},"modified":"2026-02-16T16:23:09","modified_gmt":"2026-02-16T15:23:09","slug":"scrubbers","status":"publish","type":"page","link":"https:\/\/centriair.com\/sv\/industriell-luktrening-produkter\/scrubbers\/","title":{"rendered":"Scrubbers"},"content":{"rendered":"\t\t<div data-elementor-type=\"wp-page\" data-elementor-id=\"3760\" class=\"elementor elementor-3760 elementor-1732\" data-elementor-post-type=\"page\">\n\t\t\t\t<div class=\"elementor-element elementor-element-12da0d6 e-flex e-con-boxed e-con e-parent\" data-id=\"12da0d6\" data-element_type=\"container\">\n\t\t\t\t\t<div class=\"e-con-inner\">\n\t\t\t\t\t<\/div>\n\t\t\t\t<\/div>\n\t\t<div class=\"elementor-element elementor-element-87051ac e-flex e-con-boxed e-con e-parent\" data-id=\"87051ac\" data-element_type=\"container\">\n\t\t\t\t\t<div class=\"e-con-inner\">\n\t\t<div class=\"elementor-element elementor-element-20721f5 e-con-full e-flex e-con e-child\" data-id=\"20721f5\" data-element_type=\"container\">\n\t\t\t\t<div class=\"elementor-element elementor-element-0db66f5 elementor-widget elementor-widget-text-editor\" data-id=\"0db66f5\" data-element_type=\"widget\" data-widget_type=\"text-editor.default\">\n\t\t\t\t<div class=\"elementor-widget-container\">\n\t\t\t\t\t\t\t\t\t<p><span style=\"color: var( --e-global-color-text ); font-family: var( --e-global-typography-text-font-family ), Sans-serif; font-weight: var( --e-global-typography-text-font-weight ); font-size: 1rem;\">Scrubbing, i.e. removal of gases by absorption into a water phase, is a well known technology. We operate mainly acid scrubbers for ammonia removal ahead of a ColdOx system for high and stable performance. Application areas are typically composting, sewage plants or biogas plants.<\/span><\/p>\t\t\t\t\t\t\t\t<\/div>\n\t\t\t\t<\/div>\n\t\t\t\t<\/div>\n\t\t<div class=\"elementor-element elementor-element-7a46ee9 e-con-full e-flex e-con e-child\" data-id=\"7a46ee9\" data-element_type=\"container\">\n\t\t\t\t<\/div>\n\t\t\t\t\t<\/div>\n\t\t\t\t<\/div>\n\t\t<div class=\"elementor-element elementor-element-39336ba e-flex e-con-boxed e-con e-parent\" data-id=\"39336ba\" data-element_type=\"container\" data-settings=\"{&quot;background_background&quot;:&quot;classic&quot;}\">\n\t\t\t\t\t<div class=\"e-con-inner\">\n\t\t<div class=\"elementor-element elementor-element-730fce0 e-con-full e-flex e-con e-child\" data-id=\"730fce0\" data-element_type=\"container\">\n\t\t\t\t<div class=\"elementor-element elementor-element-d1c958f elementor-widget elementor-widget-heading\" data-id=\"d1c958f\" data-element_type=\"widget\" data-widget_type=\"heading.default\">\n\t\t\t\t<div class=\"elementor-widget-container\">\n\t\t\t\t\t<h2 class=\"elementor-heading-title elementor-size-default\">High Intensity Scrubber<\/h2>\t\t\t\t<\/div>\n\t\t\t\t<\/div>\n\t\t\t\t<div class=\"elementor-element elementor-element-748aa27 elementor-widget elementor-widget-text-editor\" data-id=\"748aa27\" data-element_type=\"widget\" data-widget_type=\"text-editor.default\">\n\t\t\t\t<div class=\"elementor-widget-container\">\n\t\t\t\t\t\t\t\t\t<p>High Intensity Scrubber is a product that efficiently separates particles down to a medium-low particle size with limited footprint and low pressure drop. As it applies water for the separation, with special high pressure water nozzles, there is also a cooling effect that is very useful for instance for roasting applications.<\/p><p>The High Intensity scrubber can handle a high airflow and comes with a process water tank that separates particles and filters the water.<\/p>\t\t\t\t\t\t\t\t<\/div>\n\t\t\t\t<\/div>\n\t\t\t\t<\/div>\n\t\t<div class=\"elementor-element elementor-element-a1bf454 e-con-full e-flex e-con e-child\" data-id=\"a1bf454\" data-element_type=\"container\">\n\t\t\t\t<div class=\"elementor-element elementor-element-2ba58df elementor-widget elementor-widget-image\" data-id=\"2ba58df\" data-element_type=\"widget\" data-widget_type=\"image.default\">\n\t\t\t\t<div class=\"elementor-widget-container\">\n\t\t\t\t\t\t\t\t\t\t\t\t\t\t\t<img fetchpriority=\"high\" decoding=\"async\" width=\"768\" height=\"512\" src=\"https:\/\/centriair.com\/wp-content\/uploads\/2025\/03\/odour-control-scrubber-768x512.png\" class=\"attachment-medium_large size-medium_large wp-image-7697\" alt=\"Scrubber for industrial odour control\" srcset=\"https:\/\/centriair.com\/wp-content\/uploads\/2025\/03\/odour-control-scrubber-768x512.png 768w, https:\/\/centriair.com\/wp-content\/uploads\/2025\/03\/odour-control-scrubber-300x200.png 300w, https:\/\/centriair.com\/wp-content\/uploads\/2025\/03\/odour-control-scrubber-1024x683.png 1024w, https:\/\/centriair.com\/wp-content\/uploads\/2025\/03\/odour-control-scrubber-1536x1024.png 1536w, https:\/\/centriair.com\/wp-content\/uploads\/2025\/03\/odour-control-scrubber-2048x1366.png 2048w\" sizes=\"(max-width: 768px) 100vw, 768px\" \/>\t\t\t\t\t\t\t\t\t\t\t\t\t\t\t<\/div>\n\t\t\t\t<\/div>\n\t\t\t\t<\/div>\n\t\t\t\t\t<\/div>\n\t\t\t\t<\/div>\n\t\t\t\t<\/div>\n\t\t","protected":false},"excerpt":{"rendered":"<p>Scrubbing, i.e. removal of gases by absorption into a water phase, is a well known technology. We operate mainly acid scrubbers for ammonia removal ahead of a ColdOx system for high and stable performance. Application areas are typically composting, sewage plants or biogas plants. High Intensity Scrubber High Intensity Scrubber is a product that efficiently [&hellip;]<\/p>\n","protected":false},"author":1,"featured_media":0,"parent":3745,"menu_order":0,"comment_status":"closed","ping_status":"closed","template":"","meta":{"_acf_changed":false,"footnotes":""},"class_list":["post-3760","page","type-page","status-publish","hentry"],"acf":[],"yoast_head":"<!-- This site is optimized with the Yoast SEO plugin v26.8 - https:\/\/yoast.com\/product\/yoast-seo-wordpress\/ -->\n<title>Scrubbers - We are Centriair<\/title>\n<meta name=\"description\" content=\"Vi anv\u00e4nder skrubbers fr\u00e4mst som f\u00f6rbehandling f\u00f6r luftstr\u00f6mmar som inneh\u00e5ller ammoniak, exempelvis f\u00f6r kunder inom biogas\" \/>\n<meta name=\"robots\" content=\"index, follow, max-snippet:-1, max-image-preview:large, max-video-preview:-1\" \/>\n<link rel=\"canonical\" href=\"https:\/\/centriair.com\/sv\/industriell-luktrening-produkter\/scrubbers\/\" \/>\n<meta property=\"og:locale\" content=\"sv_SE\" \/>\n<meta property=\"og:type\" content=\"article\" \/>\n<meta property=\"og:title\" content=\"Scrubbers - We are Centriair\" \/>\n<meta property=\"og:description\" content=\"Vi anv\u00e4nder skrubbers fr\u00e4mst som f\u00f6rbehandling f\u00f6r luftstr\u00f6mmar som inneh\u00e5ller ammoniak, exempelvis f\u00f6r kunder inom biogas\" \/>\n<meta property=\"og:url\" content=\"https:\/\/centriair.com\/sv\/industriell-luktrening-produkter\/scrubbers\/\" \/>\n<meta property=\"og:site_name\" content=\"We are Centriair\" \/>\n<meta property=\"article:modified_time\" content=\"2026-02-16T15:23:09+00:00\" \/>\n<meta property=\"og:image\" content=\"https:\/\/centriair.hemhosting.se\/wp-content\/uploads\/2025\/03\/odour-control-scrubber-768x512.png\" \/>\n<meta name=\"twitter:card\" content=\"summary_large_image\" \/>\n<meta name=\"twitter:label1\" content=\"Ber\u00e4knad l\u00e4stid\" \/>\n\t<meta name=\"twitter:data1\" content=\"1 minut\" \/>\n<script type=\"application\/ld+json\" class=\"yoast-schema-graph\">{\"@context\":\"https:\/\/schema.org\",\"@graph\":[{\"@type\":\"WebPage\",\"@id\":\"https:\/\/centriair.com\/sv\/industriell-luktrening-produkter\/scrubbers\/\",\"url\":\"https:\/\/centriair.com\/sv\/industriell-luktrening-produkter\/scrubbers\/\",\"name\":\"Scrubbers - We are Centriair\",\"isPartOf\":{\"@id\":\"https:\/\/centriair.com\/sv\/#website\"},\"primaryImageOfPage\":{\"@id\":\"https:\/\/centriair.com\/sv\/industriell-luktrening-produkter\/scrubbers\/#primaryimage\"},\"image\":{\"@id\":\"https:\/\/centriair.com\/sv\/industriell-luktrening-produkter\/scrubbers\/#primaryimage\"},\"thumbnailUrl\":\"https:\/\/centriair.hemhosting.se\/wp-content\/uploads\/2025\/03\/odour-control-scrubber-768x512.png\",\"datePublished\":\"2023-05-03T13:16:54+00:00\",\"dateModified\":\"2026-02-16T15:23:09+00:00\",\"description\":\"Vi anv\u00e4nder skrubbers fr\u00e4mst som f\u00f6rbehandling f\u00f6r luftstr\u00f6mmar som inneh\u00e5ller ammoniak, exempelvis f\u00f6r kunder inom biogas\",\"breadcrumb\":{\"@id\":\"https:\/\/centriair.com\/sv\/industriell-luktrening-produkter\/scrubbers\/#breadcrumb\"},\"inLanguage\":\"sv-SE\",\"potentialAction\":[{\"@type\":\"ReadAction\",\"target\":[\"https:\/\/centriair.com\/sv\/industriell-luktrening-produkter\/scrubbers\/\"]}]},{\"@type\":\"ImageObject\",\"inLanguage\":\"sv-SE\",\"@id\":\"https:\/\/centriair.com\/sv\/industriell-luktrening-produkter\/scrubbers\/#primaryimage\",\"url\":\"https:\/\/centriair.hemhosting.se\/wp-content\/uploads\/2025\/03\/odour-control-scrubber-768x512.png\",\"contentUrl\":\"https:\/\/centriair.hemhosting.se\/wp-content\/uploads\/2025\/03\/odour-control-scrubber-768x512.png\"},{\"@type\":\"BreadcrumbList\",\"@id\":\"https:\/\/centriair.com\/sv\/industriell-luktrening-produkter\/scrubbers\/#breadcrumb\",\"itemListElement\":[{\"@type\":\"ListItem\",\"position\":1,\"name\":\"Home\",\"item\":\"https:\/\/centriair.com\/sv\/\"},{\"@type\":\"ListItem\",\"position\":2,\"name\":\"Produkter\",\"item\":\"https:\/\/centriair.com\/sv\/industriell-luktrening-produkter\/\"},{\"@type\":\"ListItem\",\"position\":3,\"name\":\"Scrubbers\"}]},{\"@type\":\"WebSite\",\"@id\":\"https:\/\/centriair.com\/sv\/#website\",\"url\":\"https:\/\/centriair.com\/sv\/\",\"name\":\"Centriair\",\"description\":\"Cleaner air. Fewer resources.\",\"publisher\":{\"@id\":\"https:\/\/centriair.com\/sv\/#organization\"},\"potentialAction\":[{\"@type\":\"SearchAction\",\"target\":{\"@type\":\"EntryPoint\",\"urlTemplate\":\"https:\/\/centriair.com\/sv\/?s={search_term_string}\"},\"query-input\":{\"@type\":\"PropertyValueSpecification\",\"valueRequired\":true,\"valueName\":\"search_term_string\"}}],\"inLanguage\":\"sv-SE\"},{\"@type\":\"Organization\",\"@id\":\"https:\/\/centriair.com\/sv\/#organization\",\"name\":\"Centriair\",\"url\":\"https:\/\/centriair.com\/sv\/\",\"logo\":{\"@type\":\"ImageObject\",\"inLanguage\":\"sv-SE\",\"@id\":\"https:\/\/centriair.com\/sv\/#\/schema\/logo\/image\/\",\"url\":\"https:\/\/centriair.com\/wp-content\/uploads\/2022\/11\/Centriair_logo-blue.svg\",\"contentUrl\":\"https:\/\/centriair.com\/wp-content\/uploads\/2022\/11\/Centriair_logo-blue.svg\",\"width\":250,\"height\":65,\"caption\":\"Centriair\"},\"image\":{\"@id\":\"https:\/\/centriair.com\/sv\/#\/schema\/logo\/image\/\"}}]}<\/script>\n<!-- \/ Yoast SEO plugin. -->","yoast_head_json":{"title":"Scrubbers - We are Centriair","description":"Vi anv\u00e4nder skrubbers fr\u00e4mst som f\u00f6rbehandling f\u00f6r luftstr\u00f6mmar som inneh\u00e5ller ammoniak, exempelvis f\u00f6r kunder inom biogas","robots":{"index":"index","follow":"follow","max-snippet":"max-snippet:-1","max-image-preview":"max-image-preview:large","max-video-preview":"max-video-preview:-1"},"canonical":"https:\/\/centriair.com\/sv\/industriell-luktrening-produkter\/scrubbers\/","og_locale":"sv_SE","og_type":"article","og_title":"Scrubbers - We are Centriair","og_description":"Vi anv\u00e4nder skrubbers fr\u00e4mst som f\u00f6rbehandling f\u00f6r luftstr\u00f6mmar som inneh\u00e5ller ammoniak, exempelvis f\u00f6r kunder inom biogas","og_url":"https:\/\/centriair.com\/sv\/industriell-luktrening-produkter\/scrubbers\/","og_site_name":"We are Centriair","article_modified_time":"2026-02-16T15:23:09+00:00","og_image":[{"url":"https:\/\/centriair.hemhosting.se\/wp-content\/uploads\/2025\/03\/odour-control-scrubber-768x512.png","type":"","width":"","height":""}],"twitter_card":"summary_large_image","twitter_misc":{"Ber\u00e4knad l\u00e4stid":"1 minut"},"schema":{"@context":"https:\/\/schema.org","@graph":[{"@type":"WebPage","@id":"https:\/\/centriair.com\/sv\/industriell-luktrening-produkter\/scrubbers\/","url":"https:\/\/centriair.com\/sv\/industriell-luktrening-produkter\/scrubbers\/","name":"Scrubbers - We are Centriair","isPartOf":{"@id":"https:\/\/centriair.com\/sv\/#website"},"primaryImageOfPage":{"@id":"https:\/\/centriair.com\/sv\/industriell-luktrening-produkter\/scrubbers\/#primaryimage"},"image":{"@id":"https:\/\/centriair.com\/sv\/industriell-luktrening-produkter\/scrubbers\/#primaryimage"},"thumbnailUrl":"https:\/\/centriair.hemhosting.se\/wp-content\/uploads\/2025\/03\/odour-control-scrubber-768x512.png","datePublished":"2023-05-03T13:16:54+00:00","dateModified":"2026-02-16T15:23:09+00:00","description":"Vi anv\u00e4nder skrubbers fr\u00e4mst som f\u00f6rbehandling f\u00f6r luftstr\u00f6mmar som inneh\u00e5ller ammoniak, exempelvis f\u00f6r kunder inom biogas","breadcrumb":{"@id":"https:\/\/centriair.com\/sv\/industriell-luktrening-produkter\/scrubbers\/#breadcrumb"},"inLanguage":"sv-SE","potentialAction":[{"@type":"ReadAction","target":["https:\/\/centriair.com\/sv\/industriell-luktrening-produkter\/scrubbers\/"]}]},{"@type":"ImageObject","inLanguage":"sv-SE","@id":"https:\/\/centriair.com\/sv\/industriell-luktrening-produkter\/scrubbers\/#primaryimage","url":"https:\/\/centriair.hemhosting.se\/wp-content\/uploads\/2025\/03\/odour-control-scrubber-768x512.png","contentUrl":"https:\/\/centriair.hemhosting.se\/wp-content\/uploads\/2025\/03\/odour-control-scrubber-768x512.png"},{"@type":"BreadcrumbList","@id":"https:\/\/centriair.com\/sv\/industriell-luktrening-produkter\/scrubbers\/#breadcrumb","itemListElement":[{"@type":"ListItem","position":1,"name":"Home","item":"https:\/\/centriair.com\/sv\/"},{"@type":"ListItem","position":2,"name":"Produkter","item":"https:\/\/centriair.com\/sv\/industriell-luktrening-produkter\/"},{"@type":"ListItem","position":3,"name":"Scrubbers"}]},{"@type":"WebSite","@id":"https:\/\/centriair.com\/sv\/#website","url":"https:\/\/centriair.com\/sv\/","name":"Centriair","description":"Cleaner air. Fewer resources.","publisher":{"@id":"https:\/\/centriair.com\/sv\/#organization"},"potentialAction":[{"@type":"SearchAction","target":{"@type":"EntryPoint","urlTemplate":"https:\/\/centriair.com\/sv\/?s={search_term_string}"},"query-input":{"@type":"PropertyValueSpecification","valueRequired":true,"valueName":"search_term_string"}}],"inLanguage":"sv-SE"},{"@type":"Organization","@id":"https:\/\/centriair.com\/sv\/#organization","name":"Centriair","url":"https:\/\/centriair.com\/sv\/","logo":{"@type":"ImageObject","inLanguage":"sv-SE","@id":"https:\/\/centriair.com\/sv\/#\/schema\/logo\/image\/","url":"https:\/\/centriair.com\/wp-content\/uploads\/2022\/11\/Centriair_logo-blue.svg","contentUrl":"https:\/\/centriair.com\/wp-content\/uploads\/2022\/11\/Centriair_logo-blue.svg","width":250,"height":65,"caption":"Centriair"},"image":{"@id":"https:\/\/centriair.com\/sv\/#\/schema\/logo\/image\/"}}]}},"_links":{"self":[{"href":"https:\/\/centriair.com\/sv\/wp-json\/wp\/v2\/pages\/3760","targetHints":{"allow":["GET"]}}],"collection":[{"href":"https:\/\/centriair.com\/sv\/wp-json\/wp\/v2\/pages"}],"about":[{"href":"https:\/\/centriair.com\/sv\/wp-json\/wp\/v2\/types\/page"}],"author":[{"embeddable":true,"href":"https:\/\/centriair.com\/sv\/wp-json\/wp\/v2\/users\/1"}],"replies":[{"embeddable":true,"href":"https:\/\/centriair.com\/sv\/wp-json\/wp\/v2\/comments?post=3760"}],"version-history":[{"count":34,"href":"https:\/\/centriair.com\/sv\/wp-json\/wp\/v2\/pages\/3760\/revisions"}],"predecessor-version":[{"id":9521,"href":"https:\/\/centriair.com\/sv\/wp-json\/wp\/v2\/pages\/3760\/revisions\/9521"}],"up":[{"embeddable":true,"href":"https:\/\/centriair.com\/sv\/wp-json\/wp\/v2\/pages\/3745"}],"wp:attachment":[{"href":"https:\/\/centriair.com\/sv\/wp-json\/wp\/v2\/media?parent=3760"}],"curies":[{"name":"wp","href":"https:\/\/api.w.org\/{rel}","templated":true}]}}