{"id":3756,"date":"2023-03-13T16:32:51","date_gmt":"2023-03-13T15:32:51","guid":{"rendered":"https:\/\/centriair.hemhosting.se\/products\/product-1\/"},"modified":"2025-08-22T10:32:11","modified_gmt":"2025-08-22T08:32:11","slug":"kompaktserien","status":"publish","type":"page","link":"https:\/\/centriair.com\/sv\/industriell-luktrening-produkter\/kompaktserien\/","title":{"rendered":"Kompaktserien"},"content":{"rendered":"\t\t<div data-elementor-type=\"wp-page\" data-elementor-id=\"3756\" class=\"elementor elementor-3756 elementor-1189\" data-elementor-post-type=\"page\">\n\t\t\t\t<div class=\"elementor-element elementor-element-490d325 e-flex e-con-boxed e-con e-parent\" data-id=\"490d325\" data-element_type=\"container\">\n\t\t\t\t\t<div class=\"e-con-inner\">\n\t\t\t\t\t<\/div>\n\t\t\t\t<\/div>\n\t\t<div class=\"elementor-element elementor-element-4312011 e-flex e-con-boxed e-con e-parent\" data-id=\"4312011\" data-element_type=\"container\">\n\t\t\t\t\t<div class=\"e-con-inner\">\n\t\t<div class=\"elementor-element elementor-element-c4c2c2f e-con-full e-flex e-con e-child\" data-id=\"c4c2c2f\" data-element_type=\"container\">\n\t\t\t\t<div class=\"elementor-element elementor-element-ee1a82d elementor-widget elementor-widget-heading\" data-id=\"ee1a82d\" data-element_type=\"widget\" data-widget_type=\"heading.default\">\n\t\t\t\t<div class=\"elementor-widget-container\">\n\t\t\t\t\t<h2 class=\"elementor-heading-title elementor-size-default\">Centriairs ColdOx R-serie<\/h2>\t\t\t\t<\/div>\n\t\t\t\t<\/div>\n\t\t\t\t<div class=\"elementor-element elementor-element-71a9ceb elementor-widget elementor-widget-text-editor\" data-id=\"71a9ceb\" data-element_type=\"widget\" data-widget_type=\"text-editor.default\">\n\t\t\t\t<div class=\"elementor-widget-container\">\n\t\t\t\t\t\t\t\t\t<p>ColdOx\u00ae \u00e4r en v\u00e4l bepr\u00f6vad teknik som kombinerar en UV-reaktor med efterf\u00f6ljande aktivt kol f\u00f6r att minska VOC- och luktutsl\u00e4pp. Till\u00e4mpningar d\u00e4r ColdOx\u00ae anses vara den b\u00e4sta tillg\u00e4ngliga tekniken \u00e4r bland annat lukt fr\u00e5n avlopp, avfall, livsmedelsindustri, biogas och slakterier. ColdOx\u00ae har dokumenterat h\u00f6g reningsgrad, upp till &gt;99%, m\u00e4tt i luktenheter per m3. ColdOx\u00ae R-serien \u00e4r en standardiserad produktserie som bygger p\u00e5 v\u00e4l bepr\u00f6vad och etablerad teknik. Med sin kompakta design \u00e4r den l\u00e4tt att placera i till exempel pumpstationer, avfallsrum och andra begr\u00e4nsade utrymmen. Enheten tar bort lukt genom:<\/p><ol><li>UV-ljus<\/li><li>Oxidation med UV-radikaler\/ozon<\/li><li>efterpolering av aktivt kol:\u00a0<\/li><\/ol><p><strong>Uppskattade funktioner i R-serien:<\/strong><\/p><ul><li>Designad med fokus p\u00e5 s\u00e4kerhet b\u00e5de f\u00f6r operat\u00f6rer och milj\u00f6.<\/li><li>Bygger p\u00e5 bepr\u00f6vad teknik och \u00e4r utvecklad f\u00f6r att ge l\u00e5ngvarig och p\u00e5litlig drift<\/li><li>Utrustad med avancerad \u00f6vervakningsteknik som g\u00f6r det m\u00f6jligt att f\u00f6lja systemets prestanda<\/li><li>Mycket h\u00f6g reningsgrad p\u00e5 upp till &gt;99%, vilket g\u00f6r den mycket effektiv f\u00f6r att minska VOC-utsl\u00e4pp och lukt<\/li><\/ul><p><strong>Modeller I Centriairs ColdOx R-serie:<\/strong><\/p><ul><li>COX R150<\/li><li>COX R300<\/li><li>COX R550<\/li><li>COXR850<\/li><li>COXR1100<\/li><li>COXR1500<\/li><li>COXR1800<\/li><li>COX R2200<\/li><li>COX R2500<\/li><\/ul>\t\t\t\t\t\t\t\t<\/div>\n\t\t\t\t<\/div>\n\t\t\t\t<div class=\"elementor-element elementor-element-24a68b7 elementor-align-left elementor-widget elementor-widget-button\" data-id=\"24a68b7\" data-element_type=\"widget\" data-widget_type=\"button.default\">\n\t\t\t\t<div class=\"elementor-widget-container\">\n\t\t\t\t\t\t\t\t\t<div class=\"elementor-button-wrapper\">\n\t\t\t\t\t<a class=\"elementor-button elementor-button-link elementor-size-sm\" href=\"https:\/\/centriair.com\/wp-content\/uploads\/2025\/04\/Centriair-COX-R-series_EN_20250407_web.pdf\" id=\"button-new\">\n\t\t\t\t\t\t<span class=\"elementor-button-content-wrapper\">\n\t\t\t\t\t\t<span class=\"elementor-button-icon\">\n\t\t\t\t<i aria-hidden=\"true\" class=\"fas fa-file-download\"><\/i>\t\t\t<\/span>\n\t\t\t\t\t\t\t\t\t<span class=\"elementor-button-text\">ColdOx R-series (PDF)<\/span>\n\t\t\t\t\t<\/span>\n\t\t\t\t\t<\/a>\n\t\t\t\t<\/div>\n\t\t\t\t\t\t\t\t<\/div>\n\t\t\t\t<\/div>\n\t\t\t\t<\/div>\n\t\t<div class=\"elementor-element elementor-element-06a6fea e-con-full e-flex e-con e-child\" data-id=\"06a6fea\" data-element_type=\"container\">\n\t\t\t\t<div class=\"elementor-element elementor-element-23a1560 elementor-widget elementor-widget-image\" data-id=\"23a1560\" data-element_type=\"widget\" data-widget_type=\"image.default\">\n\t\t\t\t<div class=\"elementor-widget-container\">\n\t\t\t\t\t\t\t\t\t\t\t\t\t\t\t<img fetchpriority=\"high\" decoding=\"async\" width=\"768\" height=\"512\" src=\"https:\/\/centriair.com\/wp-content\/uploads\/2023\/05\/ColdOx-R300-768x512.png\" class=\"attachment-medium_large size-medium_large wp-image-3318\" alt=\"Compact series\" srcset=\"https:\/\/centriair.com\/wp-content\/uploads\/2023\/05\/ColdOx-R300-768x512.png 768w, https:\/\/centriair.com\/wp-content\/uploads\/2023\/05\/ColdOx-R300-300x200.png 300w, https:\/\/centriair.com\/wp-content\/uploads\/2023\/05\/ColdOx-R300-1024x683.png 1024w, https:\/\/centriair.com\/wp-content\/uploads\/2023\/05\/ColdOx-R300-1536x1025.png 1536w, https:\/\/centriair.com\/wp-content\/uploads\/2023\/05\/ColdOx-R300.png 2000w\" sizes=\"(max-width: 768px) 100vw, 768px\" \/>\t\t\t\t\t\t\t\t\t\t\t\t\t\t\t<\/div>\n\t\t\t\t<\/div>\n\t\t\t\t<div class=\"elementor-element elementor-element-2b73781 elementor-hidden-mobile elementor-widget elementor-widget-image\" data-id=\"2b73781\" data-element_type=\"widget\" data-widget_type=\"image.default\">\n\t\t\t\t<div class=\"elementor-widget-container\">\n\t\t\t\t\t\t\t\t\t\t\t\t\t\t\t<img decoding=\"async\" width=\"768\" height=\"511\" src=\"https:\/\/centriair.com\/wp-content\/uploads\/2025\/02\/ColdOx-R300-scaled-1-768x511.png\" class=\"attachment-medium_large size-medium_large wp-image-7110\" alt=\"Catalytic system\" srcset=\"https:\/\/centriair.com\/wp-content\/uploads\/2025\/02\/ColdOx-R300-scaled-1-768x511.png 768w, https:\/\/centriair.com\/wp-content\/uploads\/2025\/02\/ColdOx-R300-scaled-1-300x200.png 300w, https:\/\/centriair.com\/wp-content\/uploads\/2025\/02\/ColdOx-R300-scaled-1-1024x682.png 1024w, https:\/\/centriair.com\/wp-content\/uploads\/2025\/02\/ColdOx-R300-scaled-1-1536x1022.png 1536w, https:\/\/centriair.com\/wp-content\/uploads\/2025\/02\/ColdOx-R300-scaled-1-2048x1363.png 2048w\" sizes=\"(max-width: 768px) 100vw, 768px\" \/>\t\t\t\t\t\t\t\t\t\t\t\t\t\t\t<\/div>\n\t\t\t\t<\/div>\n\t\t\t\t<\/div>\n\t\t\t\t\t<\/div>\n\t\t\t\t<\/div>\n\t\t\t\t<\/div>\n\t\t","protected":false},"excerpt":{"rendered":"<p>Centriairs ColdOx R-serie ColdOx\u00ae \u00e4r en v\u00e4l bepr\u00f6vad teknik som kombinerar en UV-reaktor med efterf\u00f6ljande aktivt kol f\u00f6r att minska VOC- och luktutsl\u00e4pp. Till\u00e4mpningar d\u00e4r ColdOx\u00ae anses vara den b\u00e4sta tillg\u00e4ngliga tekniken \u00e4r bland annat lukt fr\u00e5n avlopp, avfall, livsmedelsindustri, biogas och slakterier. ColdOx\u00ae har dokumenterat h\u00f6g reningsgrad, upp till &gt;99%, m\u00e4tt i luktenheter per [&hellip;]<\/p>\n","protected":false},"author":1,"featured_media":0,"parent":3745,"menu_order":0,"comment_status":"closed","ping_status":"closed","template":"","meta":{"_acf_changed":false,"footnotes":""},"class_list":["post-3756","page","type-page","status-publish","hentry"],"acf":[],"yoast_head":"<!-- This site is optimized with the Yoast SEO plugin v26.8 - https:\/\/yoast.com\/product\/yoast-seo-wordpress\/ -->\n<title>Kompaktserien - We are Centriair<\/title>\n<meta name=\"description\" content=\"Centriair har en hel serie kompaktenheter f\u00f6r luktrening, fl\u00f6den fr\u00e5n 100 till 2500 m3\/h. Vi har \u00e4ven f\u00f6rbehandling av H2S. Fr\u00e5ga oss g\u00e4rna!\" \/>\n<meta name=\"robots\" content=\"index, follow, max-snippet:-1, max-image-preview:large, max-video-preview:-1\" \/>\n<link rel=\"canonical\" href=\"https:\/\/centriair.com\/sv\/industriell-luktrening-produkter\/kompaktserien\/\" \/>\n<meta property=\"og:locale\" content=\"sv_SE\" \/>\n<meta property=\"og:type\" content=\"article\" \/>\n<meta property=\"og:title\" content=\"Kompaktserien - We are Centriair\" \/>\n<meta property=\"og:description\" content=\"Centriair har en hel serie kompaktenheter f\u00f6r luktrening, fl\u00f6den fr\u00e5n 100 till 2500 m3\/h. Vi har \u00e4ven f\u00f6rbehandling av H2S. Fr\u00e5ga oss g\u00e4rna!\" \/>\n<meta property=\"og:url\" content=\"https:\/\/centriair.com\/sv\/industriell-luktrening-produkter\/kompaktserien\/\" \/>\n<meta property=\"og:site_name\" content=\"We are Centriair\" \/>\n<meta property=\"article:modified_time\" content=\"2025-08-22T08:32:11+00:00\" \/>\n<meta property=\"og:image\" content=\"https:\/\/centriair.com\/wp-content\/uploads\/2023\/05\/ColdOx-R300-768x512.png\" \/>\n<meta name=\"twitter:card\" content=\"summary_large_image\" \/>\n<meta name=\"twitter:label1\" content=\"Ber\u00e4knad l\u00e4stid\" \/>\n\t<meta name=\"twitter:data1\" content=\"2 minuter\" \/>\n<script type=\"application\/ld+json\" class=\"yoast-schema-graph\">{\"@context\":\"https:\/\/schema.org\",\"@graph\":[{\"@type\":\"WebPage\",\"@id\":\"https:\/\/centriair.com\/sv\/industriell-luktrening-produkter\/kompaktserien\/\",\"url\":\"https:\/\/centriair.com\/sv\/industriell-luktrening-produkter\/kompaktserien\/\",\"name\":\"Kompaktserien - We are Centriair\",\"isPartOf\":{\"@id\":\"https:\/\/centriair.com\/sv\/#website\"},\"primaryImageOfPage\":{\"@id\":\"https:\/\/centriair.com\/sv\/industriell-luktrening-produkter\/kompaktserien\/#primaryimage\"},\"image\":{\"@id\":\"https:\/\/centriair.com\/sv\/industriell-luktrening-produkter\/kompaktserien\/#primaryimage\"},\"thumbnailUrl\":\"https:\/\/centriair.com\/wp-content\/uploads\/2023\/05\/ColdOx-R300-768x512.png\",\"datePublished\":\"2023-03-13T15:32:51+00:00\",\"dateModified\":\"2025-08-22T08:32:11+00:00\",\"description\":\"Centriair har en hel serie kompaktenheter f\u00f6r luktrening, fl\u00f6den fr\u00e5n 100 till 2500 m3\/h. Vi har \u00e4ven f\u00f6rbehandling av H2S. Fr\u00e5ga oss g\u00e4rna!\",\"breadcrumb\":{\"@id\":\"https:\/\/centriair.com\/sv\/industriell-luktrening-produkter\/kompaktserien\/#breadcrumb\"},\"inLanguage\":\"sv-SE\",\"potentialAction\":[{\"@type\":\"ReadAction\",\"target\":[\"https:\/\/centriair.com\/sv\/industriell-luktrening-produkter\/kompaktserien\/\"]}]},{\"@type\":\"ImageObject\",\"inLanguage\":\"sv-SE\",\"@id\":\"https:\/\/centriair.com\/sv\/industriell-luktrening-produkter\/kompaktserien\/#primaryimage\",\"url\":\"https:\/\/centriair.com\/wp-content\/uploads\/2023\/05\/ColdOx-R300-768x512.png\",\"contentUrl\":\"https:\/\/centriair.com\/wp-content\/uploads\/2023\/05\/ColdOx-R300-768x512.png\"},{\"@type\":\"BreadcrumbList\",\"@id\":\"https:\/\/centriair.com\/sv\/industriell-luktrening-produkter\/kompaktserien\/#breadcrumb\",\"itemListElement\":[{\"@type\":\"ListItem\",\"position\":1,\"name\":\"Home\",\"item\":\"https:\/\/centriair.com\/sv\/\"},{\"@type\":\"ListItem\",\"position\":2,\"name\":\"Produkter\",\"item\":\"https:\/\/centriair.com\/sv\/industriell-luktrening-produkter\/\"},{\"@type\":\"ListItem\",\"position\":3,\"name\":\"Kompaktserien\"}]},{\"@type\":\"WebSite\",\"@id\":\"https:\/\/centriair.com\/sv\/#website\",\"url\":\"https:\/\/centriair.com\/sv\/\",\"name\":\"Centriair\",\"description\":\"Cleaner air. Fewer resources.\",\"publisher\":{\"@id\":\"https:\/\/centriair.com\/sv\/#organization\"},\"potentialAction\":[{\"@type\":\"SearchAction\",\"target\":{\"@type\":\"EntryPoint\",\"urlTemplate\":\"https:\/\/centriair.com\/sv\/?s={search_term_string}\"},\"query-input\":{\"@type\":\"PropertyValueSpecification\",\"valueRequired\":true,\"valueName\":\"search_term_string\"}}],\"inLanguage\":\"sv-SE\"},{\"@type\":\"Organization\",\"@id\":\"https:\/\/centriair.com\/sv\/#organization\",\"name\":\"Centriair\",\"url\":\"https:\/\/centriair.com\/sv\/\",\"logo\":{\"@type\":\"ImageObject\",\"inLanguage\":\"sv-SE\",\"@id\":\"https:\/\/centriair.com\/sv\/#\/schema\/logo\/image\/\",\"url\":\"https:\/\/centriair.com\/wp-content\/uploads\/2022\/11\/Centriair_logo-blue.svg\",\"contentUrl\":\"https:\/\/centriair.com\/wp-content\/uploads\/2022\/11\/Centriair_logo-blue.svg\",\"width\":250,\"height\":65,\"caption\":\"Centriair\"},\"image\":{\"@id\":\"https:\/\/centriair.com\/sv\/#\/schema\/logo\/image\/\"}}]}<\/script>\n<!-- \/ Yoast SEO plugin. -->","yoast_head_json":{"title":"Kompaktserien - We are Centriair","description":"Centriair har en hel serie kompaktenheter f\u00f6r luktrening, fl\u00f6den fr\u00e5n 100 till 2500 m3\/h. Vi har \u00e4ven f\u00f6rbehandling av H2S. Fr\u00e5ga oss g\u00e4rna!","robots":{"index":"index","follow":"follow","max-snippet":"max-snippet:-1","max-image-preview":"max-image-preview:large","max-video-preview":"max-video-preview:-1"},"canonical":"https:\/\/centriair.com\/sv\/industriell-luktrening-produkter\/kompaktserien\/","og_locale":"sv_SE","og_type":"article","og_title":"Kompaktserien - We are Centriair","og_description":"Centriair har en hel serie kompaktenheter f\u00f6r luktrening, fl\u00f6den fr\u00e5n 100 till 2500 m3\/h. Vi har \u00e4ven f\u00f6rbehandling av H2S. Fr\u00e5ga oss g\u00e4rna!","og_url":"https:\/\/centriair.com\/sv\/industriell-luktrening-produkter\/kompaktserien\/","og_site_name":"We are Centriair","article_modified_time":"2025-08-22T08:32:11+00:00","og_image":[{"url":"https:\/\/centriair.com\/wp-content\/uploads\/2023\/05\/ColdOx-R300-768x512.png","type":"","width":"","height":""}],"twitter_card":"summary_large_image","twitter_misc":{"Ber\u00e4knad l\u00e4stid":"2 minuter"},"schema":{"@context":"https:\/\/schema.org","@graph":[{"@type":"WebPage","@id":"https:\/\/centriair.com\/sv\/industriell-luktrening-produkter\/kompaktserien\/","url":"https:\/\/centriair.com\/sv\/industriell-luktrening-produkter\/kompaktserien\/","name":"Kompaktserien - We are Centriair","isPartOf":{"@id":"https:\/\/centriair.com\/sv\/#website"},"primaryImageOfPage":{"@id":"https:\/\/centriair.com\/sv\/industriell-luktrening-produkter\/kompaktserien\/#primaryimage"},"image":{"@id":"https:\/\/centriair.com\/sv\/industriell-luktrening-produkter\/kompaktserien\/#primaryimage"},"thumbnailUrl":"https:\/\/centriair.com\/wp-content\/uploads\/2023\/05\/ColdOx-R300-768x512.png","datePublished":"2023-03-13T15:32:51+00:00","dateModified":"2025-08-22T08:32:11+00:00","description":"Centriair har en hel serie kompaktenheter f\u00f6r luktrening, fl\u00f6den fr\u00e5n 100 till 2500 m3\/h. Vi har \u00e4ven f\u00f6rbehandling av H2S. Fr\u00e5ga oss g\u00e4rna!","breadcrumb":{"@id":"https:\/\/centriair.com\/sv\/industriell-luktrening-produkter\/kompaktserien\/#breadcrumb"},"inLanguage":"sv-SE","potentialAction":[{"@type":"ReadAction","target":["https:\/\/centriair.com\/sv\/industriell-luktrening-produkter\/kompaktserien\/"]}]},{"@type":"ImageObject","inLanguage":"sv-SE","@id":"https:\/\/centriair.com\/sv\/industriell-luktrening-produkter\/kompaktserien\/#primaryimage","url":"https:\/\/centriair.com\/wp-content\/uploads\/2023\/05\/ColdOx-R300-768x512.png","contentUrl":"https:\/\/centriair.com\/wp-content\/uploads\/2023\/05\/ColdOx-R300-768x512.png"},{"@type":"BreadcrumbList","@id":"https:\/\/centriair.com\/sv\/industriell-luktrening-produkter\/kompaktserien\/#breadcrumb","itemListElement":[{"@type":"ListItem","position":1,"name":"Home","item":"https:\/\/centriair.com\/sv\/"},{"@type":"ListItem","position":2,"name":"Produkter","item":"https:\/\/centriair.com\/sv\/industriell-luktrening-produkter\/"},{"@type":"ListItem","position":3,"name":"Kompaktserien"}]},{"@type":"WebSite","@id":"https:\/\/centriair.com\/sv\/#website","url":"https:\/\/centriair.com\/sv\/","name":"Centriair","description":"Cleaner air. Fewer resources.","publisher":{"@id":"https:\/\/centriair.com\/sv\/#organization"},"potentialAction":[{"@type":"SearchAction","target":{"@type":"EntryPoint","urlTemplate":"https:\/\/centriair.com\/sv\/?s={search_term_string}"},"query-input":{"@type":"PropertyValueSpecification","valueRequired":true,"valueName":"search_term_string"}}],"inLanguage":"sv-SE"},{"@type":"Organization","@id":"https:\/\/centriair.com\/sv\/#organization","name":"Centriair","url":"https:\/\/centriair.com\/sv\/","logo":{"@type":"ImageObject","inLanguage":"sv-SE","@id":"https:\/\/centriair.com\/sv\/#\/schema\/logo\/image\/","url":"https:\/\/centriair.com\/wp-content\/uploads\/2022\/11\/Centriair_logo-blue.svg","contentUrl":"https:\/\/centriair.com\/wp-content\/uploads\/2022\/11\/Centriair_logo-blue.svg","width":250,"height":65,"caption":"Centriair"},"image":{"@id":"https:\/\/centriair.com\/sv\/#\/schema\/logo\/image\/"}}]}},"_links":{"self":[{"href":"https:\/\/centriair.com\/sv\/wp-json\/wp\/v2\/pages\/3756","targetHints":{"allow":["GET"]}}],"collection":[{"href":"https:\/\/centriair.com\/sv\/wp-json\/wp\/v2\/pages"}],"about":[{"href":"https:\/\/centriair.com\/sv\/wp-json\/wp\/v2\/types\/page"}],"author":[{"embeddable":true,"href":"https:\/\/centriair.com\/sv\/wp-json\/wp\/v2\/users\/1"}],"replies":[{"embeddable":true,"href":"https:\/\/centriair.com\/sv\/wp-json\/wp\/v2\/comments?post=3756"}],"version-history":[{"count":24,"href":"https:\/\/centriair.com\/sv\/wp-json\/wp\/v2\/pages\/3756\/revisions"}],"predecessor-version":[{"id":9336,"href":"https:\/\/centriair.com\/sv\/wp-json\/wp\/v2\/pages\/3756\/revisions\/9336"}],"up":[{"embeddable":true,"href":"https:\/\/centriair.com\/sv\/wp-json\/wp\/v2\/pages\/3745"}],"wp:attachment":[{"href":"https:\/\/centriair.com\/sv\/wp-json\/wp\/v2\/media?parent=3756"}],"curies":[{"name":"wp","href":"https:\/\/api.w.org\/{rel}","templated":true}]}}