{"id":3754,"date":"2023-05-03T15:14:13","date_gmt":"2023-05-03T13:14:13","guid":{"rendered":"https:\/\/centriair.hemhosting.se\/products\/centrifuges\/"},"modified":"2026-02-16T16:16:20","modified_gmt":"2026-02-16T15:16:20","slug":"centrifuger","status":"publish","type":"page","link":"https:\/\/centriair.com\/sv\/industriell-luktrening-produkter\/centrifuger\/","title":{"rendered":"Centrifuger"},"content":{"rendered":"\t\t<div data-elementor-type=\"wp-page\" data-elementor-id=\"3754\" class=\"elementor elementor-3754 elementor-1724\" data-elementor-post-type=\"page\">\n\t\t\t\t<div class=\"elementor-element elementor-element-ab763d1 e-flex e-con-boxed e-con e-parent\" data-id=\"ab763d1\" data-element_type=\"container\">\n\t\t\t\t\t<div class=\"e-con-inner\">\n\t\t\t\t\t<\/div>\n\t\t\t\t<\/div>\n\t\t<div class=\"elementor-element elementor-element-2cf7d47 e-flex e-con-boxed e-con e-parent\" data-id=\"2cf7d47\" data-element_type=\"container\">\n\t\t\t\t\t<div class=\"e-con-inner\">\n\t\t<div class=\"elementor-element elementor-element-6d4b006 e-con-full e-flex e-con e-child\" data-id=\"6d4b006\" data-element_type=\"container\">\n\t\t\t\t<div class=\"elementor-element elementor-element-c999271 elementor-widget elementor-widget-text-editor\" data-id=\"c999271\" data-element_type=\"widget\" data-widget_type=\"text-editor.default\">\n\t\t\t\t<div class=\"elementor-widget-container\">\n\t\t\t\t\t\t\t\t\t<p>V\u00e5ra centrifuger, designade speciellt f\u00f6r livsmedelsindustrin med fokus p\u00e5 att m\u00f6ta krav vad g\u00e4ller material, prestanda, temperatur och h\u00e5llbarhet.<\/p><p>V\u00e5ra centrifugseparatorer anv\u00e4nder en lamellrotor som snurrar med hastigheter p\u00e5 upp till 3000 rpm, och effektivt separerar v\u00e4tskepartiklar baserat p\u00e5 deras densitetsskillnad fr\u00e5n gasen. Den h\u00e4r m\u00e5ngsidiga centrifugen hanterar b\u00e5de flytande och fasta partiklar samt olika typer av oljor.<\/p><p>Utan behov av filter h\u00e5lls underh\u00e5llet p\u00e5 en l\u00e5g niv\u00e5, och det sker ingen ackumulering av tryckfall. Detta leder till l\u00e4gre driftskostnader och garanterar en j\u00e4mn och p\u00e5litlig prestanda.<\/p><p>V\u00e5ra centrifuger \u00e4r ocks\u00e5 kompakta, vilket g\u00f6r att de tar upp minimalt med utrymme samtidigt som de maximerar produktiviteten. Deras design optimerar anv\u00e4ndningen av tillg\u00e4ngligt utrymme f\u00f6r \u00f6kad effektivitet.<\/p><p>Centrifugen \u00e4r idealisk f\u00f6r att separera fin oljedimma och kan hantera blandade partikelf\u00f6roreningar, droppar och damm.<\/p><ul><li>Lina<\/li><li>Petra<\/li><li>Olga<\/li><\/ul>\t\t\t\t\t\t\t\t<\/div>\n\t\t\t\t<\/div>\n\t\t\t\t<div class=\"elementor-element elementor-element-2396af0 elementor-align-left elementor-widget elementor-widget-button\" data-id=\"2396af0\" data-element_type=\"widget\" data-widget_type=\"button.default\">\n\t\t\t\t<div class=\"elementor-widget-container\">\n\t\t\t\t\t\t\t\t\t<div class=\"elementor-button-wrapper\">\n\t\t\t\t\t<a class=\"elementor-button elementor-button-link elementor-size-sm\" href=\"https:\/\/centriair.com\/wp-content\/uploads\/2023\/05\/220411_PF_Centrifuges_EN.pdf\" id=\"button-new\">\n\t\t\t\t\t\t<span class=\"elementor-button-content-wrapper\">\n\t\t\t\t\t\t<span class=\"elementor-button-icon\">\n\t\t\t\t<i aria-hidden=\"true\" class=\"fas fa-file-download\"><\/i>\t\t\t<\/span>\n\t\t\t\t\t\t\t\t\t<span class=\"elementor-button-text\">Centrifuges (PDF)<\/span>\n\t\t\t\t\t<\/span>\n\t\t\t\t\t<\/a>\n\t\t\t\t<\/div>\n\t\t\t\t\t\t\t\t<\/div>\n\t\t\t\t<\/div>\n\t\t\t\t<\/div>\n\t\t<div class=\"elementor-element elementor-element-5f90e56 e-con-full e-flex e-con e-child\" data-id=\"5f90e56\" data-element_type=\"container\">\n\t\t\t\t<div class=\"elementor-element elementor-element-150436d elementor-widget elementor-widget-image\" data-id=\"150436d\" data-element_type=\"widget\" data-widget_type=\"image.default\">\n\t\t\t\t<div class=\"elementor-widget-container\">\n\t\t\t\t\t\t\t\t\t\t\t\t\t\t\t<img fetchpriority=\"high\" decoding=\"async\" width=\"768\" height=\"511\" src=\"https:\/\/centriair.com\/wp-content\/uploads\/2023\/05\/Installation-OLGA-3-768x511.jpg\" class=\"attachment-medium_large size-medium_large wp-image-3241\" alt=\"Centrifuge Olga\" srcset=\"https:\/\/centriair.com\/wp-content\/uploads\/2023\/05\/Installation-OLGA-3-768x511.jpg 768w, https:\/\/centriair.com\/wp-content\/uploads\/2023\/05\/Installation-OLGA-3-300x200.jpg 300w, https:\/\/centriair.com\/wp-content\/uploads\/2023\/05\/Installation-OLGA-3-1024x681.jpg 1024w, https:\/\/centriair.com\/wp-content\/uploads\/2023\/05\/Installation-OLGA-3-1536x1022.jpg 1536w, https:\/\/centriair.com\/wp-content\/uploads\/2023\/05\/Installation-OLGA-3-2048x1363.jpg 2048w\" sizes=\"(max-width: 768px) 100vw, 768px\" \/>\t\t\t\t\t\t\t\t\t\t\t\t\t\t\t<\/div>\n\t\t\t\t<\/div>\n\t\t\t\t<\/div>\n\t\t\t\t\t<\/div>\n\t\t\t\t<\/div>\n\t\t\t\t<\/div>\n\t\t","protected":false},"excerpt":{"rendered":"<p>V\u00e5ra centrifuger, designade speciellt f\u00f6r livsmedelsindustrin med fokus p\u00e5 att m\u00f6ta krav vad g\u00e4ller material, prestanda, temperatur och h\u00e5llbarhet. V\u00e5ra centrifugseparatorer anv\u00e4nder en lamellrotor som snurrar med hastigheter p\u00e5 upp till 3000 rpm, och effektivt separerar v\u00e4tskepartiklar baserat p\u00e5 deras densitetsskillnad fr\u00e5n gasen. Den h\u00e4r m\u00e5ngsidiga centrifugen hanterar b\u00e5de flytande och fasta partiklar samt olika [&hellip;]<\/p>\n","protected":false},"author":1,"featured_media":0,"parent":3745,"menu_order":0,"comment_status":"closed","ping_status":"closed","template":"","meta":{"_acf_changed":false,"footnotes":""},"class_list":["post-3754","page","type-page","status-publish","hentry"],"acf":[],"yoast_head":"<!-- This site is optimized with the Yoast SEO plugin v26.8 - https:\/\/yoast.com\/product\/yoast-seo-wordpress\/ -->\n<title>Centrifuger - We are Centriair<\/title>\n<meta name=\"description\" content=\"Centrifuger f\u00f6r industriell luktrening separerar ut oljedroppar, s.k. aerosoler ur processluften ner till en mycket liten partikelstorlek.\" \/>\n<meta name=\"robots\" content=\"index, follow, max-snippet:-1, max-image-preview:large, max-video-preview:-1\" \/>\n<link rel=\"canonical\" href=\"https:\/\/centriair.com\/sv\/industriell-luktrening-produkter\/centrifuger\/\" \/>\n<meta property=\"og:locale\" content=\"sv_SE\" \/>\n<meta property=\"og:type\" content=\"article\" \/>\n<meta property=\"og:title\" content=\"Centrifuger - We are Centriair\" \/>\n<meta property=\"og:description\" content=\"Centrifuger f\u00f6r industriell luktrening separerar ut oljedroppar, s.k. aerosoler ur processluften ner till en mycket liten partikelstorlek.\" \/>\n<meta property=\"og:url\" content=\"https:\/\/centriair.com\/sv\/industriell-luktrening-produkter\/centrifuger\/\" \/>\n<meta property=\"og:site_name\" content=\"We are Centriair\" \/>\n<meta property=\"article:modified_time\" content=\"2026-02-16T15:16:20+00:00\" \/>\n<meta property=\"og:image\" content=\"https:\/\/centriair.com\/wp-content\/uploads\/2023\/05\/Installation-OLGA-3-768x511.jpg\" \/>\n<meta name=\"twitter:card\" content=\"summary_large_image\" \/>\n<meta name=\"twitter:label1\" content=\"Ber\u00e4knad l\u00e4stid\" \/>\n\t<meta name=\"twitter:data1\" content=\"1 minut\" \/>\n<script type=\"application\/ld+json\" class=\"yoast-schema-graph\">{\"@context\":\"https:\/\/schema.org\",\"@graph\":[{\"@type\":\"WebPage\",\"@id\":\"https:\/\/centriair.com\/sv\/industriell-luktrening-produkter\/centrifuger\/\",\"url\":\"https:\/\/centriair.com\/sv\/industriell-luktrening-produkter\/centrifuger\/\",\"name\":\"Centrifuger - We are Centriair\",\"isPartOf\":{\"@id\":\"https:\/\/centriair.com\/sv\/#website\"},\"primaryImageOfPage\":{\"@id\":\"https:\/\/centriair.com\/sv\/industriell-luktrening-produkter\/centrifuger\/#primaryimage\"},\"image\":{\"@id\":\"https:\/\/centriair.com\/sv\/industriell-luktrening-produkter\/centrifuger\/#primaryimage\"},\"thumbnailUrl\":\"https:\/\/centriair.com\/wp-content\/uploads\/2023\/05\/Installation-OLGA-3-768x511.jpg\",\"datePublished\":\"2023-05-03T13:14:13+00:00\",\"dateModified\":\"2026-02-16T15:16:20+00:00\",\"description\":\"Centrifuger f\u00f6r industriell luktrening separerar ut oljedroppar, s.k. aerosoler ur processluften ner till en mycket liten partikelstorlek.\",\"breadcrumb\":{\"@id\":\"https:\/\/centriair.com\/sv\/industriell-luktrening-produkter\/centrifuger\/#breadcrumb\"},\"inLanguage\":\"sv-SE\",\"potentialAction\":[{\"@type\":\"ReadAction\",\"target\":[\"https:\/\/centriair.com\/sv\/industriell-luktrening-produkter\/centrifuger\/\"]}]},{\"@type\":\"ImageObject\",\"inLanguage\":\"sv-SE\",\"@id\":\"https:\/\/centriair.com\/sv\/industriell-luktrening-produkter\/centrifuger\/#primaryimage\",\"url\":\"https:\/\/centriair.com\/wp-content\/uploads\/2023\/05\/Installation-OLGA-3-768x511.jpg\",\"contentUrl\":\"https:\/\/centriair.com\/wp-content\/uploads\/2023\/05\/Installation-OLGA-3-768x511.jpg\"},{\"@type\":\"BreadcrumbList\",\"@id\":\"https:\/\/centriair.com\/sv\/industriell-luktrening-produkter\/centrifuger\/#breadcrumb\",\"itemListElement\":[{\"@type\":\"ListItem\",\"position\":1,\"name\":\"Home\",\"item\":\"https:\/\/centriair.com\/sv\/\"},{\"@type\":\"ListItem\",\"position\":2,\"name\":\"Produkter\",\"item\":\"https:\/\/centriair.com\/sv\/industriell-luktrening-produkter\/\"},{\"@type\":\"ListItem\",\"position\":3,\"name\":\"Centrifuger\"}]},{\"@type\":\"WebSite\",\"@id\":\"https:\/\/centriair.com\/sv\/#website\",\"url\":\"https:\/\/centriair.com\/sv\/\",\"name\":\"Centriair\",\"description\":\"Cleaner air. Fewer resources.\",\"publisher\":{\"@id\":\"https:\/\/centriair.com\/sv\/#organization\"},\"potentialAction\":[{\"@type\":\"SearchAction\",\"target\":{\"@type\":\"EntryPoint\",\"urlTemplate\":\"https:\/\/centriair.com\/sv\/?s={search_term_string}\"},\"query-input\":{\"@type\":\"PropertyValueSpecification\",\"valueRequired\":true,\"valueName\":\"search_term_string\"}}],\"inLanguage\":\"sv-SE\"},{\"@type\":\"Organization\",\"@id\":\"https:\/\/centriair.com\/sv\/#organization\",\"name\":\"Centriair\",\"url\":\"https:\/\/centriair.com\/sv\/\",\"logo\":{\"@type\":\"ImageObject\",\"inLanguage\":\"sv-SE\",\"@id\":\"https:\/\/centriair.com\/sv\/#\/schema\/logo\/image\/\",\"url\":\"https:\/\/centriair.com\/wp-content\/uploads\/2022\/11\/Centriair_logo-blue.svg\",\"contentUrl\":\"https:\/\/centriair.com\/wp-content\/uploads\/2022\/11\/Centriair_logo-blue.svg\",\"width\":250,\"height\":65,\"caption\":\"Centriair\"},\"image\":{\"@id\":\"https:\/\/centriair.com\/sv\/#\/schema\/logo\/image\/\"}}]}<\/script>\n<!-- \/ Yoast SEO plugin. -->","yoast_head_json":{"title":"Centrifuger - We are Centriair","description":"Centrifuger f\u00f6r industriell luktrening separerar ut oljedroppar, s.k. aerosoler ur processluften ner till en mycket liten partikelstorlek.","robots":{"index":"index","follow":"follow","max-snippet":"max-snippet:-1","max-image-preview":"max-image-preview:large","max-video-preview":"max-video-preview:-1"},"canonical":"https:\/\/centriair.com\/sv\/industriell-luktrening-produkter\/centrifuger\/","og_locale":"sv_SE","og_type":"article","og_title":"Centrifuger - We are Centriair","og_description":"Centrifuger f\u00f6r industriell luktrening separerar ut oljedroppar, s.k. aerosoler ur processluften ner till en mycket liten partikelstorlek.","og_url":"https:\/\/centriair.com\/sv\/industriell-luktrening-produkter\/centrifuger\/","og_site_name":"We are Centriair","article_modified_time":"2026-02-16T15:16:20+00:00","og_image":[{"url":"https:\/\/centriair.com\/wp-content\/uploads\/2023\/05\/Installation-OLGA-3-768x511.jpg","type":"","width":"","height":""}],"twitter_card":"summary_large_image","twitter_misc":{"Ber\u00e4knad l\u00e4stid":"1 minut"},"schema":{"@context":"https:\/\/schema.org","@graph":[{"@type":"WebPage","@id":"https:\/\/centriair.com\/sv\/industriell-luktrening-produkter\/centrifuger\/","url":"https:\/\/centriair.com\/sv\/industriell-luktrening-produkter\/centrifuger\/","name":"Centrifuger - We are Centriair","isPartOf":{"@id":"https:\/\/centriair.com\/sv\/#website"},"primaryImageOfPage":{"@id":"https:\/\/centriair.com\/sv\/industriell-luktrening-produkter\/centrifuger\/#primaryimage"},"image":{"@id":"https:\/\/centriair.com\/sv\/industriell-luktrening-produkter\/centrifuger\/#primaryimage"},"thumbnailUrl":"https:\/\/centriair.com\/wp-content\/uploads\/2023\/05\/Installation-OLGA-3-768x511.jpg","datePublished":"2023-05-03T13:14:13+00:00","dateModified":"2026-02-16T15:16:20+00:00","description":"Centrifuger f\u00f6r industriell luktrening separerar ut oljedroppar, s.k. aerosoler ur processluften ner till en mycket liten partikelstorlek.","breadcrumb":{"@id":"https:\/\/centriair.com\/sv\/industriell-luktrening-produkter\/centrifuger\/#breadcrumb"},"inLanguage":"sv-SE","potentialAction":[{"@type":"ReadAction","target":["https:\/\/centriair.com\/sv\/industriell-luktrening-produkter\/centrifuger\/"]}]},{"@type":"ImageObject","inLanguage":"sv-SE","@id":"https:\/\/centriair.com\/sv\/industriell-luktrening-produkter\/centrifuger\/#primaryimage","url":"https:\/\/centriair.com\/wp-content\/uploads\/2023\/05\/Installation-OLGA-3-768x511.jpg","contentUrl":"https:\/\/centriair.com\/wp-content\/uploads\/2023\/05\/Installation-OLGA-3-768x511.jpg"},{"@type":"BreadcrumbList","@id":"https:\/\/centriair.com\/sv\/industriell-luktrening-produkter\/centrifuger\/#breadcrumb","itemListElement":[{"@type":"ListItem","position":1,"name":"Home","item":"https:\/\/centriair.com\/sv\/"},{"@type":"ListItem","position":2,"name":"Produkter","item":"https:\/\/centriair.com\/sv\/industriell-luktrening-produkter\/"},{"@type":"ListItem","position":3,"name":"Centrifuger"}]},{"@type":"WebSite","@id":"https:\/\/centriair.com\/sv\/#website","url":"https:\/\/centriair.com\/sv\/","name":"Centriair","description":"Cleaner air. Fewer resources.","publisher":{"@id":"https:\/\/centriair.com\/sv\/#organization"},"potentialAction":[{"@type":"SearchAction","target":{"@type":"EntryPoint","urlTemplate":"https:\/\/centriair.com\/sv\/?s={search_term_string}"},"query-input":{"@type":"PropertyValueSpecification","valueRequired":true,"valueName":"search_term_string"}}],"inLanguage":"sv-SE"},{"@type":"Organization","@id":"https:\/\/centriair.com\/sv\/#organization","name":"Centriair","url":"https:\/\/centriair.com\/sv\/","logo":{"@type":"ImageObject","inLanguage":"sv-SE","@id":"https:\/\/centriair.com\/sv\/#\/schema\/logo\/image\/","url":"https:\/\/centriair.com\/wp-content\/uploads\/2022\/11\/Centriair_logo-blue.svg","contentUrl":"https:\/\/centriair.com\/wp-content\/uploads\/2022\/11\/Centriair_logo-blue.svg","width":250,"height":65,"caption":"Centriair"},"image":{"@id":"https:\/\/centriair.com\/sv\/#\/schema\/logo\/image\/"}}]}},"_links":{"self":[{"href":"https:\/\/centriair.com\/sv\/wp-json\/wp\/v2\/pages\/3754","targetHints":{"allow":["GET"]}}],"collection":[{"href":"https:\/\/centriair.com\/sv\/wp-json\/wp\/v2\/pages"}],"about":[{"href":"https:\/\/centriair.com\/sv\/wp-json\/wp\/v2\/types\/page"}],"author":[{"embeddable":true,"href":"https:\/\/centriair.com\/sv\/wp-json\/wp\/v2\/users\/1"}],"replies":[{"embeddable":true,"href":"https:\/\/centriair.com\/sv\/wp-json\/wp\/v2\/comments?post=3754"}],"version-history":[{"count":17,"href":"https:\/\/centriair.com\/sv\/wp-json\/wp\/v2\/pages\/3754\/revisions"}],"predecessor-version":[{"id":9534,"href":"https:\/\/centriair.com\/sv\/wp-json\/wp\/v2\/pages\/3754\/revisions\/9534"}],"up":[{"embeddable":true,"href":"https:\/\/centriair.com\/sv\/wp-json\/wp\/v2\/pages\/3745"}],"wp:attachment":[{"href":"https:\/\/centriair.com\/sv\/wp-json\/wp\/v2\/media?parent=3754"}],"curies":[{"name":"wp","href":"https:\/\/api.w.org\/{rel}","templated":true}]}}