{"id":3752,"date":"2023-05-03T11:29:14","date_gmt":"2023-05-03T09:29:14","guid":{"rendered":"https:\/\/centriair.hemhosting.se\/products\/product-2\/"},"modified":"2025-08-21T13:57:25","modified_gmt":"2025-08-21T11:57:25","slug":"katalytiska-system","status":"publish","type":"page","link":"https:\/\/centriair.com\/sv\/industriell-luktrening-produkter\/katalytiska-system\/","title":{"rendered":"Katalytiska System"},"content":{"rendered":"\t\t<div data-elementor-type=\"wp-page\" data-elementor-id=\"3752\" class=\"elementor elementor-3752 elementor-1721\" data-elementor-post-type=\"page\">\n\t\t\t\t<div class=\"elementor-element elementor-element-3df8c1c e-flex e-con-boxed e-con e-parent\" data-id=\"3df8c1c\" data-element_type=\"container\">\n\t\t\t\t\t<div class=\"e-con-inner\">\n\t\t\t\t\t<\/div>\n\t\t\t\t<\/div>\n\t\t<div class=\"elementor-element elementor-element-47a232f e-flex e-con-boxed e-con e-parent\" data-id=\"47a232f\" data-element_type=\"container\">\n\t\t\t\t\t<div class=\"e-con-inner\">\n\t\t<div class=\"elementor-element elementor-element-0324c73 e-con-full e-flex e-con e-child\" data-id=\"0324c73\" data-element_type=\"container\">\n\t\t\t\t<div class=\"elementor-element elementor-element-c5662e9 elementor-widget elementor-widget-text-editor\" data-id=\"c5662e9\" data-element_type=\"widget\" data-widget_type=\"text-editor.default\">\n\t\t\t\t<div class=\"elementor-widget-container\">\n\t\t\t\t\t\t\t\t\t<p>Centriair DEO\u2122 \u00e4r ett regenerativt katalytiskt system f\u00f6r att rena VOC- och luktutsl\u00e4pp fr\u00e5n industriella processer. Det \u00e4r en helintegrerad enhet med PC-styrning och energi\u00e5tervinning, utvecklad f\u00f6r att hantera kr\u00e4vande applikationer.<\/p><p>Centriair DEO\u2122 \u00e4r ett regenerativt katalytiskt system f\u00f6r att rena VOC- och luktutsl\u00e4pp fr\u00e5n industriella processer. DEO-100\u2122 har testats och bepr\u00f6vats f\u00f6r en rad olika applikationer, inklusive industriella processer och avfallshantering, som biogasproduktion, substrat- och slamtankar, hygienisering, avloppsledningar, pumpstationer och reningsverk.<\/p><p>VOC- och luktf\u00f6reningar elimineras genom v\u00e5r patenterade mesh-katalysatorteknologi, vilket m\u00f6jligg\u00f6r en optimerad och kompakt design, en stor katalysatoryta och utm\u00e4rkt v\u00e4rmekapacitet.<\/p><p>Enheten kr\u00e4ver lite underh\u00e5ll, inga filterbyten och ger stabil prestanda under hela livscykeln.<\/p><p>DEO-100\u2122 n\u00e5r en reningsgrad p\u00e5 \u00f6ver 98 % f\u00f6r de flesta flyktiga organiska f\u00f6reningar, inklusive s\u00e5dana som \u00e4r sv\u00e5ra att eliminera med konventionella teknologier som jonisering, ozonbehandling, UV-ljus, skrubbersystem och aktivt kolfilter.<\/p><p><strong>Modeller I Centriairs katalytiska DEO-serie:<\/strong><\/p><ul><li>DEO 100<\/li><li>DEO 200<\/li><li>DEO 500<\/li><li>DEO 2000<\/li><\/ul>\t\t\t\t\t\t\t\t<\/div>\n\t\t\t\t<\/div>\n\t\t\t\t<div class=\"elementor-element elementor-element-5e50582 elementor-align-left elementor-widget elementor-widget-button\" data-id=\"5e50582\" data-element_type=\"widget\" data-widget_type=\"button.default\">\n\t\t\t\t<div class=\"elementor-widget-container\">\n\t\t\t\t\t\t\t\t\t<div class=\"elementor-button-wrapper\">\n\t\t\t\t\t<a class=\"elementor-button elementor-button-link elementor-size-sm\" href=\"https:\/\/centriair.com\/wp-content\/uploads\/2023\/05\/220414_PF_DEO_EN.pdf\" id=\"button-new\">\n\t\t\t\t\t\t<span class=\"elementor-button-content-wrapper\">\n\t\t\t\t\t\t<span class=\"elementor-button-icon\">\n\t\t\t\t<i aria-hidden=\"true\" class=\"fas fa-file-download\"><\/i>\t\t\t<\/span>\n\t\t\t\t\t\t\t\t\t<span class=\"elementor-button-text\">DEO (PDF)<\/span>\n\t\t\t\t\t<\/span>\n\t\t\t\t\t<\/a>\n\t\t\t\t<\/div>\n\t\t\t\t\t\t\t\t<\/div>\n\t\t\t\t<\/div>\n\t\t\t\t<\/div>\n\t\t<div class=\"elementor-element elementor-element-5ede018 e-con-full e-flex e-con e-child\" data-id=\"5ede018\" data-element_type=\"container\">\n\t\t\t\t<div class=\"elementor-element elementor-element-cc510b9 elementor-widget elementor-widget-image\" data-id=\"cc510b9\" data-element_type=\"widget\" data-widget_type=\"image.default\">\n\t\t\t\t<div class=\"elementor-widget-container\">\n\t\t\t\t\t\t\t\t\t\t\t\t\t\t\t<img fetchpriority=\"high\" decoding=\"async\" width=\"768\" height=\"511\" src=\"https:\/\/centriair.com\/wp-content\/uploads\/2025\/02\/DEO-200-scaled-1-768x511.png\" class=\"attachment-medium_large size-medium_large wp-image-7134\" alt=\"Catalytic system\" srcset=\"https:\/\/centriair.com\/wp-content\/uploads\/2025\/02\/DEO-200-scaled-1-768x511.png 768w, https:\/\/centriair.com\/wp-content\/uploads\/2025\/02\/DEO-200-scaled-1-300x200.png 300w, https:\/\/centriair.com\/wp-content\/uploads\/2025\/02\/DEO-200-scaled-1-1024x682.png 1024w, https:\/\/centriair.com\/wp-content\/uploads\/2025\/02\/DEO-200-scaled-1-1536x1022.png 1536w, https:\/\/centriair.com\/wp-content\/uploads\/2025\/02\/DEO-200-scaled-1-2048x1363.png 2048w\" sizes=\"(max-width: 768px) 100vw, 768px\" \/>\t\t\t\t\t\t\t\t\t\t\t\t\t\t\t<\/div>\n\t\t\t\t<\/div>\n\t\t\t\t<div class=\"elementor-element elementor-element-2fc9537 elementor-hidden-mobile elementor-widget elementor-widget-image\" data-id=\"2fc9537\" data-element_type=\"widget\" data-widget_type=\"image.default\">\n\t\t\t\t<div class=\"elementor-widget-container\">\n\t\t\t\t\t\t\t\t\t\t\t\t\t\t\t<img decoding=\"async\" width=\"768\" height=\"511\" src=\"https:\/\/centriair.com\/wp-content\/uploads\/2025\/02\/DEO-500-scaled-1-768x511.png\" class=\"attachment-medium_large size-medium_large wp-image-7137\" alt=\"Catalytic system\" srcset=\"https:\/\/centriair.com\/wp-content\/uploads\/2025\/02\/DEO-500-scaled-1-768x511.png 768w, https:\/\/centriair.com\/wp-content\/uploads\/2025\/02\/DEO-500-scaled-1-300x200.png 300w, https:\/\/centriair.com\/wp-content\/uploads\/2025\/02\/DEO-500-scaled-1-1024x682.png 1024w, https:\/\/centriair.com\/wp-content\/uploads\/2025\/02\/DEO-500-scaled-1-1536x1022.png 1536w, https:\/\/centriair.com\/wp-content\/uploads\/2025\/02\/DEO-500-scaled-1-2048x1363.png 2048w\" sizes=\"(max-width: 768px) 100vw, 768px\" \/>\t\t\t\t\t\t\t\t\t\t\t\t\t\t\t<\/div>\n\t\t\t\t<\/div>\n\t\t\t\t<\/div>\n\t\t\t\t\t<\/div>\n\t\t\t\t<\/div>\n\t\t<div class=\"elementor-element elementor-element-53f56fa e-flex e-con-boxed e-con e-parent\" data-id=\"53f56fa\" data-element_type=\"container\" data-settings=\"{&quot;background_background&quot;:&quot;classic&quot;}\">\n\t\t\t\t\t<div class=\"e-con-inner\">\n\t\t<div class=\"elementor-element elementor-element-e9bd189 e-con-full e-flex e-con e-child\" data-id=\"e9bd189\" data-element_type=\"container\">\n\t\t\t\t<div class=\"elementor-element elementor-element-0a55f36 elementor-widget elementor-widget-heading\" data-id=\"0a55f36\" data-element_type=\"widget\" data-widget_type=\"heading.default\">\n\t\t\t\t<div class=\"elementor-widget-container\">\n\t\t\t\t\t<h2 class=\"elementor-heading-title elementor-size-default\">DualCat\u2122<\/h2>\t\t\t\t<\/div>\n\t\t\t\t<\/div>\n\t\t\t\t<div class=\"elementor-element elementor-element-69df998 elementor-widget elementor-widget-heading\" data-id=\"69df998\" data-element_type=\"widget\" data-widget_type=\"heading.default\">\n\t\t\t\t<div class=\"elementor-widget-container\">\n\t\t\t\t\t<h3 class=\"elementor-heading-title elementor-size-default\">DualCat\u2122 \u2013 Regenerativ tv\u00e5stegskatalysator f\u00f6r H2S och metan.<\/h3>\t\t\t\t<\/div>\n\t\t\t\t<\/div>\n\t\t\t\t<div class=\"elementor-element elementor-element-0c3a27d elementor-widget elementor-widget-text-editor\" data-id=\"0c3a27d\" data-element_type=\"widget\" data-widget_type=\"text-editor.default\">\n\t\t\t\t<div class=\"elementor-widget-container\">\n\t\t\t\t\t\t\t\t\t<p class=\"\" data-start=\"0\" data-end=\"329\">DualCat\u2122 \u00e4r ett tv\u00e5stegs regenerativt katalysatorsystem f\u00f6r att ta bort reducerade svavelf\u00f6reningar (t.ex. H2S och mercaptaner), aromater (t.ex. bensen- och toluenderivat) och metan. Dessa f\u00f6reningar uppst\u00e5r vanligtvis under anaeroba f\u00f6rh\u00e5llanden, s\u00e5som i anaerob r\u00f6tning, biogasuppgradering, slamtankar och avloppspumpstationer.<\/p><p class=\"\" data-start=\"331\" data-end=\"784\">DualCat\u2122 \u00e4r ofta mer energieffektivt \u00e4n andra metoder som regenerativ termisk oxidation (RTO), eftersom oxidation sker vid l\u00e4gre temperaturer. Genom att v\u00e4nda fl\u00f6det genom enheten kan den termiska energi som lagras i katalysatorerna anv\u00e4ndas f\u00f6r att f\u00f6rv\u00e4rma processgasen, vilket ytterligare minskar energif\u00f6rbrukningen. Redan vid metankoncentrationer p\u00e5 omkring 1 g\/m\u00b3 blir DualCat\u2122-processen autotermisk, vilket g\u00f6r att extern uppv\u00e4rmning inte beh\u00f6vs.<\/p><p class=\"\" data-start=\"786\" data-end=\"1121\">Centriair erbjuder DualCat\u2122 f\u00f6r alla fl\u00f6deshastigheter baserat p\u00e5 kundens behov, men v\u00e5ra standardenheter \u00e4r designade f\u00f6r fl\u00f6den mellan 500 och 3000 m\u00b3\/h. Enheterna \u00e4r mycket kompakta \u2013 bara cirka 25 % av fotavtrycket f\u00f6r en motsvarande RTO \u2013 och kan enkelt integreras i till exempel containerbaserade biogasuppgraderingsanl\u00e4ggningar.<\/p><p class=\"\" data-start=\"1123\" data-end=\"1219\">Det katalytiska systemet bryter \u00e4ven ned metan och \u00e4r en helt integrerad enhet med PLC-styrning.<\/p><ul><li>DualCat 200<\/li><li>DualCat 2000<\/li><\/ul>\t\t\t\t\t\t\t\t<\/div>\n\t\t\t\t<\/div>\n\t\t\t\t<\/div>\n\t\t<div class=\"elementor-element elementor-element-b2870e4 e-con-full e-flex e-con e-child\" data-id=\"b2870e4\" data-element_type=\"container\">\n\t\t\t\t<div class=\"elementor-element elementor-element-ac20b90 elementor-widget elementor-widget-image\" data-id=\"ac20b90\" data-element_type=\"widget\" data-widget_type=\"image.default\">\n\t\t\t\t<div class=\"elementor-widget-container\">\n\t\t\t\t\t\t\t\t\t\t\t\t\t\t\t<img decoding=\"async\" width=\"768\" height=\"511\" src=\"https:\/\/centriair.com\/wp-content\/uploads\/2025\/02\/DualCat2000-scaled-1-768x511.png\" class=\"attachment-medium_large size-medium_large wp-image-7140\" alt=\"DualCat\" srcset=\"https:\/\/centriair.com\/wp-content\/uploads\/2025\/02\/DualCat2000-scaled-1-768x511.png 768w, https:\/\/centriair.com\/wp-content\/uploads\/2025\/02\/DualCat2000-scaled-1-300x200.png 300w, https:\/\/centriair.com\/wp-content\/uploads\/2025\/02\/DualCat2000-scaled-1-1024x682.png 1024w, https:\/\/centriair.com\/wp-content\/uploads\/2025\/02\/DualCat2000-scaled-1-1536x1022.png 1536w, https:\/\/centriair.com\/wp-content\/uploads\/2025\/02\/DualCat2000-scaled-1-2048x1363.png 2048w\" sizes=\"(max-width: 768px) 100vw, 768px\" \/>\t\t\t\t\t\t\t\t\t\t\t\t\t\t\t<\/div>\n\t\t\t\t<\/div>\n\t\t\t\t<div class=\"elementor-element elementor-element-4c6720a elementor-hidden-mobile elementor-widget elementor-widget-image\" data-id=\"4c6720a\" data-element_type=\"widget\" data-widget_type=\"image.default\">\n\t\t\t\t<div class=\"elementor-widget-container\">\n\t\t\t\t\t\t\t\t\t\t\t\t\t\t\t<img loading=\"lazy\" decoding=\"async\" width=\"768\" height=\"511\" src=\"https:\/\/centriair.com\/wp-content\/uploads\/2025\/02\/DualCat2000-2-scaled-1-768x511.png\" class=\"attachment-medium_large size-medium_large wp-image-7143\" alt=\"DualCat\" srcset=\"https:\/\/centriair.com\/wp-content\/uploads\/2025\/02\/DualCat2000-2-scaled-1-768x511.png 768w, https:\/\/centriair.com\/wp-content\/uploads\/2025\/02\/DualCat2000-2-scaled-1-300x200.png 300w, https:\/\/centriair.com\/wp-content\/uploads\/2025\/02\/DualCat2000-2-scaled-1-1024x682.png 1024w, https:\/\/centriair.com\/wp-content\/uploads\/2025\/02\/DualCat2000-2-scaled-1-1536x1022.png 1536w, https:\/\/centriair.com\/wp-content\/uploads\/2025\/02\/DualCat2000-2-scaled-1-2048x1363.png 2048w\" sizes=\"(max-width: 768px) 100vw, 768px\" \/>\t\t\t\t\t\t\t\t\t\t\t\t\t\t\t<\/div>\n\t\t\t\t<\/div>\n\t\t\t\t<\/div>\n\t\t\t\t\t<\/div>\n\t\t\t\t<\/div>\n\t\t\t\t<\/div>\n\t\t","protected":false},"excerpt":{"rendered":"<p>Centriair DEO\u2122 \u00e4r ett regenerativt katalytiskt system f\u00f6r att rena VOC- och luktutsl\u00e4pp fr\u00e5n industriella processer. Det \u00e4r en helintegrerad enhet med PC-styrning och energi\u00e5tervinning, utvecklad f\u00f6r att hantera kr\u00e4vande applikationer. Centriair DEO\u2122 \u00e4r ett regenerativt katalytiskt system f\u00f6r att rena VOC- och luktutsl\u00e4pp fr\u00e5n industriella processer. DEO-100\u2122 har testats och bepr\u00f6vats f\u00f6r en rad [&hellip;]<\/p>\n","protected":false},"author":1,"featured_media":0,"parent":3745,"menu_order":0,"comment_status":"closed","ping_status":"closed","template":"","meta":{"_acf_changed":false,"footnotes":""},"class_list":["post-3752","page","type-page","status-publish","hentry"],"acf":[],"yoast_head":"<!-- This site is optimized with the Yoast SEO plugin v26.8 - https:\/\/yoast.com\/product\/yoast-seo-wordpress\/ -->\n<title>Katalytiska System - We are Centriair<\/title>\n<meta name=\"description\" content=\"Vi anv\u00e4nder katalytiska system f\u00f6r industriell luktrening av sm\u00e5 luftm\u00e4ngder, fr\u00e4mst inom avloppsrening och biogas.\" \/>\n<meta name=\"robots\" content=\"index, follow, max-snippet:-1, max-image-preview:large, max-video-preview:-1\" \/>\n<link rel=\"canonical\" href=\"https:\/\/centriair.com\/sv\/industriell-luktrening-produkter\/katalytiska-system\/\" \/>\n<meta property=\"og:locale\" content=\"sv_SE\" \/>\n<meta property=\"og:type\" content=\"article\" \/>\n<meta property=\"og:title\" content=\"Katalytiska System - We are Centriair\" \/>\n<meta property=\"og:description\" content=\"Vi anv\u00e4nder katalytiska system f\u00f6r industriell luktrening av sm\u00e5 luftm\u00e4ngder, fr\u00e4mst inom avloppsrening och biogas.\" \/>\n<meta property=\"og:url\" content=\"https:\/\/centriair.com\/sv\/industriell-luktrening-produkter\/katalytiska-system\/\" \/>\n<meta property=\"og:site_name\" content=\"We are Centriair\" \/>\n<meta property=\"article:modified_time\" content=\"2025-08-21T11:57:25+00:00\" \/>\n<meta property=\"og:image\" content=\"https:\/\/centriair.com\/wp-content\/uploads\/2025\/02\/DEO-200-scaled-1-768x511.png\" \/>\n<meta name=\"twitter:card\" content=\"summary_large_image\" \/>\n<meta name=\"twitter:label1\" content=\"Ber\u00e4knad l\u00e4stid\" \/>\n\t<meta name=\"twitter:data1\" content=\"3 minuter\" \/>\n<script type=\"application\/ld+json\" class=\"yoast-schema-graph\">{\"@context\":\"https:\/\/schema.org\",\"@graph\":[{\"@type\":\"WebPage\",\"@id\":\"https:\/\/centriair.com\/sv\/industriell-luktrening-produkter\/katalytiska-system\/\",\"url\":\"https:\/\/centriair.com\/sv\/industriell-luktrening-produkter\/katalytiska-system\/\",\"name\":\"Katalytiska System - We are Centriair\",\"isPartOf\":{\"@id\":\"https:\/\/centriair.com\/sv\/#website\"},\"primaryImageOfPage\":{\"@id\":\"https:\/\/centriair.com\/sv\/industriell-luktrening-produkter\/katalytiska-system\/#primaryimage\"},\"image\":{\"@id\":\"https:\/\/centriair.com\/sv\/industriell-luktrening-produkter\/katalytiska-system\/#primaryimage\"},\"thumbnailUrl\":\"https:\/\/centriair.com\/wp-content\/uploads\/2025\/02\/DEO-200-scaled-1-768x511.png\",\"datePublished\":\"2023-05-03T09:29:14+00:00\",\"dateModified\":\"2025-08-21T11:57:25+00:00\",\"description\":\"Vi anv\u00e4nder katalytiska system f\u00f6r industriell luktrening av sm\u00e5 luftm\u00e4ngder, fr\u00e4mst inom avloppsrening och biogas.\",\"breadcrumb\":{\"@id\":\"https:\/\/centriair.com\/sv\/industriell-luktrening-produkter\/katalytiska-system\/#breadcrumb\"},\"inLanguage\":\"sv-SE\",\"potentialAction\":[{\"@type\":\"ReadAction\",\"target\":[\"https:\/\/centriair.com\/sv\/industriell-luktrening-produkter\/katalytiska-system\/\"]}]},{\"@type\":\"ImageObject\",\"inLanguage\":\"sv-SE\",\"@id\":\"https:\/\/centriair.com\/sv\/industriell-luktrening-produkter\/katalytiska-system\/#primaryimage\",\"url\":\"https:\/\/centriair.com\/wp-content\/uploads\/2025\/02\/DEO-200-scaled-1-768x511.png\",\"contentUrl\":\"https:\/\/centriair.com\/wp-content\/uploads\/2025\/02\/DEO-200-scaled-1-768x511.png\"},{\"@type\":\"BreadcrumbList\",\"@id\":\"https:\/\/centriair.com\/sv\/industriell-luktrening-produkter\/katalytiska-system\/#breadcrumb\",\"itemListElement\":[{\"@type\":\"ListItem\",\"position\":1,\"name\":\"Home\",\"item\":\"https:\/\/centriair.com\/sv\/\"},{\"@type\":\"ListItem\",\"position\":2,\"name\":\"Produkter\",\"item\":\"https:\/\/centriair.com\/sv\/industriell-luktrening-produkter\/\"},{\"@type\":\"ListItem\",\"position\":3,\"name\":\"Katalytiska System\"}]},{\"@type\":\"WebSite\",\"@id\":\"https:\/\/centriair.com\/sv\/#website\",\"url\":\"https:\/\/centriair.com\/sv\/\",\"name\":\"Centriair\",\"description\":\"Cleaner air. Fewer resources.\",\"publisher\":{\"@id\":\"https:\/\/centriair.com\/sv\/#organization\"},\"potentialAction\":[{\"@type\":\"SearchAction\",\"target\":{\"@type\":\"EntryPoint\",\"urlTemplate\":\"https:\/\/centriair.com\/sv\/?s={search_term_string}\"},\"query-input\":{\"@type\":\"PropertyValueSpecification\",\"valueRequired\":true,\"valueName\":\"search_term_string\"}}],\"inLanguage\":\"sv-SE\"},{\"@type\":\"Organization\",\"@id\":\"https:\/\/centriair.com\/sv\/#organization\",\"name\":\"Centriair\",\"url\":\"https:\/\/centriair.com\/sv\/\",\"logo\":{\"@type\":\"ImageObject\",\"inLanguage\":\"sv-SE\",\"@id\":\"https:\/\/centriair.com\/sv\/#\/schema\/logo\/image\/\",\"url\":\"https:\/\/centriair.com\/wp-content\/uploads\/2022\/11\/Centriair_logo-blue.svg\",\"contentUrl\":\"https:\/\/centriair.com\/wp-content\/uploads\/2022\/11\/Centriair_logo-blue.svg\",\"width\":250,\"height\":65,\"caption\":\"Centriair\"},\"image\":{\"@id\":\"https:\/\/centriair.com\/sv\/#\/schema\/logo\/image\/\"}}]}<\/script>\n<!-- \/ Yoast SEO plugin. -->","yoast_head_json":{"title":"Katalytiska System - We are Centriair","description":"Vi anv\u00e4nder katalytiska system f\u00f6r industriell luktrening av sm\u00e5 luftm\u00e4ngder, fr\u00e4mst inom avloppsrening och biogas.","robots":{"index":"index","follow":"follow","max-snippet":"max-snippet:-1","max-image-preview":"max-image-preview:large","max-video-preview":"max-video-preview:-1"},"canonical":"https:\/\/centriair.com\/sv\/industriell-luktrening-produkter\/katalytiska-system\/","og_locale":"sv_SE","og_type":"article","og_title":"Katalytiska System - We are Centriair","og_description":"Vi anv\u00e4nder katalytiska system f\u00f6r industriell luktrening av sm\u00e5 luftm\u00e4ngder, fr\u00e4mst inom avloppsrening och biogas.","og_url":"https:\/\/centriair.com\/sv\/industriell-luktrening-produkter\/katalytiska-system\/","og_site_name":"We are Centriair","article_modified_time":"2025-08-21T11:57:25+00:00","og_image":[{"url":"https:\/\/centriair.com\/wp-content\/uploads\/2025\/02\/DEO-200-scaled-1-768x511.png","type":"","width":"","height":""}],"twitter_card":"summary_large_image","twitter_misc":{"Ber\u00e4knad l\u00e4stid":"3 minuter"},"schema":{"@context":"https:\/\/schema.org","@graph":[{"@type":"WebPage","@id":"https:\/\/centriair.com\/sv\/industriell-luktrening-produkter\/katalytiska-system\/","url":"https:\/\/centriair.com\/sv\/industriell-luktrening-produkter\/katalytiska-system\/","name":"Katalytiska System - We are Centriair","isPartOf":{"@id":"https:\/\/centriair.com\/sv\/#website"},"primaryImageOfPage":{"@id":"https:\/\/centriair.com\/sv\/industriell-luktrening-produkter\/katalytiska-system\/#primaryimage"},"image":{"@id":"https:\/\/centriair.com\/sv\/industriell-luktrening-produkter\/katalytiska-system\/#primaryimage"},"thumbnailUrl":"https:\/\/centriair.com\/wp-content\/uploads\/2025\/02\/DEO-200-scaled-1-768x511.png","datePublished":"2023-05-03T09:29:14+00:00","dateModified":"2025-08-21T11:57:25+00:00","description":"Vi anv\u00e4nder katalytiska system f\u00f6r industriell luktrening av sm\u00e5 luftm\u00e4ngder, fr\u00e4mst inom avloppsrening och biogas.","breadcrumb":{"@id":"https:\/\/centriair.com\/sv\/industriell-luktrening-produkter\/katalytiska-system\/#breadcrumb"},"inLanguage":"sv-SE","potentialAction":[{"@type":"ReadAction","target":["https:\/\/centriair.com\/sv\/industriell-luktrening-produkter\/katalytiska-system\/"]}]},{"@type":"ImageObject","inLanguage":"sv-SE","@id":"https:\/\/centriair.com\/sv\/industriell-luktrening-produkter\/katalytiska-system\/#primaryimage","url":"https:\/\/centriair.com\/wp-content\/uploads\/2025\/02\/DEO-200-scaled-1-768x511.png","contentUrl":"https:\/\/centriair.com\/wp-content\/uploads\/2025\/02\/DEO-200-scaled-1-768x511.png"},{"@type":"BreadcrumbList","@id":"https:\/\/centriair.com\/sv\/industriell-luktrening-produkter\/katalytiska-system\/#breadcrumb","itemListElement":[{"@type":"ListItem","position":1,"name":"Home","item":"https:\/\/centriair.com\/sv\/"},{"@type":"ListItem","position":2,"name":"Produkter","item":"https:\/\/centriair.com\/sv\/industriell-luktrening-produkter\/"},{"@type":"ListItem","position":3,"name":"Katalytiska System"}]},{"@type":"WebSite","@id":"https:\/\/centriair.com\/sv\/#website","url":"https:\/\/centriair.com\/sv\/","name":"Centriair","description":"Cleaner air. Fewer resources.","publisher":{"@id":"https:\/\/centriair.com\/sv\/#organization"},"potentialAction":[{"@type":"SearchAction","target":{"@type":"EntryPoint","urlTemplate":"https:\/\/centriair.com\/sv\/?s={search_term_string}"},"query-input":{"@type":"PropertyValueSpecification","valueRequired":true,"valueName":"search_term_string"}}],"inLanguage":"sv-SE"},{"@type":"Organization","@id":"https:\/\/centriair.com\/sv\/#organization","name":"Centriair","url":"https:\/\/centriair.com\/sv\/","logo":{"@type":"ImageObject","inLanguage":"sv-SE","@id":"https:\/\/centriair.com\/sv\/#\/schema\/logo\/image\/","url":"https:\/\/centriair.com\/wp-content\/uploads\/2022\/11\/Centriair_logo-blue.svg","contentUrl":"https:\/\/centriair.com\/wp-content\/uploads\/2022\/11\/Centriair_logo-blue.svg","width":250,"height":65,"caption":"Centriair"},"image":{"@id":"https:\/\/centriair.com\/sv\/#\/schema\/logo\/image\/"}}]}},"_links":{"self":[{"href":"https:\/\/centriair.com\/sv\/wp-json\/wp\/v2\/pages\/3752","targetHints":{"allow":["GET"]}}],"collection":[{"href":"https:\/\/centriair.com\/sv\/wp-json\/wp\/v2\/pages"}],"about":[{"href":"https:\/\/centriair.com\/sv\/wp-json\/wp\/v2\/types\/page"}],"author":[{"embeddable":true,"href":"https:\/\/centriair.com\/sv\/wp-json\/wp\/v2\/users\/1"}],"replies":[{"embeddable":true,"href":"https:\/\/centriair.com\/sv\/wp-json\/wp\/v2\/comments?post=3752"}],"version-history":[{"count":20,"href":"https:\/\/centriair.com\/sv\/wp-json\/wp\/v2\/pages\/3752\/revisions"}],"predecessor-version":[{"id":9333,"href":"https:\/\/centriair.com\/sv\/wp-json\/wp\/v2\/pages\/3752\/revisions\/9333"}],"up":[{"embeddable":true,"href":"https:\/\/centriair.com\/sv\/wp-json\/wp\/v2\/pages\/3745"}],"wp:attachment":[{"href":"https:\/\/centriair.com\/sv\/wp-json\/wp\/v2\/media?parent=3752"}],"curies":[{"name":"wp","href":"https:\/\/api.w.org\/{rel}","templated":true}]}}