{"id":3677,"date":"2023-03-06T11:21:38","date_gmt":"2023-03-06T10:21:38","guid":{"rendered":"https:\/\/centriair.hemhosting.se\/control-and-optimization-systems\/"},"modified":"2026-02-16T16:19:15","modified_gmt":"2026-02-16T15:19:15","slug":"system-for-kontroll-och-optimering","status":"publish","type":"page","link":"https:\/\/centriair.com\/sv\/tekniker-industriell-luktrening\/system-for-kontroll-och-optimering\/","title":{"rendered":"System f\u00f6r kontroll och optimering"},"content":{"rendered":"\t\t<div data-elementor-type=\"wp-page\" data-elementor-id=\"3677\" class=\"elementor elementor-3677 elementor-858\" data-elementor-post-type=\"page\">\n\t\t\t\t<div class=\"elementor-element elementor-element-11364fb e-flex e-con-boxed e-con e-parent\" data-id=\"11364fb\" data-element_type=\"container\" data-settings=\"{&quot;background_background&quot;:&quot;classic&quot;}\">\n\t\t\t\t\t<div class=\"e-con-inner\">\n\t\t<div class=\"elementor-element elementor-element-dc779f5 e-con-full e-flex e-con e-child\" data-id=\"dc779f5\" data-element_type=\"container\">\n\t\t\t\t<\/div>\n\t\t<div class=\"elementor-element elementor-element-c80081c e-con-full e-flex e-con e-child\" data-id=\"c80081c\" data-element_type=\"container\">\n\t\t\t\t<div class=\"elementor-element elementor-element-ad3e492 elementor-widget elementor-widget-text-editor\" data-id=\"ad3e492\" data-element_type=\"widget\" data-widget_type=\"text-editor.default\">\n\t\t\t\t<div class=\"elementor-widget-container\">\n\t\t\t\t\t\t\t\t\t<p>System f\u00f6r \u00f6vervakning, kontroll och optimering i realtid s\u00e4kerst\u00e4ller h\u00f6gsta m\u00f6jliga prestanda.<\/p>\t\t\t\t\t\t\t\t<\/div>\n\t\t\t\t<\/div>\n\t\t\t\t<\/div>\n\t\t\t\t\t<\/div>\n\t\t\t\t<\/div>\n\t\t<div class=\"elementor-element elementor-element-0eaec49 e-flex e-con-boxed e-con e-parent\" data-id=\"0eaec49\" data-element_type=\"container\">\n\t\t\t\t\t<div class=\"e-con-inner\">\n\t\t<div class=\"elementor-element elementor-element-90b7c8b e-con-full e-flex e-con e-child\" data-id=\"90b7c8b\" data-element_type=\"container\">\n\t\t\t\t<div class=\"elementor-element elementor-element-b42ea85 elementor-widget elementor-widget-heading\" data-id=\"b42ea85\" data-element_type=\"widget\" data-widget_type=\"heading.default\">\n\t\t\t\t<div class=\"elementor-widget-container\">\n\t\t\t\t\t<h2 class=\"elementor-heading-title elementor-size-default\">\u00d6vervakning<\/h2>\t\t\t\t<\/div>\n\t\t\t\t<\/div>\n\t\t\t\t<div class=\"elementor-element elementor-element-eeae1d9 elementor-widget elementor-widget-text-editor\" data-id=\"eeae1d9\" data-element_type=\"widget\" data-widget_type=\"text-editor.default\">\n\t\t\t\t<div class=\"elementor-widget-container\">\n\t\t\t\t\t\t\t\t\t<p><span class=\"TextRun SCXW118399897 BCX0\" lang=\"SV-SE\" xml:lang=\"SV-SE\" data-contrast=\"auto\"><span class=\"NormalTextRun SCXW118399897 BCX0\">\u00d6vervakning, <\/span><\/span><span class=\"TextRun Highlight SCXW118399897 BCX0\" lang=\"SV-SE\" xml:lang=\"SV-SE\" data-contrast=\"auto\"><span class=\"NormalTextRun SCXW118399897 BCX0\">det vill s\u00e4ga fj\u00e4rr\u00f6vervakning av anl\u00e4ggningarna, \u00e4r n\u00e5got som \u00e4r centralt f\u00f6r oss p\u00e5 <\/span><span class=\"NormalTextRun SpellingErrorV2Themed SCXW118399897 BCX0\">Centriair<\/span><span class=\"NormalTextRun SCXW118399897 BCX0\">. Genom att permanent \u00f6vervaka anl\u00e4ggningarna kan v\u00e5ra kunder vara s\u00e4kra p\u00e5 att utsl\u00e4ppen fr\u00e5n deras drift ligger inom gr\u00e4nserna och <\/span><span class=\"NormalTextRun SCXW118399897 BCX0\">att <\/span><span class=\"NormalTextRun SCXW118399897 BCX0\">inga klagom\u00e5l fr\u00e5n grannar <\/span><span class=\"NormalTextRun SCXW118399897 BCX0\">orsakas<\/span><span class=\"NormalTextRun SCXW118399897 BCX0\">.<\/span><\/span><span class=\"TextRun SCXW118399897 BCX0\" lang=\"SV-SE\" xml:lang=\"SV-SE\" data-contrast=\"auto\"><span class=\"NormalTextRun SCXW118399897 BCX0\"> \u00d6vervakning anv\u00e4nds ocks\u00e5 f\u00f6r att planera underh\u00e5ll<\/span><\/span><span class=\"TextRun Highlight SCXW118399897 BCX0\" lang=\"SV-SE\" xml:lang=\"SV-SE\" data-contrast=\"auto\"><span class=\"NormalTextRun SCXW118399897 BCX0\">, <\/span><span class=\"NormalTextRun SCXW118399897 BCX0\">med m\u00e5let<\/span><span class=\"NormalTextRun SCXW118399897 BCX0\"> att<\/span><\/span><span class=\"TextRun SCXW118399897 BCX0\" lang=\"SV-SE\" xml:lang=\"SV-SE\" data-contrast=\"auto\"><span class=\"NormalTextRun SCXW118399897 BCX0\"> s\u00e4kerst\u00e4lla att vi alltid har full funktionalitet och prestanda fr\u00e5n installationerna.<\/span><\/span><span class=\"EOP SCXW118399897 BCX0\" data-ccp-props=\"{}\">\u00a0<\/span><\/p>\t\t\t\t\t\t\t\t<\/div>\n\t\t\t\t<\/div>\n\t\t\t\t<\/div>\n\t\t<div class=\"elementor-element elementor-element-d567cb7 e-con-full e-flex e-con e-child\" data-id=\"d567cb7\" data-element_type=\"container\">\n\t\t\t\t<div class=\"elementor-element elementor-element-1fe75c9 elementor-widget elementor-widget-image\" data-id=\"1fe75c9\" data-element_type=\"widget\" data-widget_type=\"image.default\">\n\t\t\t\t<div class=\"elementor-widget-container\">\n\t\t\t\t\t\t\t\t\t\t\t\t\t\t\t<img fetchpriority=\"high\" decoding=\"async\" width=\"768\" height=\"512\" src=\"https:\/\/centriair.com\/wp-content\/uploads\/2023\/05\/Centriair-installation_9-768x512.jpg\" class=\"attachment-medium_large size-medium_large wp-image-3198\" alt=\"\" srcset=\"https:\/\/centriair.com\/wp-content\/uploads\/2023\/05\/Centriair-installation_9-768x512.jpg 768w, https:\/\/centriair.com\/wp-content\/uploads\/2023\/05\/Centriair-installation_9-300x200.jpg 300w, https:\/\/centriair.com\/wp-content\/uploads\/2023\/05\/Centriair-installation_9-1024x683.jpg 1024w, https:\/\/centriair.com\/wp-content\/uploads\/2023\/05\/Centriair-installation_9-1536x1024.jpg 1536w, https:\/\/centriair.com\/wp-content\/uploads\/2023\/05\/Centriair-installation_9-2048x1366.jpg 2048w\" sizes=\"(max-width: 768px) 100vw, 768px\" \/>\t\t\t\t\t\t\t\t\t\t\t\t\t\t\t<\/div>\n\t\t\t\t<\/div>\n\t\t\t\t<\/div>\n\t\t\t\t\t<\/div>\n\t\t\t\t<\/div>\n\t\t<div class=\"elementor-element elementor-element-16085ba e-flex e-con-boxed e-con e-parent\" data-id=\"16085ba\" data-element_type=\"container\" data-settings=\"{&quot;background_background&quot;:&quot;classic&quot;}\">\n\t\t\t\t\t<div class=\"e-con-inner\">\n\t\t<div class=\"elementor-element elementor-element-a7636d1 e-con-full e-flex e-con e-child\" data-id=\"a7636d1\" data-element_type=\"container\">\n\t\t\t\t<div class=\"elementor-element elementor-element-ba44481 elementor-widget elementor-widget-heading\" data-id=\"ba44481\" data-element_type=\"widget\" data-widget_type=\"heading.default\">\n\t\t\t\t<div class=\"elementor-widget-container\">\n\t\t\t\t\t<h2 class=\"elementor-heading-title elementor-size-default\">M\u00e4tning<\/h2>\t\t\t\t<\/div>\n\t\t\t\t<\/div>\n\t\t\t\t<div class=\"elementor-element elementor-element-f137a5d elementor-widget elementor-widget-text-editor\" data-id=\"f137a5d\" data-element_type=\"widget\" data-widget_type=\"text-editor.default\">\n\t\t\t\t<div class=\"elementor-widget-container\">\n\t\t\t\t\t\t\t\t\t<p><span class=\"TextRun SCXW102340610 BCX0\" lang=\"SV-SE\" xml:lang=\"SV-SE\" data-contrast=\"auto\"><span class=\"NormalTextRun SCXW102340610 BCX0\">Prestandam\u00e4tning \u00e4r en viktig del av att verifiera en installation, men vi anv\u00e4nder \u00e4ven data f\u00f6r fj\u00e4rr\u00f6vervakning. \u00c5terigen \u00e4r <\/span><\/span><span class=\"TextRun Highlight SCXW102340610 BCX0\" lang=\"SV-SE\" xml:lang=\"SV-SE\" data-contrast=\"auto\"><span class=\"NormalTextRun SCXW102340610 BCX0\">syftet att s\u00e4kerst\u00e4lla att v\u00e5ra kunder kan vara s\u00e4kra p\u00e5 att deras luftbehandlingsanl\u00e4ggning fungerar som specificerat och att de inte f\u00e5r n\u00e5gra klagom\u00e5l.<\/span><\/span><span class=\"TextRun SCXW102340610 BCX0\" lang=\"SV-SE\" xml:lang=\"SV-SE\" data-contrast=\"auto\"><span class=\"NormalTextRun SCXW102340610 BCX0\"> Prestandam\u00e4tning \u00e4r ocks\u00e5 en viktig input f\u00f6r underh\u00e5llsplaneringen.<\/span><\/span><span class=\"EOP SCXW102340610 BCX0\" data-ccp-props=\"{}\">\u00a0<\/span><\/p>\t\t\t\t\t\t\t\t<\/div>\n\t\t\t\t<\/div>\n\t\t\t\t<div class=\"elementor-element elementor-element-0cc3941 elementor-align-left elementor-widget elementor-widget-button\" data-id=\"0cc3941\" data-element_type=\"widget\" data-widget_type=\"button.default\">\n\t\t\t\t<div class=\"elementor-widget-container\">\n\t\t\t\t\t\t\t\t\t<div class=\"elementor-button-wrapper\">\n\t\t\t\t\t<a class=\"elementor-button elementor-button-link elementor-size-sm\" href=\"https:\/\/centriair.com\/wp-content\/uploads\/2023\/05\/220824_PF_Pilot-testing_EN.pdf\" id=\"button-new\">\n\t\t\t\t\t\t<span class=\"elementor-button-content-wrapper\">\n\t\t\t\t\t\t<span class=\"elementor-button-icon\">\n\t\t\t\t<i aria-hidden=\"true\" class=\"fas fa-file-download\"><\/i>\t\t\t<\/span>\n\t\t\t\t\t\t\t\t\t<span class=\"elementor-button-text\">Pilottester (PDF)<\/span>\n\t\t\t\t\t<\/span>\n\t\t\t\t\t<\/a>\n\t\t\t\t<\/div>\n\t\t\t\t\t\t\t\t<\/div>\n\t\t\t\t<\/div>\n\t\t\t\t<\/div>\n\t\t<div class=\"elementor-element elementor-element-00bbbf2 e-con-full e-flex e-con e-child\" data-id=\"00bbbf2\" data-element_type=\"container\">\n\t\t\t\t<div class=\"elementor-element elementor-element-d585696 elementor-widget elementor-widget-image\" data-id=\"d585696\" data-element_type=\"widget\" data-widget_type=\"image.default\">\n\t\t\t\t<div class=\"elementor-widget-container\">\n\t\t\t\t\t\t\t\t\t\t\t\t\t\t\t<img decoding=\"async\" width=\"631\" height=\"421\" src=\"https:\/\/centriair.com\/wp-content\/uploads\/2023\/05\/Measurement.png\" class=\"attachment-medium_large size-medium_large wp-image-3325\" alt=\"Industrial Odour control measurement\" srcset=\"https:\/\/centriair.com\/wp-content\/uploads\/2023\/05\/Measurement.png 631w, https:\/\/centriair.com\/wp-content\/uploads\/2023\/05\/Measurement-300x200.png 300w\" sizes=\"(max-width: 631px) 100vw, 631px\" \/>\t\t\t\t\t\t\t\t\t\t\t\t\t\t\t<\/div>\n\t\t\t\t<\/div>\n\t\t\t\t<\/div>\n\t\t\t\t\t<\/div>\n\t\t\t\t<\/div>\n\t\t<div class=\"elementor-element elementor-element-0583a60 e-flex e-con-boxed e-con e-parent\" data-id=\"0583a60\" data-element_type=\"container\">\n\t\t\t\t\t<div class=\"e-con-inner\">\n\t\t<div class=\"elementor-element elementor-element-ffbb5c9 e-con-full e-flex e-con e-child\" data-id=\"ffbb5c9\" data-element_type=\"container\">\n\t\t\t\t<div class=\"elementor-element elementor-element-2346b9b elementor-widget elementor-widget-heading\" data-id=\"2346b9b\" data-element_type=\"widget\" data-widget_type=\"heading.default\">\n\t\t\t\t<div class=\"elementor-widget-container\">\n\t\t\t\t\t<h2 class=\"elementor-heading-title elementor-size-default\">F\u00f6rebyggande underh\u00e5ll<\/h2>\t\t\t\t<\/div>\n\t\t\t\t<\/div>\n\t\t\t\t<div class=\"elementor-element elementor-element-a4a348f elementor-widget elementor-widget-text-editor\" data-id=\"a4a348f\" data-element_type=\"widget\" data-widget_type=\"text-editor.default\">\n\t\t\t\t<div class=\"elementor-widget-container\">\n\t\t\t\t\t\t\t\t\t<p><span class=\"TextRun Highlight SCXW206300780 BCX0\" lang=\"SV-SE\" xml:lang=\"SV-SE\" data-contrast=\"auto\"><span class=\"NormalTextRun SCXW206300780 BCX0\">Regelbundet och noggrant underh\u00e5ll \u00e4r en n\u00f6dv\u00e4ndig<\/span><span class=\"NormalTextRun SCXW206300780 BCX0\">het <\/span><span class=\"NormalTextRun SCXW206300780 BCX0\">f\u00f6r att uppr\u00e4tth\u00e5lla prestanda. <\/span><span class=\"NormalTextRun SpellingErrorV2Themed SCXW206300780 BCX0\">Centriair<\/span><span class=\"NormalTextRun SCXW206300780 BCX0\"> har <\/span><span class=\"NormalTextRun SCXW206300780 BCX0\">egna<\/span><span class=\"NormalTextRun SCXW206300780 BCX0\"> servicetekniker som t\u00e4cker v\u00e5ra hemmamarknader Sverige och Tyskland. P\u00e5 v\u00e5ra andra marknader samarbetar vi med lokala partners, ibland assisterade av resetekniker fr\u00e5n v\u00e5rt <\/span><span class=\"NormalTextRun ContextualSpellingAndGrammarErrorV2Themed SCXW206300780 BCX0\">egna<\/span><span class=\"NormalTextRun SCXW206300780 BCX0\"> team.<\/span><\/span><span class=\"EOP SCXW206300780 BCX0\" data-ccp-props=\"{}\">\u00a0<\/span><\/p>\t\t\t\t\t\t\t\t<\/div>\n\t\t\t\t<\/div>\n\t\t\t\t<div class=\"elementor-element elementor-element-5549904 elementor-align-left elementor-widget elementor-widget-button\" data-id=\"5549904\" data-element_type=\"widget\" data-widget_type=\"button.default\">\n\t\t\t\t<div class=\"elementor-widget-container\">\n\t\t\t\t\t\t\t\t\t<div class=\"elementor-button-wrapper\">\n\t\t\t\t\t<a class=\"elementor-button elementor-button-link elementor-size-sm\" href=\"https:\/\/centriair.com\/wp-content\/uploads\/2023\/05\/Why-service_web.pdf\" id=\"button-new\">\n\t\t\t\t\t\t<span class=\"elementor-button-content-wrapper\">\n\t\t\t\t\t\t<span class=\"elementor-button-icon\">\n\t\t\t\t<i aria-hidden=\"true\" class=\"fas fa-file-download\"><\/i>\t\t\t<\/span>\n\t\t\t\t\t\t\t\t\t<span class=\"elementor-button-text\">Varf\u00f6r Service? (PDF)<\/span>\n\t\t\t\t\t<\/span>\n\t\t\t\t\t<\/a>\n\t\t\t\t<\/div>\n\t\t\t\t\t\t\t\t<\/div>\n\t\t\t\t<\/div>\n\t\t\t\t<\/div>\n\t\t<div class=\"elementor-element elementor-element-1d6d4e3 e-con-full e-flex e-con e-child\" data-id=\"1d6d4e3\" data-element_type=\"container\">\n\t\t\t\t<div class=\"elementor-element elementor-element-a9ae182 elementor-widget elementor-widget-image\" data-id=\"a9ae182\" data-element_type=\"widget\" data-widget_type=\"image.default\">\n\t\t\t\t<div class=\"elementor-widget-container\">\n\t\t\t\t\t\t\t\t\t\t\t\t\t\t\t<img decoding=\"async\" width=\"768\" height=\"512\" src=\"https:\/\/centriair.com\/wp-content\/uploads\/2023\/05\/Centriair-service-1-768x512.jpg\" class=\"attachment-medium_large size-medium_large wp-image-3282\" alt=\"Odour control service\" srcset=\"https:\/\/centriair.com\/wp-content\/uploads\/2023\/05\/Centriair-service-1-768x512.jpg 768w, https:\/\/centriair.com\/wp-content\/uploads\/2023\/05\/Centriair-service-1-300x200.jpg 300w, https:\/\/centriair.com\/wp-content\/uploads\/2023\/05\/Centriair-service-1-1024x683.jpg 1024w, https:\/\/centriair.com\/wp-content\/uploads\/2023\/05\/Centriair-service-1-1536x1024.jpg 1536w, https:\/\/centriair.com\/wp-content\/uploads\/2023\/05\/Centriair-service-1-2048x1365.jpg 2048w\" sizes=\"(max-width: 768px) 100vw, 768px\" \/>\t\t\t\t\t\t\t\t\t\t\t\t\t\t\t<\/div>\n\t\t\t\t<\/div>\n\t\t\t\t<\/div>\n\t\t\t\t\t<\/div>\n\t\t\t\t<\/div>\n\t\t\t\t<\/div>\n\t\t","protected":false},"excerpt":{"rendered":"<p>System f\u00f6r \u00f6vervakning, kontroll och optimering i realtid s\u00e4kerst\u00e4ller h\u00f6gsta m\u00f6jliga prestanda. \u00d6vervakning \u00d6vervakning, det vill s\u00e4ga fj\u00e4rr\u00f6vervakning av anl\u00e4ggningarna, \u00e4r n\u00e5got som \u00e4r centralt f\u00f6r oss p\u00e5 Centriair. Genom att permanent \u00f6vervaka anl\u00e4ggningarna kan v\u00e5ra kunder vara s\u00e4kra p\u00e5 att utsl\u00e4ppen fr\u00e5n deras drift ligger inom gr\u00e4nserna och att inga klagom\u00e5l fr\u00e5n grannar orsakas. [&hellip;]<\/p>\n","protected":false},"author":1,"featured_media":0,"parent":3767,"menu_order":0,"comment_status":"closed","ping_status":"closed","template":"","meta":{"_acf_changed":false,"footnotes":""},"class_list":["post-3677","page","type-page","status-publish","hentry"],"acf":[],"yoast_head":"<!-- This site is optimized with the Yoast SEO plugin v26.8 - https:\/\/yoast.com\/product\/yoast-seo-wordpress\/ -->\n<title>System f\u00f6r kontroll och optimering - We are Centriair<\/title>\n<meta name=\"description\" content=\"V\u00e5ra system och l\u00f6sningar f\u00f6r kontroll och optimering av de installationer f\u00f6r industriell luktrening som vi levererar.\" \/>\n<meta name=\"robots\" content=\"index, follow, max-snippet:-1, max-image-preview:large, max-video-preview:-1\" \/>\n<link rel=\"canonical\" href=\"https:\/\/centriair.com\/sv\/tekniker-industriell-luktrening\/system-for-kontroll-och-optimering\/\" \/>\n<meta property=\"og:locale\" content=\"sv_SE\" \/>\n<meta property=\"og:type\" content=\"article\" \/>\n<meta property=\"og:title\" content=\"System f\u00f6r kontroll och optimering - We are Centriair\" \/>\n<meta property=\"og:description\" content=\"V\u00e5ra system och l\u00f6sningar f\u00f6r kontroll och optimering av de installationer f\u00f6r industriell luktrening som vi levererar.\" \/>\n<meta property=\"og:url\" content=\"https:\/\/centriair.com\/sv\/tekniker-industriell-luktrening\/system-for-kontroll-och-optimering\/\" \/>\n<meta property=\"og:site_name\" content=\"We are Centriair\" \/>\n<meta property=\"article:modified_time\" content=\"2026-02-16T15:19:15+00:00\" \/>\n<meta property=\"og:image\" content=\"https:\/\/centriair.com\/wp-content\/uploads\/2023\/05\/Centriair-installation_9-768x512.jpg\" \/>\n<meta name=\"twitter:card\" content=\"summary_large_image\" \/>\n<meta name=\"twitter:label1\" content=\"Ber\u00e4knad l\u00e4stid\" \/>\n\t<meta name=\"twitter:data1\" content=\"2 minuter\" \/>\n<script type=\"application\/ld+json\" class=\"yoast-schema-graph\">{\"@context\":\"https:\/\/schema.org\",\"@graph\":[{\"@type\":\"WebPage\",\"@id\":\"https:\/\/centriair.com\/sv\/tekniker-industriell-luktrening\/system-for-kontroll-och-optimering\/\",\"url\":\"https:\/\/centriair.com\/sv\/tekniker-industriell-luktrening\/system-for-kontroll-och-optimering\/\",\"name\":\"System f\u00f6r kontroll och optimering - We are Centriair\",\"isPartOf\":{\"@id\":\"https:\/\/centriair.com\/sv\/#website\"},\"primaryImageOfPage\":{\"@id\":\"https:\/\/centriair.com\/sv\/tekniker-industriell-luktrening\/system-for-kontroll-och-optimering\/#primaryimage\"},\"image\":{\"@id\":\"https:\/\/centriair.com\/sv\/tekniker-industriell-luktrening\/system-for-kontroll-och-optimering\/#primaryimage\"},\"thumbnailUrl\":\"https:\/\/centriair.com\/wp-content\/uploads\/2023\/05\/Centriair-installation_9-768x512.jpg\",\"datePublished\":\"2023-03-06T10:21:38+00:00\",\"dateModified\":\"2026-02-16T15:19:15+00:00\",\"description\":\"V\u00e5ra system och l\u00f6sningar f\u00f6r kontroll och optimering av de installationer f\u00f6r industriell luktrening som vi levererar.\",\"breadcrumb\":{\"@id\":\"https:\/\/centriair.com\/sv\/tekniker-industriell-luktrening\/system-for-kontroll-och-optimering\/#breadcrumb\"},\"inLanguage\":\"sv-SE\",\"potentialAction\":[{\"@type\":\"ReadAction\",\"target\":[\"https:\/\/centriair.com\/sv\/tekniker-industriell-luktrening\/system-for-kontroll-och-optimering\/\"]}]},{\"@type\":\"ImageObject\",\"inLanguage\":\"sv-SE\",\"@id\":\"https:\/\/centriair.com\/sv\/tekniker-industriell-luktrening\/system-for-kontroll-och-optimering\/#primaryimage\",\"url\":\"https:\/\/centriair.com\/wp-content\/uploads\/2023\/05\/Centriair-installation_9-768x512.jpg\",\"contentUrl\":\"https:\/\/centriair.com\/wp-content\/uploads\/2023\/05\/Centriair-installation_9-768x512.jpg\"},{\"@type\":\"BreadcrumbList\",\"@id\":\"https:\/\/centriair.com\/sv\/tekniker-industriell-luktrening\/system-for-kontroll-och-optimering\/#breadcrumb\",\"itemListElement\":[{\"@type\":\"ListItem\",\"position\":1,\"name\":\"Home\",\"item\":\"https:\/\/centriair.com\/sv\/\"},{\"@type\":\"ListItem\",\"position\":2,\"name\":\"Tekniker\",\"item\":\"https:\/\/centriair.com\/sv\/tekniker-industriell-luktrening\/\"},{\"@type\":\"ListItem\",\"position\":3,\"name\":\"System f\u00f6r kontroll och optimering\"}]},{\"@type\":\"WebSite\",\"@id\":\"https:\/\/centriair.com\/sv\/#website\",\"url\":\"https:\/\/centriair.com\/sv\/\",\"name\":\"Centriair\",\"description\":\"Cleaner air. Fewer resources.\",\"publisher\":{\"@id\":\"https:\/\/centriair.com\/sv\/#organization\"},\"potentialAction\":[{\"@type\":\"SearchAction\",\"target\":{\"@type\":\"EntryPoint\",\"urlTemplate\":\"https:\/\/centriair.com\/sv\/?s={search_term_string}\"},\"query-input\":{\"@type\":\"PropertyValueSpecification\",\"valueRequired\":true,\"valueName\":\"search_term_string\"}}],\"inLanguage\":\"sv-SE\"},{\"@type\":\"Organization\",\"@id\":\"https:\/\/centriair.com\/sv\/#organization\",\"name\":\"Centriair\",\"url\":\"https:\/\/centriair.com\/sv\/\",\"logo\":{\"@type\":\"ImageObject\",\"inLanguage\":\"sv-SE\",\"@id\":\"https:\/\/centriair.com\/sv\/#\/schema\/logo\/image\/\",\"url\":\"https:\/\/centriair.com\/wp-content\/uploads\/2022\/11\/Centriair_logo-blue.svg\",\"contentUrl\":\"https:\/\/centriair.com\/wp-content\/uploads\/2022\/11\/Centriair_logo-blue.svg\",\"width\":250,\"height\":65,\"caption\":\"Centriair\"},\"image\":{\"@id\":\"https:\/\/centriair.com\/sv\/#\/schema\/logo\/image\/\"}}]}<\/script>\n<!-- \/ Yoast SEO plugin. -->","yoast_head_json":{"title":"System f\u00f6r kontroll och optimering - We are Centriair","description":"V\u00e5ra system och l\u00f6sningar f\u00f6r kontroll och optimering av de installationer f\u00f6r industriell luktrening som vi levererar.","robots":{"index":"index","follow":"follow","max-snippet":"max-snippet:-1","max-image-preview":"max-image-preview:large","max-video-preview":"max-video-preview:-1"},"canonical":"https:\/\/centriair.com\/sv\/tekniker-industriell-luktrening\/system-for-kontroll-och-optimering\/","og_locale":"sv_SE","og_type":"article","og_title":"System f\u00f6r kontroll och optimering - We are Centriair","og_description":"V\u00e5ra system och l\u00f6sningar f\u00f6r kontroll och optimering av de installationer f\u00f6r industriell luktrening som vi levererar.","og_url":"https:\/\/centriair.com\/sv\/tekniker-industriell-luktrening\/system-for-kontroll-och-optimering\/","og_site_name":"We are Centriair","article_modified_time":"2026-02-16T15:19:15+00:00","og_image":[{"url":"https:\/\/centriair.com\/wp-content\/uploads\/2023\/05\/Centriair-installation_9-768x512.jpg","type":"","width":"","height":""}],"twitter_card":"summary_large_image","twitter_misc":{"Ber\u00e4knad l\u00e4stid":"2 minuter"},"schema":{"@context":"https:\/\/schema.org","@graph":[{"@type":"WebPage","@id":"https:\/\/centriair.com\/sv\/tekniker-industriell-luktrening\/system-for-kontroll-och-optimering\/","url":"https:\/\/centriair.com\/sv\/tekniker-industriell-luktrening\/system-for-kontroll-och-optimering\/","name":"System f\u00f6r kontroll och optimering - We are Centriair","isPartOf":{"@id":"https:\/\/centriair.com\/sv\/#website"},"primaryImageOfPage":{"@id":"https:\/\/centriair.com\/sv\/tekniker-industriell-luktrening\/system-for-kontroll-och-optimering\/#primaryimage"},"image":{"@id":"https:\/\/centriair.com\/sv\/tekniker-industriell-luktrening\/system-for-kontroll-och-optimering\/#primaryimage"},"thumbnailUrl":"https:\/\/centriair.com\/wp-content\/uploads\/2023\/05\/Centriair-installation_9-768x512.jpg","datePublished":"2023-03-06T10:21:38+00:00","dateModified":"2026-02-16T15:19:15+00:00","description":"V\u00e5ra system och l\u00f6sningar f\u00f6r kontroll och optimering av de installationer f\u00f6r industriell luktrening som vi levererar.","breadcrumb":{"@id":"https:\/\/centriair.com\/sv\/tekniker-industriell-luktrening\/system-for-kontroll-och-optimering\/#breadcrumb"},"inLanguage":"sv-SE","potentialAction":[{"@type":"ReadAction","target":["https:\/\/centriair.com\/sv\/tekniker-industriell-luktrening\/system-for-kontroll-och-optimering\/"]}]},{"@type":"ImageObject","inLanguage":"sv-SE","@id":"https:\/\/centriair.com\/sv\/tekniker-industriell-luktrening\/system-for-kontroll-och-optimering\/#primaryimage","url":"https:\/\/centriair.com\/wp-content\/uploads\/2023\/05\/Centriair-installation_9-768x512.jpg","contentUrl":"https:\/\/centriair.com\/wp-content\/uploads\/2023\/05\/Centriair-installation_9-768x512.jpg"},{"@type":"BreadcrumbList","@id":"https:\/\/centriair.com\/sv\/tekniker-industriell-luktrening\/system-for-kontroll-och-optimering\/#breadcrumb","itemListElement":[{"@type":"ListItem","position":1,"name":"Home","item":"https:\/\/centriair.com\/sv\/"},{"@type":"ListItem","position":2,"name":"Tekniker","item":"https:\/\/centriair.com\/sv\/tekniker-industriell-luktrening\/"},{"@type":"ListItem","position":3,"name":"System f\u00f6r kontroll och optimering"}]},{"@type":"WebSite","@id":"https:\/\/centriair.com\/sv\/#website","url":"https:\/\/centriair.com\/sv\/","name":"Centriair","description":"Cleaner air. Fewer resources.","publisher":{"@id":"https:\/\/centriair.com\/sv\/#organization"},"potentialAction":[{"@type":"SearchAction","target":{"@type":"EntryPoint","urlTemplate":"https:\/\/centriair.com\/sv\/?s={search_term_string}"},"query-input":{"@type":"PropertyValueSpecification","valueRequired":true,"valueName":"search_term_string"}}],"inLanguage":"sv-SE"},{"@type":"Organization","@id":"https:\/\/centriair.com\/sv\/#organization","name":"Centriair","url":"https:\/\/centriair.com\/sv\/","logo":{"@type":"ImageObject","inLanguage":"sv-SE","@id":"https:\/\/centriair.com\/sv\/#\/schema\/logo\/image\/","url":"https:\/\/centriair.com\/wp-content\/uploads\/2022\/11\/Centriair_logo-blue.svg","contentUrl":"https:\/\/centriair.com\/wp-content\/uploads\/2022\/11\/Centriair_logo-blue.svg","width":250,"height":65,"caption":"Centriair"},"image":{"@id":"https:\/\/centriair.com\/sv\/#\/schema\/logo\/image\/"}}]}},"_links":{"self":[{"href":"https:\/\/centriair.com\/sv\/wp-json\/wp\/v2\/pages\/3677","targetHints":{"allow":["GET"]}}],"collection":[{"href":"https:\/\/centriair.com\/sv\/wp-json\/wp\/v2\/pages"}],"about":[{"href":"https:\/\/centriair.com\/sv\/wp-json\/wp\/v2\/types\/page"}],"author":[{"embeddable":true,"href":"https:\/\/centriair.com\/sv\/wp-json\/wp\/v2\/users\/1"}],"replies":[{"embeddable":true,"href":"https:\/\/centriair.com\/sv\/wp-json\/wp\/v2\/comments?post=3677"}],"version-history":[{"count":20,"href":"https:\/\/centriair.com\/sv\/wp-json\/wp\/v2\/pages\/3677\/revisions"}],"predecessor-version":[{"id":9535,"href":"https:\/\/centriair.com\/sv\/wp-json\/wp\/v2\/pages\/3677\/revisions\/9535"}],"up":[{"embeddable":true,"href":"https:\/\/centriair.com\/sv\/wp-json\/wp\/v2\/pages\/3767"}],"wp:attachment":[{"href":"https:\/\/centriair.com\/sv\/wp-json\/wp\/v2\/media?parent=3677"}],"curies":[{"name":"wp","href":"https:\/\/api.w.org\/{rel}","templated":true}]}}