{"id":3602,"date":"2022-11-28T13:34:37","date_gmt":"2022-11-28T12:34:37","guid":{"rendered":"https:\/\/centriair.hemhosting.se\/about-centriair\/"},"modified":"2025-08-21T13:52:43","modified_gmt":"2025-08-21T11:52:43","slug":"om-centriair","status":"publish","type":"page","link":"https:\/\/centriair.com\/sv\/om-centriair\/","title":{"rendered":"Om Centriair"},"content":{"rendered":"\t\t<div data-elementor-type=\"wp-page\" data-elementor-id=\"3602\" class=\"elementor elementor-3602 elementor-106\" data-elementor-post-type=\"page\">\n\t\t\t\t<div class=\"elementor-element elementor-element-9aca62d e-flex e-con-boxed e-con e-parent\" data-id=\"9aca62d\" data-element_type=\"container\" data-settings=\"{&quot;background_background&quot;:&quot;classic&quot;}\">\n\t\t\t\t\t<div class=\"e-con-inner\">\n\t\t<div class=\"elementor-element elementor-element-d258426 e-con-full e-flex e-con e-child\" data-id=\"d258426\" data-element_type=\"container\">\n\t\t\t\t<\/div>\n\t\t<div class=\"elementor-element elementor-element-1756d4b e-con-full e-flex e-con e-child\" data-id=\"1756d4b\" data-element_type=\"container\">\n\t\t\t\t<div class=\"elementor-element elementor-element-88d83a0 elementor-widget elementor-widget-text-editor\" data-id=\"88d83a0\" data-element_type=\"widget\" data-widget_type=\"text-editor.default\">\n\t\t\t\t<div class=\"elementor-widget-container\">\n\t\t\t\t\t\t\t\t\t<p>Centriair levererar marknadsledande l\u00f6sningar f\u00f6r att minska industriella luftf\u00f6roreningar. V\u00e5ra system separerar och eliminerar skadliga \u00e4mnen p\u00e5 ett effektivt s\u00e4tt, med minimal energif\u00f6rbrukning, arbetsinsats och milj\u00f6p\u00e5verkan.<\/p>\t\t\t\t\t\t\t\t<\/div>\n\t\t\t\t<\/div>\n\t\t\t\t<\/div>\n\t\t\t\t\t<\/div>\n\t\t\t\t<\/div>\n\t\t<div class=\"elementor-element elementor-element-4db826d e-flex e-con-boxed e-con e-parent\" data-id=\"4db826d\" data-element_type=\"container\">\n\t\t\t\t\t<div class=\"e-con-inner\">\n\t\t<div class=\"elementor-element elementor-element-3b0e3f0 e-con-full e-flex e-con e-child\" data-id=\"3b0e3f0\" data-element_type=\"container\">\n\t\t\t\t<div class=\"elementor-element elementor-element-54eb5fe elementor-widget elementor-widget-text-editor\" data-id=\"54eb5fe\" data-element_type=\"widget\" data-widget_type=\"text-editor.default\">\n\t\t\t\t<div class=\"elementor-widget-container\">\n\t\t\t\t\t\t\t\t\t<p>Centriair \u00e4r ett svenskt f\u00f6retag, grundat 2007 och \u00e4gt av ledningen och Alder. Vi arbetar internationellt med kontor i Sverige och Tyskland med referenser i Asien, Europa och Nordamerika.<\/p><p>Merparten av v\u00e5r verksamhet \u00e4r koncentrerad till norra Europa d\u00e4r vi f\u00f6rutom v\u00e5rt eget s\u00e4ljteam anv\u00e4nder ett n\u00e4tverk av lokala agenter och partners.<\/p><p>Centriair utvecklar och installerar h\u00f6geffektiva l\u00f6sningar f\u00f6r energieffektiv rening av processgaser, inklusive partiklar, gasformiga f\u00f6reningar och lukter. V\u00e5ra system \u00e4r utformade f\u00f6r att leverera dokumenterade milj\u00f6- och kostnadsm\u00e4ssiga f\u00f6rdelar, med h\u00f6g reningsgrad, l\u00e5g total \u00e4gandekostnad och en mindre klimatp\u00e5verkan j\u00e4mf\u00f6rt med traditionella metoder.<\/p>\t\t\t\t\t\t\t\t<\/div>\n\t\t\t\t<\/div>\n\t\t\t\t<\/div>\n\t\t<div class=\"elementor-element elementor-element-d1bfc83 e-con-full e-flex e-con e-child\" data-id=\"d1bfc83\" data-element_type=\"container\">\n\t\t\t\t<div class=\"elementor-element elementor-element-b0bebe6 elementor-widget elementor-widget-image\" data-id=\"b0bebe6\" data-element_type=\"widget\" data-widget_type=\"image.default\">\n\t\t\t\t<div class=\"elementor-widget-container\">\n\t\t\t\t\t\t\t\t\t\t\t\t\t\t\t<img fetchpriority=\"high\" decoding=\"async\" width=\"768\" height=\"511\" src=\"https:\/\/centriair.com\/wp-content\/uploads\/2023\/05\/Centriair-installation_13-768x511.jpg\" class=\"attachment-medium_large size-medium_large wp-image-3202\" alt=\"\" srcset=\"https:\/\/centriair.com\/wp-content\/uploads\/2023\/05\/Centriair-installation_13-768x511.jpg 768w, https:\/\/centriair.com\/wp-content\/uploads\/2023\/05\/Centriair-installation_13-300x200.jpg 300w, https:\/\/centriair.com\/wp-content\/uploads\/2023\/05\/Centriair-installation_13-1024x682.jpg 1024w, https:\/\/centriair.com\/wp-content\/uploads\/2023\/05\/Centriair-installation_13-1536x1022.jpg 1536w, https:\/\/centriair.com\/wp-content\/uploads\/2023\/05\/Centriair-installation_13-2048x1363.jpg 2048w\" sizes=\"(max-width: 768px) 100vw, 768px\" \/>\t\t\t\t\t\t\t\t\t\t\t\t\t\t\t<\/div>\n\t\t\t\t<\/div>\n\t\t\t\t<\/div>\n\t\t\t\t\t<\/div>\n\t\t\t\t<\/div>\n\t\t\t\t<\/div>\n\t\t","protected":false},"excerpt":{"rendered":"<p>Centriair levererar marknadsledande l\u00f6sningar f\u00f6r att minska industriella luftf\u00f6roreningar. V\u00e5ra system separerar och eliminerar skadliga \u00e4mnen p\u00e5 ett effektivt s\u00e4tt, med minimal energif\u00f6rbrukning, arbetsinsats och milj\u00f6p\u00e5verkan. Centriair \u00e4r ett svenskt f\u00f6retag, grundat 2007 och \u00e4gt av ledningen och Alder. Vi arbetar internationellt med kontor i Sverige och Tyskland med referenser i Asien, Europa och Nordamerika. [&hellip;]<\/p>\n","protected":false},"author":1,"featured_media":0,"parent":0,"menu_order":0,"comment_status":"closed","ping_status":"closed","template":"","meta":{"_acf_changed":false,"footnotes":""},"class_list":["post-3602","page","type-page","status-publish","hentry"],"acf":[],"yoast_head":"<!-- This site is optimized with the Yoast SEO plugin v26.8 - https:\/\/yoast.com\/product\/yoast-seo-wordpress\/ -->\n<title>Om Centriair - We are Centriair<\/title>\n<meta name=\"description\" content=\"Centriair \u00e4r experter p\u00e5 industriell luktrening. Vi \u00e4r i branschen sedan 18 \u00e5r och har installationer i hela EU, USA och Asien.\" \/>\n<meta name=\"robots\" content=\"index, follow, max-snippet:-1, max-image-preview:large, max-video-preview:-1\" \/>\n<link rel=\"canonical\" href=\"https:\/\/centriair.com\/sv\/om-centriair\/\" \/>\n<meta property=\"og:locale\" content=\"sv_SE\" \/>\n<meta property=\"og:type\" content=\"article\" \/>\n<meta property=\"og:title\" content=\"Om Centriair - We are Centriair\" \/>\n<meta property=\"og:description\" content=\"Centriair \u00e4r experter p\u00e5 industriell luktrening. Vi \u00e4r i branschen sedan 18 \u00e5r och har installationer i hela EU, USA och Asien.\" \/>\n<meta property=\"og:url\" content=\"https:\/\/centriair.com\/sv\/om-centriair\/\" \/>\n<meta property=\"og:site_name\" content=\"We are Centriair\" \/>\n<meta property=\"article:modified_time\" content=\"2025-08-21T11:52:43+00:00\" \/>\n<meta property=\"og:image\" content=\"https:\/\/centriair.com\/wp-content\/uploads\/2023\/05\/Centriair-installation_13-768x511.jpg\" \/>\n<meta name=\"twitter:card\" content=\"summary_large_image\" \/>\n<meta name=\"twitter:label1\" content=\"Ber\u00e4knad l\u00e4stid\" \/>\n\t<meta name=\"twitter:data1\" content=\"1 minut\" \/>\n<script type=\"application\/ld+json\" class=\"yoast-schema-graph\">{\"@context\":\"https:\/\/schema.org\",\"@graph\":[{\"@type\":\"WebPage\",\"@id\":\"https:\/\/centriair.com\/sv\/om-centriair\/\",\"url\":\"https:\/\/centriair.com\/sv\/om-centriair\/\",\"name\":\"Om Centriair - We are Centriair\",\"isPartOf\":{\"@id\":\"https:\/\/centriair.com\/sv\/#website\"},\"primaryImageOfPage\":{\"@id\":\"https:\/\/centriair.com\/sv\/om-centriair\/#primaryimage\"},\"image\":{\"@id\":\"https:\/\/centriair.com\/sv\/om-centriair\/#primaryimage\"},\"thumbnailUrl\":\"https:\/\/centriair.com\/wp-content\/uploads\/2023\/05\/Centriair-installation_13-768x511.jpg\",\"datePublished\":\"2022-11-28T12:34:37+00:00\",\"dateModified\":\"2025-08-21T11:52:43+00:00\",\"description\":\"Centriair \u00e4r experter p\u00e5 industriell luktrening. Vi \u00e4r i branschen sedan 18 \u00e5r och har installationer i hela EU, USA och Asien.\",\"breadcrumb\":{\"@id\":\"https:\/\/centriair.com\/sv\/om-centriair\/#breadcrumb\"},\"inLanguage\":\"sv-SE\",\"potentialAction\":[{\"@type\":\"ReadAction\",\"target\":[\"https:\/\/centriair.com\/sv\/om-centriair\/\"]}]},{\"@type\":\"ImageObject\",\"inLanguage\":\"sv-SE\",\"@id\":\"https:\/\/centriair.com\/sv\/om-centriair\/#primaryimage\",\"url\":\"https:\/\/centriair.com\/wp-content\/uploads\/2023\/05\/Centriair-installation_13-768x511.jpg\",\"contentUrl\":\"https:\/\/centriair.com\/wp-content\/uploads\/2023\/05\/Centriair-installation_13-768x511.jpg\"},{\"@type\":\"BreadcrumbList\",\"@id\":\"https:\/\/centriair.com\/sv\/om-centriair\/#breadcrumb\",\"itemListElement\":[{\"@type\":\"ListItem\",\"position\":1,\"name\":\"Home\",\"item\":\"https:\/\/centriair.com\/sv\/\"},{\"@type\":\"ListItem\",\"position\":2,\"name\":\"Om Centriair\"}]},{\"@type\":\"WebSite\",\"@id\":\"https:\/\/centriair.com\/sv\/#website\",\"url\":\"https:\/\/centriair.com\/sv\/\",\"name\":\"Centriair\",\"description\":\"Cleaner air. Fewer resources.\",\"publisher\":{\"@id\":\"https:\/\/centriair.com\/sv\/#organization\"},\"potentialAction\":[{\"@type\":\"SearchAction\",\"target\":{\"@type\":\"EntryPoint\",\"urlTemplate\":\"https:\/\/centriair.com\/sv\/?s={search_term_string}\"},\"query-input\":{\"@type\":\"PropertyValueSpecification\",\"valueRequired\":true,\"valueName\":\"search_term_string\"}}],\"inLanguage\":\"sv-SE\"},{\"@type\":\"Organization\",\"@id\":\"https:\/\/centriair.com\/sv\/#organization\",\"name\":\"Centriair\",\"url\":\"https:\/\/centriair.com\/sv\/\",\"logo\":{\"@type\":\"ImageObject\",\"inLanguage\":\"sv-SE\",\"@id\":\"https:\/\/centriair.com\/sv\/#\/schema\/logo\/image\/\",\"url\":\"https:\/\/centriair.com\/wp-content\/uploads\/2022\/11\/Centriair_logo-blue.svg\",\"contentUrl\":\"https:\/\/centriair.com\/wp-content\/uploads\/2022\/11\/Centriair_logo-blue.svg\",\"width\":250,\"height\":65,\"caption\":\"Centriair\"},\"image\":{\"@id\":\"https:\/\/centriair.com\/sv\/#\/schema\/logo\/image\/\"}}]}<\/script>\n<!-- \/ Yoast SEO plugin. -->","yoast_head_json":{"title":"Om Centriair - We are Centriair","description":"Centriair \u00e4r experter p\u00e5 industriell luktrening. Vi \u00e4r i branschen sedan 18 \u00e5r och har installationer i hela EU, USA och Asien.","robots":{"index":"index","follow":"follow","max-snippet":"max-snippet:-1","max-image-preview":"max-image-preview:large","max-video-preview":"max-video-preview:-1"},"canonical":"https:\/\/centriair.com\/sv\/om-centriair\/","og_locale":"sv_SE","og_type":"article","og_title":"Om Centriair - We are Centriair","og_description":"Centriair \u00e4r experter p\u00e5 industriell luktrening. Vi \u00e4r i branschen sedan 18 \u00e5r och har installationer i hela EU, USA och Asien.","og_url":"https:\/\/centriair.com\/sv\/om-centriair\/","og_site_name":"We are Centriair","article_modified_time":"2025-08-21T11:52:43+00:00","og_image":[{"url":"https:\/\/centriair.com\/wp-content\/uploads\/2023\/05\/Centriair-installation_13-768x511.jpg","type":"","width":"","height":""}],"twitter_card":"summary_large_image","twitter_misc":{"Ber\u00e4knad l\u00e4stid":"1 minut"},"schema":{"@context":"https:\/\/schema.org","@graph":[{"@type":"WebPage","@id":"https:\/\/centriair.com\/sv\/om-centriair\/","url":"https:\/\/centriair.com\/sv\/om-centriair\/","name":"Om Centriair - We are Centriair","isPartOf":{"@id":"https:\/\/centriair.com\/sv\/#website"},"primaryImageOfPage":{"@id":"https:\/\/centriair.com\/sv\/om-centriair\/#primaryimage"},"image":{"@id":"https:\/\/centriair.com\/sv\/om-centriair\/#primaryimage"},"thumbnailUrl":"https:\/\/centriair.com\/wp-content\/uploads\/2023\/05\/Centriair-installation_13-768x511.jpg","datePublished":"2022-11-28T12:34:37+00:00","dateModified":"2025-08-21T11:52:43+00:00","description":"Centriair \u00e4r experter p\u00e5 industriell luktrening. Vi \u00e4r i branschen sedan 18 \u00e5r och har installationer i hela EU, USA och Asien.","breadcrumb":{"@id":"https:\/\/centriair.com\/sv\/om-centriair\/#breadcrumb"},"inLanguage":"sv-SE","potentialAction":[{"@type":"ReadAction","target":["https:\/\/centriair.com\/sv\/om-centriair\/"]}]},{"@type":"ImageObject","inLanguage":"sv-SE","@id":"https:\/\/centriair.com\/sv\/om-centriair\/#primaryimage","url":"https:\/\/centriair.com\/wp-content\/uploads\/2023\/05\/Centriair-installation_13-768x511.jpg","contentUrl":"https:\/\/centriair.com\/wp-content\/uploads\/2023\/05\/Centriair-installation_13-768x511.jpg"},{"@type":"BreadcrumbList","@id":"https:\/\/centriair.com\/sv\/om-centriair\/#breadcrumb","itemListElement":[{"@type":"ListItem","position":1,"name":"Home","item":"https:\/\/centriair.com\/sv\/"},{"@type":"ListItem","position":2,"name":"Om Centriair"}]},{"@type":"WebSite","@id":"https:\/\/centriair.com\/sv\/#website","url":"https:\/\/centriair.com\/sv\/","name":"Centriair","description":"Cleaner air. Fewer resources.","publisher":{"@id":"https:\/\/centriair.com\/sv\/#organization"},"potentialAction":[{"@type":"SearchAction","target":{"@type":"EntryPoint","urlTemplate":"https:\/\/centriair.com\/sv\/?s={search_term_string}"},"query-input":{"@type":"PropertyValueSpecification","valueRequired":true,"valueName":"search_term_string"}}],"inLanguage":"sv-SE"},{"@type":"Organization","@id":"https:\/\/centriair.com\/sv\/#organization","name":"Centriair","url":"https:\/\/centriair.com\/sv\/","logo":{"@type":"ImageObject","inLanguage":"sv-SE","@id":"https:\/\/centriair.com\/sv\/#\/schema\/logo\/image\/","url":"https:\/\/centriair.com\/wp-content\/uploads\/2022\/11\/Centriair_logo-blue.svg","contentUrl":"https:\/\/centriair.com\/wp-content\/uploads\/2022\/11\/Centriair_logo-blue.svg","width":250,"height":65,"caption":"Centriair"},"image":{"@id":"https:\/\/centriair.com\/sv\/#\/schema\/logo\/image\/"}}]}},"_links":{"self":[{"href":"https:\/\/centriair.com\/sv\/wp-json\/wp\/v2\/pages\/3602","targetHints":{"allow":["GET"]}}],"collection":[{"href":"https:\/\/centriair.com\/sv\/wp-json\/wp\/v2\/pages"}],"about":[{"href":"https:\/\/centriair.com\/sv\/wp-json\/wp\/v2\/types\/page"}],"author":[{"embeddable":true,"href":"https:\/\/centriair.com\/sv\/wp-json\/wp\/v2\/users\/1"}],"replies":[{"embeddable":true,"href":"https:\/\/centriair.com\/sv\/wp-json\/wp\/v2\/comments?post=3602"}],"version-history":[{"count":38,"href":"https:\/\/centriair.com\/sv\/wp-json\/wp\/v2\/pages\/3602\/revisions"}],"predecessor-version":[{"id":9331,"href":"https:\/\/centriair.com\/sv\/wp-json\/wp\/v2\/pages\/3602\/revisions\/9331"}],"wp:attachment":[{"href":"https:\/\/centriair.com\/sv\/wp-json\/wp\/v2\/media?parent=3602"}],"curies":[{"name":"wp","href":"https:\/\/api.w.org\/{rel}","templated":true}]}}