{"id":3780,"date":"2023-03-06T11:21:38","date_gmt":"2023-03-06T10:21:38","guid":{"rendered":"https:\/\/centriair.hemhosting.se\/control-and-optimization-systems\/"},"modified":"2025-03-11T09:45:30","modified_gmt":"2025-03-11T08:45:30","slug":"steuerungs-und-optimierungssysteme","status":"publish","type":"page","link":"https:\/\/centriair.com\/de\/industrielle-geruchsreduktion-technologien\/steuerungs-und-optimierungssysteme\/","title":{"rendered":"Steuerungs- und Optimierungssysteme"},"content":{"rendered":"\t\t<div data-elementor-type=\"wp-page\" data-elementor-id=\"3780\" class=\"elementor elementor-3780 elementor-858\" data-elementor-post-type=\"page\">\n\t\t\t\t<div class=\"elementor-element elementor-element-11364fb e-flex e-con-boxed e-con e-parent\" data-id=\"11364fb\" data-element_type=\"container\" data-settings=\"{&quot;background_background&quot;:&quot;classic&quot;}\">\n\t\t\t\t\t<div class=\"e-con-inner\">\n\t\t<div class=\"elementor-element elementor-element-dc779f5 e-con-full e-flex e-con e-child\" data-id=\"dc779f5\" data-element_type=\"container\">\n\t\t\t\t<\/div>\n\t\t<div class=\"elementor-element elementor-element-c80081c e-con-full e-flex e-con e-child\" data-id=\"c80081c\" data-element_type=\"container\">\n\t\t\t\t<div class=\"elementor-element elementor-element-ad3e492 elementor-widget elementor-widget-text-editor\" data-id=\"ad3e492\" data-element_type=\"widget\" data-widget_type=\"text-editor.default\">\n\t\t\t\t<div class=\"elementor-widget-container\">\n\t\t\t\t\t\t\t\t\t<p>Echtzeit-\u00dcberwachungs-, Steuerungs- und Optimierungssysteme sorgen f\u00fcr ein H\u00f6chstma\u00df an nachhaltiger Leistung.<\/p>\t\t\t\t\t\t\t\t<\/div>\n\t\t\t\t<\/div>\n\t\t\t\t<\/div>\n\t\t\t\t\t<\/div>\n\t\t\t\t<\/div>\n\t\t<div class=\"elementor-element elementor-element-0eaec49 e-flex e-con-boxed e-con e-parent\" data-id=\"0eaec49\" data-element_type=\"container\">\n\t\t\t\t\t<div class=\"e-con-inner\">\n\t\t<div class=\"elementor-element elementor-element-90b7c8b e-con-full e-flex e-con e-child\" data-id=\"90b7c8b\" data-element_type=\"container\">\n\t\t\t\t<div class=\"elementor-element elementor-element-b42ea85 elementor-widget elementor-widget-heading\" data-id=\"b42ea85\" data-element_type=\"widget\" data-widget_type=\"heading.default\">\n\t\t\t\t<div class=\"elementor-widget-container\">\n\t\t\t\t\t<h2 class=\"elementor-heading-title elementor-size-default\">\u00dcberwachung<\/h2>\t\t\t\t<\/div>\n\t\t\t\t<\/div>\n\t\t\t\t<div class=\"elementor-element elementor-element-eeae1d9 elementor-widget elementor-widget-text-editor\" data-id=\"eeae1d9\" data-element_type=\"widget\" data-widget_type=\"text-editor.default\">\n\t\t\t\t<div class=\"elementor-widget-container\">\n\t\t\t\t\t\t\t\t\t<p>Die \u00dcberwachung, also die Fern\u00fcberwachung der Anlagen, ist f\u00fcr Centriair ein besonderes Anliegen. Durch eine permanente \u00dcberwachung der Anlagen k\u00f6nnen unsere Kunden sicher sein, dass die Emissionen aus ihrem Betrieb innerhalb der Grenzwerte (z.B. der TA-Luft) liegen und keine Beschwerden von Nachbarn eingehen. Die \u00dcberwachung wird auch zur Planung der Wartung eingesetzt, um sicherzustellen, dass die Systeme immer voll funktionsf\u00e4hig und leistungsf\u00e4hig sind.<\/p>\t\t\t\t\t\t\t\t<\/div>\n\t\t\t\t<\/div>\n\t\t\t\t<\/div>\n\t\t<div class=\"elementor-element elementor-element-d567cb7 e-con-full e-flex e-con e-child\" data-id=\"d567cb7\" data-element_type=\"container\">\n\t\t\t\t<div class=\"elementor-element elementor-element-1fe75c9 elementor-widget elementor-widget-image\" data-id=\"1fe75c9\" data-element_type=\"widget\" data-widget_type=\"image.default\">\n\t\t\t\t<div class=\"elementor-widget-container\">\n\t\t\t\t\t\t\t\t\t\t\t\t\t\t\t<img fetchpriority=\"high\" decoding=\"async\" width=\"768\" height=\"512\" src=\"https:\/\/centriair.com\/wp-content\/uploads\/2023\/05\/Centriair-installation_9-768x512.jpg\" class=\"attachment-medium_large size-medium_large wp-image-3452\" alt=\"\" srcset=\"https:\/\/centriair.com\/wp-content\/uploads\/2023\/05\/Centriair-installation_9-768x512.jpg 768w, https:\/\/centriair.com\/wp-content\/uploads\/2023\/05\/Centriair-installation_9-300x200.jpg 300w, https:\/\/centriair.com\/wp-content\/uploads\/2023\/05\/Centriair-installation_9-1024x683.jpg 1024w, https:\/\/centriair.com\/wp-content\/uploads\/2023\/05\/Centriair-installation_9-1536x1024.jpg 1536w, https:\/\/centriair.com\/wp-content\/uploads\/2023\/05\/Centriair-installation_9-2048x1366.jpg 2048w\" sizes=\"(max-width: 768px) 100vw, 768px\" \/>\t\t\t\t\t\t\t\t\t\t\t\t\t\t\t<\/div>\n\t\t\t\t<\/div>\n\t\t\t\t<\/div>\n\t\t\t\t\t<\/div>\n\t\t\t\t<\/div>\n\t\t<div class=\"elementor-element elementor-element-16085ba e-flex e-con-boxed e-con e-parent\" data-id=\"16085ba\" data-element_type=\"container\" data-settings=\"{&quot;background_background&quot;:&quot;classic&quot;}\">\n\t\t\t\t\t<div class=\"e-con-inner\">\n\t\t<div class=\"elementor-element elementor-element-a7636d1 e-con-full e-flex e-con e-child\" data-id=\"a7636d1\" data-element_type=\"container\">\n\t\t\t\t<div class=\"elementor-element elementor-element-ba44481 elementor-widget elementor-widget-heading\" data-id=\"ba44481\" data-element_type=\"widget\" data-widget_type=\"heading.default\">\n\t\t\t\t<div class=\"elementor-widget-container\">\n\t\t\t\t\t<h2 class=\"elementor-heading-title elementor-size-default\">Messung<\/h2>\t\t\t\t<\/div>\n\t\t\t\t<\/div>\n\t\t\t\t<div class=\"elementor-element elementor-element-f137a5d elementor-widget elementor-widget-text-editor\" data-id=\"f137a5d\" data-element_type=\"widget\" data-widget_type=\"text-editor.default\">\n\t\t\t\t<div class=\"elementor-widget-container\">\n\t\t\t\t\t\t\t\t\t<p>Die Leistungsmessung ist ein wichtiger Teil der \u00dcberpr\u00fcfung einer Installation, wir nutzen die Daten jedoch auch f\u00fcr die Fern\u00fcberwachung. Auch hier geht es darum, sicherzustellen, dass unsere Kunden sicher sein k\u00f6nnen, dass ihre Luftaufbereitungsanlage wie angegeben funktioniert und dass sie keine Beschwerden erhalten. Auch die Leistungsmessung ist ein wichtiger Input f\u00fcr die Wartungsplanung.<\/p>\t\t\t\t\t\t\t\t<\/div>\n\t\t\t\t<\/div>\n\t\t\t\t<div class=\"elementor-element elementor-element-0cc3941 elementor-align-left elementor-widget elementor-widget-button\" data-id=\"0cc3941\" data-element_type=\"widget\" data-widget_type=\"button.default\">\n\t\t\t\t<div class=\"elementor-widget-container\">\n\t\t\t\t\t\t\t\t\t<div class=\"elementor-button-wrapper\">\n\t\t\t\t\t<a class=\"elementor-button elementor-button-link elementor-size-sm\" href=\"https:\/\/centriair.com\/wp-content\/uploads\/2023\/05\/220824_PF_Pilot-testing_EN.pdf\" id=\"button-new\">\n\t\t\t\t\t\t<span class=\"elementor-button-content-wrapper\">\n\t\t\t\t\t\t<span class=\"elementor-button-icon\">\n\t\t\t\t<i aria-hidden=\"true\" class=\"fas fa-file-download\"><\/i>\t\t\t<\/span>\n\t\t\t\t\t\t\t\t\t<span class=\"elementor-button-text\">Pilot testing (PDF)<\/span>\n\t\t\t\t\t<\/span>\n\t\t\t\t\t<\/a>\n\t\t\t\t<\/div>\n\t\t\t\t\t\t\t\t<\/div>\n\t\t\t\t<\/div>\n\t\t\t\t<\/div>\n\t\t<div class=\"elementor-element elementor-element-00bbbf2 e-con-full e-flex e-con e-child\" data-id=\"00bbbf2\" data-element_type=\"container\">\n\t\t\t\t<div class=\"elementor-element elementor-element-d585696 elementor-widget elementor-widget-image\" data-id=\"d585696\" data-element_type=\"widget\" data-widget_type=\"image.default\">\n\t\t\t\t<div class=\"elementor-widget-container\">\n\t\t\t\t\t\t\t\t\t\t\t\t\t\t\t<img decoding=\"async\" width=\"631\" height=\"421\" src=\"https:\/\/centriair.com\/wp-content\/uploads\/2023\/05\/Measurement.png\" class=\"attachment-medium_large size-medium_large wp-image-3579\" alt=\"Industrial Odour control measurement\" srcset=\"https:\/\/centriair.com\/wp-content\/uploads\/2023\/05\/Measurement.png 631w, https:\/\/centriair.com\/wp-content\/uploads\/2023\/05\/Measurement-300x200.png 300w\" sizes=\"(max-width: 631px) 100vw, 631px\" \/>\t\t\t\t\t\t\t\t\t\t\t\t\t\t\t<\/div>\n\t\t\t\t<\/div>\n\t\t\t\t<\/div>\n\t\t\t\t\t<\/div>\n\t\t\t\t<\/div>\n\t\t<div class=\"elementor-element elementor-element-0583a60 e-flex e-con-boxed e-con e-parent\" data-id=\"0583a60\" data-element_type=\"container\">\n\t\t\t\t\t<div class=\"e-con-inner\">\n\t\t<div class=\"elementor-element elementor-element-ffbb5c9 e-con-full e-flex e-con e-child\" data-id=\"ffbb5c9\" data-element_type=\"container\">\n\t\t\t\t<div class=\"elementor-element elementor-element-2346b9b elementor-widget elementor-widget-heading\" data-id=\"2346b9b\" data-element_type=\"widget\" data-widget_type=\"heading.default\">\n\t\t\t\t<div class=\"elementor-widget-container\">\n\t\t\t\t\t<h2 class=\"elementor-heading-title elementor-size-default\">Vorbeugende Wartung<\/h2>\t\t\t\t<\/div>\n\t\t\t\t<\/div>\n\t\t\t\t<div class=\"elementor-element elementor-element-a4a348f elementor-widget elementor-widget-text-editor\" data-id=\"a4a348f\" data-element_type=\"widget\" data-widget_type=\"text-editor.default\">\n\t\t\t\t<div class=\"elementor-widget-container\">\n\t\t\t\t\t\t\t\t\t<p>Eine regelm\u00e4\u00dfige und sorgf\u00e4ltige Wartung ist unerl\u00e4sslich, um die optimale Leistung unserer Produkte zu gew\u00e4hrleisten. Centriair besitzt ein internes Serviceteam, das sich haupts\u00e4chlich auf unsere Kernm\u00e4rkte D-A-CH und Schweden konzentriert. In anderen M\u00e4rkten kooperieren wir mit lokalen Partnern, die gegebenenfalls von mobilen Technikern aus unserem internen Team unterst\u00fctzt werden.<\/p>\t\t\t\t\t\t\t\t<\/div>\n\t\t\t\t<\/div>\n\t\t\t\t<div class=\"elementor-element elementor-element-5549904 elementor-align-left elementor-widget elementor-widget-button\" data-id=\"5549904\" data-element_type=\"widget\" data-widget_type=\"button.default\">\n\t\t\t\t<div class=\"elementor-widget-container\">\n\t\t\t\t\t\t\t\t\t<div class=\"elementor-button-wrapper\">\n\t\t\t\t\t<a class=\"elementor-button elementor-button-link elementor-size-sm\" href=\"https:\/\/centriair.com\/wp-content\/uploads\/2023\/05\/Why-service_web.pdf\" id=\"button-new\">\n\t\t\t\t\t\t<span class=\"elementor-button-content-wrapper\">\n\t\t\t\t\t\t<span class=\"elementor-button-icon\">\n\t\t\t\t<i aria-hidden=\"true\" class=\"fas fa-file-download\"><\/i>\t\t\t<\/span>\n\t\t\t\t\t\t\t\t\t<span class=\"elementor-button-text\">Why service? (PDF)<\/span>\n\t\t\t\t\t<\/span>\n\t\t\t\t\t<\/a>\n\t\t\t\t<\/div>\n\t\t\t\t\t\t\t\t<\/div>\n\t\t\t\t<\/div>\n\t\t\t\t<\/div>\n\t\t<div class=\"elementor-element elementor-element-1d6d4e3 e-con-full e-flex e-con e-child\" data-id=\"1d6d4e3\" data-element_type=\"container\">\n\t\t\t\t<div class=\"elementor-element elementor-element-a9ae182 elementor-widget elementor-widget-image\" data-id=\"a9ae182\" data-element_type=\"widget\" data-widget_type=\"image.default\">\n\t\t\t\t<div class=\"elementor-widget-container\">\n\t\t\t\t\t\t\t\t\t\t\t\t\t\t\t<img decoding=\"async\" width=\"768\" height=\"512\" src=\"https:\/\/centriair.com\/wp-content\/uploads\/2023\/05\/Centriair-service-1-768x512.jpg\" class=\"attachment-medium_large size-medium_large wp-image-3536\" alt=\"Odour control service\" srcset=\"https:\/\/centriair.com\/wp-content\/uploads\/2023\/05\/Centriair-service-1-768x512.jpg 768w, https:\/\/centriair.com\/wp-content\/uploads\/2023\/05\/Centriair-service-1-300x200.jpg 300w, https:\/\/centriair.com\/wp-content\/uploads\/2023\/05\/Centriair-service-1-1024x683.jpg 1024w, https:\/\/centriair.com\/wp-content\/uploads\/2023\/05\/Centriair-service-1-1536x1024.jpg 1536w, https:\/\/centriair.com\/wp-content\/uploads\/2023\/05\/Centriair-service-1-2048x1365.jpg 2048w\" sizes=\"(max-width: 768px) 100vw, 768px\" \/>\t\t\t\t\t\t\t\t\t\t\t\t\t\t\t<\/div>\n\t\t\t\t<\/div>\n\t\t\t\t<\/div>\n\t\t\t\t\t<\/div>\n\t\t\t\t<\/div>\n\t\t\t\t<\/div>\n\t\t","protected":false},"excerpt":{"rendered":"<p>Echtzeit-\u00dcberwachungs-, Steuerungs- und Optimierungssysteme sorgen f\u00fcr ein H\u00f6chstma\u00df an nachhaltiger Leistung. \u00dcberwachung Die \u00dcberwachung, also die Fern\u00fcberwachung der Anlagen, ist f\u00fcr Centriair ein besonderes Anliegen. Durch eine permanente \u00dcberwachung der Anlagen k\u00f6nnen unsere Kunden sicher sein, dass die Emissionen aus ihrem Betrieb innerhalb der Grenzwerte (z.B. der TA-Luft) liegen und keine Beschwerden von Nachbarn eingehen. [&hellip;]<\/p>\n","protected":false},"author":1,"featured_media":0,"parent":3766,"menu_order":0,"comment_status":"closed","ping_status":"closed","template":"","meta":{"_acf_changed":false,"footnotes":""},"class_list":["post-3780","page","type-page","status-publish","hentry"],"acf":[],"yoast_head":"<!-- This site is optimized with the Yoast SEO plugin v26.8 - https:\/\/yoast.com\/product\/yoast-seo-wordpress\/ -->\n<title>Steuerungs- und Optimierungssysteme - We are Centriair<\/title>\n<meta name=\"robots\" content=\"index, follow, max-snippet:-1, max-image-preview:large, max-video-preview:-1\" \/>\n<link rel=\"canonical\" href=\"https:\/\/centriair.com\/de\/industrielle-geruchsreduktion-technologien\/steuerungs-und-optimierungssysteme\/\" \/>\n<meta property=\"og:locale\" content=\"de_DE\" \/>\n<meta property=\"og:type\" content=\"article\" \/>\n<meta property=\"og:title\" content=\"Steuerungs- und Optimierungssysteme - We are Centriair\" \/>\n<meta property=\"og:description\" content=\"Echtzeit-\u00dcberwachungs-, Steuerungs- und Optimierungssysteme sorgen f\u00fcr ein H\u00f6chstma\u00df an nachhaltiger Leistung. \u00dcberwachung Die \u00dcberwachung, also die Fern\u00fcberwachung der Anlagen, ist f\u00fcr Centriair ein besonderes Anliegen. Durch eine permanente \u00dcberwachung der Anlagen k\u00f6nnen unsere Kunden sicher sein, dass die Emissionen aus ihrem Betrieb innerhalb der Grenzwerte (z.B. der TA-Luft) liegen und keine Beschwerden von Nachbarn eingehen. [&hellip;]\" \/>\n<meta property=\"og:url\" content=\"https:\/\/centriair.com\/de\/industrielle-geruchsreduktion-technologien\/steuerungs-und-optimierungssysteme\/\" \/>\n<meta property=\"og:site_name\" content=\"We are Centriair\" \/>\n<meta property=\"article:modified_time\" content=\"2025-03-11T08:45:30+00:00\" \/>\n<meta property=\"og:image\" content=\"https:\/\/centriair.hemhosting.se\/wp-content\/uploads\/2023\/05\/Centriair-installation_9-768x512.jpg\" \/>\n<meta name=\"twitter:card\" content=\"summary_large_image\" \/>\n<meta name=\"twitter:label1\" content=\"Gesch\u00e4tzte Lesezeit\" \/>\n\t<meta name=\"twitter:data1\" content=\"1\u00a0Minute\" \/>\n<script type=\"application\/ld+json\" class=\"yoast-schema-graph\">{\"@context\":\"https:\/\/schema.org\",\"@graph\":[{\"@type\":\"WebPage\",\"@id\":\"https:\/\/centriair.com\/de\/industrielle-geruchsreduktion-technologien\/steuerungs-und-optimierungssysteme\/\",\"url\":\"https:\/\/centriair.com\/de\/industrielle-geruchsreduktion-technologien\/steuerungs-und-optimierungssysteme\/\",\"name\":\"Steuerungs- und Optimierungssysteme - We are Centriair\",\"isPartOf\":{\"@id\":\"https:\/\/centriair.com\/de\/#website\"},\"primaryImageOfPage\":{\"@id\":\"https:\/\/centriair.com\/de\/industrielle-geruchsreduktion-technologien\/steuerungs-und-optimierungssysteme\/#primaryimage\"},\"image\":{\"@id\":\"https:\/\/centriair.com\/de\/industrielle-geruchsreduktion-technologien\/steuerungs-und-optimierungssysteme\/#primaryimage\"},\"thumbnailUrl\":\"https:\/\/centriair.hemhosting.se\/wp-content\/uploads\/2023\/05\/Centriair-installation_9-768x512.jpg\",\"datePublished\":\"2023-03-06T10:21:38+00:00\",\"dateModified\":\"2025-03-11T08:45:30+00:00\",\"breadcrumb\":{\"@id\":\"https:\/\/centriair.com\/de\/industrielle-geruchsreduktion-technologien\/steuerungs-und-optimierungssysteme\/#breadcrumb\"},\"inLanguage\":\"de\",\"potentialAction\":[{\"@type\":\"ReadAction\",\"target\":[\"https:\/\/centriair.com\/de\/industrielle-geruchsreduktion-technologien\/steuerungs-und-optimierungssysteme\/\"]}]},{\"@type\":\"ImageObject\",\"inLanguage\":\"de\",\"@id\":\"https:\/\/centriair.com\/de\/industrielle-geruchsreduktion-technologien\/steuerungs-und-optimierungssysteme\/#primaryimage\",\"url\":\"https:\/\/centriair.hemhosting.se\/wp-content\/uploads\/2023\/05\/Centriair-installation_9-768x512.jpg\",\"contentUrl\":\"https:\/\/centriair.hemhosting.se\/wp-content\/uploads\/2023\/05\/Centriair-installation_9-768x512.jpg\"},{\"@type\":\"BreadcrumbList\",\"@id\":\"https:\/\/centriair.com\/de\/industrielle-geruchsreduktion-technologien\/steuerungs-und-optimierungssysteme\/#breadcrumb\",\"itemListElement\":[{\"@type\":\"ListItem\",\"position\":1,\"name\":\"Home\",\"item\":\"https:\/\/centriair.com\/de\/\"},{\"@type\":\"ListItem\",\"position\":2,\"name\":\"Technologien\",\"item\":\"https:\/\/centriair.com\/de\/industrial-odour-control-technologies\/\"},{\"@type\":\"ListItem\",\"position\":3,\"name\":\"Steuerungs- und Optimierungssysteme\"}]},{\"@type\":\"WebSite\",\"@id\":\"https:\/\/centriair.com\/de\/#website\",\"url\":\"https:\/\/centriair.com\/de\/\",\"name\":\"Centriair\",\"description\":\"Cleaner air. Fewer resources.\",\"publisher\":{\"@id\":\"https:\/\/centriair.com\/de\/#organization\"},\"potentialAction\":[{\"@type\":\"SearchAction\",\"target\":{\"@type\":\"EntryPoint\",\"urlTemplate\":\"https:\/\/centriair.com\/de\/?s={search_term_string}\"},\"query-input\":{\"@type\":\"PropertyValueSpecification\",\"valueRequired\":true,\"valueName\":\"search_term_string\"}}],\"inLanguage\":\"de\"},{\"@type\":\"Organization\",\"@id\":\"https:\/\/centriair.com\/de\/#organization\",\"name\":\"Centriair\",\"url\":\"https:\/\/centriair.com\/de\/\",\"logo\":{\"@type\":\"ImageObject\",\"inLanguage\":\"de\",\"@id\":\"https:\/\/centriair.com\/de\/#\/schema\/logo\/image\/\",\"url\":\"https:\/\/centriair.com\/wp-content\/uploads\/2022\/11\/Centriair_logo-blue.svg\",\"contentUrl\":\"https:\/\/centriair.com\/wp-content\/uploads\/2022\/11\/Centriair_logo-blue.svg\",\"width\":250,\"height\":65,\"caption\":\"Centriair\"},\"image\":{\"@id\":\"https:\/\/centriair.com\/de\/#\/schema\/logo\/image\/\"}}]}<\/script>\n<!-- \/ Yoast SEO plugin. -->","yoast_head_json":{"title":"Steuerungs- und Optimierungssysteme - We are Centriair","robots":{"index":"index","follow":"follow","max-snippet":"max-snippet:-1","max-image-preview":"max-image-preview:large","max-video-preview":"max-video-preview:-1"},"canonical":"https:\/\/centriair.com\/de\/industrielle-geruchsreduktion-technologien\/steuerungs-und-optimierungssysteme\/","og_locale":"de_DE","og_type":"article","og_title":"Steuerungs- und Optimierungssysteme - We are Centriair","og_description":"Echtzeit-\u00dcberwachungs-, Steuerungs- und Optimierungssysteme sorgen f\u00fcr ein H\u00f6chstma\u00df an nachhaltiger Leistung. \u00dcberwachung Die \u00dcberwachung, also die Fern\u00fcberwachung der Anlagen, ist f\u00fcr Centriair ein besonderes Anliegen. Durch eine permanente \u00dcberwachung der Anlagen k\u00f6nnen unsere Kunden sicher sein, dass die Emissionen aus ihrem Betrieb innerhalb der Grenzwerte (z.B. der TA-Luft) liegen und keine Beschwerden von Nachbarn eingehen. [&hellip;]","og_url":"https:\/\/centriair.com\/de\/industrielle-geruchsreduktion-technologien\/steuerungs-und-optimierungssysteme\/","og_site_name":"We are Centriair","article_modified_time":"2025-03-11T08:45:30+00:00","og_image":[{"url":"https:\/\/centriair.hemhosting.se\/wp-content\/uploads\/2023\/05\/Centriair-installation_9-768x512.jpg","type":"","width":"","height":""}],"twitter_card":"summary_large_image","twitter_misc":{"Gesch\u00e4tzte Lesezeit":"1\u00a0Minute"},"schema":{"@context":"https:\/\/schema.org","@graph":[{"@type":"WebPage","@id":"https:\/\/centriair.com\/de\/industrielle-geruchsreduktion-technologien\/steuerungs-und-optimierungssysteme\/","url":"https:\/\/centriair.com\/de\/industrielle-geruchsreduktion-technologien\/steuerungs-und-optimierungssysteme\/","name":"Steuerungs- und Optimierungssysteme - We are Centriair","isPartOf":{"@id":"https:\/\/centriair.com\/de\/#website"},"primaryImageOfPage":{"@id":"https:\/\/centriair.com\/de\/industrielle-geruchsreduktion-technologien\/steuerungs-und-optimierungssysteme\/#primaryimage"},"image":{"@id":"https:\/\/centriair.com\/de\/industrielle-geruchsreduktion-technologien\/steuerungs-und-optimierungssysteme\/#primaryimage"},"thumbnailUrl":"https:\/\/centriair.hemhosting.se\/wp-content\/uploads\/2023\/05\/Centriair-installation_9-768x512.jpg","datePublished":"2023-03-06T10:21:38+00:00","dateModified":"2025-03-11T08:45:30+00:00","breadcrumb":{"@id":"https:\/\/centriair.com\/de\/industrielle-geruchsreduktion-technologien\/steuerungs-und-optimierungssysteme\/#breadcrumb"},"inLanguage":"de","potentialAction":[{"@type":"ReadAction","target":["https:\/\/centriair.com\/de\/industrielle-geruchsreduktion-technologien\/steuerungs-und-optimierungssysteme\/"]}]},{"@type":"ImageObject","inLanguage":"de","@id":"https:\/\/centriair.com\/de\/industrielle-geruchsreduktion-technologien\/steuerungs-und-optimierungssysteme\/#primaryimage","url":"https:\/\/centriair.hemhosting.se\/wp-content\/uploads\/2023\/05\/Centriair-installation_9-768x512.jpg","contentUrl":"https:\/\/centriair.hemhosting.se\/wp-content\/uploads\/2023\/05\/Centriair-installation_9-768x512.jpg"},{"@type":"BreadcrumbList","@id":"https:\/\/centriair.com\/de\/industrielle-geruchsreduktion-technologien\/steuerungs-und-optimierungssysteme\/#breadcrumb","itemListElement":[{"@type":"ListItem","position":1,"name":"Home","item":"https:\/\/centriair.com\/de\/"},{"@type":"ListItem","position":2,"name":"Technologien","item":"https:\/\/centriair.com\/de\/industrial-odour-control-technologies\/"},{"@type":"ListItem","position":3,"name":"Steuerungs- und Optimierungssysteme"}]},{"@type":"WebSite","@id":"https:\/\/centriair.com\/de\/#website","url":"https:\/\/centriair.com\/de\/","name":"Centriair","description":"Cleaner air. Fewer resources.","publisher":{"@id":"https:\/\/centriair.com\/de\/#organization"},"potentialAction":[{"@type":"SearchAction","target":{"@type":"EntryPoint","urlTemplate":"https:\/\/centriair.com\/de\/?s={search_term_string}"},"query-input":{"@type":"PropertyValueSpecification","valueRequired":true,"valueName":"search_term_string"}}],"inLanguage":"de"},{"@type":"Organization","@id":"https:\/\/centriair.com\/de\/#organization","name":"Centriair","url":"https:\/\/centriair.com\/de\/","logo":{"@type":"ImageObject","inLanguage":"de","@id":"https:\/\/centriair.com\/de\/#\/schema\/logo\/image\/","url":"https:\/\/centriair.com\/wp-content\/uploads\/2022\/11\/Centriair_logo-blue.svg","contentUrl":"https:\/\/centriair.com\/wp-content\/uploads\/2022\/11\/Centriair_logo-blue.svg","width":250,"height":65,"caption":"Centriair"},"image":{"@id":"https:\/\/centriair.com\/de\/#\/schema\/logo\/image\/"}}]}},"_links":{"self":[{"href":"https:\/\/centriair.com\/de\/wp-json\/wp\/v2\/pages\/3780","targetHints":{"allow":["GET"]}}],"collection":[{"href":"https:\/\/centriair.com\/de\/wp-json\/wp\/v2\/pages"}],"about":[{"href":"https:\/\/centriair.com\/de\/wp-json\/wp\/v2\/types\/page"}],"author":[{"embeddable":true,"href":"https:\/\/centriair.com\/de\/wp-json\/wp\/v2\/users\/1"}],"replies":[{"embeddable":true,"href":"https:\/\/centriair.com\/de\/wp-json\/wp\/v2\/comments?post=3780"}],"version-history":[{"count":16,"href":"https:\/\/centriair.com\/de\/wp-json\/wp\/v2\/pages\/3780\/revisions"}],"predecessor-version":[{"id":8791,"href":"https:\/\/centriair.com\/de\/wp-json\/wp\/v2\/pages\/3780\/revisions\/8791"}],"up":[{"embeddable":true,"href":"https:\/\/centriair.com\/de\/wp-json\/wp\/v2\/pages\/3766"}],"wp:attachment":[{"href":"https:\/\/centriair.com\/de\/wp-json\/wp\/v2\/media?parent=3780"}],"curies":[{"name":"wp","href":"https:\/\/api.w.org\/{rel}","templated":true}]}}