{"id":3776,"date":"2022-12-20T14:54:55","date_gmt":"2022-12-20T13:54:55","guid":{"rendered":"https:\/\/centriair.hemhosting.se\/case\/"},"modified":"2025-03-07T14:56:06","modified_gmt":"2025-03-07T13:56:06","slug":"beispiele","status":"publish","type":"page","link":"https:\/\/centriair.com\/de\/beispiele\/","title":{"rendered":"Beispiele"},"content":{"rendered":"\t\t<div data-elementor-type=\"wp-page\" data-elementor-id=\"3776\" class=\"elementor elementor-3776 elementor-319\" data-elementor-post-type=\"page\">\n\t\t\t\t<div class=\"elementor-element elementor-element-002221f e-flex e-con-boxed e-con e-parent\" data-id=\"002221f\" data-element_type=\"container\" data-settings=\"{&quot;background_background&quot;:&quot;classic&quot;}\">\n\t\t\t\t\t<div class=\"e-con-inner\">\n\t\t<div class=\"elementor-element elementor-element-3003a42 e-con-full e-flex e-con e-child\" data-id=\"3003a42\" data-element_type=\"container\">\n\t\t\t\t<\/div>\n\t\t<div class=\"elementor-element elementor-element-b82b539 e-con-full e-flex e-con e-child\" data-id=\"b82b539\" data-element_type=\"container\">\n\t\t\t\t<div class=\"elementor-element elementor-element-31f84f9 elementor-widget elementor-widget-text-editor\" data-id=\"31f84f9\" data-element_type=\"widget\" data-widget_type=\"text-editor.default\">\n\t\t\t\t<div class=\"elementor-widget-container\">\n\t\t\t\t\t\t\t\t\t<p><strong>Centriair blickt auf eine starke Erfolgsbilanz bei Installationen zur\u00fcck. <\/strong>Eine gro\u00dfe Anzahl von Installationen weltweit befindet sich in den Bereichen Lebensmittelverarbeitung, Biogas, feste Abf\u00e4lle, Abwasser und mehr. Hier finden Sie einige ausgew\u00e4hlte Referenzen in der Abluftreinigung.<\/p>\t\t\t\t\t\t\t\t<\/div>\n\t\t\t\t<\/div>\n\t\t\t\t<\/div>\n\t\t\t\t\t<\/div>\n\t\t\t\t<\/div>\n\t\t<div class=\"elementor-element elementor-element-7b9959e e-flex e-con-boxed e-con e-parent\" data-id=\"7b9959e\" data-element_type=\"container\">\n\t\t\t\t\t<div class=\"e-con-inner\">\n\t\t\t\t\t<\/div>\n\t\t\t\t<\/div>\n\t\t\t\t<\/div>\n\t\t","protected":false},"excerpt":{"rendered":"<p>Centriair blickt auf eine starke Erfolgsbilanz bei Installationen zur\u00fcck. Eine gro\u00dfe Anzahl von Installationen weltweit befindet sich in den Bereichen Lebensmittelverarbeitung, Biogas, feste Abf\u00e4lle, Abwasser und mehr. Hier finden Sie einige ausgew\u00e4hlte Referenzen in der Abluftreinigung.<\/p>\n","protected":false},"author":1,"featured_media":0,"parent":0,"menu_order":0,"comment_status":"closed","ping_status":"closed","template":"","meta":{"_acf_changed":false,"footnotes":""},"class_list":["post-3776","page","type-page","status-publish","hentry"],"acf":[],"yoast_head":"<!-- This site is optimized with the Yoast SEO plugin v26.8 - https:\/\/yoast.com\/product\/yoast-seo-wordpress\/ -->\n<title>Beispiele - We are Centriair<\/title>\n<meta name=\"robots\" content=\"index, follow, max-snippet:-1, max-image-preview:large, max-video-preview:-1\" \/>\n<link rel=\"canonical\" href=\"https:\/\/centriair.com\/de\/beispiele\/\" \/>\n<meta property=\"og:locale\" content=\"de_DE\" \/>\n<meta property=\"og:type\" content=\"article\" \/>\n<meta property=\"og:title\" content=\"Beispiele - We are Centriair\" \/>\n<meta property=\"og:description\" content=\"Centriair blickt auf eine starke Erfolgsbilanz bei Installationen zur\u00fcck. Eine gro\u00dfe Anzahl von Installationen weltweit befindet sich in den Bereichen Lebensmittelverarbeitung, Biogas, feste Abf\u00e4lle, Abwasser und mehr. Hier finden Sie einige ausgew\u00e4hlte Referenzen in der Abluftreinigung.\" \/>\n<meta property=\"og:url\" content=\"https:\/\/centriair.com\/de\/beispiele\/\" \/>\n<meta property=\"og:site_name\" content=\"We are Centriair\" \/>\n<meta property=\"article:modified_time\" content=\"2025-03-07T13:56:06+00:00\" \/>\n<meta name=\"twitter:card\" content=\"summary_large_image\" \/>\n<script type=\"application\/ld+json\" class=\"yoast-schema-graph\">{\"@context\":\"https:\/\/schema.org\",\"@graph\":[{\"@type\":\"WebPage\",\"@id\":\"https:\/\/centriair.com\/de\/beispiele\/\",\"url\":\"https:\/\/centriair.com\/de\/beispiele\/\",\"name\":\"Beispiele - We are Centriair\",\"isPartOf\":{\"@id\":\"https:\/\/centriair.com\/de\/#website\"},\"datePublished\":\"2022-12-20T13:54:55+00:00\",\"dateModified\":\"2025-03-07T13:56:06+00:00\",\"breadcrumb\":{\"@id\":\"https:\/\/centriair.com\/de\/beispiele\/#breadcrumb\"},\"inLanguage\":\"de\",\"potentialAction\":[{\"@type\":\"ReadAction\",\"target\":[\"https:\/\/centriair.com\/de\/beispiele\/\"]}]},{\"@type\":\"BreadcrumbList\",\"@id\":\"https:\/\/centriair.com\/de\/beispiele\/#breadcrumb\",\"itemListElement\":[{\"@type\":\"ListItem\",\"position\":1,\"name\":\"Home\",\"item\":\"https:\/\/centriair.com\/de\/\"},{\"@type\":\"ListItem\",\"position\":2,\"name\":\"Beispiele\"}]},{\"@type\":\"WebSite\",\"@id\":\"https:\/\/centriair.com\/de\/#website\",\"url\":\"https:\/\/centriair.com\/de\/\",\"name\":\"Centriair\",\"description\":\"Cleaner air. Fewer resources.\",\"publisher\":{\"@id\":\"https:\/\/centriair.com\/de\/#organization\"},\"potentialAction\":[{\"@type\":\"SearchAction\",\"target\":{\"@type\":\"EntryPoint\",\"urlTemplate\":\"https:\/\/centriair.com\/de\/?s={search_term_string}\"},\"query-input\":{\"@type\":\"PropertyValueSpecification\",\"valueRequired\":true,\"valueName\":\"search_term_string\"}}],\"inLanguage\":\"de\"},{\"@type\":\"Organization\",\"@id\":\"https:\/\/centriair.com\/de\/#organization\",\"name\":\"Centriair\",\"url\":\"https:\/\/centriair.com\/de\/\",\"logo\":{\"@type\":\"ImageObject\",\"inLanguage\":\"de\",\"@id\":\"https:\/\/centriair.com\/de\/#\/schema\/logo\/image\/\",\"url\":\"https:\/\/centriair.com\/wp-content\/uploads\/2022\/11\/Centriair_logo-blue.svg\",\"contentUrl\":\"https:\/\/centriair.com\/wp-content\/uploads\/2022\/11\/Centriair_logo-blue.svg\",\"width\":250,\"height\":65,\"caption\":\"Centriair\"},\"image\":{\"@id\":\"https:\/\/centriair.com\/de\/#\/schema\/logo\/image\/\"}}]}<\/script>\n<!-- \/ Yoast SEO plugin. -->","yoast_head_json":{"title":"Beispiele - We are Centriair","robots":{"index":"index","follow":"follow","max-snippet":"max-snippet:-1","max-image-preview":"max-image-preview:large","max-video-preview":"max-video-preview:-1"},"canonical":"https:\/\/centriair.com\/de\/beispiele\/","og_locale":"de_DE","og_type":"article","og_title":"Beispiele - We are Centriair","og_description":"Centriair blickt auf eine starke Erfolgsbilanz bei Installationen zur\u00fcck. Eine gro\u00dfe Anzahl von Installationen weltweit befindet sich in den Bereichen Lebensmittelverarbeitung, Biogas, feste Abf\u00e4lle, Abwasser und mehr. Hier finden Sie einige ausgew\u00e4hlte Referenzen in der Abluftreinigung.","og_url":"https:\/\/centriair.com\/de\/beispiele\/","og_site_name":"We are Centriair","article_modified_time":"2025-03-07T13:56:06+00:00","twitter_card":"summary_large_image","schema":{"@context":"https:\/\/schema.org","@graph":[{"@type":"WebPage","@id":"https:\/\/centriair.com\/de\/beispiele\/","url":"https:\/\/centriair.com\/de\/beispiele\/","name":"Beispiele - We are Centriair","isPartOf":{"@id":"https:\/\/centriair.com\/de\/#website"},"datePublished":"2022-12-20T13:54:55+00:00","dateModified":"2025-03-07T13:56:06+00:00","breadcrumb":{"@id":"https:\/\/centriair.com\/de\/beispiele\/#breadcrumb"},"inLanguage":"de","potentialAction":[{"@type":"ReadAction","target":["https:\/\/centriair.com\/de\/beispiele\/"]}]},{"@type":"BreadcrumbList","@id":"https:\/\/centriair.com\/de\/beispiele\/#breadcrumb","itemListElement":[{"@type":"ListItem","position":1,"name":"Home","item":"https:\/\/centriair.com\/de\/"},{"@type":"ListItem","position":2,"name":"Beispiele"}]},{"@type":"WebSite","@id":"https:\/\/centriair.com\/de\/#website","url":"https:\/\/centriair.com\/de\/","name":"Centriair","description":"Cleaner air. Fewer resources.","publisher":{"@id":"https:\/\/centriair.com\/de\/#organization"},"potentialAction":[{"@type":"SearchAction","target":{"@type":"EntryPoint","urlTemplate":"https:\/\/centriair.com\/de\/?s={search_term_string}"},"query-input":{"@type":"PropertyValueSpecification","valueRequired":true,"valueName":"search_term_string"}}],"inLanguage":"de"},{"@type":"Organization","@id":"https:\/\/centriair.com\/de\/#organization","name":"Centriair","url":"https:\/\/centriair.com\/de\/","logo":{"@type":"ImageObject","inLanguage":"de","@id":"https:\/\/centriair.com\/de\/#\/schema\/logo\/image\/","url":"https:\/\/centriair.com\/wp-content\/uploads\/2022\/11\/Centriair_logo-blue.svg","contentUrl":"https:\/\/centriair.com\/wp-content\/uploads\/2022\/11\/Centriair_logo-blue.svg","width":250,"height":65,"caption":"Centriair"},"image":{"@id":"https:\/\/centriair.com\/de\/#\/schema\/logo\/image\/"}}]}},"_links":{"self":[{"href":"https:\/\/centriair.com\/de\/wp-json\/wp\/v2\/pages\/3776","targetHints":{"allow":["GET"]}}],"collection":[{"href":"https:\/\/centriair.com\/de\/wp-json\/wp\/v2\/pages"}],"about":[{"href":"https:\/\/centriair.com\/de\/wp-json\/wp\/v2\/types\/page"}],"author":[{"embeddable":true,"href":"https:\/\/centriair.com\/de\/wp-json\/wp\/v2\/users\/1"}],"replies":[{"embeddable":true,"href":"https:\/\/centriair.com\/de\/wp-json\/wp\/v2\/comments?post=3776"}],"version-history":[{"count":25,"href":"https:\/\/centriair.com\/de\/wp-json\/wp\/v2\/pages\/3776\/revisions"}],"predecessor-version":[{"id":8686,"href":"https:\/\/centriair.com\/de\/wp-json\/wp\/v2\/pages\/3776\/revisions\/8686"}],"wp:attachment":[{"href":"https:\/\/centriair.com\/de\/wp-json\/wp\/v2\/media?parent=3776"}],"curies":[{"name":"wp","href":"https:\/\/api.w.org\/{rel}","templated":true}]}}