{"id":3772,"date":"2023-03-09T09:46:13","date_gmt":"2023-03-09T08:46:13","guid":{"rendered":"https:\/\/centriair.hemhosting.se\/about-centriair\/the-company\/"},"modified":"2025-03-07T15:05:21","modified_gmt":"2025-03-07T14:05:21","slug":"das-unternehmen","status":"publish","type":"page","link":"https:\/\/centriair.com\/de\/ueber-centriair\/das-unternehmen\/","title":{"rendered":"Das Unternehmen"},"content":{"rendered":"\t\t<div data-elementor-type=\"wp-page\" data-elementor-id=\"3772\" class=\"elementor elementor-3772 elementor-1134\" data-elementor-post-type=\"page\">\n\t\t\t\t<div class=\"elementor-element elementor-element-e4030fb e-flex e-con-boxed e-con e-parent\" data-id=\"e4030fb\" data-element_type=\"container\" data-settings=\"{&quot;background_background&quot;:&quot;classic&quot;}\">\n\t\t\t\t\t<div class=\"e-con-inner\">\n\t\t<div class=\"elementor-element elementor-element-b6989a3 e-con-full e-flex e-con e-child\" data-id=\"b6989a3\" data-element_type=\"container\">\n\t\t\t\t<\/div>\n\t\t<div class=\"elementor-element elementor-element-c6be4f5 e-con-full e-flex e-con e-child\" data-id=\"c6be4f5\" data-element_type=\"container\">\n\t\t\t\t<div class=\"elementor-element elementor-element-c7b11fb elementor-widget elementor-widget-text-editor\" data-id=\"c7b11fb\" data-element_type=\"widget\" data-widget_type=\"text-editor.default\">\n\t\t\t\t<div class=\"elementor-widget-container\">\n\t\t\t\t\t\t\t\t\t<p><strong>Unternehmensgeschichte von Centriair. <\/strong>Centriair hat den Fokus auf Nachhaltigkeit von Anfang an beibehalten und sich insbesondere in den letzten 5 Jahren von einem lokalen Unternehmen zu einem weltweit anerkannten Lieferanten im Geruchssegment entwickelt.<\/p>\t\t\t\t\t\t\t\t<\/div>\n\t\t\t\t<\/div>\n\t\t\t\t<\/div>\n\t\t\t\t\t<\/div>\n\t\t\t\t<\/div>\n\t\t<div class=\"elementor-element elementor-element-ac75d01 e-flex e-con-boxed e-con e-parent\" data-id=\"ac75d01\" data-element_type=\"container\">\n\t\t\t\t\t<div class=\"e-con-inner\">\n\t\t<div class=\"elementor-element elementor-element-697f9ba e-con-full e-flex e-con e-child\" data-id=\"697f9ba\" data-element_type=\"container\">\n\t\t\t\t<div class=\"elementor-element elementor-element-2aa9a83 elementor-widget elementor-widget-text-editor\" data-id=\"2aa9a83\" data-element_type=\"widget\" data-widget_type=\"text-editor.default\">\n\t\t\t\t<div class=\"elementor-widget-container\">\n\t\t\t\t\t\t\t\t\t<p>Centriair wurde im Jahr 2007 von Jack Delin und Per Kaijser als schwedisches Unternehmen gegr\u00fcndet. Urspr\u00fcnglich lag unser Schwerpunkt auf der Unterst\u00fctzung der industriellen Lebensmittelverarbeitung, insbesondere im Bereich des Bratens\/Frittieren von knusprigen Speisen wie Pommes Frites. Im Laufe der Jahre haben wir unser T\u00e4tigkeitsfeld erweitert und sind auch in den Bereichen feste Abf\u00e4lle und Abwasser t\u00e4tig geworden. Im Jahr 2016 haben wir unsere erste Lieferung an eine Biogasanlage durchgef\u00fchrt, um unseren Beitrag zur nachhaltigen Energiegewinnung zu leisten.<\/p><p>Im Jahr 2018 wurde das deutsche B\u00fcro von Frank Seitz gegr\u00fcndet, der \u00fcber mehrere Jahrzehnte Erfahrung in der VOC- und Geruchsbeseitigung verf\u00fcgt.<\/p>\t\t\t\t\t\t\t\t<\/div>\n\t\t\t\t<\/div>\n\t\t\t\t<\/div>\n\t\t<div class=\"elementor-element elementor-element-53d6664 e-con-full e-flex e-con e-child\" data-id=\"53d6664\" data-element_type=\"container\">\n\t\t\t\t<div class=\"elementor-element elementor-element-b147559 elementor-widget elementor-widget-image\" data-id=\"b147559\" data-element_type=\"widget\" data-widget_type=\"image.default\">\n\t\t\t\t<div class=\"elementor-widget-container\">\n\t\t\t\t\t\t\t\t\t\t\t\t\t\t\t<img fetchpriority=\"high\" decoding=\"async\" width=\"768\" height=\"510\" src=\"https:\/\/centriair.com\/wp-content\/uploads\/2023\/05\/Centriair-company-conference-768x510.jpg\" class=\"attachment-medium_large size-medium_large wp-image-3561\" alt=\"Centriair 2023\" srcset=\"https:\/\/centriair.com\/wp-content\/uploads\/2023\/05\/Centriair-company-conference-768x510.jpg 768w, https:\/\/centriair.com\/wp-content\/uploads\/2023\/05\/Centriair-company-conference-300x199.jpg 300w, https:\/\/centriair.com\/wp-content\/uploads\/2023\/05\/Centriair-company-conference-1024x680.jpg 1024w, https:\/\/centriair.com\/wp-content\/uploads\/2023\/05\/Centriair-company-conference-1536x1020.jpg 1536w, https:\/\/centriair.com\/wp-content\/uploads\/2023\/05\/Centriair-company-conference-2048x1360.jpg 2048w\" sizes=\"(max-width: 768px) 100vw, 768px\" \/>\t\t\t\t\t\t\t\t\t\t\t\t\t\t\t<\/div>\n\t\t\t\t<\/div>\n\t\t\t\t<\/div>\n\t\t\t\t\t<\/div>\n\t\t\t\t<\/div>\n\t\t<div class=\"elementor-element elementor-element-83f18c7 e-flex e-con-boxed e-con e-parent\" data-id=\"83f18c7\" data-element_type=\"container\">\n\t\t\t\t\t<div class=\"e-con-inner\">\n\t\t\t\t<div class=\"elementor-element elementor-element-02b650b elementor-widget elementor-widget-image\" data-id=\"02b650b\" data-element_type=\"widget\" data-widget_type=\"image.default\">\n\t\t\t\t<div class=\"elementor-widget-container\">\n\t\t\t\t\t\t\t\t\t\t\t\t\t\t\t<img decoding=\"async\" width=\"1920\" height=\"1080\" src=\"https:\/\/centriair.com\/wp-content\/uploads\/2023\/05\/Centriair-milestones-1.png\" class=\"attachment-full size-full wp-image-3593\" alt=\"\" srcset=\"https:\/\/centriair.com\/wp-content\/uploads\/2023\/05\/Centriair-milestones-1.png 1920w, https:\/\/centriair.com\/wp-content\/uploads\/2023\/05\/Centriair-milestones-1-300x169.png 300w, https:\/\/centriair.com\/wp-content\/uploads\/2023\/05\/Centriair-milestones-1-1024x576.png 1024w, https:\/\/centriair.com\/wp-content\/uploads\/2023\/05\/Centriair-milestones-1-768x432.png 768w, https:\/\/centriair.com\/wp-content\/uploads\/2023\/05\/Centriair-milestones-1-1536x864.png 1536w\" sizes=\"(max-width: 1920px) 100vw, 1920px\" \/>\t\t\t\t\t\t\t\t\t\t\t\t\t\t\t<\/div>\n\t\t\t\t<\/div>\n\t\t\t\t\t<\/div>\n\t\t\t\t<\/div>\n\t\t\t\t<\/div>\n\t\t","protected":false},"excerpt":{"rendered":"<p>Unternehmensgeschichte von Centriair. Centriair hat den Fokus auf Nachhaltigkeit von Anfang an beibehalten und sich insbesondere in den letzten 5 Jahren von einem lokalen Unternehmen zu einem weltweit anerkannten Lieferanten im Geruchssegment entwickelt. Centriair wurde im Jahr 2007 von Jack Delin und Per Kaijser als schwedisches Unternehmen gegr\u00fcndet. Urspr\u00fcnglich lag unser Schwerpunkt auf der Unterst\u00fctzung [&hellip;]<\/p>\n","protected":false},"author":1,"featured_media":0,"parent":3624,"menu_order":0,"comment_status":"closed","ping_status":"closed","template":"","meta":{"_acf_changed":false,"footnotes":""},"class_list":["post-3772","page","type-page","status-publish","hentry"],"acf":[],"yoast_head":"<!-- This site is optimized with the Yoast SEO plugin v26.8 - https:\/\/yoast.com\/product\/yoast-seo-wordpress\/ -->\n<title>Das Unternehmen - We are Centriair<\/title>\n<meta name=\"robots\" content=\"index, follow, max-snippet:-1, max-image-preview:large, max-video-preview:-1\" \/>\n<link rel=\"canonical\" href=\"https:\/\/centriair.com\/de\/ueber-centriair\/das-unternehmen\/\" \/>\n<meta property=\"og:locale\" content=\"de_DE\" \/>\n<meta property=\"og:type\" content=\"article\" \/>\n<meta property=\"og:title\" content=\"Das Unternehmen - We are Centriair\" \/>\n<meta property=\"og:description\" content=\"Unternehmensgeschichte von Centriair. Centriair hat den Fokus auf Nachhaltigkeit von Anfang an beibehalten und sich insbesondere in den letzten 5 Jahren von einem lokalen Unternehmen zu einem weltweit anerkannten Lieferanten im Geruchssegment entwickelt. Centriair wurde im Jahr 2007 von Jack Delin und Per Kaijser als schwedisches Unternehmen gegr\u00fcndet. Urspr\u00fcnglich lag unser Schwerpunkt auf der Unterst\u00fctzung [&hellip;]\" \/>\n<meta property=\"og:url\" content=\"https:\/\/centriair.com\/de\/ueber-centriair\/das-unternehmen\/\" \/>\n<meta property=\"og:site_name\" content=\"We are Centriair\" \/>\n<meta property=\"article:modified_time\" content=\"2025-03-07T14:05:21+00:00\" \/>\n<meta property=\"og:image\" content=\"https:\/\/centriair.hemhosting.se\/wp-content\/uploads\/2023\/05\/Centriair-company-conference-768x510.jpg\" \/>\n<meta name=\"twitter:card\" content=\"summary_large_image\" \/>\n<meta name=\"twitter:label1\" content=\"Gesch\u00e4tzte Lesezeit\" \/>\n\t<meta name=\"twitter:data1\" content=\"1\u00a0Minute\" \/>\n<script type=\"application\/ld+json\" class=\"yoast-schema-graph\">{\"@context\":\"https:\/\/schema.org\",\"@graph\":[{\"@type\":\"WebPage\",\"@id\":\"https:\/\/centriair.com\/de\/ueber-centriair\/das-unternehmen\/\",\"url\":\"https:\/\/centriair.com\/de\/ueber-centriair\/das-unternehmen\/\",\"name\":\"Das Unternehmen - We are Centriair\",\"isPartOf\":{\"@id\":\"https:\/\/centriair.com\/de\/#website\"},\"primaryImageOfPage\":{\"@id\":\"https:\/\/centriair.com\/de\/ueber-centriair\/das-unternehmen\/#primaryimage\"},\"image\":{\"@id\":\"https:\/\/centriair.com\/de\/ueber-centriair\/das-unternehmen\/#primaryimage\"},\"thumbnailUrl\":\"https:\/\/centriair.hemhosting.se\/wp-content\/uploads\/2023\/05\/Centriair-company-conference-768x510.jpg\",\"datePublished\":\"2023-03-09T08:46:13+00:00\",\"dateModified\":\"2025-03-07T14:05:21+00:00\",\"breadcrumb\":{\"@id\":\"https:\/\/centriair.com\/de\/ueber-centriair\/das-unternehmen\/#breadcrumb\"},\"inLanguage\":\"de\",\"potentialAction\":[{\"@type\":\"ReadAction\",\"target\":[\"https:\/\/centriair.com\/de\/ueber-centriair\/das-unternehmen\/\"]}]},{\"@type\":\"ImageObject\",\"inLanguage\":\"de\",\"@id\":\"https:\/\/centriair.com\/de\/ueber-centriair\/das-unternehmen\/#primaryimage\",\"url\":\"https:\/\/centriair.hemhosting.se\/wp-content\/uploads\/2023\/05\/Centriair-company-conference-768x510.jpg\",\"contentUrl\":\"https:\/\/centriair.hemhosting.se\/wp-content\/uploads\/2023\/05\/Centriair-company-conference-768x510.jpg\"},{\"@type\":\"BreadcrumbList\",\"@id\":\"https:\/\/centriair.com\/de\/ueber-centriair\/das-unternehmen\/#breadcrumb\",\"itemListElement\":[{\"@type\":\"ListItem\",\"position\":1,\"name\":\"Home\",\"item\":\"https:\/\/centriair.com\/de\/\"},{\"@type\":\"ListItem\",\"position\":2,\"name\":\"\u00dcber Centriair\",\"item\":\"https:\/\/centriair.com\/de\/about-centriair\/\"},{\"@type\":\"ListItem\",\"position\":3,\"name\":\"Das Unternehmen\"}]},{\"@type\":\"WebSite\",\"@id\":\"https:\/\/centriair.com\/de\/#website\",\"url\":\"https:\/\/centriair.com\/de\/\",\"name\":\"Centriair\",\"description\":\"Cleaner air. Fewer resources.\",\"publisher\":{\"@id\":\"https:\/\/centriair.com\/de\/#organization\"},\"potentialAction\":[{\"@type\":\"SearchAction\",\"target\":{\"@type\":\"EntryPoint\",\"urlTemplate\":\"https:\/\/centriair.com\/de\/?s={search_term_string}\"},\"query-input\":{\"@type\":\"PropertyValueSpecification\",\"valueRequired\":true,\"valueName\":\"search_term_string\"}}],\"inLanguage\":\"de\"},{\"@type\":\"Organization\",\"@id\":\"https:\/\/centriair.com\/de\/#organization\",\"name\":\"Centriair\",\"url\":\"https:\/\/centriair.com\/de\/\",\"logo\":{\"@type\":\"ImageObject\",\"inLanguage\":\"de\",\"@id\":\"https:\/\/centriair.com\/de\/#\/schema\/logo\/image\/\",\"url\":\"https:\/\/centriair.com\/wp-content\/uploads\/2022\/11\/Centriair_logo-blue.svg\",\"contentUrl\":\"https:\/\/centriair.com\/wp-content\/uploads\/2022\/11\/Centriair_logo-blue.svg\",\"width\":250,\"height\":65,\"caption\":\"Centriair\"},\"image\":{\"@id\":\"https:\/\/centriair.com\/de\/#\/schema\/logo\/image\/\"}}]}<\/script>\n<!-- \/ Yoast SEO plugin. -->","yoast_head_json":{"title":"Das Unternehmen - We are Centriair","robots":{"index":"index","follow":"follow","max-snippet":"max-snippet:-1","max-image-preview":"max-image-preview:large","max-video-preview":"max-video-preview:-1"},"canonical":"https:\/\/centriair.com\/de\/ueber-centriair\/das-unternehmen\/","og_locale":"de_DE","og_type":"article","og_title":"Das Unternehmen - We are Centriair","og_description":"Unternehmensgeschichte von Centriair. Centriair hat den Fokus auf Nachhaltigkeit von Anfang an beibehalten und sich insbesondere in den letzten 5 Jahren von einem lokalen Unternehmen zu einem weltweit anerkannten Lieferanten im Geruchssegment entwickelt. Centriair wurde im Jahr 2007 von Jack Delin und Per Kaijser als schwedisches Unternehmen gegr\u00fcndet. Urspr\u00fcnglich lag unser Schwerpunkt auf der Unterst\u00fctzung [&hellip;]","og_url":"https:\/\/centriair.com\/de\/ueber-centriair\/das-unternehmen\/","og_site_name":"We are Centriair","article_modified_time":"2025-03-07T14:05:21+00:00","og_image":[{"url":"https:\/\/centriair.hemhosting.se\/wp-content\/uploads\/2023\/05\/Centriair-company-conference-768x510.jpg","type":"","width":"","height":""}],"twitter_card":"summary_large_image","twitter_misc":{"Gesch\u00e4tzte Lesezeit":"1\u00a0Minute"},"schema":{"@context":"https:\/\/schema.org","@graph":[{"@type":"WebPage","@id":"https:\/\/centriair.com\/de\/ueber-centriair\/das-unternehmen\/","url":"https:\/\/centriair.com\/de\/ueber-centriair\/das-unternehmen\/","name":"Das Unternehmen - We are Centriair","isPartOf":{"@id":"https:\/\/centriair.com\/de\/#website"},"primaryImageOfPage":{"@id":"https:\/\/centriair.com\/de\/ueber-centriair\/das-unternehmen\/#primaryimage"},"image":{"@id":"https:\/\/centriair.com\/de\/ueber-centriair\/das-unternehmen\/#primaryimage"},"thumbnailUrl":"https:\/\/centriair.hemhosting.se\/wp-content\/uploads\/2023\/05\/Centriair-company-conference-768x510.jpg","datePublished":"2023-03-09T08:46:13+00:00","dateModified":"2025-03-07T14:05:21+00:00","breadcrumb":{"@id":"https:\/\/centriair.com\/de\/ueber-centriair\/das-unternehmen\/#breadcrumb"},"inLanguage":"de","potentialAction":[{"@type":"ReadAction","target":["https:\/\/centriair.com\/de\/ueber-centriair\/das-unternehmen\/"]}]},{"@type":"ImageObject","inLanguage":"de","@id":"https:\/\/centriair.com\/de\/ueber-centriair\/das-unternehmen\/#primaryimage","url":"https:\/\/centriair.hemhosting.se\/wp-content\/uploads\/2023\/05\/Centriair-company-conference-768x510.jpg","contentUrl":"https:\/\/centriair.hemhosting.se\/wp-content\/uploads\/2023\/05\/Centriair-company-conference-768x510.jpg"},{"@type":"BreadcrumbList","@id":"https:\/\/centriair.com\/de\/ueber-centriair\/das-unternehmen\/#breadcrumb","itemListElement":[{"@type":"ListItem","position":1,"name":"Home","item":"https:\/\/centriair.com\/de\/"},{"@type":"ListItem","position":2,"name":"\u00dcber Centriair","item":"https:\/\/centriair.com\/de\/about-centriair\/"},{"@type":"ListItem","position":3,"name":"Das Unternehmen"}]},{"@type":"WebSite","@id":"https:\/\/centriair.com\/de\/#website","url":"https:\/\/centriair.com\/de\/","name":"Centriair","description":"Cleaner air. Fewer resources.","publisher":{"@id":"https:\/\/centriair.com\/de\/#organization"},"potentialAction":[{"@type":"SearchAction","target":{"@type":"EntryPoint","urlTemplate":"https:\/\/centriair.com\/de\/?s={search_term_string}"},"query-input":{"@type":"PropertyValueSpecification","valueRequired":true,"valueName":"search_term_string"}}],"inLanguage":"de"},{"@type":"Organization","@id":"https:\/\/centriair.com\/de\/#organization","name":"Centriair","url":"https:\/\/centriair.com\/de\/","logo":{"@type":"ImageObject","inLanguage":"de","@id":"https:\/\/centriair.com\/de\/#\/schema\/logo\/image\/","url":"https:\/\/centriair.com\/wp-content\/uploads\/2022\/11\/Centriair_logo-blue.svg","contentUrl":"https:\/\/centriair.com\/wp-content\/uploads\/2022\/11\/Centriair_logo-blue.svg","width":250,"height":65,"caption":"Centriair"},"image":{"@id":"https:\/\/centriair.com\/de\/#\/schema\/logo\/image\/"}}]}},"_links":{"self":[{"href":"https:\/\/centriair.com\/de\/wp-json\/wp\/v2\/pages\/3772","targetHints":{"allow":["GET"]}}],"collection":[{"href":"https:\/\/centriair.com\/de\/wp-json\/wp\/v2\/pages"}],"about":[{"href":"https:\/\/centriair.com\/de\/wp-json\/wp\/v2\/types\/page"}],"author":[{"embeddable":true,"href":"https:\/\/centriair.com\/de\/wp-json\/wp\/v2\/users\/1"}],"replies":[{"embeddable":true,"href":"https:\/\/centriair.com\/de\/wp-json\/wp\/v2\/comments?post=3772"}],"version-history":[{"count":13,"href":"https:\/\/centriair.com\/de\/wp-json\/wp\/v2\/pages\/3772\/revisions"}],"predecessor-version":[{"id":8701,"href":"https:\/\/centriair.com\/de\/wp-json\/wp\/v2\/pages\/3772\/revisions\/8701"}],"up":[{"embeddable":true,"href":"https:\/\/centriair.com\/de\/wp-json\/wp\/v2\/pages\/3624"}],"wp:attachment":[{"href":"https:\/\/centriair.com\/de\/wp-json\/wp\/v2\/media?parent=3772"}],"curies":[{"name":"wp","href":"https:\/\/api.w.org\/{rel}","templated":true}]}}