{"id":3770,"date":"2023-03-09T09:46:29","date_gmt":"2023-03-09T08:46:29","guid":{"rendered":"https:\/\/centriair.hemhosting.se\/about-centriair\/leadership-team\/"},"modified":"2026-05-08T08:05:33","modified_gmt":"2026-05-08T06:05:33","slug":"fuehrungsteam","status":"publish","type":"page","link":"https:\/\/centriair.com\/de\/ueber-centriair\/fuehrungsteam\/","title":{"rendered":"F\u00fchrungsteam"},"content":{"rendered":"\t\t<div data-elementor-type=\"wp-page\" data-elementor-id=\"3770\" class=\"elementor elementor-3770 elementor-1136\" data-elementor-post-type=\"page\">\n\t\t\t\t<div class=\"elementor-element elementor-element-ea7f571 e-flex e-con-boxed e-con e-parent\" data-id=\"ea7f571\" data-element_type=\"container\" data-settings=\"{&quot;background_background&quot;:&quot;classic&quot;}\">\n\t\t\t\t\t<div class=\"e-con-inner\">\n\t\t<div class=\"elementor-element elementor-element-a983a5a e-con-full e-flex e-con e-child\" data-id=\"a983a5a\" data-element_type=\"container\">\n\t\t\t\t<\/div>\n\t\t<div class=\"elementor-element elementor-element-3ca50f0 e-con-full e-flex e-con e-child\" data-id=\"3ca50f0\" data-element_type=\"container\">\n\t\t\t\t<div class=\"elementor-element elementor-element-8ff4ff4 elementor-widget elementor-widget-text-editor\" data-id=\"8ff4ff4\" data-element_type=\"widget\" data-widget_type=\"text-editor.default\">\n\t\t\t\t<div class=\"elementor-widget-container\">\n\t\t\t\t\t\t\t\t\t<p><strong>Engagiertes und erfahrenes F\u00fchrungsteam. <\/strong>Das F\u00fchrungsteam von Centriair besteht aus erfahrenen Fachleuten mit jahrzehntelanger Erfahrung in ihren jeweiligen Bereichen und \u00fcber 60 Jahren gemeinsamer Erfahrung in der industriellen Luftaufbereitung.<\/p>\t\t\t\t\t\t\t\t<\/div>\n\t\t\t\t<\/div>\n\t\t\t\t<\/div>\n\t\t\t\t\t<\/div>\n\t\t\t\t<\/div>\n\t\t<div class=\"elementor-element elementor-element-455b3cf e-flex e-con-boxed e-con e-parent\" data-id=\"455b3cf\" data-element_type=\"container\">\n\t\t\t\t\t<div class=\"e-con-inner\">\n\t\t\t\t<div class=\"elementor-element elementor-element-defde7d elementor-widget elementor-widget-text-editor\" data-id=\"defde7d\" data-element_type=\"widget\" data-widget_type=\"text-editor.default\">\n\t\t\t\t<div class=\"elementor-widget-container\">\n\t\t\t\t\t\t\t\t\t<p>Unser F\u00fchrungsteam ist bestrebt, unser Unternehmen sowohl in Bezug auf Wachstum als auch auf Innovation voranzubringen. Die strategischen Ziele sind Leitlinien in unserer Arbeit, darunter die konsequente Ausrichtung auf das Team und die Nachhaltigkeit.<\/p><p><strong>Bj\u00f6rn Berggren, Gesch\u00e4ftsf\u00fchrer<br \/><\/strong>Bj\u00f6rn lebte 18 Jahre in Shanghai, China, und hat in ganz Asien mehrere Start-ups und Unternehmensumstrukturierungen in der Telekommunikationsbranche geleitet. Zuletzt war er in Asien als VP of Operations bei Boyd Corporation t\u00e4tig. Im Jahr 2020 kehrte er nach Schweden zur\u00fcck, um Gesch\u00e4ftsf\u00fchrer von Composite Sound AB in Bor\u00e5s zu werden. Bj\u00f6rn hat einen BA in Management und einen gleichwertigen Abschluss in Ingenieurwissenschaften.<\/p><p><strong>Jack Delin, Direktor Anwendungssupport<br \/><\/strong>Jack hat einen Master-Abschluss in Chemieingenieurwesen von der K\u00f6niglichen Technischen Hochschule in Stockholm. Er startete seine Karriere bei dem schwedischen multinationalen Unternehmen Alfa Laval und verbrachte neun Jahre in den Bereichen Abwassertechnik und Wasseraufbereitung. Anschlie\u00dfend gr\u00fcndete und leitete er das Unternehmen 3nine, das auf Gasseparation spezialisiert ist. Im Jahr 2007 gr\u00fcndeten Jack und Per Kaijser gemeinsam Centriair.<\/p><p><strong>Per Kaijser, <span class=\"Y2IQFc\" lang=\"de\">Vizepr\u00e4sident Gesch\u00e4ftsentwicklung<\/span><\/strong><\/p><p>Per hat einen Master-Abschluss in Elektrotechnik von der Chalmers University of Technology in G\u00f6teborg. Er gr\u00fcndete und entwickelte das Telematik-Unternehmen Pilotfish. Danach arbeitete er im Marketing des Gasseparationsunternehmens 3nine, wo er unter anderem erfolgreich die Einf\u00fchrung von 3nine in Frankreich leitete. Im Jahr 2007 gr\u00fcndete Per zusammen mit Jack Delin Centriair.<\/p><p><strong>Jonas Stjernl\u00f6f, Leiter Produktleitung und Qualit\u00e4t<br \/><\/strong>Jonas hat einen Master-Abschluss in Chemieingenieurwesen mit Schwerpunkt Technische Physik von der Chalmers University of Technology in G\u00f6teborg. Er begann seine berufliche Laufbahn in der Zellstoff- und Papierindustrie bei Valmet und wechselte dann zum deutschen Familienunternehmen Busch Vacuum. Sp\u00e4ter gr\u00fcndete er sein eigenes Beratungsunternehmen. Im Jahr 2018 stie\u00df Jonas zu Centriair, um das Unternehmen gemeinsam mit den Gr\u00fcndern weiter auszubauen. Mit seinem Gesch\u00e4ftssinn und seiner internationalen Erfahrung in Projekten, Produkten und Prozessdesign konnte er wettbewerbsf\u00e4hige L\u00f6sungen entwickeln.<\/p><p><strong>Jesper Overgaard, Direktor Projekt &amp; Service<br \/><\/strong>Jesper hat einen Master-Abschluss in Maschinenbau von der Universit\u00e4t Link\u00f6ping. Zuvor war er als Projektabteilungsleiter bei Yara Marine Technologies t\u00e4tig, wo er L\u00f6sungen f\u00fcr die Schiffsw\u00e4sche entwickelte und lieferte. Dar\u00fcber hinaus verf\u00fcgt Jesper \u00fcber umfangreiche Erfahrung im Projektmanagement in der Prozessindustrie und hat als Berater im Projektmanagement gearbeitet. Seine Fachkenntnisse und Erfahrungen erg\u00e4nzen das Team von Centriair und tragen zur erfolgreichen Umsetzung von Projekten bei.<\/p><p><span style=\"font-weight: bolder;\">Jenny Emanuelsson, Finanzdirektor<br \/><\/span>Master of Science in Wirtschaftswissenschaften mit Schwerpunkt Rechnungswesen und Finanzen. Fakult\u00e4t f\u00fcr Wirtschaftswissenschaften und Recht der Universit\u00e4t G\u00f6teborg. Jenny verf\u00fcgt \u00fcber langj\u00e4hrige Erfahrung als Unternehmensberaterin im Rechnungswesen. Sie war bei PwC und Aspia t\u00e4tig und f\u00fchrte zudem ihr eigenes Beratungsunternehmen. Seit 2021 arbeitet Jenny bei Centriair.<\/p>\t\t\t\t\t\t\t\t<\/div>\n\t\t\t\t<\/div>\n\t\t\t\t\t<\/div>\n\t\t\t\t<\/div>\n\t\t\t\t<\/div>\n\t\t","protected":false},"excerpt":{"rendered":"<p>Engagiertes und erfahrenes F\u00fchrungsteam. Das F\u00fchrungsteam von Centriair besteht aus erfahrenen Fachleuten mit jahrzehntelanger Erfahrung in ihren jeweiligen Bereichen und \u00fcber 60 Jahren gemeinsamer Erfahrung in der industriellen Luftaufbereitung. Unser F\u00fchrungsteam ist bestrebt, unser Unternehmen sowohl in Bezug auf Wachstum als auch auf Innovation voranzubringen. Die strategischen Ziele sind Leitlinien in unserer Arbeit, darunter die [&hellip;]<\/p>\n","protected":false},"author":1,"featured_media":0,"parent":3624,"menu_order":0,"comment_status":"closed","ping_status":"closed","template":"","meta":{"_acf_changed":false,"footnotes":""},"class_list":["post-3770","page","type-page","status-publish","hentry"],"acf":[],"yoast_head":"<!-- This site is optimized with the Yoast SEO plugin v26.8 - https:\/\/yoast.com\/product\/yoast-seo-wordpress\/ -->\n<title>F\u00fchrungsteam - We are Centriair<\/title>\n<meta name=\"robots\" content=\"index, follow, max-snippet:-1, max-image-preview:large, max-video-preview:-1\" \/>\n<link rel=\"canonical\" href=\"https:\/\/centriair.com\/de\/ueber-centriair\/fuehrungsteam\/\" \/>\n<meta property=\"og:locale\" content=\"de_DE\" \/>\n<meta property=\"og:type\" content=\"article\" \/>\n<meta property=\"og:title\" content=\"F\u00fchrungsteam - We are Centriair\" \/>\n<meta property=\"og:description\" content=\"Engagiertes und erfahrenes F\u00fchrungsteam. Das F\u00fchrungsteam von Centriair besteht aus erfahrenen Fachleuten mit jahrzehntelanger Erfahrung in ihren jeweiligen Bereichen und \u00fcber 60 Jahren gemeinsamer Erfahrung in der industriellen Luftaufbereitung. Unser F\u00fchrungsteam ist bestrebt, unser Unternehmen sowohl in Bezug auf Wachstum als auch auf Innovation voranzubringen. Die strategischen Ziele sind Leitlinien in unserer Arbeit, darunter die [&hellip;]\" \/>\n<meta property=\"og:url\" content=\"https:\/\/centriair.com\/de\/ueber-centriair\/fuehrungsteam\/\" \/>\n<meta property=\"og:site_name\" content=\"We are Centriair\" \/>\n<meta property=\"article:modified_time\" content=\"2026-05-08T06:05:33+00:00\" \/>\n<meta name=\"twitter:card\" content=\"summary_large_image\" \/>\n<meta name=\"twitter:label1\" content=\"Gesch\u00e4tzte Lesezeit\" \/>\n\t<meta name=\"twitter:data1\" content=\"3\u00a0Minuten\" \/>\n<script type=\"application\/ld+json\" class=\"yoast-schema-graph\">{\"@context\":\"https:\/\/schema.org\",\"@graph\":[{\"@type\":\"WebPage\",\"@id\":\"https:\/\/centriair.com\/de\/ueber-centriair\/fuehrungsteam\/\",\"url\":\"https:\/\/centriair.com\/de\/ueber-centriair\/fuehrungsteam\/\",\"name\":\"F\u00fchrungsteam - We are Centriair\",\"isPartOf\":{\"@id\":\"https:\/\/centriair.com\/de\/#website\"},\"datePublished\":\"2023-03-09T08:46:29+00:00\",\"dateModified\":\"2026-05-08T06:05:33+00:00\",\"breadcrumb\":{\"@id\":\"https:\/\/centriair.com\/de\/ueber-centriair\/fuehrungsteam\/#breadcrumb\"},\"inLanguage\":\"de\",\"potentialAction\":[{\"@type\":\"ReadAction\",\"target\":[\"https:\/\/centriair.com\/de\/ueber-centriair\/fuehrungsteam\/\"]}]},{\"@type\":\"BreadcrumbList\",\"@id\":\"https:\/\/centriair.com\/de\/ueber-centriair\/fuehrungsteam\/#breadcrumb\",\"itemListElement\":[{\"@type\":\"ListItem\",\"position\":1,\"name\":\"Home\",\"item\":\"https:\/\/centriair.com\/de\/\"},{\"@type\":\"ListItem\",\"position\":2,\"name\":\"\u00dcber Centriair\",\"item\":\"https:\/\/centriair.com\/de\/about-centriair\/\"},{\"@type\":\"ListItem\",\"position\":3,\"name\":\"F\u00fchrungsteam\"}]},{\"@type\":\"WebSite\",\"@id\":\"https:\/\/centriair.com\/de\/#website\",\"url\":\"https:\/\/centriair.com\/de\/\",\"name\":\"Centriair\",\"description\":\"Cleaner air. Fewer resources.\",\"publisher\":{\"@id\":\"https:\/\/centriair.com\/de\/#organization\"},\"potentialAction\":[{\"@type\":\"SearchAction\",\"target\":{\"@type\":\"EntryPoint\",\"urlTemplate\":\"https:\/\/centriair.com\/de\/?s={search_term_string}\"},\"query-input\":{\"@type\":\"PropertyValueSpecification\",\"valueRequired\":true,\"valueName\":\"search_term_string\"}}],\"inLanguage\":\"de\"},{\"@type\":\"Organization\",\"@id\":\"https:\/\/centriair.com\/de\/#organization\",\"name\":\"Centriair\",\"url\":\"https:\/\/centriair.com\/de\/\",\"logo\":{\"@type\":\"ImageObject\",\"inLanguage\":\"de\",\"@id\":\"https:\/\/centriair.com\/de\/#\/schema\/logo\/image\/\",\"url\":\"https:\/\/centriair.com\/wp-content\/uploads\/2022\/11\/Centriair_logo-blue.svg\",\"contentUrl\":\"https:\/\/centriair.com\/wp-content\/uploads\/2022\/11\/Centriair_logo-blue.svg\",\"width\":250,\"height\":65,\"caption\":\"Centriair\"},\"image\":{\"@id\":\"https:\/\/centriair.com\/de\/#\/schema\/logo\/image\/\"}}]}<\/script>\n<!-- \/ Yoast SEO plugin. -->","yoast_head_json":{"title":"F\u00fchrungsteam - We are Centriair","robots":{"index":"index","follow":"follow","max-snippet":"max-snippet:-1","max-image-preview":"max-image-preview:large","max-video-preview":"max-video-preview:-1"},"canonical":"https:\/\/centriair.com\/de\/ueber-centriair\/fuehrungsteam\/","og_locale":"de_DE","og_type":"article","og_title":"F\u00fchrungsteam - We are Centriair","og_description":"Engagiertes und erfahrenes F\u00fchrungsteam. Das F\u00fchrungsteam von Centriair besteht aus erfahrenen Fachleuten mit jahrzehntelanger Erfahrung in ihren jeweiligen Bereichen und \u00fcber 60 Jahren gemeinsamer Erfahrung in der industriellen Luftaufbereitung. Unser F\u00fchrungsteam ist bestrebt, unser Unternehmen sowohl in Bezug auf Wachstum als auch auf Innovation voranzubringen. Die strategischen Ziele sind Leitlinien in unserer Arbeit, darunter die [&hellip;]","og_url":"https:\/\/centriair.com\/de\/ueber-centriair\/fuehrungsteam\/","og_site_name":"We are Centriair","article_modified_time":"2026-05-08T06:05:33+00:00","twitter_card":"summary_large_image","twitter_misc":{"Gesch\u00e4tzte Lesezeit":"3\u00a0Minuten"},"schema":{"@context":"https:\/\/schema.org","@graph":[{"@type":"WebPage","@id":"https:\/\/centriair.com\/de\/ueber-centriair\/fuehrungsteam\/","url":"https:\/\/centriair.com\/de\/ueber-centriair\/fuehrungsteam\/","name":"F\u00fchrungsteam - We are Centriair","isPartOf":{"@id":"https:\/\/centriair.com\/de\/#website"},"datePublished":"2023-03-09T08:46:29+00:00","dateModified":"2026-05-08T06:05:33+00:00","breadcrumb":{"@id":"https:\/\/centriair.com\/de\/ueber-centriair\/fuehrungsteam\/#breadcrumb"},"inLanguage":"de","potentialAction":[{"@type":"ReadAction","target":["https:\/\/centriair.com\/de\/ueber-centriair\/fuehrungsteam\/"]}]},{"@type":"BreadcrumbList","@id":"https:\/\/centriair.com\/de\/ueber-centriair\/fuehrungsteam\/#breadcrumb","itemListElement":[{"@type":"ListItem","position":1,"name":"Home","item":"https:\/\/centriair.com\/de\/"},{"@type":"ListItem","position":2,"name":"\u00dcber Centriair","item":"https:\/\/centriair.com\/de\/about-centriair\/"},{"@type":"ListItem","position":3,"name":"F\u00fchrungsteam"}]},{"@type":"WebSite","@id":"https:\/\/centriair.com\/de\/#website","url":"https:\/\/centriair.com\/de\/","name":"Centriair","description":"Cleaner air. Fewer resources.","publisher":{"@id":"https:\/\/centriair.com\/de\/#organization"},"potentialAction":[{"@type":"SearchAction","target":{"@type":"EntryPoint","urlTemplate":"https:\/\/centriair.com\/de\/?s={search_term_string}"},"query-input":{"@type":"PropertyValueSpecification","valueRequired":true,"valueName":"search_term_string"}}],"inLanguage":"de"},{"@type":"Organization","@id":"https:\/\/centriair.com\/de\/#organization","name":"Centriair","url":"https:\/\/centriair.com\/de\/","logo":{"@type":"ImageObject","inLanguage":"de","@id":"https:\/\/centriair.com\/de\/#\/schema\/logo\/image\/","url":"https:\/\/centriair.com\/wp-content\/uploads\/2022\/11\/Centriair_logo-blue.svg","contentUrl":"https:\/\/centriair.com\/wp-content\/uploads\/2022\/11\/Centriair_logo-blue.svg","width":250,"height":65,"caption":"Centriair"},"image":{"@id":"https:\/\/centriair.com\/de\/#\/schema\/logo\/image\/"}}]}},"_links":{"self":[{"href":"https:\/\/centriair.com\/de\/wp-json\/wp\/v2\/pages\/3770","targetHints":{"allow":["GET"]}}],"collection":[{"href":"https:\/\/centriair.com\/de\/wp-json\/wp\/v2\/pages"}],"about":[{"href":"https:\/\/centriair.com\/de\/wp-json\/wp\/v2\/types\/page"}],"author":[{"embeddable":true,"href":"https:\/\/centriair.com\/de\/wp-json\/wp\/v2\/users\/1"}],"replies":[{"embeddable":true,"href":"https:\/\/centriair.com\/de\/wp-json\/wp\/v2\/comments?post=3770"}],"version-history":[{"count":40,"href":"https:\/\/centriair.com\/de\/wp-json\/wp\/v2\/pages\/3770\/revisions"}],"predecessor-version":[{"id":9824,"href":"https:\/\/centriair.com\/de\/wp-json\/wp\/v2\/pages\/3770\/revisions\/9824"}],"up":[{"embeddable":true,"href":"https:\/\/centriair.com\/de\/wp-json\/wp\/v2\/pages\/3624"}],"wp:attachment":[{"href":"https:\/\/centriair.com\/de\/wp-json\/wp\/v2\/media?parent=3770"}],"curies":[{"name":"wp","href":"https:\/\/api.w.org\/{rel}","templated":true}]}}