{"id":3768,"date":"2023-03-09T09:47:04","date_gmt":"2023-03-09T08:47:04","guid":{"rendered":"https:\/\/centriair.hemhosting.se\/about-centriair\/career\/"},"modified":"2025-06-03T17:24:50","modified_gmt":"2025-06-03T15:24:50","slug":"karriere","status":"publish","type":"page","link":"https:\/\/centriair.com\/de\/ueber-centriair\/karriere\/","title":{"rendered":"Karriere"},"content":{"rendered":"\t\t<div data-elementor-type=\"wp-page\" data-elementor-id=\"3768\" class=\"elementor elementor-3768 elementor-1140\" data-elementor-post-type=\"page\">\n\t\t\t\t<div class=\"elementor-element elementor-element-4d23b1e e-flex e-con-boxed e-con e-parent\" data-id=\"4d23b1e\" data-element_type=\"container\" data-settings=\"{&quot;background_background&quot;:&quot;classic&quot;}\">\n\t\t\t\t\t<div class=\"e-con-inner\">\n\t\t<div class=\"elementor-element elementor-element-b5932d5 e-con-full e-flex e-con e-child\" data-id=\"b5932d5\" data-element_type=\"container\">\n\t\t\t\t<\/div>\n\t\t<div class=\"elementor-element elementor-element-0ea3931 e-con-full e-flex e-con e-child\" data-id=\"0ea3931\" data-element_type=\"container\">\n\t\t\t\t<div class=\"elementor-element elementor-element-1b7b364 elementor-widget elementor-widget-text-editor\" data-id=\"1b7b364\" data-element_type=\"widget\" data-widget_type=\"text-editor.default\">\n\t\t\t\t<div class=\"elementor-widget-container\">\n\t\t\t\t\t\t\t\t\t<p>Wir sind st\u00e4ndig auf der Suche nach talentierten Mitarbeitern, die unser Team verst\u00e4rken.\u00a0\u00a0<\/p>\t\t\t\t\t\t\t\t<\/div>\n\t\t\t\t<\/div>\n\t\t\t\t<\/div>\n\t\t\t\t\t<\/div>\n\t\t\t\t<\/div>\n\t\t<div class=\"elementor-element elementor-element-fad1157 e-flex e-con-boxed e-con e-parent\" data-id=\"fad1157\" data-element_type=\"container\">\n\t\t\t\t\t<div class=\"e-con-inner\">\n\t\t<div class=\"elementor-element elementor-element-c579de1 e-con-full e-flex e-con e-child\" data-id=\"c579de1\" data-element_type=\"container\">\n\t\t\t\t<div class=\"elementor-element elementor-element-c07dcfd elementor-widget elementor-widget-heading\" data-id=\"c07dcfd\" data-element_type=\"widget\" data-widget_type=\"heading.default\">\n\t\t\t\t<div class=\"elementor-widget-container\">\n\t\t\t\t\t<h2 class=\"elementor-heading-title elementor-size-default\">Arbeiten Sie mit uns<\/h2>\t\t\t\t<\/div>\n\t\t\t\t<\/div>\n\t\t\t\t<div class=\"elementor-element elementor-element-73da469 elementor-widget elementor-widget-text-editor\" data-id=\"73da469\" data-element_type=\"widget\" data-widget_type=\"text-editor.default\">\n\t\t\t\t<div class=\"elementor-widget-container\">\n\t\t\t\t\t\t\t\t\t<p>Suchen Sie nach einer M\u00f6glichkeit, in einem dynamischen Unternehmen zu arbeiten und einen positiven Beitrag zu einer nachhaltigen Gesellschaft zu leisten? Bei Centriair liegt unser Erfolg in der Expertise und dem Engagement unseres engagierten Teams. Wir sind stets auf der Suche nach motivierten Mitarbeitern, die gemeinsam mit uns innovative L\u00f6sungen entwickeln m\u00f6chten. Wenn Sie Teil eines dynamischen Umfelds sein m\u00f6chten, das sich f\u00fcr Umweltfreundlichkeit und Nachhaltigkeit einsetzt, laden wir Sie ein, sich bei uns zu bewerben. Gemeinsam k\u00f6nnen wir einen Unterschied machen und zu einer nachhaltigen Zukunft beitragen.<\/p><p>Z\u00f6gern Sie nicht, uns zu kontaktieren, wenn Sie in Ihre Zukunft bei Centriair investieren m\u00f6chten!<\/p>\t\t\t\t\t\t\t\t<\/div>\n\t\t\t\t<\/div>\n\t\t\t\t<div class=\"elementor-element elementor-element-cb4fb83 elementor-icon-list--layout-traditional elementor-list-item-link-full_width elementor-widget elementor-widget-icon-list\" data-id=\"cb4fb83\" data-element_type=\"widget\" data-widget_type=\"icon-list.default\">\n\t\t\t\t<div class=\"elementor-widget-container\">\n\t\t\t\t\t\t\t<ul class=\"elementor-icon-list-items\">\n\t\t\t\t\t\t\t<li class=\"elementor-icon-list-item\">\n\t\t\t\t\t\t\t\t\t\t\t<a href=\"tel:+4631263500\">\n\n\t\t\t\t\t\t\t\t\t\t\t\t<span class=\"elementor-icon-list-icon\">\n\t\t\t\t\t\t\t<i aria-hidden=\"true\" class=\"icon icon-phone-call\"><\/i>\t\t\t\t\t\t<\/span>\n\t\t\t\t\t\t\t\t\t\t<span class=\"elementor-icon-list-text\">+46 31 26 35 00<\/span>\n\t\t\t\t\t\t\t\t\t\t\t<\/a>\n\t\t\t\t\t\t\t\t\t<\/li>\n\t\t\t\t\t\t\t\t<li class=\"elementor-icon-list-item\">\n\t\t\t\t\t\t\t\t\t\t\t<a href=\"mailto:info@centriair.com\">\n\n\t\t\t\t\t\t\t\t\t\t\t\t<span class=\"elementor-icon-list-icon\">\n\t\t\t\t\t\t\t<i aria-hidden=\"true\" class=\"icon icon-email\"><\/i>\t\t\t\t\t\t<\/span>\n\t\t\t\t\t\t\t\t\t\t<span class=\"elementor-icon-list-text\">info@centriair.com<\/span>\n\t\t\t\t\t\t\t\t\t\t\t<\/a>\n\t\t\t\t\t\t\t\t\t<\/li>\n\t\t\t\t\t\t\t\t<li class=\"elementor-icon-list-item\">\n\t\t\t\t\t\t\t\t\t\t\t<a href=\"https:\/\/maps.app.goo.gl\/NeqRsU7qBojYpt7J9\">\n\n\t\t\t\t\t\t\t\t\t\t\t\t<span class=\"elementor-icon-list-icon\">\n\t\t\t\t\t\t\t<i aria-hidden=\"true\" class=\"icon icon-map-marker1\"><\/i>\t\t\t\t\t\t<\/span>\n\t\t\t\t\t\t\t\t\t\t<span class=\"elementor-icon-list-text\">\u00d6g\u00e4rdesv\u00e4gen 4A, 433 30 Partille, Sweden<\/span>\n\t\t\t\t\t\t\t\t\t\t\t<\/a>\n\t\t\t\t\t\t\t\t\t<\/li>\n\t\t\t\t\t\t<\/ul>\n\t\t\t\t\t\t<\/div>\n\t\t\t\t<\/div>\n\t\t\t\t<\/div>\n\t\t<div class=\"elementor-element elementor-element-3ead951 e-con-full e-flex e-con e-child\" data-id=\"3ead951\" data-element_type=\"container\">\n\t\t\t\t<div class=\"elementor-element elementor-element-73210c7 elementor-widget elementor-widget-image\" data-id=\"73210c7\" data-element_type=\"widget\" data-widget_type=\"image.default\">\n\t\t\t\t<div class=\"elementor-widget-container\">\n\t\t\t\t\t\t\t\t\t\t\t\t\t\t\t<img fetchpriority=\"high\" decoding=\"async\" width=\"768\" height=\"510\" src=\"https:\/\/centriair.com\/wp-content\/uploads\/2023\/05\/Centriair-company-conference-768x510.jpg\" class=\"attachment-medium_large size-medium_large wp-image-3561\" alt=\"Centriair 2023\" srcset=\"https:\/\/centriair.com\/wp-content\/uploads\/2023\/05\/Centriair-company-conference-768x510.jpg 768w, https:\/\/centriair.com\/wp-content\/uploads\/2023\/05\/Centriair-company-conference-300x199.jpg 300w, https:\/\/centriair.com\/wp-content\/uploads\/2023\/05\/Centriair-company-conference-1024x680.jpg 1024w, https:\/\/centriair.com\/wp-content\/uploads\/2023\/05\/Centriair-company-conference-1536x1020.jpg 1536w, https:\/\/centriair.com\/wp-content\/uploads\/2023\/05\/Centriair-company-conference-2048x1360.jpg 2048w\" sizes=\"(max-width: 768px) 100vw, 768px\" \/>\t\t\t\t\t\t\t\t\t\t\t\t\t\t\t<\/div>\n\t\t\t\t<\/div>\n\t\t\t\t<\/div>\n\t\t\t\t\t<\/div>\n\t\t\t\t<\/div>\n\t\t\t\t<\/div>\n\t\t","protected":false},"excerpt":{"rendered":"<p>Wir sind st\u00e4ndig auf der Suche nach talentierten Mitarbeitern, die unser Team verst\u00e4rken.\u00a0\u00a0 Arbeiten Sie mit uns Suchen Sie nach einer M\u00f6glichkeit, in einem dynamischen Unternehmen zu arbeiten und einen positiven Beitrag zu einer nachhaltigen Gesellschaft zu leisten? Bei Centriair liegt unser Erfolg in der Expertise und dem Engagement unseres engagierten Teams. Wir sind stets [&hellip;]<\/p>\n","protected":false},"author":1,"featured_media":0,"parent":3624,"menu_order":0,"comment_status":"closed","ping_status":"closed","template":"","meta":{"_acf_changed":false,"footnotes":""},"class_list":["post-3768","page","type-page","status-publish","hentry"],"acf":[],"yoast_head":"<!-- This site is optimized with the Yoast SEO plugin v26.8 - https:\/\/yoast.com\/product\/yoast-seo-wordpress\/ -->\n<title>Karriere - We are Centriair<\/title>\n<meta name=\"robots\" content=\"index, follow, max-snippet:-1, max-image-preview:large, max-video-preview:-1\" \/>\n<link rel=\"canonical\" href=\"https:\/\/centriair.com\/de\/ueber-centriair\/karriere\/\" \/>\n<meta property=\"og:locale\" content=\"de_DE\" \/>\n<meta property=\"og:type\" content=\"article\" \/>\n<meta property=\"og:title\" content=\"Karriere - We are Centriair\" \/>\n<meta property=\"og:description\" content=\"Wir sind st\u00e4ndig auf der Suche nach talentierten Mitarbeitern, die unser Team verst\u00e4rken.\u00a0\u00a0 Arbeiten Sie mit uns Suchen Sie nach einer M\u00f6glichkeit, in einem dynamischen Unternehmen zu arbeiten und einen positiven Beitrag zu einer nachhaltigen Gesellschaft zu leisten? Bei Centriair liegt unser Erfolg in der Expertise und dem Engagement unseres engagierten Teams. Wir sind stets [&hellip;]\" \/>\n<meta property=\"og:url\" content=\"https:\/\/centriair.com\/de\/ueber-centriair\/karriere\/\" \/>\n<meta property=\"og:site_name\" content=\"We are Centriair\" \/>\n<meta property=\"article:modified_time\" content=\"2025-06-03T15:24:50+00:00\" \/>\n<meta property=\"og:image\" content=\"https:\/\/centriair.com\/wp-content\/uploads\/2023\/05\/Centriair-company-conference.jpg\" \/>\n\t<meta property=\"og:image:width\" content=\"2360\" \/>\n\t<meta property=\"og:image:height\" content=\"1567\" \/>\n\t<meta property=\"og:image:type\" content=\"image\/jpeg\" \/>\n<meta name=\"twitter:card\" content=\"summary_large_image\" \/>\n<meta name=\"twitter:label1\" content=\"Gesch\u00e4tzte Lesezeit\" \/>\n\t<meta name=\"twitter:data1\" content=\"1\u00a0Minute\" \/>\n<script type=\"application\/ld+json\" class=\"yoast-schema-graph\">{\"@context\":\"https:\/\/schema.org\",\"@graph\":[{\"@type\":\"WebPage\",\"@id\":\"https:\/\/centriair.com\/de\/ueber-centriair\/karriere\/\",\"url\":\"https:\/\/centriair.com\/de\/ueber-centriair\/karriere\/\",\"name\":\"Karriere - We are Centriair\",\"isPartOf\":{\"@id\":\"https:\/\/centriair.com\/de\/#website\"},\"primaryImageOfPage\":{\"@id\":\"https:\/\/centriair.com\/de\/ueber-centriair\/karriere\/#primaryimage\"},\"image\":{\"@id\":\"https:\/\/centriair.com\/de\/ueber-centriair\/karriere\/#primaryimage\"},\"thumbnailUrl\":\"https:\/\/centriair.com\/wp-content\/uploads\/2023\/05\/Centriair-company-conference-768x510.jpg\",\"datePublished\":\"2023-03-09T08:47:04+00:00\",\"dateModified\":\"2025-06-03T15:24:50+00:00\",\"breadcrumb\":{\"@id\":\"https:\/\/centriair.com\/de\/ueber-centriair\/karriere\/#breadcrumb\"},\"inLanguage\":\"de\",\"potentialAction\":[{\"@type\":\"ReadAction\",\"target\":[\"https:\/\/centriair.com\/de\/ueber-centriair\/karriere\/\"]}]},{\"@type\":\"ImageObject\",\"inLanguage\":\"de\",\"@id\":\"https:\/\/centriair.com\/de\/ueber-centriair\/karriere\/#primaryimage\",\"url\":\"https:\/\/centriair.com\/wp-content\/uploads\/2023\/05\/Centriair-company-conference-768x510.jpg\",\"contentUrl\":\"https:\/\/centriair.com\/wp-content\/uploads\/2023\/05\/Centriair-company-conference-768x510.jpg\"},{\"@type\":\"BreadcrumbList\",\"@id\":\"https:\/\/centriair.com\/de\/ueber-centriair\/karriere\/#breadcrumb\",\"itemListElement\":[{\"@type\":\"ListItem\",\"position\":1,\"name\":\"Home\",\"item\":\"https:\/\/centriair.com\/de\/\"},{\"@type\":\"ListItem\",\"position\":2,\"name\":\"\u00dcber Centriair\",\"item\":\"https:\/\/centriair.com\/de\/about-centriair\/\"},{\"@type\":\"ListItem\",\"position\":3,\"name\":\"Karriere\"}]},{\"@type\":\"WebSite\",\"@id\":\"https:\/\/centriair.com\/de\/#website\",\"url\":\"https:\/\/centriair.com\/de\/\",\"name\":\"Centriair\",\"description\":\"Cleaner air. Fewer resources.\",\"publisher\":{\"@id\":\"https:\/\/centriair.com\/de\/#organization\"},\"potentialAction\":[{\"@type\":\"SearchAction\",\"target\":{\"@type\":\"EntryPoint\",\"urlTemplate\":\"https:\/\/centriair.com\/de\/?s={search_term_string}\"},\"query-input\":{\"@type\":\"PropertyValueSpecification\",\"valueRequired\":true,\"valueName\":\"search_term_string\"}}],\"inLanguage\":\"de\"},{\"@type\":\"Organization\",\"@id\":\"https:\/\/centriair.com\/de\/#organization\",\"name\":\"Centriair\",\"url\":\"https:\/\/centriair.com\/de\/\",\"logo\":{\"@type\":\"ImageObject\",\"inLanguage\":\"de\",\"@id\":\"https:\/\/centriair.com\/de\/#\/schema\/logo\/image\/\",\"url\":\"https:\/\/centriair.com\/wp-content\/uploads\/2022\/11\/Centriair_logo-blue.svg\",\"contentUrl\":\"https:\/\/centriair.com\/wp-content\/uploads\/2022\/11\/Centriair_logo-blue.svg\",\"width\":250,\"height\":65,\"caption\":\"Centriair\"},\"image\":{\"@id\":\"https:\/\/centriair.com\/de\/#\/schema\/logo\/image\/\"}}]}<\/script>\n<!-- \/ Yoast SEO plugin. -->","yoast_head_json":{"title":"Karriere - We are Centriair","robots":{"index":"index","follow":"follow","max-snippet":"max-snippet:-1","max-image-preview":"max-image-preview:large","max-video-preview":"max-video-preview:-1"},"canonical":"https:\/\/centriair.com\/de\/ueber-centriair\/karriere\/","og_locale":"de_DE","og_type":"article","og_title":"Karriere - We are Centriair","og_description":"Wir sind st\u00e4ndig auf der Suche nach talentierten Mitarbeitern, die unser Team verst\u00e4rken.\u00a0\u00a0 Arbeiten Sie mit uns Suchen Sie nach einer M\u00f6glichkeit, in einem dynamischen Unternehmen zu arbeiten und einen positiven Beitrag zu einer nachhaltigen Gesellschaft zu leisten? Bei Centriair liegt unser Erfolg in der Expertise und dem Engagement unseres engagierten Teams. Wir sind stets [&hellip;]","og_url":"https:\/\/centriair.com\/de\/ueber-centriair\/karriere\/","og_site_name":"We are Centriair","article_modified_time":"2025-06-03T15:24:50+00:00","og_image":[{"width":2360,"height":1567,"url":"https:\/\/centriair.com\/wp-content\/uploads\/2023\/05\/Centriair-company-conference.jpg","type":"image\/jpeg"}],"twitter_card":"summary_large_image","twitter_misc":{"Gesch\u00e4tzte Lesezeit":"1\u00a0Minute"},"schema":{"@context":"https:\/\/schema.org","@graph":[{"@type":"WebPage","@id":"https:\/\/centriair.com\/de\/ueber-centriair\/karriere\/","url":"https:\/\/centriair.com\/de\/ueber-centriair\/karriere\/","name":"Karriere - We are Centriair","isPartOf":{"@id":"https:\/\/centriair.com\/de\/#website"},"primaryImageOfPage":{"@id":"https:\/\/centriair.com\/de\/ueber-centriair\/karriere\/#primaryimage"},"image":{"@id":"https:\/\/centriair.com\/de\/ueber-centriair\/karriere\/#primaryimage"},"thumbnailUrl":"https:\/\/centriair.com\/wp-content\/uploads\/2023\/05\/Centriair-company-conference-768x510.jpg","datePublished":"2023-03-09T08:47:04+00:00","dateModified":"2025-06-03T15:24:50+00:00","breadcrumb":{"@id":"https:\/\/centriair.com\/de\/ueber-centriair\/karriere\/#breadcrumb"},"inLanguage":"de","potentialAction":[{"@type":"ReadAction","target":["https:\/\/centriair.com\/de\/ueber-centriair\/karriere\/"]}]},{"@type":"ImageObject","inLanguage":"de","@id":"https:\/\/centriair.com\/de\/ueber-centriair\/karriere\/#primaryimage","url":"https:\/\/centriair.com\/wp-content\/uploads\/2023\/05\/Centriair-company-conference-768x510.jpg","contentUrl":"https:\/\/centriair.com\/wp-content\/uploads\/2023\/05\/Centriair-company-conference-768x510.jpg"},{"@type":"BreadcrumbList","@id":"https:\/\/centriair.com\/de\/ueber-centriair\/karriere\/#breadcrumb","itemListElement":[{"@type":"ListItem","position":1,"name":"Home","item":"https:\/\/centriair.com\/de\/"},{"@type":"ListItem","position":2,"name":"\u00dcber Centriair","item":"https:\/\/centriair.com\/de\/about-centriair\/"},{"@type":"ListItem","position":3,"name":"Karriere"}]},{"@type":"WebSite","@id":"https:\/\/centriair.com\/de\/#website","url":"https:\/\/centriair.com\/de\/","name":"Centriair","description":"Cleaner air. Fewer resources.","publisher":{"@id":"https:\/\/centriair.com\/de\/#organization"},"potentialAction":[{"@type":"SearchAction","target":{"@type":"EntryPoint","urlTemplate":"https:\/\/centriair.com\/de\/?s={search_term_string}"},"query-input":{"@type":"PropertyValueSpecification","valueRequired":true,"valueName":"search_term_string"}}],"inLanguage":"de"},{"@type":"Organization","@id":"https:\/\/centriair.com\/de\/#organization","name":"Centriair","url":"https:\/\/centriair.com\/de\/","logo":{"@type":"ImageObject","inLanguage":"de","@id":"https:\/\/centriair.com\/de\/#\/schema\/logo\/image\/","url":"https:\/\/centriair.com\/wp-content\/uploads\/2022\/11\/Centriair_logo-blue.svg","contentUrl":"https:\/\/centriair.com\/wp-content\/uploads\/2022\/11\/Centriair_logo-blue.svg","width":250,"height":65,"caption":"Centriair"},"image":{"@id":"https:\/\/centriair.com\/de\/#\/schema\/logo\/image\/"}}]}},"_links":{"self":[{"href":"https:\/\/centriair.com\/de\/wp-json\/wp\/v2\/pages\/3768","targetHints":{"allow":["GET"]}}],"collection":[{"href":"https:\/\/centriair.com\/de\/wp-json\/wp\/v2\/pages"}],"about":[{"href":"https:\/\/centriair.com\/de\/wp-json\/wp\/v2\/types\/page"}],"author":[{"embeddable":true,"href":"https:\/\/centriair.com\/de\/wp-json\/wp\/v2\/users\/1"}],"replies":[{"embeddable":true,"href":"https:\/\/centriair.com\/de\/wp-json\/wp\/v2\/comments?post=3768"}],"version-history":[{"count":34,"href":"https:\/\/centriair.com\/de\/wp-json\/wp\/v2\/pages\/3768\/revisions"}],"predecessor-version":[{"id":9322,"href":"https:\/\/centriair.com\/de\/wp-json\/wp\/v2\/pages\/3768\/revisions\/9322"}],"up":[{"embeddable":true,"href":"https:\/\/centriair.com\/de\/wp-json\/wp\/v2\/pages\/3624"}],"wp:attachment":[{"href":"https:\/\/centriair.com\/de\/wp-json\/wp\/v2\/media?parent=3768"}],"curies":[{"name":"wp","href":"https:\/\/api.w.org\/{rel}","templated":true}]}}