{"id":3766,"date":"2023-03-23T14:03:31","date_gmt":"2023-03-23T13:03:31","guid":{"rendered":"https:\/\/centriair.hemhosting.se\/technologies\/"},"modified":"2025-04-07T10:46:27","modified_gmt":"2025-04-07T08:46:27","slug":"industrielle-geruchsreduktion-technologien","status":"publish","type":"page","link":"https:\/\/centriair.com\/de\/industrielle-geruchsreduktion-technologien\/","title":{"rendered":"Technologien"},"content":{"rendered":"\t\t<div data-elementor-type=\"wp-page\" data-elementor-id=\"3766\" class=\"elementor elementor-3766 elementor-1396\" data-elementor-post-type=\"page\">\n\t\t\t\t<div class=\"elementor-element elementor-element-8af2cdc e-flex e-con-boxed e-con e-parent\" data-id=\"8af2cdc\" data-element_type=\"container\" data-settings=\"{&quot;background_background&quot;:&quot;classic&quot;}\">\n\t\t\t\t\t<div class=\"e-con-inner\">\n\t\t<div class=\"elementor-element elementor-element-bf63ea0 e-con-full e-flex e-con e-child\" data-id=\"bf63ea0\" data-element_type=\"container\">\n\t\t\t\t<\/div>\n\t\t<div class=\"elementor-element elementor-element-f1d7541 e-con-full e-flex e-con e-child\" data-id=\"f1d7541\" data-element_type=\"container\">\n\t\t\t\t<div class=\"elementor-element elementor-element-bff9d81 elementor-widget elementor-widget-text-editor\" data-id=\"bff9d81\" data-element_type=\"widget\" data-widget_type=\"text-editor.default\">\n\t\t\t\t<div class=\"elementor-widget-container\">\n\t\t\t\t\t\t\t\t\t<p>Gemeinsam helfen wir unseren Partnern, die Komplexit\u00e4ten der industriellen Luftbehandlung zu bew\u00e4ltigen, indem wir Partikel und Gasstr\u00f6me trennen, sch\u00e4dliche Substanzen beseitigen und die Leistung durch Echtzeit\u00fcberwachung und Optimierung kontrollieren.<\/p>\t\t\t\t\t\t\t\t<\/div>\n\t\t\t\t<\/div>\n\t\t\t\t<\/div>\n\t\t\t\t\t<\/div>\n\t\t\t\t<\/div>\n\t\t<div class=\"elementor-element elementor-element-f519a59 e-flex e-con-boxed e-con e-parent\" data-id=\"f519a59\" data-element_type=\"container\" data-settings=\"{&quot;background_background&quot;:&quot;classic&quot;}\">\n\t\t\t\t\t<div class=\"e-con-inner\">\n\t\t<div class=\"elementor-element elementor-element-bb2f372 e-con-full e-flex e-con e-child\" data-id=\"bb2f372\" data-element_type=\"container\" data-settings=\"{&quot;background_background&quot;:&quot;video&quot;,&quot;background_video_link&quot;:&quot;https:\\\/\\\/vimeo.com\\\/1073118293?share=copy#t=0&quot;,&quot;background_video_start&quot;:0,&quot;background_video_end&quot;:10,&quot;background_privacy_mode&quot;:&quot;yes&quot;,&quot;background_play_on_mobile&quot;:&quot;yes&quot;}\">\n\t\t<div class=\"elementor-background-video-container\" aria-hidden=\"true\">\n\t\t\t\t\t\t\t<div class=\"elementor-background-video-embed\"><\/div>\n\t\t\t\t\t\t<\/div>\t\t<\/div>\n\t\t\t\t\t<\/div>\n\t\t\t\t<\/div>\n\t\t<div class=\"elementor-element elementor-element-bdc4c98 e-flex e-con-boxed e-con e-parent\" data-id=\"bdc4c98\" data-element_type=\"container\">\n\t\t\t\t\t<div class=\"e-con-inner\">\n\t\t<div class=\"elementor-element elementor-element-0b52475 e-con-full e-flex e-con e-child\" data-id=\"0b52475\" data-element_type=\"container\" data-settings=\"{&quot;background_background&quot;:&quot;classic&quot;}\">\n\t\t\t\t<div class=\"elementor-element elementor-element-ec1582b elementor-widget elementor-widget-heading\" data-id=\"ec1582b\" data-element_type=\"widget\" data-widget_type=\"heading.default\">\n\t\t\t\t<div class=\"elementor-widget-container\">\n\t\t\t\t\t<h3 class=\"elementor-heading-title elementor-size-default\">Trenntechnologien<\/h3>\t\t\t\t<\/div>\n\t\t\t\t<\/div>\n\t\t<div class=\"elementor-element elementor-element-645c0f0 e-con-full e-flex e-con e-child\" data-id=\"645c0f0\" data-element_type=\"container\">\n\t\t\t\t<div class=\"elementor-element elementor-element-488e058 elementor-widget elementor-widget-text-editor\" data-id=\"488e058\" data-element_type=\"widget\" data-widget_type=\"text-editor.default\">\n\t\t\t\t<div class=\"elementor-widget-container\">\n\t\t\t\t\t\t\t\t\t<p>Fortschrittliche Trenntechnologien entfernen sch\u00e4dliche Partikel und scheiden Aerosole ab, von denen einige aufgefangen und in industriellen Prozessen wiederverwendet werden k\u00f6nnen.<\/p>\t\t\t\t\t\t\t\t<\/div>\n\t\t\t\t<\/div>\n\t\t\t\t<div class=\"elementor-element elementor-element-23b5d61 elementor-align-left elementor-widget elementor-widget-button\" data-id=\"23b5d61\" data-element_type=\"widget\" data-widget_type=\"button.default\">\n\t\t\t\t<div class=\"elementor-widget-container\">\n\t\t\t\t\t\t\t\t\t<div class=\"elementor-button-wrapper\">\n\t\t\t\t\t<a class=\"elementor-button elementor-button-link elementor-size-sm\" href=\"https:\/\/centriair.com\/de\/industrielle-abluftbehandlung-technologien\/trenntechnologien\/\" id=\"button-new\">\n\t\t\t\t\t\t<span class=\"elementor-button-content-wrapper\">\n\t\t\t\t\t\t<span class=\"elementor-button-icon\">\n\t\t\t\t<i aria-hidden=\"true\" class=\"fas fa-arrow-circle-right\"><\/i>\t\t\t<\/span>\n\t\t\t\t\t\t\t\t\t<span class=\"elementor-button-text\">Trenntechnologien<\/span>\n\t\t\t\t\t<\/span>\n\t\t\t\t\t<\/a>\n\t\t\t\t<\/div>\n\t\t\t\t\t\t\t\t<\/div>\n\t\t\t\t<\/div>\n\t\t\t\t<\/div>\n\t\t\t\t<\/div>\n\t\t<div class=\"elementor-element elementor-element-32bc18b e-con-full e-flex e-con e-child\" data-id=\"32bc18b\" data-element_type=\"container\" data-settings=\"{&quot;background_background&quot;:&quot;classic&quot;}\">\n\t\t\t\t<div class=\"elementor-element elementor-element-14f5380 elementor-widget elementor-widget-heading\" data-id=\"14f5380\" data-element_type=\"widget\" data-widget_type=\"heading.default\">\n\t\t\t\t<div class=\"elementor-widget-container\">\n\t\t\t\t\t<h3 class=\"elementor-heading-title elementor-size-default\">Beseitigungstechnologien<\/h3>\t\t\t\t<\/div>\n\t\t\t\t<\/div>\n\t\t<div class=\"elementor-element elementor-element-0b9db25 e-con-full e-flex e-con e-child\" data-id=\"0b9db25\" data-element_type=\"container\">\n\t\t\t\t<div class=\"elementor-element elementor-element-e143b5f elementor-widget elementor-widget-text-editor\" data-id=\"e143b5f\" data-element_type=\"widget\" data-widget_type=\"text-editor.default\">\n\t\t\t\t<div class=\"elementor-widget-container\">\n\t\t\t\t\t\t\t\t\t<p>Innovative katalytische und oxidative Technologien eliminieren sch\u00e4dliche Prozessgase und Ger\u00fcche bei geringen Energie- und Wartungskosten.<\/p>\t\t\t\t\t\t\t\t<\/div>\n\t\t\t\t<\/div>\n\t\t\t\t<div class=\"elementor-element elementor-element-33a2c9b elementor-align-left elementor-widget elementor-widget-button\" data-id=\"33a2c9b\" data-element_type=\"widget\" data-widget_type=\"button.default\">\n\t\t\t\t<div class=\"elementor-widget-container\">\n\t\t\t\t\t\t\t\t\t<div class=\"elementor-button-wrapper\">\n\t\t\t\t\t<a class=\"elementor-button elementor-button-link elementor-size-sm\" href=\"https:\/\/centriair.com\/de\/industrielle-abluftbehandlung-technologien\/beseitigungstechnologien\/\">\n\t\t\t\t\t\t<span class=\"elementor-button-content-wrapper\">\n\t\t\t\t\t\t<span class=\"elementor-button-icon\">\n\t\t\t\t<i aria-hidden=\"true\" class=\"fas fa-arrow-circle-right\"><\/i>\t\t\t<\/span>\n\t\t\t\t\t\t\t\t\t<span class=\"elementor-button-text\">Beseitigungstechnologien<\/span>\n\t\t\t\t\t<\/span>\n\t\t\t\t\t<\/a>\n\t\t\t\t<\/div>\n\t\t\t\t\t\t\t\t<\/div>\n\t\t\t\t<\/div>\n\t\t\t\t<\/div>\n\t\t\t\t<\/div>\n\t\t<div class=\"elementor-element elementor-element-2569cbe e-con-full e-flex e-con e-child\" data-id=\"2569cbe\" data-element_type=\"container\" data-settings=\"{&quot;background_background&quot;:&quot;classic&quot;}\">\n\t\t\t\t<div class=\"elementor-element elementor-element-d9bc999 elementor-widget elementor-widget-heading\" data-id=\"d9bc999\" data-element_type=\"widget\" data-widget_type=\"heading.default\">\n\t\t\t\t<div class=\"elementor-widget-container\">\n\t\t\t\t\t<h3 class=\"elementor-heading-title elementor-size-default\">Steuerungs- und Optimierungssysteme<\/h3>\t\t\t\t<\/div>\n\t\t\t\t<\/div>\n\t\t<div class=\"elementor-element elementor-element-ea4f7a2 e-con-full e-flex e-con e-child\" data-id=\"ea4f7a2\" data-element_type=\"container\">\n\t\t\t\t<div class=\"elementor-element elementor-element-e8224fb elementor-widget elementor-widget-text-editor\" data-id=\"e8224fb\" data-element_type=\"widget\" data-widget_type=\"text-editor.default\">\n\t\t\t\t<div class=\"elementor-widget-container\">\n\t\t\t\t\t\t\t\t\t<p>Echtzeit-\u00dcberwachungs-, Steuerungs- und Optimierungssysteme sorgen f\u00fcr ein H\u00f6chstma\u00df an nachhaltiger Leistung.<\/p>\t\t\t\t\t\t\t\t<\/div>\n\t\t\t\t<\/div>\n\t\t\t\t<div class=\"elementor-element elementor-element-9124fb2 elementor-align-left elementor-widget elementor-widget-button\" data-id=\"9124fb2\" data-element_type=\"widget\" data-widget_type=\"button.default\">\n\t\t\t\t<div class=\"elementor-widget-container\">\n\t\t\t\t\t\t\t\t\t<div class=\"elementor-button-wrapper\">\n\t\t\t\t\t<a class=\"elementor-button elementor-button-link elementor-size-sm\" href=\"https:\/\/centriair.com\/de\/industrielle-abluftbehandlung-technologien\/steuerungs-und-optimierungssysteme\/\">\n\t\t\t\t\t\t<span class=\"elementor-button-content-wrapper\">\n\t\t\t\t\t\t<span class=\"elementor-button-icon\">\n\t\t\t\t<i aria-hidden=\"true\" class=\"fas fa-arrow-circle-right\"><\/i>\t\t\t<\/span>\n\t\t\t\t\t\t\t\t\t<span class=\"elementor-button-text\">Steuerungs- und Optimierungssysteme<\/span>\n\t\t\t\t\t<\/span>\n\t\t\t\t\t<\/a>\n\t\t\t\t<\/div>\n\t\t\t\t\t\t\t\t<\/div>\n\t\t\t\t<\/div>\n\t\t\t\t<\/div>\n\t\t\t\t<\/div>\n\t\t\t\t\t<\/div>\n\t\t\t\t<\/div>\n\t\t\t\t<\/div>\n\t\t","protected":false},"excerpt":{"rendered":"<p>Gemeinsam helfen wir unseren Partnern, die Komplexit\u00e4ten der industriellen Luftbehandlung zu bew\u00e4ltigen, indem wir Partikel und Gasstr\u00f6me trennen, sch\u00e4dliche Substanzen beseitigen und die Leistung durch Echtzeit\u00fcberwachung und Optimierung kontrollieren. Trenntechnologien Fortschrittliche Trenntechnologien entfernen sch\u00e4dliche Partikel und scheiden Aerosole ab, von denen einige aufgefangen und in industriellen Prozessen wiederverwendet werden k\u00f6nnen. Trenntechnologien Beseitigungstechnologien Innovative katalytische und [&hellip;]<\/p>\n","protected":false},"author":1,"featured_media":0,"parent":0,"menu_order":0,"comment_status":"closed","ping_status":"closed","template":"","meta":{"_acf_changed":false,"footnotes":""},"class_list":["post-3766","page","type-page","status-publish","hentry"],"acf":[],"yoast_head":"<!-- This site is optimized with the Yoast SEO plugin v26.8 - https:\/\/yoast.com\/product\/yoast-seo-wordpress\/ -->\n<title>Technologien - We are Centriair<\/title>\n<meta name=\"robots\" content=\"index, follow, max-snippet:-1, max-image-preview:large, max-video-preview:-1\" \/>\n<link rel=\"canonical\" href=\"https:\/\/centriair.com\/de\/industrielle-geruchsreduktion-technologien\/\" \/>\n<meta property=\"og:locale\" content=\"de_DE\" \/>\n<meta property=\"og:type\" content=\"article\" \/>\n<meta property=\"og:title\" content=\"Technologien - We are Centriair\" \/>\n<meta property=\"og:description\" content=\"Gemeinsam helfen wir unseren Partnern, die Komplexit\u00e4ten der industriellen Luftbehandlung zu bew\u00e4ltigen, indem wir Partikel und Gasstr\u00f6me trennen, sch\u00e4dliche Substanzen beseitigen und die Leistung durch Echtzeit\u00fcberwachung und Optimierung kontrollieren. Trenntechnologien Fortschrittliche Trenntechnologien entfernen sch\u00e4dliche Partikel und scheiden Aerosole ab, von denen einige aufgefangen und in industriellen Prozessen wiederverwendet werden k\u00f6nnen. Trenntechnologien Beseitigungstechnologien Innovative katalytische und [&hellip;]\" \/>\n<meta property=\"og:url\" content=\"https:\/\/centriair.com\/de\/industrielle-geruchsreduktion-technologien\/\" \/>\n<meta property=\"og:site_name\" content=\"We are Centriair\" \/>\n<meta property=\"article:modified_time\" content=\"2025-04-07T08:46:27+00:00\" \/>\n<meta name=\"twitter:card\" content=\"summary_large_image\" \/>\n<script type=\"application\/ld+json\" class=\"yoast-schema-graph\">{\"@context\":\"https:\/\/schema.org\",\"@graph\":[{\"@type\":\"WebPage\",\"@id\":\"https:\/\/centriair.com\/de\/industrielle-geruchsreduktion-technologien\/\",\"url\":\"https:\/\/centriair.com\/de\/industrielle-geruchsreduktion-technologien\/\",\"name\":\"Technologien - We are Centriair\",\"isPartOf\":{\"@id\":\"https:\/\/centriair.com\/de\/#website\"},\"datePublished\":\"2023-03-23T13:03:31+00:00\",\"dateModified\":\"2025-04-07T08:46:27+00:00\",\"breadcrumb\":{\"@id\":\"https:\/\/centriair.com\/de\/industrielle-geruchsreduktion-technologien\/#breadcrumb\"},\"inLanguage\":\"de\",\"potentialAction\":[{\"@type\":\"ReadAction\",\"target\":[\"https:\/\/centriair.com\/de\/industrielle-geruchsreduktion-technologien\/\"]}]},{\"@type\":\"BreadcrumbList\",\"@id\":\"https:\/\/centriair.com\/de\/industrielle-geruchsreduktion-technologien\/#breadcrumb\",\"itemListElement\":[{\"@type\":\"ListItem\",\"position\":1,\"name\":\"Home\",\"item\":\"https:\/\/centriair.com\/de\/\"},{\"@type\":\"ListItem\",\"position\":2,\"name\":\"Technologien\"}]},{\"@type\":\"WebSite\",\"@id\":\"https:\/\/centriair.com\/de\/#website\",\"url\":\"https:\/\/centriair.com\/de\/\",\"name\":\"Centriair\",\"description\":\"Cleaner air. Fewer resources.\",\"publisher\":{\"@id\":\"https:\/\/centriair.com\/de\/#organization\"},\"potentialAction\":[{\"@type\":\"SearchAction\",\"target\":{\"@type\":\"EntryPoint\",\"urlTemplate\":\"https:\/\/centriair.com\/de\/?s={search_term_string}\"},\"query-input\":{\"@type\":\"PropertyValueSpecification\",\"valueRequired\":true,\"valueName\":\"search_term_string\"}}],\"inLanguage\":\"de\"},{\"@type\":\"Organization\",\"@id\":\"https:\/\/centriair.com\/de\/#organization\",\"name\":\"Centriair\",\"url\":\"https:\/\/centriair.com\/de\/\",\"logo\":{\"@type\":\"ImageObject\",\"inLanguage\":\"de\",\"@id\":\"https:\/\/centriair.com\/de\/#\/schema\/logo\/image\/\",\"url\":\"https:\/\/centriair.com\/wp-content\/uploads\/2022\/11\/Centriair_logo-blue.svg\",\"contentUrl\":\"https:\/\/centriair.com\/wp-content\/uploads\/2022\/11\/Centriair_logo-blue.svg\",\"width\":250,\"height\":65,\"caption\":\"Centriair\"},\"image\":{\"@id\":\"https:\/\/centriair.com\/de\/#\/schema\/logo\/image\/\"}}]}<\/script>\n<!-- \/ Yoast SEO plugin. -->","yoast_head_json":{"title":"Technologien - We are Centriair","robots":{"index":"index","follow":"follow","max-snippet":"max-snippet:-1","max-image-preview":"max-image-preview:large","max-video-preview":"max-video-preview:-1"},"canonical":"https:\/\/centriair.com\/de\/industrielle-geruchsreduktion-technologien\/","og_locale":"de_DE","og_type":"article","og_title":"Technologien - We are Centriair","og_description":"Gemeinsam helfen wir unseren Partnern, die Komplexit\u00e4ten der industriellen Luftbehandlung zu bew\u00e4ltigen, indem wir Partikel und Gasstr\u00f6me trennen, sch\u00e4dliche Substanzen beseitigen und die Leistung durch Echtzeit\u00fcberwachung und Optimierung kontrollieren. Trenntechnologien Fortschrittliche Trenntechnologien entfernen sch\u00e4dliche Partikel und scheiden Aerosole ab, von denen einige aufgefangen und in industriellen Prozessen wiederverwendet werden k\u00f6nnen. Trenntechnologien Beseitigungstechnologien Innovative katalytische und [&hellip;]","og_url":"https:\/\/centriair.com\/de\/industrielle-geruchsreduktion-technologien\/","og_site_name":"We are Centriair","article_modified_time":"2025-04-07T08:46:27+00:00","twitter_card":"summary_large_image","schema":{"@context":"https:\/\/schema.org","@graph":[{"@type":"WebPage","@id":"https:\/\/centriair.com\/de\/industrielle-geruchsreduktion-technologien\/","url":"https:\/\/centriair.com\/de\/industrielle-geruchsreduktion-technologien\/","name":"Technologien - We are Centriair","isPartOf":{"@id":"https:\/\/centriair.com\/de\/#website"},"datePublished":"2023-03-23T13:03:31+00:00","dateModified":"2025-04-07T08:46:27+00:00","breadcrumb":{"@id":"https:\/\/centriair.com\/de\/industrielle-geruchsreduktion-technologien\/#breadcrumb"},"inLanguage":"de","potentialAction":[{"@type":"ReadAction","target":["https:\/\/centriair.com\/de\/industrielle-geruchsreduktion-technologien\/"]}]},{"@type":"BreadcrumbList","@id":"https:\/\/centriair.com\/de\/industrielle-geruchsreduktion-technologien\/#breadcrumb","itemListElement":[{"@type":"ListItem","position":1,"name":"Home","item":"https:\/\/centriair.com\/de\/"},{"@type":"ListItem","position":2,"name":"Technologien"}]},{"@type":"WebSite","@id":"https:\/\/centriair.com\/de\/#website","url":"https:\/\/centriair.com\/de\/","name":"Centriair","description":"Cleaner air. Fewer resources.","publisher":{"@id":"https:\/\/centriair.com\/de\/#organization"},"potentialAction":[{"@type":"SearchAction","target":{"@type":"EntryPoint","urlTemplate":"https:\/\/centriair.com\/de\/?s={search_term_string}"},"query-input":{"@type":"PropertyValueSpecification","valueRequired":true,"valueName":"search_term_string"}}],"inLanguage":"de"},{"@type":"Organization","@id":"https:\/\/centriair.com\/de\/#organization","name":"Centriair","url":"https:\/\/centriair.com\/de\/","logo":{"@type":"ImageObject","inLanguage":"de","@id":"https:\/\/centriair.com\/de\/#\/schema\/logo\/image\/","url":"https:\/\/centriair.com\/wp-content\/uploads\/2022\/11\/Centriair_logo-blue.svg","contentUrl":"https:\/\/centriair.com\/wp-content\/uploads\/2022\/11\/Centriair_logo-blue.svg","width":250,"height":65,"caption":"Centriair"},"image":{"@id":"https:\/\/centriair.com\/de\/#\/schema\/logo\/image\/"}}]}},"_links":{"self":[{"href":"https:\/\/centriair.com\/de\/wp-json\/wp\/v2\/pages\/3766","targetHints":{"allow":["GET"]}}],"collection":[{"href":"https:\/\/centriair.com\/de\/wp-json\/wp\/v2\/pages"}],"about":[{"href":"https:\/\/centriair.com\/de\/wp-json\/wp\/v2\/types\/page"}],"author":[{"embeddable":true,"href":"https:\/\/centriair.com\/de\/wp-json\/wp\/v2\/users\/1"}],"replies":[{"embeddable":true,"href":"https:\/\/centriair.com\/de\/wp-json\/wp\/v2\/comments?post=3766"}],"version-history":[{"count":32,"href":"https:\/\/centriair.com\/de\/wp-json\/wp\/v2\/pages\/3766\/revisions"}],"predecessor-version":[{"id":9230,"href":"https:\/\/centriair.com\/de\/wp-json\/wp\/v2\/pages\/3766\/revisions\/9230"}],"wp:attachment":[{"href":"https:\/\/centriair.com\/de\/wp-json\/wp\/v2\/media?parent=3766"}],"curies":[{"name":"wp","href":"https:\/\/api.w.org\/{rel}","templated":true}]}}