{"id":3763,"date":"2023-05-03T15:14:48","date_gmt":"2023-05-03T13:14:48","guid":{"rendered":"https:\/\/centriair.hemhosting.se\/products\/uv-reactors\/"},"modified":"2025-03-07T15:01:51","modified_gmt":"2025-03-07T14:01:51","slug":"uv-reaktoren","status":"publish","type":"page","link":"https:\/\/centriair.com\/de\/industrielle-geruchsreduktion-produkte\/uv-reaktoren\/","title":{"rendered":"UV-Reaktoren"},"content":{"rendered":"\t\t<div data-elementor-type=\"wp-page\" data-elementor-id=\"3763\" class=\"elementor elementor-3763 elementor-1725\" data-elementor-post-type=\"page\">\n\t\t\t\t<div class=\"elementor-element elementor-element-d1ea794 e-flex e-con-boxed e-con e-parent\" data-id=\"d1ea794\" data-element_type=\"container\">\n\t\t\t\t\t<div class=\"e-con-inner\">\n\t\t\t\t\t<\/div>\n\t\t\t\t<\/div>\n\t\t<div class=\"elementor-element elementor-element-48efac0 e-flex e-con-boxed e-con e-parent\" data-id=\"48efac0\" data-element_type=\"container\">\n\t\t\t\t\t<div class=\"e-con-inner\">\n\t\t<div class=\"elementor-element elementor-element-c9e3b0d e-con-full e-flex e-con e-child\" data-id=\"c9e3b0d\" data-element_type=\"container\">\n\t\t\t\t<div class=\"elementor-element elementor-element-457abd8 elementor-widget elementor-widget-text-editor\" data-id=\"457abd8\" data-element_type=\"widget\" data-widget_type=\"text-editor.default\">\n\t\t\t\t<div class=\"elementor-widget-container\">\n\t\t\t\t\t\t\t\t\t<p>Der Hochintensit\u00e4ts-UV-Reaktor stellt eine Weiterentwicklung der UV-Technologie dar und bietet eine verbesserte Oxidationsleistung im Vergleich zu herk\u00f6mmlichen Systemen. Dies ist besonders vorteilhaft bei der Behandlung von Geruchsproblemen und hohen Schadstoffbelastungen in industriellen Umgebungen.<\/p><p>Die UV-Technologie arbeitet durch das Aufbrechen von Bindungen in organischen Molek\u00fclen, wodurch sich ihre chemische Zusammensetzung und ihr Geruchspotenzial ver\u00e4ndern. Gleichzeitig wird der Gesamtgehalt an fl\u00fcchtigen organischen Verbindungen (VOCs) im Prozessgas gesenkt. Die UV-Behandlung kann besonders effektiv bei Gasen und sehr kleinen Partikeln sein, wenn sie korrekt dimensioniert und ausgelegt ist.<\/p><p>Ein gro\u00dfer Vorteil des UV-Reaktors ist der minimale Druckabfall und die geringe Beeintr\u00e4chtigung des Systems. Es sind keine Filter erforderlich, die regelm\u00e4\u00dfig ausgetauscht werden m\u00fcssen, was zu niedrigeren Wartungskosten f\u00fchrt. Dar\u00fcber hinaus kann das System f\u00fcr sehr gro\u00dfe Durchfl\u00fcsse ausgelegt werden, was eine hohe Flexibilit\u00e4t in industriellen Anwendungen erm\u00f6glicht.<\/p><p>UV-Reaktoren in drei verschiedenen Gr\u00f6\u00dfen:<\/p><ul><li><strong>Bert<\/strong>\u00a0\u2013 UV-Reaktor f\u00fcr mittlere Luftstr\u00f6me in Industrieanlagen.<\/li><li><strong>Alfred<\/strong>\u00a0\u2013 UV-Reaktor f\u00fcr mittlere Luftstr\u00f6me in Industrieanlagen.<\/li><li><strong>Frej<\/strong>\u00a0\u2013 UV-Reaktor f\u00fcr hohe Luftstr\u00f6me in Industrieanlagen.<\/li><\/ul>\t\t\t\t\t\t\t\t<\/div>\n\t\t\t\t<\/div>\n\t\t\t\t<\/div>\n\t\t<div class=\"elementor-element elementor-element-0132871 e-con-full e-flex e-con e-child\" data-id=\"0132871\" data-element_type=\"container\">\n\t\t\t\t<div class=\"elementor-element elementor-element-6e6d085 elementor-widget elementor-widget-image\" data-id=\"6e6d085\" data-element_type=\"widget\" data-widget_type=\"image.default\">\n\t\t\t\t<div class=\"elementor-widget-container\">\n\t\t\t\t\t\t\t\t\t\t\t\t\t\t\t<img fetchpriority=\"high\" decoding=\"async\" width=\"768\" height=\"512\" src=\"https:\/\/centriair.com\/wp-content\/uploads\/2023\/05\/Cemtriair-UV-768x512.jpg\" class=\"attachment-medium_large size-medium_large wp-image-3435\" alt=\"\" srcset=\"https:\/\/centriair.com\/wp-content\/uploads\/2023\/05\/Cemtriair-UV-768x512.jpg 768w, https:\/\/centriair.com\/wp-content\/uploads\/2023\/05\/Cemtriair-UV-300x200.jpg 300w, https:\/\/centriair.com\/wp-content\/uploads\/2023\/05\/Cemtriair-UV-1024x683.jpg 1024w, https:\/\/centriair.com\/wp-content\/uploads\/2023\/05\/Cemtriair-UV-1536x1024.jpg 1536w, https:\/\/centriair.com\/wp-content\/uploads\/2023\/05\/Cemtriair-UV.jpg 1632w\" sizes=\"(max-width: 768px) 100vw, 768px\" \/>\t\t\t\t\t\t\t\t\t\t\t\t\t\t\t<\/div>\n\t\t\t\t<\/div>\n\t\t\t\t<\/div>\n\t\t\t\t\t<\/div>\n\t\t\t\t<\/div>\n\t\t\t\t<\/div>\n\t\t","protected":false},"excerpt":{"rendered":"<p>Der Hochintensit\u00e4ts-UV-Reaktor stellt eine Weiterentwicklung der UV-Technologie dar und bietet eine verbesserte Oxidationsleistung im Vergleich zu herk\u00f6mmlichen Systemen. Dies ist besonders vorteilhaft bei der Behandlung von Geruchsproblemen und hohen Schadstoffbelastungen in industriellen Umgebungen. Die UV-Technologie arbeitet durch das Aufbrechen von Bindungen in organischen Molek\u00fclen, wodurch sich ihre chemische Zusammensetzung und ihr Geruchspotenzial ver\u00e4ndern. Gleichzeitig wird [&hellip;]<\/p>\n","protected":false},"author":1,"featured_media":0,"parent":3744,"menu_order":0,"comment_status":"closed","ping_status":"closed","template":"","meta":{"_acf_changed":false,"footnotes":""},"class_list":["post-3763","page","type-page","status-publish","hentry"],"acf":[],"yoast_head":"<!-- This site is optimized with the Yoast SEO plugin v26.8 - https:\/\/yoast.com\/product\/yoast-seo-wordpress\/ -->\n<title>UV-Reaktoren - We are Centriair<\/title>\n<meta name=\"robots\" content=\"index, follow, max-snippet:-1, max-image-preview:large, max-video-preview:-1\" \/>\n<link rel=\"canonical\" href=\"https:\/\/centriair.com\/de\/industrielle-geruchsreduktion-produkte\/uv-reaktoren\/\" \/>\n<meta property=\"og:locale\" content=\"de_DE\" \/>\n<meta property=\"og:type\" content=\"article\" \/>\n<meta property=\"og:title\" content=\"UV-Reaktoren - We are Centriair\" \/>\n<meta property=\"og:description\" content=\"Der Hochintensit\u00e4ts-UV-Reaktor stellt eine Weiterentwicklung der UV-Technologie dar und bietet eine verbesserte Oxidationsleistung im Vergleich zu herk\u00f6mmlichen Systemen. Dies ist besonders vorteilhaft bei der Behandlung von Geruchsproblemen und hohen Schadstoffbelastungen in industriellen Umgebungen. Die UV-Technologie arbeitet durch das Aufbrechen von Bindungen in organischen Molek\u00fclen, wodurch sich ihre chemische Zusammensetzung und ihr Geruchspotenzial ver\u00e4ndern. Gleichzeitig wird [&hellip;]\" \/>\n<meta property=\"og:url\" content=\"https:\/\/centriair.com\/de\/industrielle-geruchsreduktion-produkte\/uv-reaktoren\/\" \/>\n<meta property=\"og:site_name\" content=\"We are Centriair\" \/>\n<meta property=\"article:modified_time\" content=\"2025-03-07T14:01:51+00:00\" \/>\n<meta property=\"og:image\" content=\"https:\/\/centriair.hemhosting.se\/wp-content\/uploads\/2023\/05\/Cemtriair-UV-768x512.jpg\" \/>\n<meta name=\"twitter:card\" content=\"summary_large_image\" \/>\n<meta name=\"twitter:label1\" content=\"Gesch\u00e4tzte Lesezeit\" \/>\n\t<meta name=\"twitter:data1\" content=\"1\u00a0Minute\" \/>\n<script type=\"application\/ld+json\" class=\"yoast-schema-graph\">{\"@context\":\"https:\/\/schema.org\",\"@graph\":[{\"@type\":\"WebPage\",\"@id\":\"https:\/\/centriair.com\/de\/industrielle-geruchsreduktion-produkte\/uv-reaktoren\/\",\"url\":\"https:\/\/centriair.com\/de\/industrielle-geruchsreduktion-produkte\/uv-reaktoren\/\",\"name\":\"UV-Reaktoren - We are Centriair\",\"isPartOf\":{\"@id\":\"https:\/\/centriair.com\/de\/#website\"},\"primaryImageOfPage\":{\"@id\":\"https:\/\/centriair.com\/de\/industrielle-geruchsreduktion-produkte\/uv-reaktoren\/#primaryimage\"},\"image\":{\"@id\":\"https:\/\/centriair.com\/de\/industrielle-geruchsreduktion-produkte\/uv-reaktoren\/#primaryimage\"},\"thumbnailUrl\":\"https:\/\/centriair.hemhosting.se\/wp-content\/uploads\/2023\/05\/Cemtriair-UV-768x512.jpg\",\"datePublished\":\"2023-05-03T13:14:48+00:00\",\"dateModified\":\"2025-03-07T14:01:51+00:00\",\"breadcrumb\":{\"@id\":\"https:\/\/centriair.com\/de\/industrielle-geruchsreduktion-produkte\/uv-reaktoren\/#breadcrumb\"},\"inLanguage\":\"de\",\"potentialAction\":[{\"@type\":\"ReadAction\",\"target\":[\"https:\/\/centriair.com\/de\/industrielle-geruchsreduktion-produkte\/uv-reaktoren\/\"]}]},{\"@type\":\"ImageObject\",\"inLanguage\":\"de\",\"@id\":\"https:\/\/centriair.com\/de\/industrielle-geruchsreduktion-produkte\/uv-reaktoren\/#primaryimage\",\"url\":\"https:\/\/centriair.hemhosting.se\/wp-content\/uploads\/2023\/05\/Cemtriair-UV-768x512.jpg\",\"contentUrl\":\"https:\/\/centriair.hemhosting.se\/wp-content\/uploads\/2023\/05\/Cemtriair-UV-768x512.jpg\"},{\"@type\":\"BreadcrumbList\",\"@id\":\"https:\/\/centriair.com\/de\/industrielle-geruchsreduktion-produkte\/uv-reaktoren\/#breadcrumb\",\"itemListElement\":[{\"@type\":\"ListItem\",\"position\":1,\"name\":\"Home\",\"item\":\"https:\/\/centriair.com\/de\/\"},{\"@type\":\"ListItem\",\"position\":2,\"name\":\"Produkte\",\"item\":\"https:\/\/centriair.com\/de\/industrial-odour-control-products\/\"},{\"@type\":\"ListItem\",\"position\":3,\"name\":\"UV-Reaktoren\"}]},{\"@type\":\"WebSite\",\"@id\":\"https:\/\/centriair.com\/de\/#website\",\"url\":\"https:\/\/centriair.com\/de\/\",\"name\":\"Centriair\",\"description\":\"Cleaner air. Fewer resources.\",\"publisher\":{\"@id\":\"https:\/\/centriair.com\/de\/#organization\"},\"potentialAction\":[{\"@type\":\"SearchAction\",\"target\":{\"@type\":\"EntryPoint\",\"urlTemplate\":\"https:\/\/centriair.com\/de\/?s={search_term_string}\"},\"query-input\":{\"@type\":\"PropertyValueSpecification\",\"valueRequired\":true,\"valueName\":\"search_term_string\"}}],\"inLanguage\":\"de\"},{\"@type\":\"Organization\",\"@id\":\"https:\/\/centriair.com\/de\/#organization\",\"name\":\"Centriair\",\"url\":\"https:\/\/centriair.com\/de\/\",\"logo\":{\"@type\":\"ImageObject\",\"inLanguage\":\"de\",\"@id\":\"https:\/\/centriair.com\/de\/#\/schema\/logo\/image\/\",\"url\":\"https:\/\/centriair.com\/wp-content\/uploads\/2022\/11\/Centriair_logo-blue.svg\",\"contentUrl\":\"https:\/\/centriair.com\/wp-content\/uploads\/2022\/11\/Centriair_logo-blue.svg\",\"width\":250,\"height\":65,\"caption\":\"Centriair\"},\"image\":{\"@id\":\"https:\/\/centriair.com\/de\/#\/schema\/logo\/image\/\"}}]}<\/script>\n<!-- \/ Yoast SEO plugin. -->","yoast_head_json":{"title":"UV-Reaktoren - We are Centriair","robots":{"index":"index","follow":"follow","max-snippet":"max-snippet:-1","max-image-preview":"max-image-preview:large","max-video-preview":"max-video-preview:-1"},"canonical":"https:\/\/centriair.com\/de\/industrielle-geruchsreduktion-produkte\/uv-reaktoren\/","og_locale":"de_DE","og_type":"article","og_title":"UV-Reaktoren - We are Centriair","og_description":"Der Hochintensit\u00e4ts-UV-Reaktor stellt eine Weiterentwicklung der UV-Technologie dar und bietet eine verbesserte Oxidationsleistung im Vergleich zu herk\u00f6mmlichen Systemen. Dies ist besonders vorteilhaft bei der Behandlung von Geruchsproblemen und hohen Schadstoffbelastungen in industriellen Umgebungen. Die UV-Technologie arbeitet durch das Aufbrechen von Bindungen in organischen Molek\u00fclen, wodurch sich ihre chemische Zusammensetzung und ihr Geruchspotenzial ver\u00e4ndern. Gleichzeitig wird [&hellip;]","og_url":"https:\/\/centriair.com\/de\/industrielle-geruchsreduktion-produkte\/uv-reaktoren\/","og_site_name":"We are Centriair","article_modified_time":"2025-03-07T14:01:51+00:00","og_image":[{"url":"https:\/\/centriair.hemhosting.se\/wp-content\/uploads\/2023\/05\/Cemtriair-UV-768x512.jpg","type":"","width":"","height":""}],"twitter_card":"summary_large_image","twitter_misc":{"Gesch\u00e4tzte Lesezeit":"1\u00a0Minute"},"schema":{"@context":"https:\/\/schema.org","@graph":[{"@type":"WebPage","@id":"https:\/\/centriair.com\/de\/industrielle-geruchsreduktion-produkte\/uv-reaktoren\/","url":"https:\/\/centriair.com\/de\/industrielle-geruchsreduktion-produkte\/uv-reaktoren\/","name":"UV-Reaktoren - We are Centriair","isPartOf":{"@id":"https:\/\/centriair.com\/de\/#website"},"primaryImageOfPage":{"@id":"https:\/\/centriair.com\/de\/industrielle-geruchsreduktion-produkte\/uv-reaktoren\/#primaryimage"},"image":{"@id":"https:\/\/centriair.com\/de\/industrielle-geruchsreduktion-produkte\/uv-reaktoren\/#primaryimage"},"thumbnailUrl":"https:\/\/centriair.hemhosting.se\/wp-content\/uploads\/2023\/05\/Cemtriair-UV-768x512.jpg","datePublished":"2023-05-03T13:14:48+00:00","dateModified":"2025-03-07T14:01:51+00:00","breadcrumb":{"@id":"https:\/\/centriair.com\/de\/industrielle-geruchsreduktion-produkte\/uv-reaktoren\/#breadcrumb"},"inLanguage":"de","potentialAction":[{"@type":"ReadAction","target":["https:\/\/centriair.com\/de\/industrielle-geruchsreduktion-produkte\/uv-reaktoren\/"]}]},{"@type":"ImageObject","inLanguage":"de","@id":"https:\/\/centriair.com\/de\/industrielle-geruchsreduktion-produkte\/uv-reaktoren\/#primaryimage","url":"https:\/\/centriair.hemhosting.se\/wp-content\/uploads\/2023\/05\/Cemtriair-UV-768x512.jpg","contentUrl":"https:\/\/centriair.hemhosting.se\/wp-content\/uploads\/2023\/05\/Cemtriair-UV-768x512.jpg"},{"@type":"BreadcrumbList","@id":"https:\/\/centriair.com\/de\/industrielle-geruchsreduktion-produkte\/uv-reaktoren\/#breadcrumb","itemListElement":[{"@type":"ListItem","position":1,"name":"Home","item":"https:\/\/centriair.com\/de\/"},{"@type":"ListItem","position":2,"name":"Produkte","item":"https:\/\/centriair.com\/de\/industrial-odour-control-products\/"},{"@type":"ListItem","position":3,"name":"UV-Reaktoren"}]},{"@type":"WebSite","@id":"https:\/\/centriair.com\/de\/#website","url":"https:\/\/centriair.com\/de\/","name":"Centriair","description":"Cleaner air. Fewer resources.","publisher":{"@id":"https:\/\/centriair.com\/de\/#organization"},"potentialAction":[{"@type":"SearchAction","target":{"@type":"EntryPoint","urlTemplate":"https:\/\/centriair.com\/de\/?s={search_term_string}"},"query-input":{"@type":"PropertyValueSpecification","valueRequired":true,"valueName":"search_term_string"}}],"inLanguage":"de"},{"@type":"Organization","@id":"https:\/\/centriair.com\/de\/#organization","name":"Centriair","url":"https:\/\/centriair.com\/de\/","logo":{"@type":"ImageObject","inLanguage":"de","@id":"https:\/\/centriair.com\/de\/#\/schema\/logo\/image\/","url":"https:\/\/centriair.com\/wp-content\/uploads\/2022\/11\/Centriair_logo-blue.svg","contentUrl":"https:\/\/centriair.com\/wp-content\/uploads\/2022\/11\/Centriair_logo-blue.svg","width":250,"height":65,"caption":"Centriair"},"image":{"@id":"https:\/\/centriair.com\/de\/#\/schema\/logo\/image\/"}}]}},"_links":{"self":[{"href":"https:\/\/centriair.com\/de\/wp-json\/wp\/v2\/pages\/3763","targetHints":{"allow":["GET"]}}],"collection":[{"href":"https:\/\/centriair.com\/de\/wp-json\/wp\/v2\/pages"}],"about":[{"href":"https:\/\/centriair.com\/de\/wp-json\/wp\/v2\/types\/page"}],"author":[{"embeddable":true,"href":"https:\/\/centriair.com\/de\/wp-json\/wp\/v2\/users\/1"}],"replies":[{"embeddable":true,"href":"https:\/\/centriair.com\/de\/wp-json\/wp\/v2\/comments?post=3763"}],"version-history":[{"count":13,"href":"https:\/\/centriair.com\/de\/wp-json\/wp\/v2\/pages\/3763\/revisions"}],"predecessor-version":[{"id":8693,"href":"https:\/\/centriair.com\/de\/wp-json\/wp\/v2\/pages\/3763\/revisions\/8693"}],"up":[{"embeddable":true,"href":"https:\/\/centriair.com\/de\/wp-json\/wp\/v2\/pages\/3744"}],"wp:attachment":[{"href":"https:\/\/centriair.com\/de\/wp-json\/wp\/v2\/media?parent=3763"}],"curies":[{"name":"wp","href":"https:\/\/api.w.org\/{rel}","templated":true}]}}