{"id":3755,"date":"2023-03-13T16:32:51","date_gmt":"2023-03-13T15:32:51","guid":{"rendered":"https:\/\/centriair.hemhosting.se\/products\/product-1\/"},"modified":"2025-04-08T15:31:50","modified_gmt":"2025-04-08T13:31:50","slug":"kompakt-serie","status":"publish","type":"page","link":"https:\/\/centriair.com\/de\/industrielle-geruchsreduktion-produkte\/kompakt-serie\/","title":{"rendered":"Kompakt-Serie"},"content":{"rendered":"\t\t<div data-elementor-type=\"wp-page\" data-elementor-id=\"3755\" class=\"elementor elementor-3755 elementor-1189\" data-elementor-post-type=\"page\">\n\t\t\t\t<div class=\"elementor-element elementor-element-490d325 e-flex e-con-boxed e-con e-parent\" data-id=\"490d325\" data-element_type=\"container\">\n\t\t\t\t\t<div class=\"e-con-inner\">\n\t\t\t\t\t<\/div>\n\t\t\t\t<\/div>\n\t\t<div class=\"elementor-element elementor-element-4312011 e-flex e-con-boxed e-con e-parent\" data-id=\"4312011\" data-element_type=\"container\">\n\t\t\t\t\t<div class=\"e-con-inner\">\n\t\t<div class=\"elementor-element elementor-element-c4c2c2f e-con-full e-flex e-con e-child\" data-id=\"c4c2c2f\" data-element_type=\"container\">\n\t\t\t\t<div class=\"elementor-element elementor-element-ee1a82d elementor-widget elementor-widget-heading\" data-id=\"ee1a82d\" data-element_type=\"widget\" data-widget_type=\"heading.default\">\n\t\t\t\t<div class=\"elementor-widget-container\">\n\t\t\t\t\t<h2 class=\"elementor-heading-title elementor-size-default\">Centriair  ColdOx R-series<\/h2>\t\t\t\t<\/div>\n\t\t\t\t<\/div>\n\t\t\t\t<div class=\"elementor-element elementor-element-71a9ceb elementor-widget elementor-widget-text-editor\" data-id=\"71a9ceb\" data-element_type=\"widget\" data-widget_type=\"text-editor.default\">\n\t\t\t\t<div class=\"elementor-widget-container\">\n\t\t\t\t\t\t\t\t\t<p>Die bew\u00e4hrte Technologie ColdOx\u00ae kombiniert einen UV-Reaktor mit Aktivkohle, um effektiv VOC- und Geruchsemissionen zu reduzieren. In verschiedenen Anwendungsbereichen, wie Abfl\u00fcssen, Abfallentsorgung, Lebensmittelindustrie, Biogas und Schlachth\u00f6fen, wird ColdOx\u00ae als die beste verf\u00fcgbare Technologie angesehen.<\/p><p>Mit ColdOx\u00ae k\u00f6nnen VOCs und Ger\u00fcche um mehr als 99 % reduziert werden, gemessen in Geruchseinheiten pro Kubikmeter. Die ColdOx\u00ae R-Serie basiert auf einer bew\u00e4hrten und etablierten Technik und ist als standardisierte Produktserie erh\u00e4ltlich. Dank ihrer kompakten Bauweise kann sie problemlos in engen R\u00e4umen wie Pumpstationen, Abfallr\u00e4umen und \u00e4hnlichen Umgebungen installiert werden.<\/p><p>Die ColdOx\u00ae-Technologie arbeitet effizient, um Ger\u00fcche zu reduzieren, indem sie die behandelte Luft durch den UV-Reaktor und anschlie\u00dfend durch die Aktivkohle leitet. Dadurch werden VOCs und unerw\u00fcnschte Geruchsstoffe wirksam entfernt.<\/p><p>Das Ger\u00e4t reduziert Ger\u00fcche durch:<\/p><ul><li>UV-Beleuchtung<\/li><li>Oxidation mit Ozon<\/li><li>Nachbehandlung durch Aktivkohle<\/li><\/ul><div>\u00a0<\/div><p><strong>Gesch\u00e4tzte Merkmale der R-Serie:<\/strong><\/p><ul><li>Sicherheit<\/li><li>Zuverl\u00e4ssigkeit<\/li><li>\u00dcberwachung<\/li><li>Leistung<\/li><\/ul><div>\u00a0<\/div><p><strong>Modelle der Centriair ColdOx R-Serie:<\/strong><\/p><ul><li>COX R150<\/li><li>COX R300<\/li><li>COX R550<\/li><li>COXR850<\/li><li>COXR1100<\/li><li>COXR1500<\/li><li>COXR1800<\/li><li>COX R2200<\/li><li>COX R2500<\/li><\/ul>\t\t\t\t\t\t\t\t<\/div>\n\t\t\t\t<\/div>\n\t\t\t\t<div class=\"elementor-element elementor-element-24a68b7 elementor-align-left elementor-widget elementor-widget-button\" data-id=\"24a68b7\" data-element_type=\"widget\" data-widget_type=\"button.default\">\n\t\t\t\t<div class=\"elementor-widget-container\">\n\t\t\t\t\t\t\t\t\t<div class=\"elementor-button-wrapper\">\n\t\t\t\t\t<a class=\"elementor-button elementor-button-link elementor-size-sm\" href=\"https:\/\/centriair.com\/wp-content\/uploads\/2025\/04\/Centriair-COX-R-series_EN_20250407_web.pdf\" id=\"button-new\">\n\t\t\t\t\t\t<span class=\"elementor-button-content-wrapper\">\n\t\t\t\t\t\t<span class=\"elementor-button-icon\">\n\t\t\t\t<i aria-hidden=\"true\" class=\"fas fa-file-download\"><\/i>\t\t\t<\/span>\n\t\t\t\t\t\t\t\t\t<span class=\"elementor-button-text\">ColdOx R-series (PDF)<\/span>\n\t\t\t\t\t<\/span>\n\t\t\t\t\t<\/a>\n\t\t\t\t<\/div>\n\t\t\t\t\t\t\t\t<\/div>\n\t\t\t\t<\/div>\n\t\t\t\t<\/div>\n\t\t<div class=\"elementor-element elementor-element-06a6fea e-con-full e-flex e-con e-child\" data-id=\"06a6fea\" data-element_type=\"container\">\n\t\t\t\t<div class=\"elementor-element elementor-element-23a1560 elementor-widget elementor-widget-image\" data-id=\"23a1560\" data-element_type=\"widget\" data-widget_type=\"image.default\">\n\t\t\t\t<div class=\"elementor-widget-container\">\n\t\t\t\t\t\t\t\t\t\t\t\t\t\t\t<img fetchpriority=\"high\" decoding=\"async\" width=\"768\" height=\"512\" src=\"https:\/\/centriair.com\/wp-content\/uploads\/2023\/05\/ColdOx-R300-768x512.png\" class=\"attachment-medium_large size-medium_large wp-image-3572\" alt=\"Compact series\" srcset=\"https:\/\/centriair.com\/wp-content\/uploads\/2023\/05\/ColdOx-R300-768x512.png 768w, https:\/\/centriair.com\/wp-content\/uploads\/2023\/05\/ColdOx-R300-300x200.png 300w, https:\/\/centriair.com\/wp-content\/uploads\/2023\/05\/ColdOx-R300-1024x683.png 1024w, https:\/\/centriair.com\/wp-content\/uploads\/2023\/05\/ColdOx-R300-1536x1025.png 1536w, https:\/\/centriair.com\/wp-content\/uploads\/2023\/05\/ColdOx-R300.png 2000w\" sizes=\"(max-width: 768px) 100vw, 768px\" \/>\t\t\t\t\t\t\t\t\t\t\t\t\t\t\t<\/div>\n\t\t\t\t<\/div>\n\t\t\t\t<div class=\"elementor-element elementor-element-2b73781 elementor-hidden-mobile elementor-widget elementor-widget-image\" data-id=\"2b73781\" data-element_type=\"widget\" data-widget_type=\"image.default\">\n\t\t\t\t<div class=\"elementor-widget-container\">\n\t\t\t\t\t\t\t\t\t\t\t\t\t\t\t<img decoding=\"async\" width=\"768\" height=\"511\" src=\"https:\/\/centriair.com\/wp-content\/uploads\/2025\/02\/ColdOx-R300-scaled-1-768x511.png\" class=\"attachment-medium_large size-medium_large wp-image-7109\" alt=\"Catalytic system\" srcset=\"https:\/\/centriair.com\/wp-content\/uploads\/2025\/02\/ColdOx-R300-scaled-1-768x511.png 768w, https:\/\/centriair.com\/wp-content\/uploads\/2025\/02\/ColdOx-R300-scaled-1-300x200.png 300w, https:\/\/centriair.com\/wp-content\/uploads\/2025\/02\/ColdOx-R300-scaled-1-1024x682.png 1024w, https:\/\/centriair.com\/wp-content\/uploads\/2025\/02\/ColdOx-R300-scaled-1-1536x1022.png 1536w, https:\/\/centriair.com\/wp-content\/uploads\/2025\/02\/ColdOx-R300-scaled-1-2048x1363.png 2048w\" sizes=\"(max-width: 768px) 100vw, 768px\" \/>\t\t\t\t\t\t\t\t\t\t\t\t\t\t\t<\/div>\n\t\t\t\t<\/div>\n\t\t\t\t<\/div>\n\t\t\t\t\t<\/div>\n\t\t\t\t<\/div>\n\t\t\t\t<\/div>\n\t\t","protected":false},"excerpt":{"rendered":"<p>Centriair ColdOx R-series Die bew\u00e4hrte Technologie ColdOx\u00ae kombiniert einen UV-Reaktor mit Aktivkohle, um effektiv VOC- und Geruchsemissionen zu reduzieren. In verschiedenen Anwendungsbereichen, wie Abfl\u00fcssen, Abfallentsorgung, Lebensmittelindustrie, Biogas und Schlachth\u00f6fen, wird ColdOx\u00ae als die beste verf\u00fcgbare Technologie angesehen. Mit ColdOx\u00ae k\u00f6nnen VOCs und Ger\u00fcche um mehr als 99 % reduziert werden, gemessen in Geruchseinheiten pro Kubikmeter. [&hellip;]<\/p>\n","protected":false},"author":1,"featured_media":0,"parent":3744,"menu_order":0,"comment_status":"closed","ping_status":"closed","template":"","meta":{"_acf_changed":false,"footnotes":""},"class_list":["post-3755","page","type-page","status-publish","hentry"],"acf":[],"yoast_head":"<!-- This site is optimized with the Yoast SEO plugin v26.8 - https:\/\/yoast.com\/product\/yoast-seo-wordpress\/ -->\n<title>Kompakt-Serie - We are Centriair<\/title>\n<meta name=\"robots\" content=\"index, follow, max-snippet:-1, max-image-preview:large, max-video-preview:-1\" \/>\n<link rel=\"canonical\" href=\"https:\/\/centriair.com\/de\/industrielle-geruchsreduktion-produkte\/kompakt-serie\/\" \/>\n<meta property=\"og:locale\" content=\"de_DE\" \/>\n<meta property=\"og:type\" content=\"article\" \/>\n<meta property=\"og:title\" content=\"Kompakt-Serie - We are Centriair\" \/>\n<meta property=\"og:description\" content=\"Centriair ColdOx R-series Die bew\u00e4hrte Technologie ColdOx\u00ae kombiniert einen UV-Reaktor mit Aktivkohle, um effektiv VOC- und Geruchsemissionen zu reduzieren. In verschiedenen Anwendungsbereichen, wie Abfl\u00fcssen, Abfallentsorgung, Lebensmittelindustrie, Biogas und Schlachth\u00f6fen, wird ColdOx\u00ae als die beste verf\u00fcgbare Technologie angesehen. Mit ColdOx\u00ae k\u00f6nnen VOCs und Ger\u00fcche um mehr als 99 % reduziert werden, gemessen in Geruchseinheiten pro Kubikmeter. [&hellip;]\" \/>\n<meta property=\"og:url\" content=\"https:\/\/centriair.com\/de\/industrielle-geruchsreduktion-produkte\/kompakt-serie\/\" \/>\n<meta property=\"og:site_name\" content=\"We are Centriair\" \/>\n<meta property=\"article:modified_time\" content=\"2025-04-08T13:31:50+00:00\" \/>\n<meta property=\"og:image\" content=\"https:\/\/centriair.com\/wp-content\/uploads\/2023\/05\/ColdOx-R300-1024x683.png\" \/>\n\t<meta property=\"og:image:width\" content=\"1024\" \/>\n\t<meta property=\"og:image:height\" content=\"683\" \/>\n\t<meta property=\"og:image:type\" content=\"image\/png\" \/>\n<meta name=\"twitter:card\" content=\"summary_large_image\" \/>\n<meta name=\"twitter:label1\" content=\"Gesch\u00e4tzte Lesezeit\" \/>\n\t<meta name=\"twitter:data1\" content=\"1\u00a0Minute\" \/>\n<script type=\"application\/ld+json\" class=\"yoast-schema-graph\">{\"@context\":\"https:\/\/schema.org\",\"@graph\":[{\"@type\":\"WebPage\",\"@id\":\"https:\/\/centriair.com\/de\/industrielle-geruchsreduktion-produkte\/kompakt-serie\/\",\"url\":\"https:\/\/centriair.com\/de\/industrielle-geruchsreduktion-produkte\/kompakt-serie\/\",\"name\":\"Kompakt-Serie - We are Centriair\",\"isPartOf\":{\"@id\":\"https:\/\/centriair.com\/de\/#website\"},\"primaryImageOfPage\":{\"@id\":\"https:\/\/centriair.com\/de\/industrielle-geruchsreduktion-produkte\/kompakt-serie\/#primaryimage\"},\"image\":{\"@id\":\"https:\/\/centriair.com\/de\/industrielle-geruchsreduktion-produkte\/kompakt-serie\/#primaryimage\"},\"thumbnailUrl\":\"https:\/\/centriair.com\/wp-content\/uploads\/2023\/05\/ColdOx-R300-768x512.png\",\"datePublished\":\"2023-03-13T15:32:51+00:00\",\"dateModified\":\"2025-04-08T13:31:50+00:00\",\"breadcrumb\":{\"@id\":\"https:\/\/centriair.com\/de\/industrielle-geruchsreduktion-produkte\/kompakt-serie\/#breadcrumb\"},\"inLanguage\":\"de\",\"potentialAction\":[{\"@type\":\"ReadAction\",\"target\":[\"https:\/\/centriair.com\/de\/industrielle-geruchsreduktion-produkte\/kompakt-serie\/\"]}]},{\"@type\":\"ImageObject\",\"inLanguage\":\"de\",\"@id\":\"https:\/\/centriair.com\/de\/industrielle-geruchsreduktion-produkte\/kompakt-serie\/#primaryimage\",\"url\":\"https:\/\/centriair.com\/wp-content\/uploads\/2023\/05\/ColdOx-R300-768x512.png\",\"contentUrl\":\"https:\/\/centriair.com\/wp-content\/uploads\/2023\/05\/ColdOx-R300-768x512.png\"},{\"@type\":\"BreadcrumbList\",\"@id\":\"https:\/\/centriair.com\/de\/industrielle-geruchsreduktion-produkte\/kompakt-serie\/#breadcrumb\",\"itemListElement\":[{\"@type\":\"ListItem\",\"position\":1,\"name\":\"Home\",\"item\":\"https:\/\/centriair.com\/de\/\"},{\"@type\":\"ListItem\",\"position\":2,\"name\":\"Produkte\",\"item\":\"https:\/\/centriair.com\/de\/industrial-odour-control-products\/\"},{\"@type\":\"ListItem\",\"position\":3,\"name\":\"Kompakt-Serie\"}]},{\"@type\":\"WebSite\",\"@id\":\"https:\/\/centriair.com\/de\/#website\",\"url\":\"https:\/\/centriair.com\/de\/\",\"name\":\"Centriair\",\"description\":\"Cleaner air. Fewer resources.\",\"publisher\":{\"@id\":\"https:\/\/centriair.com\/de\/#organization\"},\"potentialAction\":[{\"@type\":\"SearchAction\",\"target\":{\"@type\":\"EntryPoint\",\"urlTemplate\":\"https:\/\/centriair.com\/de\/?s={search_term_string}\"},\"query-input\":{\"@type\":\"PropertyValueSpecification\",\"valueRequired\":true,\"valueName\":\"search_term_string\"}}],\"inLanguage\":\"de\"},{\"@type\":\"Organization\",\"@id\":\"https:\/\/centriair.com\/de\/#organization\",\"name\":\"Centriair\",\"url\":\"https:\/\/centriair.com\/de\/\",\"logo\":{\"@type\":\"ImageObject\",\"inLanguage\":\"de\",\"@id\":\"https:\/\/centriair.com\/de\/#\/schema\/logo\/image\/\",\"url\":\"https:\/\/centriair.com\/wp-content\/uploads\/2022\/11\/Centriair_logo-blue.svg\",\"contentUrl\":\"https:\/\/centriair.com\/wp-content\/uploads\/2022\/11\/Centriair_logo-blue.svg\",\"width\":250,\"height\":65,\"caption\":\"Centriair\"},\"image\":{\"@id\":\"https:\/\/centriair.com\/de\/#\/schema\/logo\/image\/\"}}]}<\/script>\n<!-- \/ Yoast SEO plugin. -->","yoast_head_json":{"title":"Kompakt-Serie - We are Centriair","robots":{"index":"index","follow":"follow","max-snippet":"max-snippet:-1","max-image-preview":"max-image-preview:large","max-video-preview":"max-video-preview:-1"},"canonical":"https:\/\/centriair.com\/de\/industrielle-geruchsreduktion-produkte\/kompakt-serie\/","og_locale":"de_DE","og_type":"article","og_title":"Kompakt-Serie - We are Centriair","og_description":"Centriair ColdOx R-series Die bew\u00e4hrte Technologie ColdOx\u00ae kombiniert einen UV-Reaktor mit Aktivkohle, um effektiv VOC- und Geruchsemissionen zu reduzieren. In verschiedenen Anwendungsbereichen, wie Abfl\u00fcssen, Abfallentsorgung, Lebensmittelindustrie, Biogas und Schlachth\u00f6fen, wird ColdOx\u00ae als die beste verf\u00fcgbare Technologie angesehen. Mit ColdOx\u00ae k\u00f6nnen VOCs und Ger\u00fcche um mehr als 99 % reduziert werden, gemessen in Geruchseinheiten pro Kubikmeter. [&hellip;]","og_url":"https:\/\/centriair.com\/de\/industrielle-geruchsreduktion-produkte\/kompakt-serie\/","og_site_name":"We are Centriair","article_modified_time":"2025-04-08T13:31:50+00:00","og_image":[{"width":1024,"height":683,"url":"https:\/\/centriair.com\/wp-content\/uploads\/2023\/05\/ColdOx-R300-1024x683.png","type":"image\/png"}],"twitter_card":"summary_large_image","twitter_misc":{"Gesch\u00e4tzte Lesezeit":"1\u00a0Minute"},"schema":{"@context":"https:\/\/schema.org","@graph":[{"@type":"WebPage","@id":"https:\/\/centriair.com\/de\/industrielle-geruchsreduktion-produkte\/kompakt-serie\/","url":"https:\/\/centriair.com\/de\/industrielle-geruchsreduktion-produkte\/kompakt-serie\/","name":"Kompakt-Serie - We are Centriair","isPartOf":{"@id":"https:\/\/centriair.com\/de\/#website"},"primaryImageOfPage":{"@id":"https:\/\/centriair.com\/de\/industrielle-geruchsreduktion-produkte\/kompakt-serie\/#primaryimage"},"image":{"@id":"https:\/\/centriair.com\/de\/industrielle-geruchsreduktion-produkte\/kompakt-serie\/#primaryimage"},"thumbnailUrl":"https:\/\/centriair.com\/wp-content\/uploads\/2023\/05\/ColdOx-R300-768x512.png","datePublished":"2023-03-13T15:32:51+00:00","dateModified":"2025-04-08T13:31:50+00:00","breadcrumb":{"@id":"https:\/\/centriair.com\/de\/industrielle-geruchsreduktion-produkte\/kompakt-serie\/#breadcrumb"},"inLanguage":"de","potentialAction":[{"@type":"ReadAction","target":["https:\/\/centriair.com\/de\/industrielle-geruchsreduktion-produkte\/kompakt-serie\/"]}]},{"@type":"ImageObject","inLanguage":"de","@id":"https:\/\/centriair.com\/de\/industrielle-geruchsreduktion-produkte\/kompakt-serie\/#primaryimage","url":"https:\/\/centriair.com\/wp-content\/uploads\/2023\/05\/ColdOx-R300-768x512.png","contentUrl":"https:\/\/centriair.com\/wp-content\/uploads\/2023\/05\/ColdOx-R300-768x512.png"},{"@type":"BreadcrumbList","@id":"https:\/\/centriair.com\/de\/industrielle-geruchsreduktion-produkte\/kompakt-serie\/#breadcrumb","itemListElement":[{"@type":"ListItem","position":1,"name":"Home","item":"https:\/\/centriair.com\/de\/"},{"@type":"ListItem","position":2,"name":"Produkte","item":"https:\/\/centriair.com\/de\/industrial-odour-control-products\/"},{"@type":"ListItem","position":3,"name":"Kompakt-Serie"}]},{"@type":"WebSite","@id":"https:\/\/centriair.com\/de\/#website","url":"https:\/\/centriair.com\/de\/","name":"Centriair","description":"Cleaner air. Fewer resources.","publisher":{"@id":"https:\/\/centriair.com\/de\/#organization"},"potentialAction":[{"@type":"SearchAction","target":{"@type":"EntryPoint","urlTemplate":"https:\/\/centriair.com\/de\/?s={search_term_string}"},"query-input":{"@type":"PropertyValueSpecification","valueRequired":true,"valueName":"search_term_string"}}],"inLanguage":"de"},{"@type":"Organization","@id":"https:\/\/centriair.com\/de\/#organization","name":"Centriair","url":"https:\/\/centriair.com\/de\/","logo":{"@type":"ImageObject","inLanguage":"de","@id":"https:\/\/centriair.com\/de\/#\/schema\/logo\/image\/","url":"https:\/\/centriair.com\/wp-content\/uploads\/2022\/11\/Centriair_logo-blue.svg","contentUrl":"https:\/\/centriair.com\/wp-content\/uploads\/2022\/11\/Centriair_logo-blue.svg","width":250,"height":65,"caption":"Centriair"},"image":{"@id":"https:\/\/centriair.com\/de\/#\/schema\/logo\/image\/"}}]}},"_links":{"self":[{"href":"https:\/\/centriair.com\/de\/wp-json\/wp\/v2\/pages\/3755","targetHints":{"allow":["GET"]}}],"collection":[{"href":"https:\/\/centriair.com\/de\/wp-json\/wp\/v2\/pages"}],"about":[{"href":"https:\/\/centriair.com\/de\/wp-json\/wp\/v2\/types\/page"}],"author":[{"embeddable":true,"href":"https:\/\/centriair.com\/de\/wp-json\/wp\/v2\/users\/1"}],"replies":[{"embeddable":true,"href":"https:\/\/centriair.com\/de\/wp-json\/wp\/v2\/comments?post=3755"}],"version-history":[{"count":13,"href":"https:\/\/centriair.com\/de\/wp-json\/wp\/v2\/pages\/3755\/revisions"}],"predecessor-version":[{"id":9242,"href":"https:\/\/centriair.com\/de\/wp-json\/wp\/v2\/pages\/3755\/revisions\/9242"}],"up":[{"embeddable":true,"href":"https:\/\/centriair.com\/de\/wp-json\/wp\/v2\/pages\/3744"}],"wp:attachment":[{"href":"https:\/\/centriair.com\/de\/wp-json\/wp\/v2\/media?parent=3755"}],"curies":[{"name":"wp","href":"https:\/\/api.w.org\/{rel}","templated":true}]}}