{"id":3753,"date":"2023-05-03T15:14:13","date_gmt":"2023-05-03T13:14:13","guid":{"rendered":"https:\/\/centriair.hemhosting.se\/products\/centrifuges\/"},"modified":"2025-04-10T14:03:21","modified_gmt":"2025-04-10T12:03:21","slug":"zentrifugen","status":"publish","type":"page","link":"https:\/\/centriair.com\/de\/industrielle-geruchsreduktion-produkte\/zentrifugen\/","title":{"rendered":"Zentrifugen"},"content":{"rendered":"\t\t<div data-elementor-type=\"wp-page\" data-elementor-id=\"3753\" class=\"elementor elementor-3753 elementor-1724\" data-elementor-post-type=\"page\">\n\t\t\t\t<div class=\"elementor-element elementor-element-ab763d1 e-flex e-con-boxed e-con e-parent\" data-id=\"ab763d1\" data-element_type=\"container\">\n\t\t\t\t\t<div class=\"e-con-inner\">\n\t\t\t\t\t<\/div>\n\t\t\t\t<\/div>\n\t\t<div class=\"elementor-element elementor-element-2cf7d47 e-flex e-con-boxed e-con e-parent\" data-id=\"2cf7d47\" data-element_type=\"container\">\n\t\t\t\t\t<div class=\"e-con-inner\">\n\t\t<div class=\"elementor-element elementor-element-6d4b006 e-con-full e-flex e-con e-child\" data-id=\"6d4b006\" data-element_type=\"container\">\n\t\t\t\t<div class=\"elementor-element elementor-element-c999271 elementor-widget elementor-widget-text-editor\" data-id=\"c999271\" data-element_type=\"widget\" data-widget_type=\"text-editor.default\">\n\t\t\t\t<div class=\"elementor-widget-container\">\n\t\t\t\t\t\t\t\t\t<p>Unsere speziell f\u00fcr die lebensmittelverarbeitende Industrie entwickelten Zentrifugen erf\u00fcllen die einzigartigen Anforderungen in Bezug auf Materialien, Leistung, Temperatur und Haltbarkeit. Durch ihren Einsatz k\u00f6nnen Fl\u00fcssigkeitspartikel effektiv vom Gas getrennt werden.<\/p><p>Die Zentrifugenseparatoren verwenden einen Scheibenstapel, der sich mit einer hohen Drehzahl von bis zu 3000 U\/min dreht. Aufgrund des Dichteunterschieds werden die Fl\u00fcssigkeitspartikel von gasf\u00f6rmigen Bestandteilen abgeschieden. Diese Zentrifugen sind \u00e4u\u00dferst vielseitig und k\u00f6nnen eine breite Palette von fl\u00fcssigen und festen Partikeln sowie verschiedene \u00d6le und Partikel effizient verarbeiten.<\/p><p>Da keine Filtermedien ben\u00f6tigt werden, ist der Wartungsaufwand minimal und es kommt zu keinem Druckabfall. Dies f\u00fchrt zu reduzierten Betriebskosten und gew\u00e4hrleistet eine gleichbleibende und unterbrechungsfreie Leistung der Zentrifuge.<\/p><p>Unsere Zentrifugen sind auch platzsparend konzipiert, um die Produktivit\u00e4t zu maximieren. Ihre kompakte Bauweise erm\u00f6glicht eine optimale Ausnutzung des verf\u00fcgbaren Platzes und steigert die Effizienz.<\/p><p>Dar\u00fcber hinaus eignen sich unsere Zentrifugen zur Abscheidung von feinem \u00d6lnebel und k\u00f6nnen auch gemischte Partikelverschmutzung, Tr\u00f6pfchen und festen Staub verarbeiten. Dies macht sie zu einer vielseitigen L\u00f6sung f\u00fcr verschiedene Anwendungen.<\/p><ul><li>Lina<\/li><li>Petra<\/li><li>Olga<\/li><\/ul>\t\t\t\t\t\t\t\t<\/div>\n\t\t\t\t<\/div>\n\t\t\t\t<div class=\"elementor-element elementor-element-2396af0 elementor-align-left elementor-widget elementor-widget-button\" data-id=\"2396af0\" data-element_type=\"widget\" data-widget_type=\"button.default\">\n\t\t\t\t<div class=\"elementor-widget-container\">\n\t\t\t\t\t\t\t\t\t<div class=\"elementor-button-wrapper\">\n\t\t\t\t\t<a class=\"elementor-button elementor-button-link elementor-size-sm\" href=\"https:\/\/centriair.com\/wp-content\/uploads\/2023\/05\/220411_PF_Centrifuges_EN.pdf\" id=\"button-new\">\n\t\t\t\t\t\t<span class=\"elementor-button-content-wrapper\">\n\t\t\t\t\t\t<span class=\"elementor-button-icon\">\n\t\t\t\t<i aria-hidden=\"true\" class=\"fas fa-file-download\"><\/i>\t\t\t<\/span>\n\t\t\t\t\t\t\t\t\t<span class=\"elementor-button-text\">Centrifuges (PDF)<\/span>\n\t\t\t\t\t<\/span>\n\t\t\t\t\t<\/a>\n\t\t\t\t<\/div>\n\t\t\t\t\t\t\t\t<\/div>\n\t\t\t\t<\/div>\n\t\t\t\t<\/div>\n\t\t<div class=\"elementor-element elementor-element-5f90e56 e-con-full e-flex e-con e-child\" data-id=\"5f90e56\" data-element_type=\"container\">\n\t\t\t\t<div class=\"elementor-element elementor-element-150436d elementor-widget elementor-widget-image\" data-id=\"150436d\" data-element_type=\"widget\" data-widget_type=\"image.default\">\n\t\t\t\t<div class=\"elementor-widget-container\">\n\t\t\t\t\t\t\t\t\t\t\t\t\t\t\t<img fetchpriority=\"high\" decoding=\"async\" width=\"768\" height=\"511\" src=\"https:\/\/centriair.com\/wp-content\/uploads\/2023\/05\/Installation-OLGA-3-768x511.jpg\" class=\"attachment-medium_large size-medium_large wp-image-3495\" alt=\"Centrifuge Olga\" srcset=\"https:\/\/centriair.com\/wp-content\/uploads\/2023\/05\/Installation-OLGA-3-768x511.jpg 768w, https:\/\/centriair.com\/wp-content\/uploads\/2023\/05\/Installation-OLGA-3-300x200.jpg 300w, https:\/\/centriair.com\/wp-content\/uploads\/2023\/05\/Installation-OLGA-3-1024x681.jpg 1024w, https:\/\/centriair.com\/wp-content\/uploads\/2023\/05\/Installation-OLGA-3-1536x1022.jpg 1536w, https:\/\/centriair.com\/wp-content\/uploads\/2023\/05\/Installation-OLGA-3-2048x1363.jpg 2048w\" sizes=\"(max-width: 768px) 100vw, 768px\" \/>\t\t\t\t\t\t\t\t\t\t\t\t\t\t\t<\/div>\n\t\t\t\t<\/div>\n\t\t\t\t<\/div>\n\t\t\t\t\t<\/div>\n\t\t\t\t<\/div>\n\t\t\t\t<\/div>\n\t\t","protected":false},"excerpt":{"rendered":"<p>Unsere speziell f\u00fcr die lebensmittelverarbeitende Industrie entwickelten Zentrifugen erf\u00fcllen die einzigartigen Anforderungen in Bezug auf Materialien, Leistung, Temperatur und Haltbarkeit. Durch ihren Einsatz k\u00f6nnen Fl\u00fcssigkeitspartikel effektiv vom Gas getrennt werden. Die Zentrifugenseparatoren verwenden einen Scheibenstapel, der sich mit einer hohen Drehzahl von bis zu 3000 U\/min dreht. Aufgrund des Dichteunterschieds werden die Fl\u00fcssigkeitspartikel von gasf\u00f6rmigen [&hellip;]<\/p>\n","protected":false},"author":1,"featured_media":0,"parent":3744,"menu_order":0,"comment_status":"closed","ping_status":"closed","template":"","meta":{"_acf_changed":false,"footnotes":""},"class_list":["post-3753","page","type-page","status-publish","hentry"],"acf":[],"yoast_head":"<!-- This site is optimized with the Yoast SEO plugin v26.8 - https:\/\/yoast.com\/product\/yoast-seo-wordpress\/ -->\n<title>Zentrifugen - We are Centriair<\/title>\n<meta name=\"robots\" content=\"index, follow, max-snippet:-1, max-image-preview:large, max-video-preview:-1\" \/>\n<link rel=\"canonical\" href=\"https:\/\/centriair.com\/de\/industrielle-geruchsreduktion-produkte\/zentrifugen\/\" \/>\n<meta property=\"og:locale\" content=\"de_DE\" \/>\n<meta property=\"og:type\" content=\"article\" \/>\n<meta property=\"og:title\" content=\"Zentrifugen - We are Centriair\" \/>\n<meta property=\"og:description\" content=\"Unsere speziell f\u00fcr die lebensmittelverarbeitende Industrie entwickelten Zentrifugen erf\u00fcllen die einzigartigen Anforderungen in Bezug auf Materialien, Leistung, Temperatur und Haltbarkeit. Durch ihren Einsatz k\u00f6nnen Fl\u00fcssigkeitspartikel effektiv vom Gas getrennt werden. Die Zentrifugenseparatoren verwenden einen Scheibenstapel, der sich mit einer hohen Drehzahl von bis zu 3000 U\/min dreht. Aufgrund des Dichteunterschieds werden die Fl\u00fcssigkeitspartikel von gasf\u00f6rmigen [&hellip;]\" \/>\n<meta property=\"og:url\" content=\"https:\/\/centriair.com\/de\/industrielle-geruchsreduktion-produkte\/zentrifugen\/\" \/>\n<meta property=\"og:site_name\" content=\"We are Centriair\" \/>\n<meta property=\"article:modified_time\" content=\"2025-04-10T12:03:21+00:00\" \/>\n<meta property=\"og:image\" content=\"https:\/\/centriair.com\/wp-content\/uploads\/2023\/05\/Installation-OLGA-3-scaled.jpg\" \/>\n\t<meta property=\"og:image:width\" content=\"2560\" \/>\n\t<meta property=\"og:image:height\" content=\"1703\" \/>\n\t<meta property=\"og:image:type\" content=\"image\/jpeg\" \/>\n<meta name=\"twitter:card\" content=\"summary_large_image\" \/>\n<meta name=\"twitter:label1\" content=\"Gesch\u00e4tzte Lesezeit\" \/>\n\t<meta name=\"twitter:data1\" content=\"1\u00a0Minute\" \/>\n<script type=\"application\/ld+json\" class=\"yoast-schema-graph\">{\"@context\":\"https:\/\/schema.org\",\"@graph\":[{\"@type\":\"WebPage\",\"@id\":\"https:\/\/centriair.com\/de\/industrielle-geruchsreduktion-produkte\/zentrifugen\/\",\"url\":\"https:\/\/centriair.com\/de\/industrielle-geruchsreduktion-produkte\/zentrifugen\/\",\"name\":\"Zentrifugen - We are Centriair\",\"isPartOf\":{\"@id\":\"https:\/\/centriair.com\/de\/#website\"},\"primaryImageOfPage\":{\"@id\":\"https:\/\/centriair.com\/de\/industrielle-geruchsreduktion-produkte\/zentrifugen\/#primaryimage\"},\"image\":{\"@id\":\"https:\/\/centriair.com\/de\/industrielle-geruchsreduktion-produkte\/zentrifugen\/#primaryimage\"},\"thumbnailUrl\":\"https:\/\/centriair.com\/wp-content\/uploads\/2023\/05\/Installation-OLGA-3-768x511.jpg\",\"datePublished\":\"2023-05-03T13:14:13+00:00\",\"dateModified\":\"2025-04-10T12:03:21+00:00\",\"breadcrumb\":{\"@id\":\"https:\/\/centriair.com\/de\/industrielle-geruchsreduktion-produkte\/zentrifugen\/#breadcrumb\"},\"inLanguage\":\"de\",\"potentialAction\":[{\"@type\":\"ReadAction\",\"target\":[\"https:\/\/centriair.com\/de\/industrielle-geruchsreduktion-produkte\/zentrifugen\/\"]}]},{\"@type\":\"ImageObject\",\"inLanguage\":\"de\",\"@id\":\"https:\/\/centriair.com\/de\/industrielle-geruchsreduktion-produkte\/zentrifugen\/#primaryimage\",\"url\":\"https:\/\/centriair.com\/wp-content\/uploads\/2023\/05\/Installation-OLGA-3-768x511.jpg\",\"contentUrl\":\"https:\/\/centriair.com\/wp-content\/uploads\/2023\/05\/Installation-OLGA-3-768x511.jpg\"},{\"@type\":\"BreadcrumbList\",\"@id\":\"https:\/\/centriair.com\/de\/industrielle-geruchsreduktion-produkte\/zentrifugen\/#breadcrumb\",\"itemListElement\":[{\"@type\":\"ListItem\",\"position\":1,\"name\":\"Home\",\"item\":\"https:\/\/centriair.com\/de\/\"},{\"@type\":\"ListItem\",\"position\":2,\"name\":\"Produkte\",\"item\":\"https:\/\/centriair.com\/de\/industrial-odour-control-products\/\"},{\"@type\":\"ListItem\",\"position\":3,\"name\":\"Zentrifugen\"}]},{\"@type\":\"WebSite\",\"@id\":\"https:\/\/centriair.com\/de\/#website\",\"url\":\"https:\/\/centriair.com\/de\/\",\"name\":\"Centriair\",\"description\":\"Cleaner air. Fewer resources.\",\"publisher\":{\"@id\":\"https:\/\/centriair.com\/de\/#organization\"},\"potentialAction\":[{\"@type\":\"SearchAction\",\"target\":{\"@type\":\"EntryPoint\",\"urlTemplate\":\"https:\/\/centriair.com\/de\/?s={search_term_string}\"},\"query-input\":{\"@type\":\"PropertyValueSpecification\",\"valueRequired\":true,\"valueName\":\"search_term_string\"}}],\"inLanguage\":\"de\"},{\"@type\":\"Organization\",\"@id\":\"https:\/\/centriair.com\/de\/#organization\",\"name\":\"Centriair\",\"url\":\"https:\/\/centriair.com\/de\/\",\"logo\":{\"@type\":\"ImageObject\",\"inLanguage\":\"de\",\"@id\":\"https:\/\/centriair.com\/de\/#\/schema\/logo\/image\/\",\"url\":\"https:\/\/centriair.com\/wp-content\/uploads\/2022\/11\/Centriair_logo-blue.svg\",\"contentUrl\":\"https:\/\/centriair.com\/wp-content\/uploads\/2022\/11\/Centriair_logo-blue.svg\",\"width\":250,\"height\":65,\"caption\":\"Centriair\"},\"image\":{\"@id\":\"https:\/\/centriair.com\/de\/#\/schema\/logo\/image\/\"}}]}<\/script>\n<!-- \/ Yoast SEO plugin. -->","yoast_head_json":{"title":"Zentrifugen - We are Centriair","robots":{"index":"index","follow":"follow","max-snippet":"max-snippet:-1","max-image-preview":"max-image-preview:large","max-video-preview":"max-video-preview:-1"},"canonical":"https:\/\/centriair.com\/de\/industrielle-geruchsreduktion-produkte\/zentrifugen\/","og_locale":"de_DE","og_type":"article","og_title":"Zentrifugen - We are Centriair","og_description":"Unsere speziell f\u00fcr die lebensmittelverarbeitende Industrie entwickelten Zentrifugen erf\u00fcllen die einzigartigen Anforderungen in Bezug auf Materialien, Leistung, Temperatur und Haltbarkeit. Durch ihren Einsatz k\u00f6nnen Fl\u00fcssigkeitspartikel effektiv vom Gas getrennt werden. Die Zentrifugenseparatoren verwenden einen Scheibenstapel, der sich mit einer hohen Drehzahl von bis zu 3000 U\/min dreht. Aufgrund des Dichteunterschieds werden die Fl\u00fcssigkeitspartikel von gasf\u00f6rmigen [&hellip;]","og_url":"https:\/\/centriair.com\/de\/industrielle-geruchsreduktion-produkte\/zentrifugen\/","og_site_name":"We are Centriair","article_modified_time":"2025-04-10T12:03:21+00:00","og_image":[{"width":2560,"height":1703,"url":"https:\/\/centriair.com\/wp-content\/uploads\/2023\/05\/Installation-OLGA-3-scaled.jpg","type":"image\/jpeg"}],"twitter_card":"summary_large_image","twitter_misc":{"Gesch\u00e4tzte Lesezeit":"1\u00a0Minute"},"schema":{"@context":"https:\/\/schema.org","@graph":[{"@type":"WebPage","@id":"https:\/\/centriair.com\/de\/industrielle-geruchsreduktion-produkte\/zentrifugen\/","url":"https:\/\/centriair.com\/de\/industrielle-geruchsreduktion-produkte\/zentrifugen\/","name":"Zentrifugen - We are Centriair","isPartOf":{"@id":"https:\/\/centriair.com\/de\/#website"},"primaryImageOfPage":{"@id":"https:\/\/centriair.com\/de\/industrielle-geruchsreduktion-produkte\/zentrifugen\/#primaryimage"},"image":{"@id":"https:\/\/centriair.com\/de\/industrielle-geruchsreduktion-produkte\/zentrifugen\/#primaryimage"},"thumbnailUrl":"https:\/\/centriair.com\/wp-content\/uploads\/2023\/05\/Installation-OLGA-3-768x511.jpg","datePublished":"2023-05-03T13:14:13+00:00","dateModified":"2025-04-10T12:03:21+00:00","breadcrumb":{"@id":"https:\/\/centriair.com\/de\/industrielle-geruchsreduktion-produkte\/zentrifugen\/#breadcrumb"},"inLanguage":"de","potentialAction":[{"@type":"ReadAction","target":["https:\/\/centriair.com\/de\/industrielle-geruchsreduktion-produkte\/zentrifugen\/"]}]},{"@type":"ImageObject","inLanguage":"de","@id":"https:\/\/centriair.com\/de\/industrielle-geruchsreduktion-produkte\/zentrifugen\/#primaryimage","url":"https:\/\/centriair.com\/wp-content\/uploads\/2023\/05\/Installation-OLGA-3-768x511.jpg","contentUrl":"https:\/\/centriair.com\/wp-content\/uploads\/2023\/05\/Installation-OLGA-3-768x511.jpg"},{"@type":"BreadcrumbList","@id":"https:\/\/centriair.com\/de\/industrielle-geruchsreduktion-produkte\/zentrifugen\/#breadcrumb","itemListElement":[{"@type":"ListItem","position":1,"name":"Home","item":"https:\/\/centriair.com\/de\/"},{"@type":"ListItem","position":2,"name":"Produkte","item":"https:\/\/centriair.com\/de\/industrial-odour-control-products\/"},{"@type":"ListItem","position":3,"name":"Zentrifugen"}]},{"@type":"WebSite","@id":"https:\/\/centriair.com\/de\/#website","url":"https:\/\/centriair.com\/de\/","name":"Centriair","description":"Cleaner air. Fewer resources.","publisher":{"@id":"https:\/\/centriair.com\/de\/#organization"},"potentialAction":[{"@type":"SearchAction","target":{"@type":"EntryPoint","urlTemplate":"https:\/\/centriair.com\/de\/?s={search_term_string}"},"query-input":{"@type":"PropertyValueSpecification","valueRequired":true,"valueName":"search_term_string"}}],"inLanguage":"de"},{"@type":"Organization","@id":"https:\/\/centriair.com\/de\/#organization","name":"Centriair","url":"https:\/\/centriair.com\/de\/","logo":{"@type":"ImageObject","inLanguage":"de","@id":"https:\/\/centriair.com\/de\/#\/schema\/logo\/image\/","url":"https:\/\/centriair.com\/wp-content\/uploads\/2022\/11\/Centriair_logo-blue.svg","contentUrl":"https:\/\/centriair.com\/wp-content\/uploads\/2022\/11\/Centriair_logo-blue.svg","width":250,"height":65,"caption":"Centriair"},"image":{"@id":"https:\/\/centriair.com\/de\/#\/schema\/logo\/image\/"}}]}},"_links":{"self":[{"href":"https:\/\/centriair.com\/de\/wp-json\/wp\/v2\/pages\/3753","targetHints":{"allow":["GET"]}}],"collection":[{"href":"https:\/\/centriair.com\/de\/wp-json\/wp\/v2\/pages"}],"about":[{"href":"https:\/\/centriair.com\/de\/wp-json\/wp\/v2\/types\/page"}],"author":[{"embeddable":true,"href":"https:\/\/centriair.com\/de\/wp-json\/wp\/v2\/users\/1"}],"replies":[{"embeddable":true,"href":"https:\/\/centriair.com\/de\/wp-json\/wp\/v2\/comments?post=3753"}],"version-history":[{"count":13,"href":"https:\/\/centriair.com\/de\/wp-json\/wp\/v2\/pages\/3753\/revisions"}],"predecessor-version":[{"id":9254,"href":"https:\/\/centriair.com\/de\/wp-json\/wp\/v2\/pages\/3753\/revisions\/9254"}],"up":[{"embeddable":true,"href":"https:\/\/centriair.com\/de\/wp-json\/wp\/v2\/pages\/3744"}],"wp:attachment":[{"href":"https:\/\/centriair.com\/de\/wp-json\/wp\/v2\/media?parent=3753"}],"curies":[{"name":"wp","href":"https:\/\/api.w.org\/{rel}","templated":true}]}}