{"id":3751,"date":"2023-05-03T11:29:14","date_gmt":"2023-05-03T09:29:14","guid":{"rendered":"https:\/\/centriair.hemhosting.se\/products\/product-2\/"},"modified":"2025-03-07T15:00:08","modified_gmt":"2025-03-07T14:00:08","slug":"katalytische-systeme","status":"publish","type":"page","link":"https:\/\/centriair.com\/de\/industrielle-geruchsreduktion-produkte\/katalytische-systeme\/","title":{"rendered":"Katalytische Systeme"},"content":{"rendered":"\t\t<div data-elementor-type=\"wp-page\" data-elementor-id=\"3751\" class=\"elementor elementor-3751 elementor-1721\" data-elementor-post-type=\"page\">\n\t\t\t\t\t\t<section class=\"elementor-section elementor-top-section elementor-element elementor-element-768d0715 elementor-section-height-min-height elementor-section-boxed elementor-section-height-default elementor-section-items-middle\" data-id=\"768d0715\" data-element_type=\"section\">\n\t\t\t\t\t\t<div class=\"elementor-container elementor-column-gap-default\">\n\t\t\t\t\t<div class=\"elementor-column elementor-col-100 elementor-top-column elementor-element elementor-element-66f7cc11\" data-id=\"66f7cc11\" data-element_type=\"column\" data-settings=\"{&quot;background_background&quot;:&quot;classic&quot;}\">\n\t\t\t<div class=\"elementor-widget-wrap elementor-element-populated\">\n\t\t\t\t\t\t<div class=\"elementor-element elementor-element-25f5391 elementor-widget elementor-widget-spacer\" data-id=\"25f5391\" data-element_type=\"widget\" data-widget_type=\"spacer.default\">\n\t\t\t\t<div class=\"elementor-widget-container\">\n\t\t\t\t\t\t\t<div class=\"elementor-spacer\">\n\t\t\t<div class=\"elementor-spacer-inner\"><\/div>\n\t\t<\/div>\n\t\t\t\t\t\t<\/div>\n\t\t\t\t<\/div>\n\t\t\t\t\t<\/div>\n\t\t<\/div>\n\t\t\t\t\t<\/div>\n\t\t<\/section>\n\t\t<div class=\"elementor-element elementor-element-3df8c1c e-flex e-con-boxed e-con e-parent\" data-id=\"3df8c1c\" data-element_type=\"container\">\n\t\t\t\t\t<div class=\"e-con-inner\">\n\t\t\t\t\t<\/div>\n\t\t\t\t<\/div>\n\t\t<div class=\"elementor-element elementor-element-47a232f e-flex e-con-boxed e-con e-parent\" data-id=\"47a232f\" data-element_type=\"container\">\n\t\t\t\t\t<div class=\"e-con-inner\">\n\t\t<div class=\"elementor-element elementor-element-0324c73 e-con-full e-flex e-con e-child\" data-id=\"0324c73\" data-element_type=\"container\">\n\t\t\t\t<div class=\"elementor-element elementor-element-c5662e9 elementor-widget elementor-widget-text-editor\" data-id=\"c5662e9\" data-element_type=\"widget\" data-widget_type=\"text-editor.default\">\n\t\t\t\t<div class=\"elementor-widget-container\">\n\t\t\t\t\t\t\t\t\t<p>Das Centriair DEO\u2122 ist ein hochentwickeltes katalytisches System, das speziell f\u00fcr anspruchsvolle Anwendungen entwickelt wurde. Es handelt sich um ein voll integriertes Ger\u00e4t mit PC-Steuerung und Energier\u00fcckgewinnungsfunktionen.<\/p><p>Das DEO-100\u2122 ist ein regeneratives Katalysatorsystem, das VOC- und Geruchsemissionen effektiv aus industriellen Prozessen eliminiert. Es hat sich in einer Vielzahl von Anwendungen bew\u00e4hrt, darunter verschiedene industrielle Prozesse und Abfallanwendungen wie Biogasproduktion, Substrat- und Schlammf\u00e4kalientanks, Hygienisierung, Abwasserleitungen, Pumpstationen und Kl\u00e4ranlagen.<\/p><p>Das System verwendet die patentierte Mesh-Katalysatortechnologie, die eine optimierte und kompakte Reaktorgeometrie, eine gro\u00dfe Katalysatorfl\u00e4che und eine hervorragende W\u00e4rmekapazit\u00e4t bietet. Dadurch werden VOC- und Geruchsverbindungen effizient eliminiert.<\/p><p>Das DEO-100\u2122-Ger\u00e4t zeichnet sich durch seine wartungsarme Eigenschaft aus und erfordert weder den Austausch von Medien noch von Katalysatoren. Es bietet erhebliche Kosteneinsparungen und eine stabile Leistung \u00fcber den gesamten Lebenszyklus. Sie m\u00fcssen nur den Startknopf dr\u00fccken und das DEO-100\u2122 erledigt die Arbeit f\u00fcr Sie.<\/p><p>Mit einer Umwandlungsrate von mehr als 98 % f\u00fcr die meisten VOCs, einschlie\u00dflich solcher, die mit herk\u00f6mmlichen Technologien wie Ionisation, Ozonolyse, UV-Strahlung, W\u00e4schern und Aktivkohlefiltern nur schwer zu eliminieren sind, stellt das DEO-100\u2122 eine effektive L\u00f6sung dar.<\/p><ul><li>DEO 100<\/li><li>DEO 200<\/li><li>DEO 500<\/li><li>DEO 2000<\/li><\/ul>\t\t\t\t\t\t\t\t<\/div>\n\t\t\t\t<\/div>\n\t\t\t\t<div class=\"elementor-element elementor-element-5e50582 elementor-align-left elementor-widget elementor-widget-button\" data-id=\"5e50582\" data-element_type=\"widget\" data-widget_type=\"button.default\">\n\t\t\t\t<div class=\"elementor-widget-container\">\n\t\t\t\t\t\t\t\t\t<div class=\"elementor-button-wrapper\">\n\t\t\t\t\t<a class=\"elementor-button elementor-button-link elementor-size-sm\" href=\"https:\/\/centriair.com\/wp-content\/uploads\/2023\/05\/220414_PF_DEO_EN.pdf\" id=\"button-new\">\n\t\t\t\t\t\t<span class=\"elementor-button-content-wrapper\">\n\t\t\t\t\t\t<span class=\"elementor-button-icon\">\n\t\t\t\t<i aria-hidden=\"true\" class=\"fas fa-file-download\"><\/i>\t\t\t<\/span>\n\t\t\t\t\t\t\t\t\t<span class=\"elementor-button-text\">DEO (PDF)<\/span>\n\t\t\t\t\t<\/span>\n\t\t\t\t\t<\/a>\n\t\t\t\t<\/div>\n\t\t\t\t\t\t\t\t<\/div>\n\t\t\t\t<\/div>\n\t\t\t\t<\/div>\n\t\t<div class=\"elementor-element elementor-element-5ede018 e-con-full e-flex e-con e-child\" data-id=\"5ede018\" data-element_type=\"container\">\n\t\t\t\t<div class=\"elementor-element elementor-element-cc510b9 elementor-widget elementor-widget-image\" data-id=\"cc510b9\" data-element_type=\"widget\" data-widget_type=\"image.default\">\n\t\t\t\t<div class=\"elementor-widget-container\">\n\t\t\t\t\t\t\t\t\t\t\t\t\t\t\t<img fetchpriority=\"high\" decoding=\"async\" width=\"768\" height=\"511\" src=\"https:\/\/centriair.com\/wp-content\/uploads\/2025\/02\/DEO-200-scaled-1-768x511.png\" class=\"attachment-medium_large size-medium_large wp-image-7133\" alt=\"Catalytic system\" srcset=\"https:\/\/centriair.com\/wp-content\/uploads\/2025\/02\/DEO-200-scaled-1-768x511.png 768w, https:\/\/centriair.com\/wp-content\/uploads\/2025\/02\/DEO-200-scaled-1-300x200.png 300w, https:\/\/centriair.com\/wp-content\/uploads\/2025\/02\/DEO-200-scaled-1-1024x682.png 1024w, https:\/\/centriair.com\/wp-content\/uploads\/2025\/02\/DEO-200-scaled-1-1536x1022.png 1536w, https:\/\/centriair.com\/wp-content\/uploads\/2025\/02\/DEO-200-scaled-1-2048x1363.png 2048w\" sizes=\"(max-width: 768px) 100vw, 768px\" \/>\t\t\t\t\t\t\t\t\t\t\t\t\t\t\t<\/div>\n\t\t\t\t<\/div>\n\t\t\t\t<div class=\"elementor-element elementor-element-2fc9537 elementor-hidden-mobile elementor-widget elementor-widget-image\" data-id=\"2fc9537\" data-element_type=\"widget\" data-widget_type=\"image.default\">\n\t\t\t\t<div class=\"elementor-widget-container\">\n\t\t\t\t\t\t\t\t\t\t\t\t\t\t\t<img decoding=\"async\" width=\"768\" height=\"511\" src=\"https:\/\/centriair.com\/wp-content\/uploads\/2025\/02\/DEO-500-scaled-1-768x511.png\" class=\"attachment-medium_large size-medium_large wp-image-7136\" alt=\"Catalytic system\" srcset=\"https:\/\/centriair.com\/wp-content\/uploads\/2025\/02\/DEO-500-scaled-1-768x511.png 768w, https:\/\/centriair.com\/wp-content\/uploads\/2025\/02\/DEO-500-scaled-1-300x200.png 300w, https:\/\/centriair.com\/wp-content\/uploads\/2025\/02\/DEO-500-scaled-1-1024x682.png 1024w, https:\/\/centriair.com\/wp-content\/uploads\/2025\/02\/DEO-500-scaled-1-1536x1022.png 1536w, https:\/\/centriair.com\/wp-content\/uploads\/2025\/02\/DEO-500-scaled-1-2048x1363.png 2048w\" sizes=\"(max-width: 768px) 100vw, 768px\" \/>\t\t\t\t\t\t\t\t\t\t\t\t\t\t\t<\/div>\n\t\t\t\t<\/div>\n\t\t\t\t<\/div>\n\t\t\t\t\t<\/div>\n\t\t\t\t<\/div>\n\t\t<div class=\"elementor-element elementor-element-53f56fa e-flex e-con-boxed e-con e-parent\" data-id=\"53f56fa\" data-element_type=\"container\" data-settings=\"{&quot;background_background&quot;:&quot;classic&quot;}\">\n\t\t\t\t\t<div class=\"e-con-inner\">\n\t\t<div class=\"elementor-element elementor-element-e9bd189 e-con-full e-flex e-con e-child\" data-id=\"e9bd189\" data-element_type=\"container\">\n\t\t\t\t<div class=\"elementor-element elementor-element-0a55f36 elementor-widget elementor-widget-heading\" data-id=\"0a55f36\" data-element_type=\"widget\" data-widget_type=\"heading.default\">\n\t\t\t\t<div class=\"elementor-widget-container\">\n\t\t\t\t\t<h2 class=\"elementor-heading-title elementor-size-default\">DualCat\u2122<\/h2>\t\t\t\t<\/div>\n\t\t\t\t<\/div>\n\t\t\t\t<div class=\"elementor-element elementor-element-69df998 elementor-widget elementor-widget-heading\" data-id=\"69df998\" data-element_type=\"widget\" data-widget_type=\"heading.default\">\n\t\t\t\t<div class=\"elementor-widget-container\">\n\t\t\t\t\t<h3 class=\"elementor-heading-title elementor-size-default\">Regenerative zweistufige H2S- und Methankatalyse mit DualCat\u2122<\/h3>\t\t\t\t<\/div>\n\t\t\t\t<\/div>\n\t\t\t\t<div class=\"elementor-element elementor-element-0c3a27d elementor-widget elementor-widget-text-editor\" data-id=\"0c3a27d\" data-element_type=\"widget\" data-widget_type=\"text-editor.default\">\n\t\t\t\t<div class=\"elementor-widget-container\">\n\t\t\t\t\t\t\t\t\t<p>DualCat\u2122 ist ein hochentwickeltes, zweistufiges regeneratives Katalysatorsystem zur effizienten Entfernung von reduzierten Schwefelverbindungen wie H2S und Mercaptanen, Aromaten wie Benzol- und Toluolderivaten sowie Methan. Diese Verbindungen entstehen typischerweise unter anaeroben Bedingungen, wie sie in der anaeroben Verg\u00e4rung, der Biogasaufbereitung, Schlammf\u00e4kalientanks und Abwasserpumpstationen vorkommen.<\/p><p>Im Vergleich zu anderen Methoden wie der regenerativen thermischen Oxidation (RTO) ist DualCat\u2122 in der Regel energieeffizienter, da die Oxidation bei niedrigeren Temperaturen erfolgt. Dies erm\u00f6glicht Einsparungen bei den Energiekosten. Dar\u00fcber hinaus kann durch die Umkehrung der Str\u00f6mung durch die Anlage die in den Katalysatoren gespeicherte W\u00e4rmeenergie zur Vorw\u00e4rmung des Prozessgases zur\u00fcckgewonnen werden, was den Energieverbrauch weiter senkt. Bereits bei geringen Methankonzentrationen ist das DualCat\u2122-Verfahren autotherm, was bedeutet, dass keine externe Erw\u00e4rmung erforderlich ist.<\/p><p>Centriair bietet ma\u00dfgeschneiderte DualCat\u2122-L\u00f6sungen f\u00fcr Kunden mit verschiedenen Durchflussmengen an. Unsere Standardger\u00e4te sind f\u00fcr Durchflussmengen von 500 bis 3000 m\u00b3\/h ausgelegt. Die Ger\u00e4te sind kompakt und haben eine geringe Stellfl\u00e4che im Vergleich zu \u00e4quivalenten RTO-Systemen. Dadurch k\u00f6nnen sie problemlos in verschiedenen Anwendungen integriert werden, wie z.B. in containerbasierte Biogasaufbereitungsanlagen.<\/p><p>Das DualCat\u2122-System ist eine voll integrierte Einheit mit einer SPS-Steuerung, die eine pr\u00e4zise Steuerung und \u00dcberwachung erm\u00f6glicht. Es bietet eine effiziente und zuverl\u00e4ssige Methode zur Reduzierung von Schwefelverbindungen, Aromaten und Methan in industriellen Prozessen.<\/p><ul><li>DualCat 200<\/li><li>DualCat 2000<\/li><\/ul>\t\t\t\t\t\t\t\t<\/div>\n\t\t\t\t<\/div>\n\t\t\t\t<\/div>\n\t\t<div class=\"elementor-element elementor-element-b2870e4 e-con-full e-flex e-con e-child\" data-id=\"b2870e4\" data-element_type=\"container\">\n\t\t\t\t<div class=\"elementor-element elementor-element-ac20b90 elementor-widget elementor-widget-image\" data-id=\"ac20b90\" data-element_type=\"widget\" data-widget_type=\"image.default\">\n\t\t\t\t<div class=\"elementor-widget-container\">\n\t\t\t\t\t\t\t\t\t\t\t\t\t\t\t<img decoding=\"async\" width=\"768\" height=\"511\" src=\"https:\/\/centriair.com\/wp-content\/uploads\/2025\/02\/DualCat2000-scaled-1-768x511.png\" class=\"attachment-medium_large size-medium_large wp-image-7139\" alt=\"DualCat\" srcset=\"https:\/\/centriair.com\/wp-content\/uploads\/2025\/02\/DualCat2000-scaled-1-768x511.png 768w, https:\/\/centriair.com\/wp-content\/uploads\/2025\/02\/DualCat2000-scaled-1-300x200.png 300w, https:\/\/centriair.com\/wp-content\/uploads\/2025\/02\/DualCat2000-scaled-1-1024x682.png 1024w, https:\/\/centriair.com\/wp-content\/uploads\/2025\/02\/DualCat2000-scaled-1-1536x1022.png 1536w, https:\/\/centriair.com\/wp-content\/uploads\/2025\/02\/DualCat2000-scaled-1-2048x1363.png 2048w\" sizes=\"(max-width: 768px) 100vw, 768px\" \/>\t\t\t\t\t\t\t\t\t\t\t\t\t\t\t<\/div>\n\t\t\t\t<\/div>\n\t\t\t\t<div class=\"elementor-element elementor-element-4c6720a elementor-hidden-mobile elementor-widget elementor-widget-image\" data-id=\"4c6720a\" data-element_type=\"widget\" data-widget_type=\"image.default\">\n\t\t\t\t<div class=\"elementor-widget-container\">\n\t\t\t\t\t\t\t\t\t\t\t\t\t\t\t<img loading=\"lazy\" decoding=\"async\" width=\"768\" height=\"511\" src=\"https:\/\/centriair.com\/wp-content\/uploads\/2025\/02\/DualCat2000-2-scaled-1-768x511.png\" class=\"attachment-medium_large size-medium_large wp-image-7142\" alt=\"DualCat\" srcset=\"https:\/\/centriair.com\/wp-content\/uploads\/2025\/02\/DualCat2000-2-scaled-1-768x511.png 768w, https:\/\/centriair.com\/wp-content\/uploads\/2025\/02\/DualCat2000-2-scaled-1-300x200.png 300w, https:\/\/centriair.com\/wp-content\/uploads\/2025\/02\/DualCat2000-2-scaled-1-1024x682.png 1024w, https:\/\/centriair.com\/wp-content\/uploads\/2025\/02\/DualCat2000-2-scaled-1-1536x1022.png 1536w, https:\/\/centriair.com\/wp-content\/uploads\/2025\/02\/DualCat2000-2-scaled-1-2048x1363.png 2048w\" sizes=\"(max-width: 768px) 100vw, 768px\" \/>\t\t\t\t\t\t\t\t\t\t\t\t\t\t\t<\/div>\n\t\t\t\t<\/div>\n\t\t\t\t<\/div>\n\t\t\t\t\t<\/div>\n\t\t\t\t<\/div>\n\t\t\t\t<\/div>\n\t\t","protected":false},"excerpt":{"rendered":"<p>Das Centriair DEO\u2122 ist ein hochentwickeltes katalytisches System, das speziell f\u00fcr anspruchsvolle Anwendungen entwickelt wurde. Es handelt sich um ein voll integriertes Ger\u00e4t mit PC-Steuerung und Energier\u00fcckgewinnungsfunktionen. Das DEO-100\u2122 ist ein regeneratives Katalysatorsystem, das VOC- und Geruchsemissionen effektiv aus industriellen Prozessen eliminiert. Es hat sich in einer Vielzahl von Anwendungen bew\u00e4hrt, darunter verschiedene industrielle Prozesse [&hellip;]<\/p>\n","protected":false},"author":1,"featured_media":0,"parent":3744,"menu_order":0,"comment_status":"closed","ping_status":"closed","template":"","meta":{"_acf_changed":false,"footnotes":""},"class_list":["post-3751","page","type-page","status-publish","hentry"],"acf":[],"yoast_head":"<!-- This site is optimized with the Yoast SEO plugin v26.8 - https:\/\/yoast.com\/product\/yoast-seo-wordpress\/ -->\n<title>Katalytische Systeme - We are Centriair<\/title>\n<meta name=\"robots\" content=\"index, follow, max-snippet:-1, max-image-preview:large, max-video-preview:-1\" \/>\n<link rel=\"canonical\" href=\"https:\/\/centriair.com\/de\/industrielle-geruchsreduktion-produkte\/katalytische-systeme\/\" \/>\n<meta property=\"og:locale\" content=\"de_DE\" \/>\n<meta property=\"og:type\" content=\"article\" \/>\n<meta property=\"og:title\" content=\"Katalytische Systeme - We are Centriair\" \/>\n<meta property=\"og:description\" content=\"Das Centriair DEO\u2122 ist ein hochentwickeltes katalytisches System, das speziell f\u00fcr anspruchsvolle Anwendungen entwickelt wurde. Es handelt sich um ein voll integriertes Ger\u00e4t mit PC-Steuerung und Energier\u00fcckgewinnungsfunktionen. Das DEO-100\u2122 ist ein regeneratives Katalysatorsystem, das VOC- und Geruchsemissionen effektiv aus industriellen Prozessen eliminiert. Es hat sich in einer Vielzahl von Anwendungen bew\u00e4hrt, darunter verschiedene industrielle Prozesse [&hellip;]\" \/>\n<meta property=\"og:url\" content=\"https:\/\/centriair.com\/de\/industrielle-geruchsreduktion-produkte\/katalytische-systeme\/\" \/>\n<meta property=\"og:site_name\" content=\"We are Centriair\" \/>\n<meta property=\"article:modified_time\" content=\"2025-03-07T14:00:08+00:00\" \/>\n<meta property=\"og:image\" content=\"https:\/\/centriair.hemhosting.se\/wp-content\/uploads\/2025\/02\/DEO-200-scaled-1-768x511.png\" \/>\n<meta name=\"twitter:card\" content=\"summary_large_image\" \/>\n<meta name=\"twitter:label1\" content=\"Gesch\u00e4tzte Lesezeit\" \/>\n\t<meta name=\"twitter:data1\" content=\"2\u00a0Minuten\" \/>\n<script type=\"application\/ld+json\" class=\"yoast-schema-graph\">{\"@context\":\"https:\/\/schema.org\",\"@graph\":[{\"@type\":\"WebPage\",\"@id\":\"https:\/\/centriair.com\/de\/industrielle-geruchsreduktion-produkte\/katalytische-systeme\/\",\"url\":\"https:\/\/centriair.com\/de\/industrielle-geruchsreduktion-produkte\/katalytische-systeme\/\",\"name\":\"Katalytische Systeme - We are Centriair\",\"isPartOf\":{\"@id\":\"https:\/\/centriair.com\/de\/#website\"},\"primaryImageOfPage\":{\"@id\":\"https:\/\/centriair.com\/de\/industrielle-geruchsreduktion-produkte\/katalytische-systeme\/#primaryimage\"},\"image\":{\"@id\":\"https:\/\/centriair.com\/de\/industrielle-geruchsreduktion-produkte\/katalytische-systeme\/#primaryimage\"},\"thumbnailUrl\":\"https:\/\/centriair.hemhosting.se\/wp-content\/uploads\/2025\/02\/DEO-200-scaled-1-768x511.png\",\"datePublished\":\"2023-05-03T09:29:14+00:00\",\"dateModified\":\"2025-03-07T14:00:08+00:00\",\"breadcrumb\":{\"@id\":\"https:\/\/centriair.com\/de\/industrielle-geruchsreduktion-produkte\/katalytische-systeme\/#breadcrumb\"},\"inLanguage\":\"de\",\"potentialAction\":[{\"@type\":\"ReadAction\",\"target\":[\"https:\/\/centriair.com\/de\/industrielle-geruchsreduktion-produkte\/katalytische-systeme\/\"]}]},{\"@type\":\"ImageObject\",\"inLanguage\":\"de\",\"@id\":\"https:\/\/centriair.com\/de\/industrielle-geruchsreduktion-produkte\/katalytische-systeme\/#primaryimage\",\"url\":\"https:\/\/centriair.hemhosting.se\/wp-content\/uploads\/2025\/02\/DEO-200-scaled-1-768x511.png\",\"contentUrl\":\"https:\/\/centriair.hemhosting.se\/wp-content\/uploads\/2025\/02\/DEO-200-scaled-1-768x511.png\"},{\"@type\":\"BreadcrumbList\",\"@id\":\"https:\/\/centriair.com\/de\/industrielle-geruchsreduktion-produkte\/katalytische-systeme\/#breadcrumb\",\"itemListElement\":[{\"@type\":\"ListItem\",\"position\":1,\"name\":\"Home\",\"item\":\"https:\/\/centriair.com\/de\/\"},{\"@type\":\"ListItem\",\"position\":2,\"name\":\"Produkte\",\"item\":\"https:\/\/centriair.com\/de\/industrial-odour-control-products\/\"},{\"@type\":\"ListItem\",\"position\":3,\"name\":\"Katalytische Systeme\"}]},{\"@type\":\"WebSite\",\"@id\":\"https:\/\/centriair.com\/de\/#website\",\"url\":\"https:\/\/centriair.com\/de\/\",\"name\":\"Centriair\",\"description\":\"Cleaner air. Fewer resources.\",\"publisher\":{\"@id\":\"https:\/\/centriair.com\/de\/#organization\"},\"potentialAction\":[{\"@type\":\"SearchAction\",\"target\":{\"@type\":\"EntryPoint\",\"urlTemplate\":\"https:\/\/centriair.com\/de\/?s={search_term_string}\"},\"query-input\":{\"@type\":\"PropertyValueSpecification\",\"valueRequired\":true,\"valueName\":\"search_term_string\"}}],\"inLanguage\":\"de\"},{\"@type\":\"Organization\",\"@id\":\"https:\/\/centriair.com\/de\/#organization\",\"name\":\"Centriair\",\"url\":\"https:\/\/centriair.com\/de\/\",\"logo\":{\"@type\":\"ImageObject\",\"inLanguage\":\"de\",\"@id\":\"https:\/\/centriair.com\/de\/#\/schema\/logo\/image\/\",\"url\":\"https:\/\/centriair.com\/wp-content\/uploads\/2022\/11\/Centriair_logo-blue.svg\",\"contentUrl\":\"https:\/\/centriair.com\/wp-content\/uploads\/2022\/11\/Centriair_logo-blue.svg\",\"width\":250,\"height\":65,\"caption\":\"Centriair\"},\"image\":{\"@id\":\"https:\/\/centriair.com\/de\/#\/schema\/logo\/image\/\"}}]}<\/script>\n<!-- \/ Yoast SEO plugin. -->","yoast_head_json":{"title":"Katalytische Systeme - We are Centriair","robots":{"index":"index","follow":"follow","max-snippet":"max-snippet:-1","max-image-preview":"max-image-preview:large","max-video-preview":"max-video-preview:-1"},"canonical":"https:\/\/centriair.com\/de\/industrielle-geruchsreduktion-produkte\/katalytische-systeme\/","og_locale":"de_DE","og_type":"article","og_title":"Katalytische Systeme - We are Centriair","og_description":"Das Centriair DEO\u2122 ist ein hochentwickeltes katalytisches System, das speziell f\u00fcr anspruchsvolle Anwendungen entwickelt wurde. Es handelt sich um ein voll integriertes Ger\u00e4t mit PC-Steuerung und Energier\u00fcckgewinnungsfunktionen. Das DEO-100\u2122 ist ein regeneratives Katalysatorsystem, das VOC- und Geruchsemissionen effektiv aus industriellen Prozessen eliminiert. Es hat sich in einer Vielzahl von Anwendungen bew\u00e4hrt, darunter verschiedene industrielle Prozesse [&hellip;]","og_url":"https:\/\/centriair.com\/de\/industrielle-geruchsreduktion-produkte\/katalytische-systeme\/","og_site_name":"We are Centriair","article_modified_time":"2025-03-07T14:00:08+00:00","og_image":[{"url":"https:\/\/centriair.hemhosting.se\/wp-content\/uploads\/2025\/02\/DEO-200-scaled-1-768x511.png","type":"","width":"","height":""}],"twitter_card":"summary_large_image","twitter_misc":{"Gesch\u00e4tzte Lesezeit":"2\u00a0Minuten"},"schema":{"@context":"https:\/\/schema.org","@graph":[{"@type":"WebPage","@id":"https:\/\/centriair.com\/de\/industrielle-geruchsreduktion-produkte\/katalytische-systeme\/","url":"https:\/\/centriair.com\/de\/industrielle-geruchsreduktion-produkte\/katalytische-systeme\/","name":"Katalytische Systeme - We are Centriair","isPartOf":{"@id":"https:\/\/centriair.com\/de\/#website"},"primaryImageOfPage":{"@id":"https:\/\/centriair.com\/de\/industrielle-geruchsreduktion-produkte\/katalytische-systeme\/#primaryimage"},"image":{"@id":"https:\/\/centriair.com\/de\/industrielle-geruchsreduktion-produkte\/katalytische-systeme\/#primaryimage"},"thumbnailUrl":"https:\/\/centriair.hemhosting.se\/wp-content\/uploads\/2025\/02\/DEO-200-scaled-1-768x511.png","datePublished":"2023-05-03T09:29:14+00:00","dateModified":"2025-03-07T14:00:08+00:00","breadcrumb":{"@id":"https:\/\/centriair.com\/de\/industrielle-geruchsreduktion-produkte\/katalytische-systeme\/#breadcrumb"},"inLanguage":"de","potentialAction":[{"@type":"ReadAction","target":["https:\/\/centriair.com\/de\/industrielle-geruchsreduktion-produkte\/katalytische-systeme\/"]}]},{"@type":"ImageObject","inLanguage":"de","@id":"https:\/\/centriair.com\/de\/industrielle-geruchsreduktion-produkte\/katalytische-systeme\/#primaryimage","url":"https:\/\/centriair.hemhosting.se\/wp-content\/uploads\/2025\/02\/DEO-200-scaled-1-768x511.png","contentUrl":"https:\/\/centriair.hemhosting.se\/wp-content\/uploads\/2025\/02\/DEO-200-scaled-1-768x511.png"},{"@type":"BreadcrumbList","@id":"https:\/\/centriair.com\/de\/industrielle-geruchsreduktion-produkte\/katalytische-systeme\/#breadcrumb","itemListElement":[{"@type":"ListItem","position":1,"name":"Home","item":"https:\/\/centriair.com\/de\/"},{"@type":"ListItem","position":2,"name":"Produkte","item":"https:\/\/centriair.com\/de\/industrial-odour-control-products\/"},{"@type":"ListItem","position":3,"name":"Katalytische Systeme"}]},{"@type":"WebSite","@id":"https:\/\/centriair.com\/de\/#website","url":"https:\/\/centriair.com\/de\/","name":"Centriair","description":"Cleaner air. Fewer resources.","publisher":{"@id":"https:\/\/centriair.com\/de\/#organization"},"potentialAction":[{"@type":"SearchAction","target":{"@type":"EntryPoint","urlTemplate":"https:\/\/centriair.com\/de\/?s={search_term_string}"},"query-input":{"@type":"PropertyValueSpecification","valueRequired":true,"valueName":"search_term_string"}}],"inLanguage":"de"},{"@type":"Organization","@id":"https:\/\/centriair.com\/de\/#organization","name":"Centriair","url":"https:\/\/centriair.com\/de\/","logo":{"@type":"ImageObject","inLanguage":"de","@id":"https:\/\/centriair.com\/de\/#\/schema\/logo\/image\/","url":"https:\/\/centriair.com\/wp-content\/uploads\/2022\/11\/Centriair_logo-blue.svg","contentUrl":"https:\/\/centriair.com\/wp-content\/uploads\/2022\/11\/Centriair_logo-blue.svg","width":250,"height":65,"caption":"Centriair"},"image":{"@id":"https:\/\/centriair.com\/de\/#\/schema\/logo\/image\/"}}]}},"_links":{"self":[{"href":"https:\/\/centriair.com\/de\/wp-json\/wp\/v2\/pages\/3751","targetHints":{"allow":["GET"]}}],"collection":[{"href":"https:\/\/centriair.com\/de\/wp-json\/wp\/v2\/pages"}],"about":[{"href":"https:\/\/centriair.com\/de\/wp-json\/wp\/v2\/types\/page"}],"author":[{"embeddable":true,"href":"https:\/\/centriair.com\/de\/wp-json\/wp\/v2\/users\/1"}],"replies":[{"embeddable":true,"href":"https:\/\/centriair.com\/de\/wp-json\/wp\/v2\/comments?post=3751"}],"version-history":[{"count":10,"href":"https:\/\/centriair.com\/de\/wp-json\/wp\/v2\/pages\/3751\/revisions"}],"predecessor-version":[{"id":8690,"href":"https:\/\/centriair.com\/de\/wp-json\/wp\/v2\/pages\/3751\/revisions\/8690"}],"up":[{"embeddable":true,"href":"https:\/\/centriair.com\/de\/wp-json\/wp\/v2\/pages\/3744"}],"wp:attachment":[{"href":"https:\/\/centriair.com\/de\/wp-json\/wp\/v2\/media?parent=3751"}],"curies":[{"name":"wp","href":"https:\/\/api.w.org\/{rel}","templated":true}]}}