{"id":3749,"date":"2023-05-03T15:15:36","date_gmt":"2023-05-03T13:15:36","guid":{"rendered":"https:\/\/centriair.hemhosting.se\/products\/activated-carbon-filters\/"},"modified":"2026-03-24T17:19:22","modified_gmt":"2026-03-24T16:19:22","slug":"aktivkohlefilter","status":"publish","type":"page","link":"https:\/\/centriair.com\/de\/industrielle-geruchsreduktion-produkte\/aktivkohlefilter\/","title":{"rendered":"Aktivkohlefilter"},"content":{"rendered":"\t\t<div data-elementor-type=\"wp-page\" data-elementor-id=\"3749\" class=\"elementor elementor-3749 elementor-1726\" data-elementor-post-type=\"page\">\n\t\t\t\t<div class=\"elementor-element elementor-element-444ee06 e-flex e-con-boxed e-con e-parent\" data-id=\"444ee06\" data-element_type=\"container\">\n\t\t\t\t\t<div class=\"e-con-inner\">\n\t\t\t\t\t<\/div>\n\t\t\t\t<\/div>\n\t\t<div class=\"elementor-element elementor-element-6364e63 e-flex e-con-boxed e-con e-parent\" data-id=\"6364e63\" data-element_type=\"container\">\n\t\t\t\t\t<div class=\"e-con-inner\">\n\t\t<div class=\"elementor-element elementor-element-52067a7 e-con-full e-flex e-con e-child\" data-id=\"52067a7\" data-element_type=\"container\">\n\t\t\t\t<div class=\"elementor-element elementor-element-9653a94 elementor-widget elementor-widget-text-editor\" data-id=\"9653a94\" data-element_type=\"widget\" data-widget_type=\"text-editor.default\">\n\t\t\t\t<div class=\"elementor-widget-container\">\n\t\t\t\t\t\t\t\t\t<p>&nbsp;Ein modularer Aktivkohlefilter mit zwei Betten ist eine effektive L\u00f6sung zur Adsorption von gasf\u00f6rmigen Verunreinigungen. Aktivkohle ist ein por\u00f6ses Material mit einer gro\u00dfen Oberfl\u00e4che, das in der Lage ist, Schadstoffe aus der Luft oder dem Gasstrom zu adsorbieren.<\/p>\n<p>Die Verwendung von zwei Betten in einem Aktivkohlefilter bietet mehrere Vorteile. Zun\u00e4chst erm\u00f6glicht es eine kontinuierliche Reinigung des Gasstroms, da ein Bett aktiv ist, w\u00e4hrend das andere regeneriert wird. Dies erm\u00f6glicht eine unterbrechungsfreie Betriebszeit und eine effiziente Adsorption der Verunreinigungen.<\/p>\n<p>Ein weiterer Vorteil besteht darin, dass der modulare Aktivkohlefilter mit zwei Betten einen minimalen Druckabfall aufweist. Dies bedeutet, dass der Luft- oder Gasstrom nur geringf\u00fcgig behindert wird, was zu einer effizienten Durchflussrate und geringeren Energiekosten f\u00fchrt.<\/p>\n<p>Die Modularit\u00e4t des Filters erm\u00f6glicht auch eine flexible Anpassung an die spezifischen Anforderungen und den Platzbedarf der Anwendung.<\/p>\n<p>Vorhandene Gr\u00f6\u00dfen:<\/p>\n<p>2\u00d71 \u2013 2\u00d72 \u2013 2\u00d73 \u2013 2\u00d74 \u2013 2\u00d75 \u2013 2\u00d76 \u2013 2\u00d77 \u2013 2\u00d78&nbsp;\u2013 2\u00d79&nbsp;\u2013 2\u00d710<\/p>\t\t\t\t\t\t\t\t<\/div>\n\t\t\t\t<\/div>\n\t\t\t\t<\/div>\n\t\t<div class=\"elementor-element elementor-element-adc160d e-con-full e-flex e-con e-child\" data-id=\"adc160d\" data-element_type=\"container\">\n\t\t\t\t<div class=\"elementor-element elementor-element-c7a21bf elementor-widget elementor-widget-image\" data-id=\"c7a21bf\" data-element_type=\"widget\" data-widget_type=\"image.default\">\n\t\t\t\t<div class=\"elementor-widget-container\">\n\t\t\t\t\t\t\t\t\t\t\t\t\t\t\t<img fetchpriority=\"high\" decoding=\"async\" width=\"768\" height=\"512\" src=\"https:\/\/centriair.com\/wp-content\/uploads\/2023\/05\/Centriair-installation_1-768x512.jpg\" class=\"attachment-medium_large size-medium_large wp-image-3444\" alt=\"\" srcset=\"https:\/\/centriair.com\/wp-content\/uploads\/2023\/05\/Centriair-installation_1-768x512.jpg 768w, https:\/\/centriair.com\/wp-content\/uploads\/2023\/05\/Centriair-installation_1-300x200.jpg 300w, https:\/\/centriair.com\/wp-content\/uploads\/2023\/05\/Centriair-installation_1-1024x682.jpg 1024w, https:\/\/centriair.com\/wp-content\/uploads\/2023\/05\/Centriair-installation_1.jpg 1136w\" sizes=\"(max-width: 768px) 100vw, 768px\" \/>\t\t\t\t\t\t\t\t\t\t\t\t\t\t\t<\/div>\n\t\t\t\t<\/div>\n\t\t\t\t<\/div>\n\t\t\t\t\t<\/div>\n\t\t\t\t<\/div>\n\t\t\t\t<\/div>\n\t\t","protected":false},"excerpt":{"rendered":"<p>&nbsp;Ein modularer Aktivkohlefilter mit zwei Betten ist eine effektive L\u00f6sung zur Adsorption von gasf\u00f6rmigen Verunreinigungen. Aktivkohle ist ein por\u00f6ses Material mit einer gro\u00dfen Oberfl\u00e4che, das in der Lage ist, Schadstoffe aus der Luft oder dem Gasstrom zu adsorbieren. Die Verwendung von zwei Betten in einem Aktivkohlefilter bietet mehrere Vorteile. Zun\u00e4chst erm\u00f6glicht es eine kontinuierliche Reinigung [&hellip;]<\/p>\n","protected":false},"author":1,"featured_media":0,"parent":3744,"menu_order":0,"comment_status":"closed","ping_status":"closed","template":"","meta":{"_acf_changed":false,"footnotes":""},"class_list":["post-3749","page","type-page","status-publish","hentry"],"acf":[],"yoast_head":"<!-- This site is optimized with the Yoast SEO plugin v26.8 - https:\/\/yoast.com\/product\/yoast-seo-wordpress\/ -->\n<title>Aktivkohlefilter - We are Centriair<\/title>\n<meta name=\"robots\" content=\"index, follow, max-snippet:-1, max-image-preview:large, max-video-preview:-1\" \/>\n<link rel=\"canonical\" href=\"https:\/\/centriair.com\/de\/industrielle-geruchsreduktion-produkte\/aktivkohlefilter\/\" \/>\n<meta property=\"og:locale\" content=\"de_DE\" \/>\n<meta property=\"og:type\" content=\"article\" \/>\n<meta property=\"og:title\" content=\"Aktivkohlefilter - We are Centriair\" \/>\n<meta property=\"og:description\" content=\"&nbsp;Ein modularer Aktivkohlefilter mit zwei Betten ist eine effektive L\u00f6sung zur Adsorption von gasf\u00f6rmigen Verunreinigungen. Aktivkohle ist ein por\u00f6ses Material mit einer gro\u00dfen Oberfl\u00e4che, das in der Lage ist, Schadstoffe aus der Luft oder dem Gasstrom zu adsorbieren. Die Verwendung von zwei Betten in einem Aktivkohlefilter bietet mehrere Vorteile. Zun\u00e4chst erm\u00f6glicht es eine kontinuierliche Reinigung [&hellip;]\" \/>\n<meta property=\"og:url\" content=\"https:\/\/centriair.com\/de\/industrielle-geruchsreduktion-produkte\/aktivkohlefilter\/\" \/>\n<meta property=\"og:site_name\" content=\"We are Centriair\" \/>\n<meta property=\"article:modified_time\" content=\"2026-03-24T16:19:22+00:00\" \/>\n<meta property=\"og:image\" content=\"https:\/\/centriair.com\/wp-content\/uploads\/2023\/05\/Centriair-installation_1.jpg\" \/>\n\t<meta property=\"og:image:width\" content=\"1136\" \/>\n\t<meta property=\"og:image:height\" content=\"757\" \/>\n\t<meta property=\"og:image:type\" content=\"image\/jpeg\" \/>\n<meta name=\"twitter:card\" content=\"summary_large_image\" \/>\n<meta name=\"twitter:label1\" content=\"Gesch\u00e4tzte Lesezeit\" \/>\n\t<meta name=\"twitter:data1\" content=\"2\u00a0Minuten\" \/>\n<script type=\"application\/ld+json\" class=\"yoast-schema-graph\">{\"@context\":\"https:\/\/schema.org\",\"@graph\":[{\"@type\":\"WebPage\",\"@id\":\"https:\/\/centriair.com\/de\/industrielle-geruchsreduktion-produkte\/aktivkohlefilter\/\",\"url\":\"https:\/\/centriair.com\/de\/industrielle-geruchsreduktion-produkte\/aktivkohlefilter\/\",\"name\":\"Aktivkohlefilter - We are Centriair\",\"isPartOf\":{\"@id\":\"https:\/\/centriair.com\/de\/#website\"},\"primaryImageOfPage\":{\"@id\":\"https:\/\/centriair.com\/de\/industrielle-geruchsreduktion-produkte\/aktivkohlefilter\/#primaryimage\"},\"image\":{\"@id\":\"https:\/\/centriair.com\/de\/industrielle-geruchsreduktion-produkte\/aktivkohlefilter\/#primaryimage\"},\"thumbnailUrl\":\"https:\/\/centriair.com\/wp-content\/uploads\/2023\/05\/Centriair-installation_1-768x512.jpg\",\"datePublished\":\"2023-05-03T13:15:36+00:00\",\"dateModified\":\"2026-03-24T16:19:22+00:00\",\"breadcrumb\":{\"@id\":\"https:\/\/centriair.com\/de\/industrielle-geruchsreduktion-produkte\/aktivkohlefilter\/#breadcrumb\"},\"inLanguage\":\"de\",\"potentialAction\":[{\"@type\":\"ReadAction\",\"target\":[\"https:\/\/centriair.com\/de\/industrielle-geruchsreduktion-produkte\/aktivkohlefilter\/\"]}]},{\"@type\":\"ImageObject\",\"inLanguage\":\"de\",\"@id\":\"https:\/\/centriair.com\/de\/industrielle-geruchsreduktion-produkte\/aktivkohlefilter\/#primaryimage\",\"url\":\"https:\/\/centriair.com\/wp-content\/uploads\/2023\/05\/Centriair-installation_1-768x512.jpg\",\"contentUrl\":\"https:\/\/centriair.com\/wp-content\/uploads\/2023\/05\/Centriair-installation_1-768x512.jpg\"},{\"@type\":\"BreadcrumbList\",\"@id\":\"https:\/\/centriair.com\/de\/industrielle-geruchsreduktion-produkte\/aktivkohlefilter\/#breadcrumb\",\"itemListElement\":[{\"@type\":\"ListItem\",\"position\":1,\"name\":\"Home\",\"item\":\"https:\/\/centriair.com\/de\/\"},{\"@type\":\"ListItem\",\"position\":2,\"name\":\"Produkte\",\"item\":\"https:\/\/centriair.com\/de\/industrial-odour-control-products\/\"},{\"@type\":\"ListItem\",\"position\":3,\"name\":\"Aktivkohlefilter\"}]},{\"@type\":\"WebSite\",\"@id\":\"https:\/\/centriair.com\/de\/#website\",\"url\":\"https:\/\/centriair.com\/de\/\",\"name\":\"Centriair\",\"description\":\"Cleaner air. Fewer resources.\",\"publisher\":{\"@id\":\"https:\/\/centriair.com\/de\/#organization\"},\"potentialAction\":[{\"@type\":\"SearchAction\",\"target\":{\"@type\":\"EntryPoint\",\"urlTemplate\":\"https:\/\/centriair.com\/de\/?s={search_term_string}\"},\"query-input\":{\"@type\":\"PropertyValueSpecification\",\"valueRequired\":true,\"valueName\":\"search_term_string\"}}],\"inLanguage\":\"de\"},{\"@type\":\"Organization\",\"@id\":\"https:\/\/centriair.com\/de\/#organization\",\"name\":\"Centriair\",\"url\":\"https:\/\/centriair.com\/de\/\",\"logo\":{\"@type\":\"ImageObject\",\"inLanguage\":\"de\",\"@id\":\"https:\/\/centriair.com\/de\/#\/schema\/logo\/image\/\",\"url\":\"https:\/\/centriair.com\/wp-content\/uploads\/2022\/11\/Centriair_logo-blue.svg\",\"contentUrl\":\"https:\/\/centriair.com\/wp-content\/uploads\/2022\/11\/Centriair_logo-blue.svg\",\"width\":250,\"height\":65,\"caption\":\"Centriair\"},\"image\":{\"@id\":\"https:\/\/centriair.com\/de\/#\/schema\/logo\/image\/\"}}]}<\/script>\n<!-- \/ Yoast SEO plugin. -->","yoast_head_json":{"title":"Aktivkohlefilter - We are Centriair","robots":{"index":"index","follow":"follow","max-snippet":"max-snippet:-1","max-image-preview":"max-image-preview:large","max-video-preview":"max-video-preview:-1"},"canonical":"https:\/\/centriair.com\/de\/industrielle-geruchsreduktion-produkte\/aktivkohlefilter\/","og_locale":"de_DE","og_type":"article","og_title":"Aktivkohlefilter - We are Centriair","og_description":"&nbsp;Ein modularer Aktivkohlefilter mit zwei Betten ist eine effektive L\u00f6sung zur Adsorption von gasf\u00f6rmigen Verunreinigungen. Aktivkohle ist ein por\u00f6ses Material mit einer gro\u00dfen Oberfl\u00e4che, das in der Lage ist, Schadstoffe aus der Luft oder dem Gasstrom zu adsorbieren. Die Verwendung von zwei Betten in einem Aktivkohlefilter bietet mehrere Vorteile. Zun\u00e4chst erm\u00f6glicht es eine kontinuierliche Reinigung [&hellip;]","og_url":"https:\/\/centriair.com\/de\/industrielle-geruchsreduktion-produkte\/aktivkohlefilter\/","og_site_name":"We are Centriair","article_modified_time":"2026-03-24T16:19:22+00:00","og_image":[{"width":1136,"height":757,"url":"https:\/\/centriair.com\/wp-content\/uploads\/2023\/05\/Centriair-installation_1.jpg","type":"image\/jpeg"}],"twitter_card":"summary_large_image","twitter_misc":{"Gesch\u00e4tzte Lesezeit":"2\u00a0Minuten"},"schema":{"@context":"https:\/\/schema.org","@graph":[{"@type":"WebPage","@id":"https:\/\/centriair.com\/de\/industrielle-geruchsreduktion-produkte\/aktivkohlefilter\/","url":"https:\/\/centriair.com\/de\/industrielle-geruchsreduktion-produkte\/aktivkohlefilter\/","name":"Aktivkohlefilter - We are Centriair","isPartOf":{"@id":"https:\/\/centriair.com\/de\/#website"},"primaryImageOfPage":{"@id":"https:\/\/centriair.com\/de\/industrielle-geruchsreduktion-produkte\/aktivkohlefilter\/#primaryimage"},"image":{"@id":"https:\/\/centriair.com\/de\/industrielle-geruchsreduktion-produkte\/aktivkohlefilter\/#primaryimage"},"thumbnailUrl":"https:\/\/centriair.com\/wp-content\/uploads\/2023\/05\/Centriair-installation_1-768x512.jpg","datePublished":"2023-05-03T13:15:36+00:00","dateModified":"2026-03-24T16:19:22+00:00","breadcrumb":{"@id":"https:\/\/centriair.com\/de\/industrielle-geruchsreduktion-produkte\/aktivkohlefilter\/#breadcrumb"},"inLanguage":"de","potentialAction":[{"@type":"ReadAction","target":["https:\/\/centriair.com\/de\/industrielle-geruchsreduktion-produkte\/aktivkohlefilter\/"]}]},{"@type":"ImageObject","inLanguage":"de","@id":"https:\/\/centriair.com\/de\/industrielle-geruchsreduktion-produkte\/aktivkohlefilter\/#primaryimage","url":"https:\/\/centriair.com\/wp-content\/uploads\/2023\/05\/Centriair-installation_1-768x512.jpg","contentUrl":"https:\/\/centriair.com\/wp-content\/uploads\/2023\/05\/Centriair-installation_1-768x512.jpg"},{"@type":"BreadcrumbList","@id":"https:\/\/centriair.com\/de\/industrielle-geruchsreduktion-produkte\/aktivkohlefilter\/#breadcrumb","itemListElement":[{"@type":"ListItem","position":1,"name":"Home","item":"https:\/\/centriair.com\/de\/"},{"@type":"ListItem","position":2,"name":"Produkte","item":"https:\/\/centriair.com\/de\/industrial-odour-control-products\/"},{"@type":"ListItem","position":3,"name":"Aktivkohlefilter"}]},{"@type":"WebSite","@id":"https:\/\/centriair.com\/de\/#website","url":"https:\/\/centriair.com\/de\/","name":"Centriair","description":"Cleaner air. Fewer resources.","publisher":{"@id":"https:\/\/centriair.com\/de\/#organization"},"potentialAction":[{"@type":"SearchAction","target":{"@type":"EntryPoint","urlTemplate":"https:\/\/centriair.com\/de\/?s={search_term_string}"},"query-input":{"@type":"PropertyValueSpecification","valueRequired":true,"valueName":"search_term_string"}}],"inLanguage":"de"},{"@type":"Organization","@id":"https:\/\/centriair.com\/de\/#organization","name":"Centriair","url":"https:\/\/centriair.com\/de\/","logo":{"@type":"ImageObject","inLanguage":"de","@id":"https:\/\/centriair.com\/de\/#\/schema\/logo\/image\/","url":"https:\/\/centriair.com\/wp-content\/uploads\/2022\/11\/Centriair_logo-blue.svg","contentUrl":"https:\/\/centriair.com\/wp-content\/uploads\/2022\/11\/Centriair_logo-blue.svg","width":250,"height":65,"caption":"Centriair"},"image":{"@id":"https:\/\/centriair.com\/de\/#\/schema\/logo\/image\/"}}]}},"_links":{"self":[{"href":"https:\/\/centriair.com\/de\/wp-json\/wp\/v2\/pages\/3749","targetHints":{"allow":["GET"]}}],"collection":[{"href":"https:\/\/centriair.com\/de\/wp-json\/wp\/v2\/pages"}],"about":[{"href":"https:\/\/centriair.com\/de\/wp-json\/wp\/v2\/types\/page"}],"author":[{"embeddable":true,"href":"https:\/\/centriair.com\/de\/wp-json\/wp\/v2\/users\/1"}],"replies":[{"embeddable":true,"href":"https:\/\/centriair.com\/de\/wp-json\/wp\/v2\/comments?post=3749"}],"version-history":[{"count":13,"href":"https:\/\/centriair.com\/de\/wp-json\/wp\/v2\/pages\/3749\/revisions"}],"predecessor-version":[{"id":9658,"href":"https:\/\/centriair.com\/de\/wp-json\/wp\/v2\/pages\/3749\/revisions\/9658"}],"up":[{"embeddable":true,"href":"https:\/\/centriair.com\/de\/wp-json\/wp\/v2\/pages\/3744"}],"wp:attachment":[{"href":"https:\/\/centriair.com\/de\/wp-json\/wp\/v2\/media?parent=3749"}],"curies":[{"name":"wp","href":"https:\/\/api.w.org\/{rel}","templated":true}]}}