{"id":3633,"date":"2023-03-09T09:46:46","date_gmt":"2023-03-09T08:46:46","guid":{"rendered":"https:\/\/centriair.hemhosting.se\/about-centriair\/board\/"},"modified":"2025-03-28T14:25:58","modified_gmt":"2025-03-28T13:25:58","slug":"vorstand","status":"publish","type":"page","link":"https:\/\/centriair.com\/de\/ueber-centriair\/vorstand\/","title":{"rendered":"Vorstand"},"content":{"rendered":"\t\t<div data-elementor-type=\"wp-page\" data-elementor-id=\"3633\" class=\"elementor elementor-3633 elementor-1138\" data-elementor-post-type=\"page\">\n\t\t\t\t<div class=\"elementor-element elementor-element-c5ce581 e-flex e-con-boxed e-con e-parent\" data-id=\"c5ce581\" data-element_type=\"container\" data-settings=\"{&quot;background_background&quot;:&quot;classic&quot;}\">\n\t\t\t\t\t<div class=\"e-con-inner\">\n\t\t<div class=\"elementor-element elementor-element-4956d63 e-con-full e-flex e-con e-child\" data-id=\"4956d63\" data-element_type=\"container\">\n\t\t\t\t<\/div>\n\t\t<div class=\"elementor-element elementor-element-ad1c329 e-con-full e-flex e-con e-child\" data-id=\"ad1c329\" data-element_type=\"container\">\n\t\t\t\t<div class=\"elementor-element elementor-element-bd549d7 elementor-widget elementor-widget-text-editor\" data-id=\"bd549d7\" data-element_type=\"widget\" data-widget_type=\"text-editor.default\">\n\t\t\t\t<div class=\"elementor-widget-container\">\n\t\t\t\t\t\t\t\t\t<p><strong>Der Vorstand von Centriair. <\/strong>Dabei handelt es sich um eine vielf\u00e4ltige Gruppe von Experten in der industriellen Luftaufbereitungsindustrie. Mit einer gemeinsamen Leidenschaft f\u00fcr Nachhaltigkeit und einem tiefen Verst\u00e4ndnis f\u00fcr die Herausforderungen, mit denen die Branche konfrontiert ist, ist unser Vorstand bestrebt, unser Unternehmen in eine gl\u00e4nzende und erfolgreiche Zukunft zu f\u00fchren.<\/p>\t\t\t\t\t\t\t\t<\/div>\n\t\t\t\t<\/div>\n\t\t\t\t<\/div>\n\t\t\t\t\t<\/div>\n\t\t\t\t<\/div>\n\t\t<div class=\"elementor-element elementor-element-7824222 e-flex e-con-boxed e-con e-parent\" data-id=\"7824222\" data-element_type=\"container\">\n\t\t\t\t\t<div class=\"e-con-inner\">\n\t\t\t\t<div class=\"elementor-element elementor-element-70e4c8c elementor-widget elementor-widget-text-editor\" data-id=\"70e4c8c\" data-element_type=\"widget\" data-widget_type=\"text-editor.default\">\n\t\t\t\t<div class=\"elementor-widget-container\">\n\t\t\t\t\t\t\t\t\t<p>Unter der erfahrenen F\u00fchrung unseres Vorsitzenden besteht unser Vorstand aus hochqualifizierten Experten, die \u00fcber jahrzehntelange Erfahrung in verschiedenen Bereichen der Branche verf\u00fcgen. Von Umweltwissenschaften bis Ingenieurwesen bringen unsere Direktoren ein breites Spektrum an Wissen und Erfahrung mit sich. Dies erm\u00f6glicht es uns, stets innovative und effektive L\u00f6sungen f\u00fcr unsere Kunden zu entwickeln und f\u00fcr sie immer einen Schritt voraus zu sein. Durch ihre umfangreiche Expertise stellen unsere Vorstandsmitglieder sicher, dass Centriair kontinuierlich Mehrwert f\u00fcr unsere Kunden schafft.<\/p><p><strong>Henrik Johansson, Vorsitzender des Verwaltungsrats<br \/><\/strong>Henrik Johansson hat einen Master of Science in Wirtschaftsingenieurwesen und Management von der Chalmers University of Technology und ist Vorsitzender von Cognibotics, Oxeon und Comactiva Language Partner. Er ist au\u00dferdem Vorstandsmitglied von Elektron Music Machines, Nordic Live Expo, Sensorbee, Pressure Pipe Relining und Composite Sound. Henrik hatte zuvor leitende Positionen bei Brady Corporation, Nord-Lock und Investment AB Latour inne und war im Laufe der Jahre im Vorstand zahlreicher b\u00f6rsennotierter und nicht b\u00f6rsennotierter Unternehmen t\u00e4tig.<\/p><p><strong>Jon T\u00f6yr\u00e4<br \/><\/strong>Jon T\u00f6yr\u00e4 hat einen Master-Abschluss in Finanzen von der Universit\u00e4t G\u00f6teborg. Derzeit CFO f\u00fcr Berg Propulsion und war zuvor unter anderem als Wirtschaftspr\u00fcfer f\u00fcr EY t\u00e4tig. Jon verf\u00fcgt \u00fcber umfassende Erfahrung in den Bereichen Finanzen, Einkauf und internationales Gesch\u00e4ft.<\/p><p><strong>Peter Gisel-Ekdahl<\/strong>\u00a0<br \/>Internationale F\u00fchrungskraft mit \u00fcber 25 Jahren globaler Erfahrung in der F\u00fchrung und Entwicklung leistungsstarker Unternehmen \u2013 b\u00f6rsennotiert, Private Equity-finanziert und familiengef\u00fchrt. Er hatte leitende Positionen bei Envirotainer, Munters, Wedholms und Hackman inne und ist derzeit CEO von PostNord. Zudem ist er als Vorstandsmitglied und Berater t\u00e4tig. Er besitzt einen M.Sc. in Chemieingenieurwesen sowie einen M.Sc. in Betriebswirtschaft.<\/p><p><strong>Per Kaijser<br \/><\/strong>Per hat einen Master-Abschluss in Elektrotechnik von der Chalmers University of Technology in G\u00f6teborg. Er gr\u00fcndete und entwickelte das Telematik-Unternehmen Pilotfish. Danach arbeitete er im Marketing des Gasseparationsunternehmens 3nine, wo er unter anderem erfolgreich die Einf\u00fchrung von 3nine in Frankreich leitete. Im Jahr 2007 gr\u00fcndete Per zusammen mit Jack Delin Centriair.<strong>\u00a0<\/strong><\/p>\t\t\t\t\t\t\t\t<\/div>\n\t\t\t\t<\/div>\n\t\t\t\t\t<\/div>\n\t\t\t\t<\/div>\n\t\t\t\t<\/div>\n\t\t","protected":false},"excerpt":{"rendered":"<p>Der Vorstand von Centriair. Dabei handelt es sich um eine vielf\u00e4ltige Gruppe von Experten in der industriellen Luftaufbereitungsindustrie. Mit einer gemeinsamen Leidenschaft f\u00fcr Nachhaltigkeit und einem tiefen Verst\u00e4ndnis f\u00fcr die Herausforderungen, mit denen die Branche konfrontiert ist, ist unser Vorstand bestrebt, unser Unternehmen in eine gl\u00e4nzende und erfolgreiche Zukunft zu f\u00fchren. Unter der erfahrenen F\u00fchrung [&hellip;]<\/p>\n","protected":false},"author":1,"featured_media":0,"parent":3624,"menu_order":0,"comment_status":"closed","ping_status":"closed","template":"","meta":{"_acf_changed":false,"footnotes":""},"class_list":["post-3633","page","type-page","status-publish","hentry"],"acf":[],"yoast_head":"<!-- This site is optimized with the Yoast SEO plugin v26.8 - https:\/\/yoast.com\/product\/yoast-seo-wordpress\/ -->\n<title>Vorstand - We are Centriair<\/title>\n<meta name=\"robots\" content=\"index, follow, max-snippet:-1, max-image-preview:large, max-video-preview:-1\" \/>\n<link rel=\"canonical\" href=\"https:\/\/centriair.com\/de\/ueber-centriair\/vorstand\/\" \/>\n<meta property=\"og:locale\" content=\"de_DE\" \/>\n<meta property=\"og:type\" content=\"article\" \/>\n<meta property=\"og:title\" content=\"Vorstand - We are Centriair\" \/>\n<meta property=\"og:description\" content=\"Der Vorstand von Centriair. Dabei handelt es sich um eine vielf\u00e4ltige Gruppe von Experten in der industriellen Luftaufbereitungsindustrie. Mit einer gemeinsamen Leidenschaft f\u00fcr Nachhaltigkeit und einem tiefen Verst\u00e4ndnis f\u00fcr die Herausforderungen, mit denen die Branche konfrontiert ist, ist unser Vorstand bestrebt, unser Unternehmen in eine gl\u00e4nzende und erfolgreiche Zukunft zu f\u00fchren. Unter der erfahrenen F\u00fchrung [&hellip;]\" \/>\n<meta property=\"og:url\" content=\"https:\/\/centriair.com\/de\/ueber-centriair\/vorstand\/\" \/>\n<meta property=\"og:site_name\" content=\"We are Centriair\" \/>\n<meta property=\"article:modified_time\" content=\"2025-03-28T13:25:58+00:00\" \/>\n<meta name=\"twitter:card\" content=\"summary_large_image\" \/>\n<meta name=\"twitter:label1\" content=\"Gesch\u00e4tzte Lesezeit\" \/>\n\t<meta name=\"twitter:data1\" content=\"2\u00a0Minuten\" \/>\n<script type=\"application\/ld+json\" class=\"yoast-schema-graph\">{\"@context\":\"https:\/\/schema.org\",\"@graph\":[{\"@type\":\"WebPage\",\"@id\":\"https:\/\/centriair.com\/de\/ueber-centriair\/vorstand\/\",\"url\":\"https:\/\/centriair.com\/de\/ueber-centriair\/vorstand\/\",\"name\":\"Vorstand - We are Centriair\",\"isPartOf\":{\"@id\":\"https:\/\/centriair.com\/de\/#website\"},\"datePublished\":\"2023-03-09T08:46:46+00:00\",\"dateModified\":\"2025-03-28T13:25:58+00:00\",\"breadcrumb\":{\"@id\":\"https:\/\/centriair.com\/de\/ueber-centriair\/vorstand\/#breadcrumb\"},\"inLanguage\":\"de\",\"potentialAction\":[{\"@type\":\"ReadAction\",\"target\":[\"https:\/\/centriair.com\/de\/ueber-centriair\/vorstand\/\"]}]},{\"@type\":\"BreadcrumbList\",\"@id\":\"https:\/\/centriair.com\/de\/ueber-centriair\/vorstand\/#breadcrumb\",\"itemListElement\":[{\"@type\":\"ListItem\",\"position\":1,\"name\":\"Home\",\"item\":\"https:\/\/centriair.com\/de\/\"},{\"@type\":\"ListItem\",\"position\":2,\"name\":\"\u00dcber Centriair\",\"item\":\"https:\/\/centriair.com\/de\/about-centriair\/\"},{\"@type\":\"ListItem\",\"position\":3,\"name\":\"Vorstand\"}]},{\"@type\":\"WebSite\",\"@id\":\"https:\/\/centriair.com\/de\/#website\",\"url\":\"https:\/\/centriair.com\/de\/\",\"name\":\"Centriair\",\"description\":\"Cleaner air. Fewer resources.\",\"publisher\":{\"@id\":\"https:\/\/centriair.com\/de\/#organization\"},\"potentialAction\":[{\"@type\":\"SearchAction\",\"target\":{\"@type\":\"EntryPoint\",\"urlTemplate\":\"https:\/\/centriair.com\/de\/?s={search_term_string}\"},\"query-input\":{\"@type\":\"PropertyValueSpecification\",\"valueRequired\":true,\"valueName\":\"search_term_string\"}}],\"inLanguage\":\"de\"},{\"@type\":\"Organization\",\"@id\":\"https:\/\/centriair.com\/de\/#organization\",\"name\":\"Centriair\",\"url\":\"https:\/\/centriair.com\/de\/\",\"logo\":{\"@type\":\"ImageObject\",\"inLanguage\":\"de\",\"@id\":\"https:\/\/centriair.com\/de\/#\/schema\/logo\/image\/\",\"url\":\"https:\/\/centriair.com\/wp-content\/uploads\/2022\/11\/Centriair_logo-blue.svg\",\"contentUrl\":\"https:\/\/centriair.com\/wp-content\/uploads\/2022\/11\/Centriair_logo-blue.svg\",\"width\":250,\"height\":65,\"caption\":\"Centriair\"},\"image\":{\"@id\":\"https:\/\/centriair.com\/de\/#\/schema\/logo\/image\/\"}}]}<\/script>\n<!-- \/ Yoast SEO plugin. -->","yoast_head_json":{"title":"Vorstand - We are Centriair","robots":{"index":"index","follow":"follow","max-snippet":"max-snippet:-1","max-image-preview":"max-image-preview:large","max-video-preview":"max-video-preview:-1"},"canonical":"https:\/\/centriair.com\/de\/ueber-centriair\/vorstand\/","og_locale":"de_DE","og_type":"article","og_title":"Vorstand - We are Centriair","og_description":"Der Vorstand von Centriair. Dabei handelt es sich um eine vielf\u00e4ltige Gruppe von Experten in der industriellen Luftaufbereitungsindustrie. Mit einer gemeinsamen Leidenschaft f\u00fcr Nachhaltigkeit und einem tiefen Verst\u00e4ndnis f\u00fcr die Herausforderungen, mit denen die Branche konfrontiert ist, ist unser Vorstand bestrebt, unser Unternehmen in eine gl\u00e4nzende und erfolgreiche Zukunft zu f\u00fchren. Unter der erfahrenen F\u00fchrung [&hellip;]","og_url":"https:\/\/centriair.com\/de\/ueber-centriair\/vorstand\/","og_site_name":"We are Centriair","article_modified_time":"2025-03-28T13:25:58+00:00","twitter_card":"summary_large_image","twitter_misc":{"Gesch\u00e4tzte Lesezeit":"2\u00a0Minuten"},"schema":{"@context":"https:\/\/schema.org","@graph":[{"@type":"WebPage","@id":"https:\/\/centriair.com\/de\/ueber-centriair\/vorstand\/","url":"https:\/\/centriair.com\/de\/ueber-centriair\/vorstand\/","name":"Vorstand - We are Centriair","isPartOf":{"@id":"https:\/\/centriair.com\/de\/#website"},"datePublished":"2023-03-09T08:46:46+00:00","dateModified":"2025-03-28T13:25:58+00:00","breadcrumb":{"@id":"https:\/\/centriair.com\/de\/ueber-centriair\/vorstand\/#breadcrumb"},"inLanguage":"de","potentialAction":[{"@type":"ReadAction","target":["https:\/\/centriair.com\/de\/ueber-centriair\/vorstand\/"]}]},{"@type":"BreadcrumbList","@id":"https:\/\/centriair.com\/de\/ueber-centriair\/vorstand\/#breadcrumb","itemListElement":[{"@type":"ListItem","position":1,"name":"Home","item":"https:\/\/centriair.com\/de\/"},{"@type":"ListItem","position":2,"name":"\u00dcber Centriair","item":"https:\/\/centriair.com\/de\/about-centriair\/"},{"@type":"ListItem","position":3,"name":"Vorstand"}]},{"@type":"WebSite","@id":"https:\/\/centriair.com\/de\/#website","url":"https:\/\/centriair.com\/de\/","name":"Centriair","description":"Cleaner air. Fewer resources.","publisher":{"@id":"https:\/\/centriair.com\/de\/#organization"},"potentialAction":[{"@type":"SearchAction","target":{"@type":"EntryPoint","urlTemplate":"https:\/\/centriair.com\/de\/?s={search_term_string}"},"query-input":{"@type":"PropertyValueSpecification","valueRequired":true,"valueName":"search_term_string"}}],"inLanguage":"de"},{"@type":"Organization","@id":"https:\/\/centriair.com\/de\/#organization","name":"Centriair","url":"https:\/\/centriair.com\/de\/","logo":{"@type":"ImageObject","inLanguage":"de","@id":"https:\/\/centriair.com\/de\/#\/schema\/logo\/image\/","url":"https:\/\/centriair.com\/wp-content\/uploads\/2022\/11\/Centriair_logo-blue.svg","contentUrl":"https:\/\/centriair.com\/wp-content\/uploads\/2022\/11\/Centriair_logo-blue.svg","width":250,"height":65,"caption":"Centriair"},"image":{"@id":"https:\/\/centriair.com\/de\/#\/schema\/logo\/image\/"}}]}},"_links":{"self":[{"href":"https:\/\/centriair.com\/de\/wp-json\/wp\/v2\/pages\/3633","targetHints":{"allow":["GET"]}}],"collection":[{"href":"https:\/\/centriair.com\/de\/wp-json\/wp\/v2\/pages"}],"about":[{"href":"https:\/\/centriair.com\/de\/wp-json\/wp\/v2\/types\/page"}],"author":[{"embeddable":true,"href":"https:\/\/centriair.com\/de\/wp-json\/wp\/v2\/users\/1"}],"replies":[{"embeddable":true,"href":"https:\/\/centriair.com\/de\/wp-json\/wp\/v2\/comments?post=3633"}],"version-history":[{"count":30,"href":"https:\/\/centriair.com\/de\/wp-json\/wp\/v2\/pages\/3633\/revisions"}],"predecessor-version":[{"id":9197,"href":"https:\/\/centriair.com\/de\/wp-json\/wp\/v2\/pages\/3633\/revisions\/9197"}],"up":[{"embeddable":true,"href":"https:\/\/centriair.com\/de\/wp-json\/wp\/v2\/pages\/3624"}],"wp:attachment":[{"href":"https:\/\/centriair.com\/de\/wp-json\/wp\/v2\/media?parent=3633"}],"curies":[{"name":"wp","href":"https:\/\/api.w.org\/{rel}","templated":true}]}}