{"id":3624,"date":"2022-11-28T13:34:37","date_gmt":"2022-11-28T12:34:37","guid":{"rendered":"https:\/\/centriair.hemhosting.se\/about-centriair\/"},"modified":"2025-03-07T15:05:10","modified_gmt":"2025-03-07T14:05:10","slug":"ueber-centriair","status":"publish","type":"page","link":"https:\/\/centriair.com\/de\/ueber-centriair\/","title":{"rendered":"\u00dcber Centriair"},"content":{"rendered":"\t\t<div data-elementor-type=\"wp-page\" data-elementor-id=\"3624\" class=\"elementor elementor-3624 elementor-106\" data-elementor-post-type=\"page\">\n\t\t\t\t<div class=\"elementor-element elementor-element-9aca62d e-flex e-con-boxed e-con e-parent\" data-id=\"9aca62d\" data-element_type=\"container\" data-settings=\"{&quot;background_background&quot;:&quot;classic&quot;}\">\n\t\t\t\t\t<div class=\"e-con-inner\">\n\t\t<div class=\"elementor-element elementor-element-d258426 e-con-full e-flex e-con e-child\" data-id=\"d258426\" data-element_type=\"container\">\n\t\t\t\t<\/div>\n\t\t<div class=\"elementor-element elementor-element-1756d4b e-con-full e-flex e-con e-child\" data-id=\"1756d4b\" data-element_type=\"container\">\n\t\t\t\t<div class=\"elementor-element elementor-element-88d83a0 elementor-widget elementor-widget-text-editor\" data-id=\"88d83a0\" data-element_type=\"widget\" data-widget_type=\"text-editor.default\">\n\t\t\t\t<div class=\"elementor-widget-container\">\n\t\t\t\t\t\t\t\t\t<p><strong>Centriair bietet technologisch f\u00fchrende L\u00f6sungen zur Minderung industrieller Luftemissionen. <\/strong>L\u00f6sungen, die Schadstoffe besser trennen und eliminieren und dabei die geringstm\u00f6glichen Auswirkungen auf Energie, Arbeit und Umwelt haben.<\/p>\t\t\t\t\t\t\t\t<\/div>\n\t\t\t\t<\/div>\n\t\t\t\t<\/div>\n\t\t\t\t\t<\/div>\n\t\t\t\t<\/div>\n\t\t<div class=\"elementor-element elementor-element-4db826d e-flex e-con-boxed e-con e-parent\" data-id=\"4db826d\" data-element_type=\"container\">\n\t\t\t\t\t<div class=\"e-con-inner\">\n\t\t<div class=\"elementor-element elementor-element-3b0e3f0 e-con-full e-flex e-con e-child\" data-id=\"3b0e3f0\" data-element_type=\"container\">\n\t\t\t\t<div class=\"elementor-element elementor-element-54eb5fe elementor-widget elementor-widget-text-editor\" data-id=\"54eb5fe\" data-element_type=\"widget\" data-widget_type=\"text-editor.default\">\n\t\t\t\t<div class=\"elementor-widget-container\">\n\t\t\t\t\t\t\t\t\t<p>Centriair ist ein schwedisches Unternehmen, das im Jahr 2007 gegr\u00fcndet wurde und sich im Besitz des Managements und von Alder befindet. Mit Niederlassungen in Schweden und Deutschland sind wir international t\u00e4tig und haben erfolgreich Projekte in Asien, Europa und Nordamerika umgesetzt.<\/p><p>Unser Hauptfokus liegt auf Nordeuropa, wo wir neben unserem eigenen Vertriebsteam auch ein Netzwerk von lokalen Vertretungen nutzen, um unsere Kunden bestm\u00f6glich zu unterst\u00fctzen.<\/p><p>Wir bei Centriair sind spezialisiert auf die Entwicklung und Installation von hocheffizienten L\u00f6sungen zur energieeffizienten Entfernung von Luftemissionen. Unsere L\u00f6sungen zielen darauf ab, Partikel, gasf\u00f6rmige Verbindungen und Ger\u00fcche effektiv zu reduzieren. Dabei bieten wir nachgewiesene \u00f6kologische und wirtschaftliche Vorteile.<\/p><p>Unsere Systeme zeichnen sich durch ihre hohe Effizienz aus und erm\u00f6glichen niedrige Gesamtbetriebskosten. Dar\u00fcber hinaus tragen sie zu einer geringeren Klimabelastung im Vergleich zu herk\u00f6mmlichen L\u00f6sungen bei. Bei Centriair stehen Qualit\u00e4t und Kundenzufriedenheit im Mittelpunkt unserer Arbeit.<\/p>\t\t\t\t\t\t\t\t<\/div>\n\t\t\t\t<\/div>\n\t\t\t\t<\/div>\n\t\t<div class=\"elementor-element elementor-element-d1bfc83 e-con-full e-flex e-con e-child\" data-id=\"d1bfc83\" data-element_type=\"container\">\n\t\t\t\t<div class=\"elementor-element elementor-element-b0bebe6 elementor-widget elementor-widget-image\" data-id=\"b0bebe6\" data-element_type=\"widget\" data-widget_type=\"image.default\">\n\t\t\t\t<div class=\"elementor-widget-container\">\n\t\t\t\t\t\t\t\t\t\t\t\t\t\t\t<img fetchpriority=\"high\" decoding=\"async\" width=\"768\" height=\"511\" src=\"https:\/\/centriair.com\/wp-content\/uploads\/2023\/05\/Centriair-installation_13-768x511.jpg\" class=\"attachment-medium_large size-medium_large wp-image-3456\" alt=\"\" srcset=\"https:\/\/centriair.com\/wp-content\/uploads\/2023\/05\/Centriair-installation_13-768x511.jpg 768w, https:\/\/centriair.com\/wp-content\/uploads\/2023\/05\/Centriair-installation_13-300x200.jpg 300w, https:\/\/centriair.com\/wp-content\/uploads\/2023\/05\/Centriair-installation_13-1024x682.jpg 1024w, https:\/\/centriair.com\/wp-content\/uploads\/2023\/05\/Centriair-installation_13-1536x1022.jpg 1536w, https:\/\/centriair.com\/wp-content\/uploads\/2023\/05\/Centriair-installation_13-2048x1363.jpg 2048w\" sizes=\"(max-width: 768px) 100vw, 768px\" \/>\t\t\t\t\t\t\t\t\t\t\t\t\t\t\t<\/div>\n\t\t\t\t<\/div>\n\t\t\t\t<\/div>\n\t\t\t\t\t<\/div>\n\t\t\t\t<\/div>\n\t\t\t\t<\/div>\n\t\t","protected":false},"excerpt":{"rendered":"<p>Centriair bietet technologisch f\u00fchrende L\u00f6sungen zur Minderung industrieller Luftemissionen. L\u00f6sungen, die Schadstoffe besser trennen und eliminieren und dabei die geringstm\u00f6glichen Auswirkungen auf Energie, Arbeit und Umwelt haben. Centriair ist ein schwedisches Unternehmen, das im Jahr 2007 gegr\u00fcndet wurde und sich im Besitz des Managements und von Alder befindet. Mit Niederlassungen in Schweden und Deutschland sind [&hellip;]<\/p>\n","protected":false},"author":1,"featured_media":0,"parent":0,"menu_order":0,"comment_status":"closed","ping_status":"closed","template":"","meta":{"_acf_changed":false,"footnotes":""},"class_list":["post-3624","page","type-page","status-publish","hentry"],"acf":[],"yoast_head":"<!-- This site is optimized with the Yoast SEO plugin v26.8 - https:\/\/yoast.com\/product\/yoast-seo-wordpress\/ -->\n<title>\u00dcber Centriair - We are Centriair<\/title>\n<meta name=\"robots\" content=\"index, follow, max-snippet:-1, max-image-preview:large, max-video-preview:-1\" \/>\n<link rel=\"canonical\" href=\"https:\/\/centriair.com\/de\/ueber-centriair\/\" \/>\n<meta property=\"og:locale\" content=\"de_DE\" \/>\n<meta property=\"og:type\" content=\"article\" \/>\n<meta property=\"og:title\" content=\"\u00dcber Centriair - We are Centriair\" \/>\n<meta property=\"og:description\" content=\"Centriair bietet technologisch f\u00fchrende L\u00f6sungen zur Minderung industrieller Luftemissionen. L\u00f6sungen, die Schadstoffe besser trennen und eliminieren und dabei die geringstm\u00f6glichen Auswirkungen auf Energie, Arbeit und Umwelt haben. Centriair ist ein schwedisches Unternehmen, das im Jahr 2007 gegr\u00fcndet wurde und sich im Besitz des Managements und von Alder befindet. Mit Niederlassungen in Schweden und Deutschland sind [&hellip;]\" \/>\n<meta property=\"og:url\" content=\"https:\/\/centriair.com\/de\/ueber-centriair\/\" \/>\n<meta property=\"og:site_name\" content=\"We are Centriair\" \/>\n<meta property=\"article:modified_time\" content=\"2025-03-07T14:05:10+00:00\" \/>\n<meta property=\"og:image\" content=\"https:\/\/centriair.hemhosting.se\/wp-content\/uploads\/2023\/05\/Centriair-installation_13-768x511.jpg\" \/>\n<meta name=\"twitter:card\" content=\"summary_large_image\" \/>\n<meta name=\"twitter:label1\" content=\"Gesch\u00e4tzte Lesezeit\" \/>\n\t<meta name=\"twitter:data1\" content=\"1\u00a0Minute\" \/>\n<script type=\"application\/ld+json\" class=\"yoast-schema-graph\">{\"@context\":\"https:\/\/schema.org\",\"@graph\":[{\"@type\":\"WebPage\",\"@id\":\"https:\/\/centriair.com\/de\/ueber-centriair\/\",\"url\":\"https:\/\/centriair.com\/de\/ueber-centriair\/\",\"name\":\"\u00dcber Centriair - We are Centriair\",\"isPartOf\":{\"@id\":\"https:\/\/centriair.com\/de\/#website\"},\"primaryImageOfPage\":{\"@id\":\"https:\/\/centriair.com\/de\/ueber-centriair\/#primaryimage\"},\"image\":{\"@id\":\"https:\/\/centriair.com\/de\/ueber-centriair\/#primaryimage\"},\"thumbnailUrl\":\"https:\/\/centriair.hemhosting.se\/wp-content\/uploads\/2023\/05\/Centriair-installation_13-768x511.jpg\",\"datePublished\":\"2022-11-28T12:34:37+00:00\",\"dateModified\":\"2025-03-07T14:05:10+00:00\",\"breadcrumb\":{\"@id\":\"https:\/\/centriair.com\/de\/ueber-centriair\/#breadcrumb\"},\"inLanguage\":\"de\",\"potentialAction\":[{\"@type\":\"ReadAction\",\"target\":[\"https:\/\/centriair.com\/de\/ueber-centriair\/\"]}]},{\"@type\":\"ImageObject\",\"inLanguage\":\"de\",\"@id\":\"https:\/\/centriair.com\/de\/ueber-centriair\/#primaryimage\",\"url\":\"https:\/\/centriair.hemhosting.se\/wp-content\/uploads\/2023\/05\/Centriair-installation_13-768x511.jpg\",\"contentUrl\":\"https:\/\/centriair.hemhosting.se\/wp-content\/uploads\/2023\/05\/Centriair-installation_13-768x511.jpg\"},{\"@type\":\"BreadcrumbList\",\"@id\":\"https:\/\/centriair.com\/de\/ueber-centriair\/#breadcrumb\",\"itemListElement\":[{\"@type\":\"ListItem\",\"position\":1,\"name\":\"Home\",\"item\":\"https:\/\/centriair.com\/de\/\"},{\"@type\":\"ListItem\",\"position\":2,\"name\":\"\u00dcber Centriair\"}]},{\"@type\":\"WebSite\",\"@id\":\"https:\/\/centriair.com\/de\/#website\",\"url\":\"https:\/\/centriair.com\/de\/\",\"name\":\"Centriair\",\"description\":\"Cleaner air. Fewer resources.\",\"publisher\":{\"@id\":\"https:\/\/centriair.com\/de\/#organization\"},\"potentialAction\":[{\"@type\":\"SearchAction\",\"target\":{\"@type\":\"EntryPoint\",\"urlTemplate\":\"https:\/\/centriair.com\/de\/?s={search_term_string}\"},\"query-input\":{\"@type\":\"PropertyValueSpecification\",\"valueRequired\":true,\"valueName\":\"search_term_string\"}}],\"inLanguage\":\"de\"},{\"@type\":\"Organization\",\"@id\":\"https:\/\/centriair.com\/de\/#organization\",\"name\":\"Centriair\",\"url\":\"https:\/\/centriair.com\/de\/\",\"logo\":{\"@type\":\"ImageObject\",\"inLanguage\":\"de\",\"@id\":\"https:\/\/centriair.com\/de\/#\/schema\/logo\/image\/\",\"url\":\"https:\/\/centriair.com\/wp-content\/uploads\/2022\/11\/Centriair_logo-blue.svg\",\"contentUrl\":\"https:\/\/centriair.com\/wp-content\/uploads\/2022\/11\/Centriair_logo-blue.svg\",\"width\":250,\"height\":65,\"caption\":\"Centriair\"},\"image\":{\"@id\":\"https:\/\/centriair.com\/de\/#\/schema\/logo\/image\/\"}}]}<\/script>\n<!-- \/ Yoast SEO plugin. -->","yoast_head_json":{"title":"\u00dcber Centriair - We are Centriair","robots":{"index":"index","follow":"follow","max-snippet":"max-snippet:-1","max-image-preview":"max-image-preview:large","max-video-preview":"max-video-preview:-1"},"canonical":"https:\/\/centriair.com\/de\/ueber-centriair\/","og_locale":"de_DE","og_type":"article","og_title":"\u00dcber Centriair - We are Centriair","og_description":"Centriair bietet technologisch f\u00fchrende L\u00f6sungen zur Minderung industrieller Luftemissionen. L\u00f6sungen, die Schadstoffe besser trennen und eliminieren und dabei die geringstm\u00f6glichen Auswirkungen auf Energie, Arbeit und Umwelt haben. Centriair ist ein schwedisches Unternehmen, das im Jahr 2007 gegr\u00fcndet wurde und sich im Besitz des Managements und von Alder befindet. Mit Niederlassungen in Schweden und Deutschland sind [&hellip;]","og_url":"https:\/\/centriair.com\/de\/ueber-centriair\/","og_site_name":"We are Centriair","article_modified_time":"2025-03-07T14:05:10+00:00","og_image":[{"url":"https:\/\/centriair.hemhosting.se\/wp-content\/uploads\/2023\/05\/Centriair-installation_13-768x511.jpg","type":"","width":"","height":""}],"twitter_card":"summary_large_image","twitter_misc":{"Gesch\u00e4tzte Lesezeit":"1\u00a0Minute"},"schema":{"@context":"https:\/\/schema.org","@graph":[{"@type":"WebPage","@id":"https:\/\/centriair.com\/de\/ueber-centriair\/","url":"https:\/\/centriair.com\/de\/ueber-centriair\/","name":"\u00dcber Centriair - We are Centriair","isPartOf":{"@id":"https:\/\/centriair.com\/de\/#website"},"primaryImageOfPage":{"@id":"https:\/\/centriair.com\/de\/ueber-centriair\/#primaryimage"},"image":{"@id":"https:\/\/centriair.com\/de\/ueber-centriair\/#primaryimage"},"thumbnailUrl":"https:\/\/centriair.hemhosting.se\/wp-content\/uploads\/2023\/05\/Centriair-installation_13-768x511.jpg","datePublished":"2022-11-28T12:34:37+00:00","dateModified":"2025-03-07T14:05:10+00:00","breadcrumb":{"@id":"https:\/\/centriair.com\/de\/ueber-centriair\/#breadcrumb"},"inLanguage":"de","potentialAction":[{"@type":"ReadAction","target":["https:\/\/centriair.com\/de\/ueber-centriair\/"]}]},{"@type":"ImageObject","inLanguage":"de","@id":"https:\/\/centriair.com\/de\/ueber-centriair\/#primaryimage","url":"https:\/\/centriair.hemhosting.se\/wp-content\/uploads\/2023\/05\/Centriair-installation_13-768x511.jpg","contentUrl":"https:\/\/centriair.hemhosting.se\/wp-content\/uploads\/2023\/05\/Centriair-installation_13-768x511.jpg"},{"@type":"BreadcrumbList","@id":"https:\/\/centriair.com\/de\/ueber-centriair\/#breadcrumb","itemListElement":[{"@type":"ListItem","position":1,"name":"Home","item":"https:\/\/centriair.com\/de\/"},{"@type":"ListItem","position":2,"name":"\u00dcber Centriair"}]},{"@type":"WebSite","@id":"https:\/\/centriair.com\/de\/#website","url":"https:\/\/centriair.com\/de\/","name":"Centriair","description":"Cleaner air. Fewer resources.","publisher":{"@id":"https:\/\/centriair.com\/de\/#organization"},"potentialAction":[{"@type":"SearchAction","target":{"@type":"EntryPoint","urlTemplate":"https:\/\/centriair.com\/de\/?s={search_term_string}"},"query-input":{"@type":"PropertyValueSpecification","valueRequired":true,"valueName":"search_term_string"}}],"inLanguage":"de"},{"@type":"Organization","@id":"https:\/\/centriair.com\/de\/#organization","name":"Centriair","url":"https:\/\/centriair.com\/de\/","logo":{"@type":"ImageObject","inLanguage":"de","@id":"https:\/\/centriair.com\/de\/#\/schema\/logo\/image\/","url":"https:\/\/centriair.com\/wp-content\/uploads\/2022\/11\/Centriair_logo-blue.svg","contentUrl":"https:\/\/centriair.com\/wp-content\/uploads\/2022\/11\/Centriair_logo-blue.svg","width":250,"height":65,"caption":"Centriair"},"image":{"@id":"https:\/\/centriair.com\/de\/#\/schema\/logo\/image\/"}}]}},"_links":{"self":[{"href":"https:\/\/centriair.com\/de\/wp-json\/wp\/v2\/pages\/3624","targetHints":{"allow":["GET"]}}],"collection":[{"href":"https:\/\/centriair.com\/de\/wp-json\/wp\/v2\/pages"}],"about":[{"href":"https:\/\/centriair.com\/de\/wp-json\/wp\/v2\/types\/page"}],"author":[{"embeddable":true,"href":"https:\/\/centriair.com\/de\/wp-json\/wp\/v2\/users\/1"}],"replies":[{"embeddable":true,"href":"https:\/\/centriair.com\/de\/wp-json\/wp\/v2\/comments?post=3624"}],"version-history":[{"count":12,"href":"https:\/\/centriair.com\/de\/wp-json\/wp\/v2\/pages\/3624\/revisions"}],"predecessor-version":[{"id":8700,"href":"https:\/\/centriair.com\/de\/wp-json\/wp\/v2\/pages\/3624\/revisions\/8700"}],"wp:attachment":[{"href":"https:\/\/centriair.com\/de\/wp-json\/wp\/v2\/media?parent=3624"}],"curies":[{"name":"wp","href":"https:\/\/api.w.org\/{rel}","templated":true}]}}